{"id":11,"date":"2023-08-22T13:08:48","date_gmt":"2023-08-22T13:08:48","guid":{"rendered":"https:\/\/trafficaviator.com\/?page_id=11"},"modified":"2024-04-22T13:52:15","modified_gmt":"2024-04-22T13:52:15","slug":"home","status":"publish","type":"page","link":"https:\/\/trafficaviator.com\/de\/","title":{"rendered":"Startseite"},"content":{"rendered":"<p><img loading=\"lazy\" decoding=\"async\" class=\"alignnone size-medium wp-image-41 aligncenter\" src=\"https:\/\/trafficaviator.com\/wp-content\/uploads\/2023\/08\/aviatorlogo-300x105.webp\" alt=\"\" width=\"300\" height=\"105\" srcset=\"https:\/\/trafficaviator.com\/wp-content\/uploads\/2023\/08\/aviatorlogo-300x105.webp 300w, https:\/\/trafficaviator.com\/wp-content\/uploads\/2023\/08\/aviatorlogo.webp 456w\" sizes=\"auto, (max-width: 300px) 100vw, 300px\" \/><\/p>\n<p>Willkommen im offiziellen Aviator Games-Portal, wo Sie eine aufregende Reise in das Aviator-Spieluniversum unternehmen werden &#8211; ein spannendes Crash-Spiel und eines der beliebtesten Online-Spiele unserer Zeit.<\/p>\n<h2>Was ist das Aviator-Spiel?<\/h2>\n<p>Aviator ist ein aufregendes Abenteuer, das allen Spielern in einem virtuellen Casino zur Verf\u00fcgung steht. Die Spieler haben die M\u00f6glichkeit, auf einen Multiplikator zu setzen, der durch das rote Flugzeug symbolisiert wird. Ihre potenziellen Gewinne h\u00e4ngen eng mit diesem Multiplikator zusammen, der mit dem Aufstieg des Flugzeugs steigt.<\/p>\n<p>Das <a href=\"https:\/\/aviator-games.com\/de\/\">Aviator-Spiel<\/a> ist bekannt f\u00fcr seine einzigartige Handlung in Form eines Crash-Spiels, die in seinem Genre die Charts anf\u00fchrt. Das Aviator-Spielerlebnis verspricht unglaubliches Adrenalin und volle Kontrolle \u00fcber das Ergebnis, wodurch Sie die M\u00f6glichkeit haben, Ihre Gewinne jederzeit auszuzahlen. Es ist kein Wunder, dass dieses Spiel zu einem der f\u00fchrenden Stars in der Welt des Gl\u00fccksspiel-Entertainments geworden ist.<\/p>\n<p>Sie haben die Chance, Ihr Gl\u00fcck zu testen und Ihren Einsatz in wenigen Minuten mit Aviator zu multiplizieren. Investieren Sie nur einen Dollar, und vielleicht l\u00e4chelt Ihnen das Gl\u00fcck zu, indem es Ihnen dank des x100-Multiplikators hundert Dollar bringt. Es ist jedoch erw\u00e4hnenswert, dass das Warten auf einen so hohen Multiplikator von nerv\u00f6sen Spielern Geduld erfordern kann.<\/p>\n<p>Denken Sie daran: Wenn Sie Ihren Einsatz nicht auszahlen, bevor das rote Flugzeug abhebt, wird Ihr Einsatz verbrannt, und Sie bleiben ohne Gewinne. Aviator ist ein Spiel, in dem Aufregung, Risiko und Euphorie des Sieges zu einem einzigartigen Erlebnis verschmelzen!<\/p>\n<p>Im Laufe der Zeit hat <a href=\"https:\/\/aviator-games.com\/de\/\">Aviator<\/a> die Herzen vieler Online-Casinos erobert und ist das begehrteste Spiel unter den Spielern, die in den Jahren 2020, 2021, 2022 und 2023 um echtes Geld spielen.<\/p>\n<h2>Regeln des Aviator-Spiels<\/h2>\n<p>Die Grundregeln des Aviator-Spiels sind ziemlich einfach. Beteiligen Sie sich am Spiel, indem Sie diesen Schritten folgen:<\/p>\n<ol>\n<li>Platzieren Sie Ihren Einsatz.<\/li>\n<li>Achten Sie genau auf den Start und das Wachstum des Multiplikators, der durch die Bewegung des Flugzeugs symbolisiert wird.<\/li>\n<li>Zahlen Sie Ihren Einsatz aus, bevor das Flugzeug abhebt, um Ihre Gewinne zu beanspruchen.<\/li>\n<\/ol>\n<p>Vergessen Sie nicht, die folgenden Spielfunktionen zu beachten:<\/p>\n<ul>\n<li>Der Multiplikator beginnt seinen Aufstieg bei x1, synchron mit dem Start des Flugzeugs. Die Rate des Multiplikatorwachstums h\u00e4ngt von der Flugdauer ab.<\/li>\n<li>Wenn Sie Ihren Einsatz auszahlen, wird er mit dem aktuellen Multiplikator multipliziert, was zu Ihrem endg\u00fcltigen Gewinn f\u00fchrt. Wenn Sie beispielsweise einen Dollar setzen und der aktuelle Multiplikator drei betr\u00e4gt, belaufen sich Ihre Gewinne auf drei Dollar.<\/li>\n<li>Der Multiplikator wird zuf\u00e4llig ausgew\u00e4hlt, aber indem Sie die Historie der vorherigen Multiplikatoren im Auge behalten, k\u00f6nnen Sie interessante Trends entdecken und m\u00f6glicherweise das Erscheinen des x100-Multiplikators vorhersehen.<\/li>\n<\/ul>\n<h2>Wie man mit Aviator beginnt<\/h2>\n<p>Selbst wenn Sie ein Anf\u00e4nger sind, ist der Einstieg sehr einfach:<\/p>\n<ol>\n<li>Platzieren Sie eine Wette, indem Sie den gew\u00fcnschten Betrag ausw\u00e4hlen.<\/li>\n<li>Beachten Sie, dass Sie die M\u00f6glichkeit haben, mehrere Wetten gleichzeitig zu platzieren. In der Spielschnittstelle sehen Sie ein Wettfeld und ein &#8222;+&#8220;-Symbol, um ein zweites Feld f\u00fcr zus\u00e4tzliche Wetten hinzuzuf\u00fcgen.<\/li>\n<li>Um Ihre Gewinne zu beanspruchen, dr\u00fccken Sie einfach die &#8222;Auszahlung&#8220; -Taste w\u00e4hrend einer Runde.<\/li>\n<li>Vergessen Sie nicht, die &#8222;Exit&#8220; -Taste zu dr\u00fccken, bevor das Flugzeug abhebt, um Ihren Einsatz nicht zu verlieren.<\/li>\n<\/ol>\n<h2>Gr\u00fcnde f\u00fcr die Beliebtheit von Aviator<\/h2>\n<p>Warum ist Aviator so beliebt? Dieses Spiel hat immense Popularit\u00e4t erlangt und ist zu einem wahren Hit in der Welt der Crash-Spiele geworden. Dieser Begriff bezieht sich auf den Moment, in dem das Flugzeug abst\u00fcrzt. Aviator ist der absolute Marktf\u00fchrer in diesem Genre, was durchaus verst\u00e4ndlich ist.<\/p>\n<p>Tauchen Sie in die Welt von Aviator online ein und f\u00fchlen Sie sich wie ein furchtloser Pilot. Ihr Erfolg h\u00e4ngt davon ab, wie hoch Sie das rote Flugzeug steigen lassen k\u00f6nnen. Die H\u00f6he, die Sie erreichen, bestimmt Ihre Gewinne, multipliziert mit dem entsprechenden Koeffizienten.<\/p>\n<p>Das Gleichgewicht ist hier entscheidend: Es ist wichtig, den richtigen Moment auszuw\u00e4hlen, um Ihre Wette auszuzahlen und den Start zur richtigen Zeit zu stoppen. Der Schl\u00fcssel besteht darin, &#8222;Auszahlung&#8220; zu dr\u00fccken, bevor das Flugzeug zu weit fliegt.<\/p>\n<h2>Chat f\u00fcr Aviator-Spieler<\/h2>\n<p>Die Chat-Funktion im Aviator-Spiel erm\u00f6glicht es Ihnen, mit anderen Spielern zu interagieren und das Spiel noch interessanter zu gestalten. Chat-Panels f\u00fcr die Kommunikation befinden sich in der oberen rechten Ecke der Spielschnittstelle (oder in der oberen rechten Ecke der mobilen Schnittstelle, nachdem der Chat aktiviert wurde). \u00dcber diesen Chat k\u00f6nnen Sie Nachrichten austauschen und Informationen \u00fcber bedeutende Gewinne teilen.<\/p>\n<p>Denken Sie daran, ethische Normen im Chat einzuhalten. Beleidigungen, Respektlosigkeit und Hassrede sind nicht erlaubt und k\u00f6nnen zur Sperrung Ihres Kontos durch einen Moderator f\u00fchren.<\/p>\n<h2>Das Herunterladen des Aviator-Spiels<\/h2>\n<p>Um Aviator zu spielen, m\u00fcssen Sie die offizielle Online-Casino-Anwendung herunterladen. Beachten Sie, dass das Spiel nur im Online-Modus verf\u00fcgbar ist. Das Herunterladen einer Version f\u00fcr das iPhone oder iPad ist aufgrund der Richtlinien von Apple nicht m\u00f6glich. Auf Android-Ger\u00e4ten k\u00f6nnen Sie Aviator ebenfalls nicht als eigenst\u00e4ndige App herunterladen, aber Sie k\u00f6nnen die Online-Casino-App verwenden, um zu spielen. Details finden Sie auf der Seite Ihres Casinos.<\/p>\n<h3>H\u00e4ufig gestellte Fragen zum Spribe Aviator-Spiel<\/h3>\n<p>FAQ: Antworten auf h\u00e4ufig gestellte Fragen zum Thema Aviator<\/p>\n<ul>\n<li><strong>Wie lange dauert eine Runde im Spribe Aviator-Spiel?<\/strong><\/li>\n<\/ul>\n<p>Die Dauer jeder Runde in Aviator wird durch den Multiplikator bestimmt, der erscheint. Die k\u00fcrzeste Rundenzeit liegt bei einem Multiplikator von 1,1. Mit steigendem Multiplikator steigen auch die potenziellen Gewinne. Normalerweise dauert eine Runde in Aviator 8 bis 30 Sekunden.<\/p>\n<ul>\n<li><strong>Was ist der Mindesteinsatz f\u00fcr das Spielen von Aviator?<\/strong><\/li>\n<\/ul>\n<p>Der Mindesteinsatz bei Aviator betr\u00e4gt 10 Cent oder 0,1 Dollar. Auf Wunsch k\u00f6nnen Sie zus\u00e4tzlich Wetten in 10-Cent-Schritten platzieren.<\/p>\n<ul>\n<li><strong>Was kann der H\u00f6chsteinsatz sein?<\/strong><\/li>\n<\/ul>\n<p>Der H\u00f6chsteinsatz bei Aviator ist auf 100 Dollar begrenzt. Gem\u00e4\u00df den Regeln k\u00f6nnen Spieler jedoch gleichzeitig mehrere Wetten platzieren.<\/p>\n<ul>\n<li><strong>Was ist der niedrigste Multiplikator im Aviator-Spiel?<\/strong><\/li>\n<\/ul>\n<p>Der niedrigste Multiplikator in Aviator betr\u00e4gt 1. Dieser Multiplikator erscheint selten, etwa einmal alle 50 Runden. Eine Runde mit einem Multiplikator von 1 endet in der Regel mit einem Verlust, da er fast unm\u00f6glich vorherzusagen ist.<\/p>\n<ul>\n<li><strong>Wie f\u00e4ngt man an, Aviator zu spielen?<\/strong><\/li>\n<\/ul>\n<p>Bevor Sie mit dem Spielen beginnen, sollten Sie Ihre Ziele und Ihr Budget festlegen. Es wird empfohlen, mit geringen Eins\u00e4tzen zu beginnen, um Ihre Erfahrung \u00fcber viele Runden hinweg zu erweitern. Wenn Sie mit echtem Geld spielen, sollten Sie eine Strategie entwickeln, da zuf\u00e4llige Handlungen m\u00f6glicherweise nicht zum gew\u00fcnschten Ergebnis f\u00fchren.<\/p>\n<ul>\n<li><strong>Wie gewinnt man im Aviator-Spiel?<\/strong><\/li>\n<\/ul>\n<p>Selbst Multiplikatoren ab 1,2 gelten in Aviator als Gewinn. Eine leichte Erh\u00f6hung des Kontostands mit einem Multiplikator von 1,2 kann nachfolgende Multiplikatoren wie 1, 1,03 und so weiter aktivieren, was zu einem Gewinn f\u00fchren kann. Strategien mit Multiplikatoren von 1,2-2 gelten als konservativ, Multiplikatoren von 2-4 als mittleres Risiko und 8 und h\u00f6her als hohes Risiko. Es ist auch wichtig, die Gr\u00f6\u00dfe Ihres Einsatzes zu ber\u00fccksichtigen und \u00fcber ausreichendes Guthaben f\u00fcr 200 Wetten zu verf\u00fcgen.<\/p>\n<ul>\n<li><strong>Was ist der h\u00f6chste Multiplikator im Aviator-Spiel?<\/strong><\/li>\n<\/ul>\n<p>Der h\u00f6chste Multiplikator in Aviator betr\u00e4gt 200. Ein solcher Multiplikator erscheint jedoch selten, etwa einmal alle 60-80 Minuten.<\/p>\n<ul>\n<li><strong>Wie l\u00e4dt man das Aviator-Spiel herunter?<\/strong><\/li>\n<\/ul>\n<p>Da Aviator ein Online-Spiel ist, das \u00fcber Online-Casinos zug\u00e4nglich ist, k\u00f6nnen Sie es nicht als eigenst\u00e4ndige App herunterladen. Sie m\u00fcssen die Casino-App herunterladen und Aviator dar\u00fcber spielen.<\/p>\n<ul>\n<li><strong>Wie kann man das Ergebnis einer Runde im Aviator-Spiel vorhersagen?<\/strong><\/li>\n<\/ul>\n<p>Das genaue Vorhersagen des Ergebnisses einer Runde in Aviator ist unm\u00f6glich. Die richtige Strategie und das sorgf\u00e4ltige Beobachten von Trends k\u00f6nnen bei der Entscheidungsfindung helfen, aber eine genaue Vorhersage ist nicht m\u00f6glich.<\/p>\n<ul>\n<li><strong>Wie zahlt man Geld ein und hebt Gewinne im Aviator-Spiel ab?<\/strong><\/li>\n<\/ul>\n<p>Um eine Einzahlung zu t\u00e4tigen, melden Sie sich auf der Casino-Website an und f\u00fcllen Sie Ihr Spielerkonto auf. F\u00fcr die Auszahlung Ihrer Gewinne ist eine Identit\u00e4tspr\u00fcfung erforderlich.<\/p>\n<h2>Wo kann man Aviator spielen und wie f\u00e4ngt man an?<\/h2>\n<p>Das Aviator-Spiel ist in vielen Online-Casinos verf\u00fcgbar, aber es ist wichtig, zuverl\u00e4ssige und ehrliche Plattformen auszuw\u00e4hlen. Es wird empfohlen, nur auf den offiziellen lizenzierten Aviator Spribe-Websites zu spielen. Bei der Auswahl eines geeigneten Casinos zum Spielen von Aviator sollten Sie folgende Schritte befolgen:<\/p>\n<ol>\n<li>\u00dcberpr\u00fcfen Sie den Abschnitt mit den rechtlichen Informationen, um sicherzustellen, dass das Casino \u00fcber eine Lizenz verf\u00fcgt. Lesen Sie Online-Bewertungen, um mehr \u00fcber potenzielle Probleme zu erfahren, mit denen andere Spieler konfrontiert waren. Beachten Sie insbesondere Fragen im Zusammenhang mit Auszahlungen.<\/li>\n<li>Nachdem Sie das richtige Casino f\u00fcr das Spielen von Aviator ausgew\u00e4hlt haben, besuchen Sie dessen Website und f\u00fcllen Sie das Anmeldeformular aus. In der Regel stehen die folgenden Anmeldeverfahren zur Verf\u00fcgung:\n<ul>\n<li>Anmeldung \u00fcber eine Mobiltelefonnummer<\/li>\n<li>Anmeldung per E-Mail<\/li>\n<li>Anmeldung \u00fcber Konten in sozialen Medien<\/li>\n<\/ul>\n<p>W\u00e4hlen Sie die f\u00fcr Sie bequemste Methode. Vergessen Sie nicht, Ihr Konto zu \u00fcberpr\u00fcfen, um zuk\u00fcnftige Zugriffsprobleme zu vermeiden. Es ist wichtig zu beachten, dass zur Verhinderung von Betrug die Casino-Verwaltung m\u00f6glicherweise eine \u00dcberpr\u00fcfung personenbezogener Daten vor der Auszahlung von Gewinnen erfordert.<\/li>\n<li>Das Spielen von Aviator ist in offiziellen Online-Casinos am sichersten.<\/li>\n<\/ol>\n<h2>Einzahlen und Abheben im Aviator-Spiel<\/h2>\n<p>Um Aviator um echtes Geld zu spielen, sollten Sie sich auf der offiziellen Website eines Online-Casinos, das das Spiel anbietet, registrieren. Es wird empfohlen, Ihr Konto sofort nach der Registrierung aufzuladen, da viele Casinos Willkommensboni f\u00fcr die erste Einzahlung innerhalb der ersten Stunde nach der Registrierung anbieten.<\/p>\n<h3>Der Vorgang zum Einzahlen von Geld in Aviator besteht aus drei einfachen Schritten und dauert nur wenige Minuten:<\/h3>\n<ul>\n<li>Klicken Sie auf die Schaltfl\u00e4che &#8222;Einzahlen&#8220;, die sich normalerweise in der oberen rechten Ecke des Bildschirms befindet.<\/li>\n<li>Geben Sie den gew\u00fcnschten Einzahlungsbetrag an und w\u00e4hlen Sie Ihre Zahlungsmethode.<\/li>\n<li>Best\u00e4tigen Sie die Zahlung.<\/li>\n<\/ul>\n<h3>H\u00e4ufig verf\u00fcgbare Einzahlungsmethoden sind:<\/h3>\n<ul>\n<li>E-Wallets<\/li>\n<li>Kryptow\u00e4hrungen<\/li>\n<li>Kredit- und Debitkarten wie Visa und MasterCard<\/li>\n<\/ul>\n<p>Viel Gl\u00fcck beim Spielen! Starten Sie Aviator von Spribe und streben Sie nach dem Sieg!<\/p>\n","protected":false},"excerpt":{"rendered":"<p>Willkommen im offiziellen Aviator Games-Portal, wo Sie eine aufregende Reise in das Aviator-Spieluniversum unternehmen werden &#8211; ein spannendes Crash-Spiel und eines der beliebtesten Online-Spiele unserer Zeit. Was ist das Aviator-Spiel? Aviator ist ein aufregendes Abenteuer, das allen Spielern in einem virtuellen Casino zur Verf\u00fcgung steht. Die Spieler haben die M\u00f6glichkeit, auf einen Multiplikator zu setzen, der durch das rote Flugzeug symbolisiert wird. Ihre potenziellen Gewinne h\u00e4ngen eng mit diesem Multiplikator zusammen, der mit dem Aufstieg&hellip; <\/p>\n","protected":false},"author":1,"featured_media":0,"parent":0,"menu_order":0,"comment_status":"closed","ping_status":"closed","template":"","meta":{"footnotes":""},"class_list":["post-11","page","type-page","status-publish","hentry"],"yoast_head":"<!-- This site is optimized with the Yoast SEO plugin v27.2 - https:\/\/yoast.com\/product\/yoast-seo-wordpress\/ -->\n<title>\u0427\u0442\u043e \u0442\u0430\u043a\u043e\u0435 \u0438\u0433\u0440\u0430 \u0410\u0432\u0438\u0430\u0442\u043e\u0440<\/title>\n<meta name=\"description\" content=\"Alles \u00fcber das Crash-Spiel Aviator. Wie man bei Aviator spielt und gewinnt, Spielstrategien, die App herunterl\u00e4dt, Life Hacks, Bewertungen und Meinungen echter Spieler, platzieren Sie Ihre Wetten\" \/>\n<meta name=\"robots\" content=\"index, follow, max-snippet:-1, max-image-preview:large, max-video-preview:-1\" \/>\n<link rel=\"canonical\" href=\"https:\/\/trafficaviator.com\/de\/\" \/>\n<meta property=\"og:locale\" content=\"de_DE\" \/>\n<meta property=\"og:locale:alternate\" content=\"ru_RU\" \/>\n<meta property=\"og:locale:alternate\" content=\"en_US\" \/>\n<meta property=\"og:locale:alternate\" content=\"pt_PT\" \/>\n<meta property=\"og:locale:alternate\" content=\"es_ES\" \/>\n<meta property=\"og:locale:alternate\" content=\"fr_FR\" \/>\n<meta property=\"og:locale:alternate\" content=\"ro_RO\" \/>\n<meta property=\"og:locale:alternate\" content=\"sr_RS\" \/>\n<meta property=\"og:locale:alternate\" content=\"bg_BG\" \/>\n<meta property=\"og:locale:alternate\" content=\"pl_PL\" \/>\n<meta property=\"og:type\" content=\"article\" \/>\n<meta property=\"og:title\" content=\"\u0427\u0442\u043e \u0442\u0430\u043a\u043e\u0435 \u0438\u0433\u0440\u0430 \u0410\u0432\u0438\u0430\u0442\u043e\u0440\" \/>\n<meta property=\"og:description\" content=\"\u0427\u0442\u043e \u0442\u0430\u043a\u043e\u0435 \u0438\u0433\u0440\u0430 \u0410\u0432\u0438\u0430\u0442\u043e\u0440\" \/>\n<meta property=\"og:url\" content=\"https:\/\/trafficaviator.com\/de\/\" \/>\n<meta property=\"og:site_name\" content=\"Aviator Game\" \/>\n<meta property=\"article:modified_time\" content=\"2024-04-22T13:52:15+00:00\" \/>\n<meta property=\"og:image\" content=\"https:\/\/trafficaviator.com\/wp-content\/uploads\/2023\/08\/aviatorlogo-300x105.webp\" \/>\n<meta name=\"twitter:card\" content=\"summary_large_image\" \/>\n<meta name=\"twitter:label1\" content=\"Gesch\u00e4tzte Lesezeit\" \/>\n\t<meta name=\"twitter:data1\" content=\"6\u00a0Minuten\" \/>\n<script type=\"application\/ld+json\" class=\"yoast-schema-graph\">{\"@context\":\"https:\/\/schema.org\",\"@graph\":[{\"@type\":\"WebPage\",\"@id\":\"https:\/\/trafficaviator.com\/ru\/\",\"url\":\"https:\/\/trafficaviator.com\/ru\/\",\"name\":\"\u0427\u0442\u043e \u0442\u0430\u043a\u043e\u0435 \u0438\u0433\u0440\u0430 \u0410\u0432\u0438\u0430\u0442\u043e\u0440\",\"isPartOf\":{\"@id\":\"https:\/\/trafficaviator.com\/#website\"},\"primaryImageOfPage\":{\"@id\":\"https:\/\/trafficaviator.com\/ru\/#primaryimage\"},\"image\":{\"@id\":\"https:\/\/trafficaviator.com\/ru\/#primaryimage\"},\"thumbnailUrl\":\"https:\/\/trafficaviator.com\/wp-content\/uploads\/2023\/08\/aviatorlogo-300x105.webp\",\"datePublished\":\"2023-08-22T13:08:48+00:00\",\"dateModified\":\"2024-04-22T13:52:15+00:00\",\"description\":\"\u0427\u0442\u043e \u0442\u0430\u043a\u043e\u0435 \u0438\u0433\u0440\u0430 \u0410\u0432\u0438\u0430\u0442\u043e\u0440\",\"breadcrumb\":{\"@id\":\"https:\/\/trafficaviator.com\/ru\/#breadcrumb\"},\"inLanguage\":\"de-DE\",\"potentialAction\":[{\"@type\":\"ReadAction\",\"target\":[\"https:\/\/trafficaviator.com\/ru\/\"]}]},{\"@type\":\"ImageObject\",\"inLanguage\":\"de-DE\",\"@id\":\"https:\/\/trafficaviator.com\/ru\/#primaryimage\",\"url\":\"https:\/\/trafficaviator.com\/wp-content\/uploads\/2023\/08\/aviatorlogo-300x105.webp\",\"contentUrl\":\"https:\/\/trafficaviator.com\/wp-content\/uploads\/2023\/08\/aviatorlogo-300x105.webp\"},{\"@type\":\"BreadcrumbList\",\"@id\":\"https:\/\/trafficaviator.com\/ru\/#breadcrumb\",\"itemListElement\":[{\"@type\":\"ListItem\",\"position\":1,\"name\":\"Home\",\"item\":\"https:\/\/trafficaviator.com\/ru\/\"},{\"@type\":\"ListItem\",\"position\":2,\"name\":\"\u0413\u043b\u0430\u0432\u043d\u0430\u044f\"}]},{\"@type\":\"WebSite\",\"@id\":\"https:\/\/trafficaviator.com\/#website\",\"url\":\"https:\/\/trafficaviator.com\/\",\"name\":\"Aviator Game\",\"description\":\"\",\"potentialAction\":[{\"@type\":\"SearchAction\",\"target\":{\"@type\":\"EntryPoint\",\"urlTemplate\":\"https:\/\/trafficaviator.com\/?s={search_term_string}\"},\"query-input\":{\"@type\":\"PropertyValueSpecification\",\"valueRequired\":true,\"valueName\":\"search_term_string\"}}],\"inLanguage\":\"de-DE\"}]}<\/script>\n<!-- \/ Yoast SEO plugin. -->","yoast_head_json":{"title":"\u0427\u0442\u043e \u0442\u0430\u043a\u043e\u0435 \u0438\u0433\u0440\u0430 \u0410\u0432\u0438\u0430\u0442\u043e\u0440","description":"Alles \u00fcber das Crash-Spiel Aviator. Wie man bei Aviator spielt und gewinnt, Spielstrategien, die App herunterl\u00e4dt, Life Hacks, Bewertungen und Meinungen echter Spieler, platzieren Sie Ihre Wetten","robots":{"index":"index","follow":"follow","max-snippet":"max-snippet:-1","max-image-preview":"max-image-preview:large","max-video-preview":"max-video-preview:-1"},"canonical":"https:\/\/trafficaviator.com\/de\/","og_locale":"de_DE","og_type":"article","og_title":"[:ru]\u0427\u0442\u043e \u0442\u0430\u043a\u043e\u0435 \u0438\u0433\u0440\u0430 \u0410\u0432\u0438\u0430\u0442\u043e\u0440[:en]What is the Aviator game[:]","og_description":"\u0427\u0442\u043e \u0442\u0430\u043a\u043e\u0435 \u0438\u0433\u0440\u0430 \u0410\u0432\u0438\u0430\u0442\u043e\u0440","og_url":"https:\/\/trafficaviator.com\/de\/","og_site_name":"Aviator Game","article_modified_time":"2024-04-22T13:52:15+00:00","og_image":[{"url":"https:\/\/trafficaviator.com\/wp-content\/uploads\/2023\/08\/aviatorlogo-300x105.webp","type":"","width":"","height":""}],"twitter_card":"summary_large_image","twitter_misc":{"Gesch\u00e4tzte Lesezeit":"6\u00a0Minuten"},"schema":{"@context":"https:\/\/schema.org","@graph":[{"@type":"WebPage","@id":"https:\/\/trafficaviator.com\/ru\/","url":"https:\/\/trafficaviator.com\/ru\/","name":"\u0427\u0442\u043e \u0442\u0430\u043a\u043e\u0435 \u0438\u0433\u0440\u0430 \u0410\u0432\u0438\u0430\u0442\u043e\u0440","isPartOf":{"@id":"https:\/\/trafficaviator.com\/#website"},"primaryImageOfPage":{"@id":"https:\/\/trafficaviator.com\/ru\/#primaryimage"},"image":{"@id":"https:\/\/trafficaviator.com\/ru\/#primaryimage"},"thumbnailUrl":"https:\/\/trafficaviator.com\/wp-content\/uploads\/2023\/08\/aviatorlogo-300x105.webp","datePublished":"2023-08-22T13:08:48+00:00","dateModified":"2024-04-22T13:52:15+00:00","description":"\u0427\u0442\u043e \u0442\u0430\u043a\u043e\u0435 \u0438\u0433\u0440\u0430 \u0410\u0432\u0438\u0430\u0442\u043e\u0440","breadcrumb":{"@id":"https:\/\/trafficaviator.com\/ru\/#breadcrumb"},"inLanguage":"de-DE","potentialAction":[{"@type":"ReadAction","target":["https:\/\/trafficaviator.com\/ru\/"]}]},{"@type":"ImageObject","inLanguage":"de-DE","@id":"https:\/\/trafficaviator.com\/ru\/#primaryimage","url":"https:\/\/trafficaviator.com\/wp-content\/uploads\/2023\/08\/aviatorlogo-300x105.webp","contentUrl":"https:\/\/trafficaviator.com\/wp-content\/uploads\/2023\/08\/aviatorlogo-300x105.webp"},{"@type":"BreadcrumbList","@id":"https:\/\/trafficaviator.com\/ru\/#breadcrumb","itemListElement":[{"@type":"ListItem","position":1,"name":"Home","item":"https:\/\/trafficaviator.com\/ru\/"},{"@type":"ListItem","position":2,"name":"\u0413\u043b\u0430\u0432\u043d\u0430\u044f"}]},{"@type":"WebSite","@id":"https:\/\/trafficaviator.com\/#website","url":"https:\/\/trafficaviator.com\/","name":"Aviator Game","description":"","potentialAction":[{"@type":"SearchAction","target":{"@type":"EntryPoint","urlTemplate":"https:\/\/trafficaviator.com\/?s={search_term_string}"},"query-input":{"@type":"PropertyValueSpecification","valueRequired":true,"valueName":"search_term_string"}}],"inLanguage":"de-DE"}]}},"_links":{"self":[{"href":"https:\/\/trafficaviator.com\/de\/wp-json\/wp\/v2\/pages\/11","targetHints":{"allow":["GET"]}}],"collection":[{"href":"https:\/\/trafficaviator.com\/de\/wp-json\/wp\/v2\/pages"}],"about":[{"href":"https:\/\/trafficaviator.com\/de\/wp-json\/wp\/v2\/types\/page"}],"author":[{"embeddable":true,"href":"https:\/\/trafficaviator.com\/de\/wp-json\/wp\/v2\/users\/1"}],"replies":[{"embeddable":true,"href":"https:\/\/trafficaviator.com\/de\/wp-json\/wp\/v2\/comments?post=11"}],"version-history":[{"count":53,"href":"https:\/\/trafficaviator.com\/de\/wp-json\/wp\/v2\/pages\/11\/revisions"}],"predecessor-version":[{"id":177,"href":"https:\/\/trafficaviator.com\/de\/wp-json\/wp\/v2\/pages\/11\/revisions\/177"}],"wp:attachment":[{"href":"https:\/\/trafficaviator.com\/de\/wp-json\/wp\/v2\/media?parent=11"}],"curies":[{"name":"wp","href":"https:\/\/api.w.org\/{rel}","templated":true}]}}