{"id":13,"date":"2023-08-22T13:14:13","date_gmt":"2023-08-22T13:14:13","guid":{"rendered":"https:\/\/trafficaviator.com\/?page_id=13"},"modified":"2024-04-22T13:52:44","modified_gmt":"2024-04-22T13:52:44","slug":"strategies-aviator","status":"publish","type":"page","link":"https:\/\/trafficaviator.com\/de\/strategies-aviator\/","title":{"rendered":"Strategien f\u00fcr erfolgreiches Spielen in Aviator"},"content":{"rendered":"<p>Unsere empfohlenen Strategien unterscheiden sich erheblich von traditionellen Strategien, da Erfolg oder Misserfolg vollst\u00e4ndig von Ihrer Gier und Geduld abh\u00e4ngen.<\/p>\n<p>Daher ist der erste Schritt zum Gewinnen die Festlegung der Gr\u00f6\u00dfe und Art der Wetten. Es ist allgemein bekannt, dass der <a href=\"https:\/\/aviator-games.com\/de\/\">Mindesteinsatz bei Aviator<\/a> 5 Rubel betr\u00e4gt und die maximale Anzahl gleichzeitiger Eins\u00e4tze bei zwei liegt. Lassen Sie uns zun\u00e4chst Strategien f\u00fcr Einzel- und Doppelwetten betrachten.<\/p>\n<h2>Strategie f\u00fcr das Spielen von Aviator mit einer Einzelwette<\/h2>\n<p>Diese Option ist ideal f\u00fcr Anf\u00e4nger. Ein Spielrunde entspricht einer Wette, was es Ihnen erm\u00f6glicht, sich auf den Verdienstprozess in Aviator zu konzentrieren und zu kontrollieren. Bestimmen Sie zun\u00e4chst Ihr Budget. Dies wird die Gr\u00f6\u00dfe Ihrer Wette bestimmen. Unsere empfohlene Regel besagt, dass Ihr Budget Platz f\u00fcr 200 Wetten (mindestens 100) bieten sollte. Wenn Sie 500 Rubel haben, empfehlen wir, mit einem Multiplikator von 5 Rubel pro Wette zu spielen. Mit 100 Dollar k\u00f6nnen Sie Wetten im Bereich von 0,5 bis 1 US-Dollar platzieren.<\/p>\n<p>Nachdem Sie die Einsatzgr\u00f6\u00dfe in <a href=\"https:\/\/aviator-games.casino\/de\/\">Aviator<\/a> festgelegt haben, w\u00e4hlen Sie eine Strategie aus. Es gibt drei Hauptstrategien, die wir kategorisieren werden.<\/p>\n<ul>\n<li><strong>Niedriges Risiko-Strategie in Aviator mit echtem Geld<\/strong><\/li>\n<\/ul>\n<p>Dieser Ansatz verspricht keinen schnellen Erfolg, erm\u00f6glicht es Ihnen jedoch, selbstbewusst aufzutreten und gro\u00dfe Verluste zu vermeiden. Es basiert auf niedrigen Multiplikatoren, und Ihr Abhebungsbetrag sollte in jeder Runde etwa x1,20-x1,21 betragen. Sie k\u00f6nnen auch die automatische Auszahlung und automatische Wetten verwenden. Dies reduziert die Anzahl erfolgloser Runden und erh\u00f6ht allm\u00e4hlich Ihr Guthaben. Wenn Ihr Guthaben w\u00e4chst, k\u00f6nnen Sie gr\u00f6\u00dfere Wetten platzieren und so Ihre Gewinne in Aviator steigern.<\/p>\n<ul>\n<li><strong>Mittleres Risiko-Strategie in Aviator mit echtem Geld<\/strong><\/li>\n<\/ul>\n<p>Diese Taktik wird f\u00fcr Spieler mit einem gr\u00f6\u00dferen Budget in Aviator empfohlen. In dieser Strategie verwenden wir Multiplikatoren von x2-x3. Die Wahrscheinlichkeit eines erfolgreichen Durchgangs mit Multiplikatoren von 2-3 liegt bei 40-42%. Bei anhaltender Unsicherheit oder hohen Multiplikatoren k\u00f6nnen Sie ein Risiko eingehen und h\u00f6here Eins\u00e4tze t\u00e4tigen. Wenn Sie Gl\u00fcck haben, bleiben Sie in der Gewinnzone und erh\u00f6hen Ihre Einzahlung.<\/p>\n<ul>\n<li><strong>Ernsthafte Strategie f\u00fcr schnelle Gewinne im Aviator-Spiel<\/strong><\/li>\n<\/ul>\n<p>Dies ist eine Taktik f\u00fcr wirklich gl\u00fcckliche Spieler! Im Durchschnitt erscheinen Multiplikatoren \u00fcber 100 alle anderthalb Stunden einmal. Wir empfehlen, die Ergebnisse im Auge zu behalten und bei Erscheinen eines hohen Multiplikators aktiv zu wetten. Viel Gl\u00fcck!<\/p>\n<h2>Strategie f\u00fcr das Spielen von Aviator mit zwei gleichzeitigen Wetten<\/h2>\n<p>Trotz einiger \u00c4hnlichkeiten mit Einzelwetten ist hier mehr Aufmerksamkeit erforderlich. Es geht darum, das perfekte Gleichgewicht zwischen Risiko und Belohnung zu finden. Es wird empfohlen, automatische Wetten und automatische Auszahlungen mit einem Multiplikator von x1,2 f\u00fcr die erste Wette zu verwenden. F\u00fcr die zweite Wette eignet sich die oben beschriebene Strategie mit moderatem Risiko.<\/p>\n<p>Wir empfehlen, eine Wette mit einem Multiplikator von x40 und die andere mit einem Multiplikator von x100 zu platzieren. Dies hilft Ihnen, Ihr Guthaben nicht schnell zu ersch\u00f6pfen und auf die besten Multiplikatoren zu warten.<\/p>\n<p>Am Ende garantiert keine der aufgef\u00fchrten Strategien den Erfolg. Sie k\u00f6nnen immer experimentieren, neue Ans\u00e4tze entwickeln und gewinnen. Teilen Sie Ihre Ergebnisse im Bewertungsbereich auf unserer Website, wenn es Ihnen gelingt, eine effektive Strategie f\u00fcr das Spielen von Aviator auf einer Online-Casinoseite zu entwickeln.<\/p>\n<p>Denken Sie daran, dass der Sieg bei Aviator m\u00f6glich ist!<\/p>\n","protected":false},"excerpt":{"rendered":"<p>Unsere empfohlenen Strategien unterscheiden sich erheblich von traditionellen Strategien, da Erfolg oder Misserfolg vollst\u00e4ndig von Ihrer Gier und Geduld abh\u00e4ngen. Daher ist der erste Schritt zum Gewinnen die Festlegung der Gr\u00f6\u00dfe und Art der Wetten. Es ist allgemein bekannt, dass der Mindesteinsatz bei Aviator 5 Rubel betr\u00e4gt und die maximale Anzahl gleichzeitiger Eins\u00e4tze bei zwei liegt. Lassen Sie uns zun\u00e4chst Strategien f\u00fcr Einzel- und Doppelwetten betrachten. Strategie f\u00fcr das Spielen von Aviator mit einer Einzelwette&hellip; <\/p>\n","protected":false},"author":1,"featured_media":0,"parent":0,"menu_order":0,"comment_status":"closed","ping_status":"closed","template":"","meta":{"footnotes":""},"class_list":["post-13","page","type-page","status-publish","hentry"],"yoast_head":"<!-- This site is optimized with the Yoast SEO plugin v27.2 - https:\/\/yoast.com\/product\/yoast-seo-wordpress\/ -->\n<title>Strategien f\u00fcr erfolgreiches Spielen in Aviator<\/title>\n<meta name=\"description\" content=\"Strategien und Taktiken f\u00fcr das Spielen des Crash-Spiels Aviator. Wie man in Aviator gerade jetzt spielt und gewinnt. Gewinnen Sie echtes Geld in Aviator f\u00fcr Spieler weltweit\" \/>\n<meta name=\"robots\" content=\"index, follow, max-snippet:-1, max-image-preview:large, max-video-preview:-1\" \/>\n<link rel=\"canonical\" href=\"https:\/\/trafficaviator.com\/de\/strategies-aviator\/\" \/>\n<meta property=\"og:locale\" content=\"de_DE\" \/>\n<meta property=\"og:locale:alternate\" content=\"ru_RU\" \/>\n<meta property=\"og:locale:alternate\" content=\"en_US\" \/>\n<meta property=\"og:locale:alternate\" content=\"pt_PT\" \/>\n<meta property=\"og:locale:alternate\" content=\"es_ES\" \/>\n<meta property=\"og:locale:alternate\" content=\"fr_FR\" \/>\n<meta property=\"og:locale:alternate\" content=\"ro_RO\" \/>\n<meta property=\"og:locale:alternate\" content=\"sr_RS\" \/>\n<meta property=\"og:locale:alternate\" content=\"bg_BG\" \/>\n<meta property=\"og:locale:alternate\" content=\"pl_PL\" \/>\n<meta property=\"og:type\" content=\"article\" \/>\n<meta property=\"og:title\" content=\"Strategien f\u00fcr erfolgreiches Spielen in Aviator\" \/>\n<meta property=\"og:description\" content=\"Unsere empfohlenen Strategien unterscheiden sich erheblich von traditionellen Strategien, da Erfolg oder Misserfolg vollst\u00e4ndig von Ihrer Gier und Geduld abh\u00e4ngen. Daher ist der erste Schritt zum Gewinnen die Festlegung der Gr\u00f6\u00dfe und Art der Wetten. Es ist allgemein bekannt, dass der Mindesteinsatz bei Aviator 5 Rubel betr\u00e4gt und die maximale Anzahl gleichzeitiger Eins\u00e4tze bei zwei liegt. Lassen Sie uns zun\u00e4chst Strategien f\u00fcr Einzel- und Doppelwetten betrachten. Strategie f\u00fcr das Spielen von Aviator mit einer Einzelwette&hellip;\" \/>\n<meta property=\"og:url\" content=\"https:\/\/trafficaviator.com\/de\/strategies-aviator\/\" \/>\n<meta property=\"og:site_name\" content=\"Aviator Game\" \/>\n<meta property=\"article:modified_time\" content=\"2024-04-22T13:52:44+00:00\" \/>\n<meta name=\"twitter:card\" content=\"summary_large_image\" \/>\n<meta name=\"twitter:label1\" content=\"Gesch\u00e4tzte Lesezeit\" \/>\n\t<meta name=\"twitter:data1\" content=\"20\u00a0Minuten\" \/>\n<script type=\"application\/ld+json\" class=\"yoast-schema-graph\">{\"@context\":\"https:\/\/schema.org\",\"@graph\":[{\"@type\":\"WebPage\",\"@id\":\"https:\/\/trafficaviator.com\/en\/strategies-aviator\/\",\"url\":\"https:\/\/trafficaviator.com\/en\/strategies-aviator\/\",\"name\":\"Strategien f\u00fcr erfolgreiches Spielen in Aviator\",\"isPartOf\":{\"@id\":\"https:\/\/trafficaviator.com\/#website\"},\"datePublished\":\"2023-08-22T13:14:13+00:00\",\"dateModified\":\"2024-04-22T13:52:44+00:00\",\"breadcrumb\":{\"@id\":\"https:\/\/trafficaviator.com\/en\/strategies-aviator\/#breadcrumb\"},\"inLanguage\":\"de-DE\",\"potentialAction\":[{\"@type\":\"ReadAction\",\"target\":[\"https:\/\/trafficaviator.com\/en\/strategies-aviator\/\"]}]},{\"@type\":\"BreadcrumbList\",\"@id\":\"https:\/\/trafficaviator.com\/en\/strategies-aviator\/#breadcrumb\",\"itemListElement\":[{\"@type\":\"ListItem\",\"position\":1,\"name\":\"Home\",\"item\":\"https:\/\/trafficaviator.com\/ru\/\"},{\"@type\":\"ListItem\",\"position\":2,\"name\":\"Strategies for Successful Play in Aviator\"}]},{\"@type\":\"WebSite\",\"@id\":\"https:\/\/trafficaviator.com\/#website\",\"url\":\"https:\/\/trafficaviator.com\/\",\"name\":\"Aviator Game\",\"description\":\"\",\"potentialAction\":[{\"@type\":\"SearchAction\",\"target\":{\"@type\":\"EntryPoint\",\"urlTemplate\":\"https:\/\/trafficaviator.com\/?s={search_term_string}\"},\"query-input\":{\"@type\":\"PropertyValueSpecification\",\"valueRequired\":true,\"valueName\":\"search_term_string\"}}],\"inLanguage\":\"de-DE\"}]}<\/script>\n<!-- \/ Yoast SEO plugin. -->","yoast_head_json":{"title":"Strategien f\u00fcr erfolgreiches Spielen in Aviator","description":"Strategien und Taktiken f\u00fcr das Spielen des Crash-Spiels Aviator. Wie man in Aviator gerade jetzt spielt und gewinnt. Gewinnen Sie echtes Geld in Aviator f\u00fcr Spieler weltweit","robots":{"index":"index","follow":"follow","max-snippet":"max-snippet:-1","max-image-preview":"max-image-preview:large","max-video-preview":"max-video-preview:-1"},"canonical":"https:\/\/trafficaviator.com\/de\/strategies-aviator\/","og_locale":"de_DE","og_type":"article","og_title":"[:ru]\u0421\u0442\u0440\u0430\u0442\u0435\u0433\u0438\u0438 \u0443\u0441\u043f\u0435\u0448\u043d\u043e\u0439 \u0438\u0433\u0440\u044b \u0432 \u0410\u0432\u0438\u0430\u0442\u043e\u0440\u0435[:en]Strategies for Successful Play in Aviator[:pt]Estrat\u00e9gias para Jogar com Sucesso no Aviator[:es]Estrategias para un Juego Exitoso en Aviator[:fr]Strat\u00e9gies pour jouer avec succ\u00e8s \u00e0 Aviator[:de]Strategien f\u00fcr erfolgreiches Spielen in Aviator[:ro]Strategii pentru un joc de succes \u00een Aviator[:sr]\u0421\u0442\u0440\u0430\u0442\u0435\u0433\u0438\u0458\u0435 \u0437\u0430 \u0443\u0441\u043f\u0435\u0448\u043d\u0443 \u0438\u0433\u0440\u0443 \u0443 \u0410\u0432\u0438\u0458\u0430\u0442\u043e\u0440\u0443[:bg]\u0421\u0442\u0440\u0430\u0442\u0435\u0433\u0438\u0438 \u0437\u0430 \u0443\u0441\u043f\u0435\u0448\u043d\u0430 \u0438\u0433\u0440\u0430 \u0432 Aviator[:pl]Strategie skutecznej gry w Aviator[:] - Aviator Game","og_description":"Unsere empfohlenen Strategien unterscheiden sich erheblich von traditionellen Strategien, da Erfolg oder Misserfolg vollst\u00e4ndig von Ihrer Gier und Geduld abh\u00e4ngen. Daher ist der erste Schritt zum Gewinnen die Festlegung der Gr\u00f6\u00dfe und Art der Wetten. Es ist allgemein bekannt, dass der Mindesteinsatz bei Aviator 5 Rubel betr\u00e4gt und die maximale Anzahl gleichzeitiger Eins\u00e4tze bei zwei liegt. Lassen Sie uns zun\u00e4chst Strategien f\u00fcr Einzel- und Doppelwetten betrachten. Strategie f\u00fcr das Spielen von Aviator mit einer Einzelwette&hellip;","og_url":"https:\/\/trafficaviator.com\/de\/strategies-aviator\/","og_site_name":"Aviator Game","article_modified_time":"2024-04-22T13:52:44+00:00","twitter_card":"summary_large_image","twitter_misc":{"Gesch\u00e4tzte Lesezeit":"20\u00a0Minuten"},"schema":{"@context":"https:\/\/schema.org","@graph":[{"@type":"WebPage","@id":"https:\/\/trafficaviator.com\/en\/strategies-aviator\/","url":"https:\/\/trafficaviator.com\/en\/strategies-aviator\/","name":"Strategien f\u00fcr erfolgreiches Spielen in Aviator","isPartOf":{"@id":"https:\/\/trafficaviator.com\/#website"},"datePublished":"2023-08-22T13:14:13+00:00","dateModified":"2024-04-22T13:52:44+00:00","breadcrumb":{"@id":"https:\/\/trafficaviator.com\/en\/strategies-aviator\/#breadcrumb"},"inLanguage":"de-DE","potentialAction":[{"@type":"ReadAction","target":["https:\/\/trafficaviator.com\/en\/strategies-aviator\/"]}]},{"@type":"BreadcrumbList","@id":"https:\/\/trafficaviator.com\/en\/strategies-aviator\/#breadcrumb","itemListElement":[{"@type":"ListItem","position":1,"name":"Home","item":"https:\/\/trafficaviator.com\/ru\/"},{"@type":"ListItem","position":2,"name":"Strategies for Successful Play in Aviator"}]},{"@type":"WebSite","@id":"https:\/\/trafficaviator.com\/#website","url":"https:\/\/trafficaviator.com\/","name":"Aviator Game","description":"","potentialAction":[{"@type":"SearchAction","target":{"@type":"EntryPoint","urlTemplate":"https:\/\/trafficaviator.com\/?s={search_term_string}"},"query-input":{"@type":"PropertyValueSpecification","valueRequired":true,"valueName":"search_term_string"}}],"inLanguage":"de-DE"}]}},"_links":{"self":[{"href":"https:\/\/trafficaviator.com\/de\/wp-json\/wp\/v2\/pages\/13","targetHints":{"allow":["GET"]}}],"collection":[{"href":"https:\/\/trafficaviator.com\/de\/wp-json\/wp\/v2\/pages"}],"about":[{"href":"https:\/\/trafficaviator.com\/de\/wp-json\/wp\/v2\/types\/page"}],"author":[{"embeddable":true,"href":"https:\/\/trafficaviator.com\/de\/wp-json\/wp\/v2\/users\/1"}],"replies":[{"embeddable":true,"href":"https:\/\/trafficaviator.com\/de\/wp-json\/wp\/v2\/comments?post=13"}],"version-history":[{"count":36,"href":"https:\/\/trafficaviator.com\/de\/wp-json\/wp\/v2\/pages\/13\/revisions"}],"predecessor-version":[{"id":181,"href":"https:\/\/trafficaviator.com\/de\/wp-json\/wp\/v2\/pages\/13\/revisions\/181"}],"wp:attachment":[{"href":"https:\/\/trafficaviator.com\/de\/wp-json\/wp\/v2\/media?parent=13"}],"curies":[{"name":"wp","href":"https:\/\/api.w.org\/{rel}","templated":true}]}}