{"id":15,"date":"2023-08-22T13:20:28","date_gmt":"2023-08-22T13:20:28","guid":{"rendered":"https:\/\/trafficaviator.com\/?page_id=15"},"modified":"2024-04-22T13:52:29","modified_gmt":"2024-04-22T13:52:29","slug":"aviator-reivews","status":"publish","type":"page","link":"https:\/\/trafficaviator.com\/de\/aviator-reivews\/","title":{"rendered":"Bewertungen des Aviator-Spiels in Online-Casinos"},"content":{"rendered":"<p>Das beliebte Spiel Aviator hat die Herzen von Millionen von Fans auf der ganzen Welt erobert. Dieses aufregende Spiel auf Gl\u00fccksspiel-Websites ist ein Crash-Slot, bei dem die Einsatzkurve steigt und jederzeit pl\u00f6tzlich abst\u00fcrzen kann. Zu Beginn einer Runde steigt die Einsatzkurve und erh\u00f6ht das Potenzial f\u00fcr einen Gewinn. Ihre Aufgabe besteht darin, Ihre Gewinne abzuheben, bevor die Kurve abst\u00fcrzt. Das Bild eines in die H\u00f6he steigenden Flugzeugs symbolisiert diesen Vorgang und verleiht dem Spiel seinen Namen, Aviator.<\/p>\n<p>Die Hauptfrage, der sich die Spieler gegen\u00fcbersehen, lautet: Wann sollen sie ihre Gewinne abheben? Ihre Gewinne h\u00e4ngen von dieser Entscheidung ab. Die Wahl zwischen einem fr\u00fchen R\u00fcckzug mit einem niedrigeren Multiplikator oder dem Versuch, mehr zu gewinnen, aber mit dem Risiko, zu verlieren, stellt ein interessantes Dilemma dar. Viele Spieler studieren Strategien f\u00fcr das Spielen des Aviator-Spiels und M\u00f6glichkeiten, ihre Gewinne zu maximieren. Hier sind einige Spielerbewertungen, die Ihnen den Einstieg erleichtern und in diesem Slot auf 1win erfolgreich sein k\u00f6nnen.<\/p>\n<h2><strong>Bewertungen des Aviator-Spiels:<\/strong><\/h2>\n<p><strong>Bewertung: Transparenz in Aviator &#8211; Meine Hauptpriorit\u00e4t<\/strong><\/p>\n<p>F\u00fcr mich pers\u00f6nlich ist der Aspekt der Fairness in Online-Slots entscheidend, und die meisten Casinos bieten in dieser Hinsicht nicht ausreichend Garantien. Im Spiel Aviator kann ich jedoch den Prozess kontrollieren, indem ich die Sitzungsnummern \u00fcberwache und ihre Echtheit auf der Website des Entwicklers sicherstelle. Dies gibt mir das Vertrauen, dass das Spiel fair ist und die Gewinnchancen real sind. Ohne diese Transparenz ist das Risiko von T\u00e4uschung zu hoch. Durch die Sicherstellung der Kontrolle \u00fcber die Fairness gew\u00e4hrleistet Aviator, dass das Casino nicht in das Gameplay eingreift.<\/p>\n<p>Gennady, 40 Jahre<\/p>\n<p><strong>Bewertung: Aviator &#8211; Einer der Hauptgr\u00fcnde, auf 1win zu bleiben<\/strong><\/p>\n<p>Eine der wesentlichen Faktoren bei der Auswahl eines Spielautomaten ist das Online-Casino. 1win hat mich immer zufrieden gestellt. Auszahlungen sind einfach, und es gibt viele Spiele zur Auswahl. Spielen Sie nach Belieben. Obwohl ich Aviator selten spiele, neigt meine Vorliebe eher zum Poker. Dennoch ist das Thema des Spiels immer fesselnd. \u00dcbrigens spielt mein Freund ausschlie\u00dflich Aviator.<\/p>\n<p>Max, 47 Jahre<\/p>\n<p><strong>Bewertung: Aviator &#8211; Beeindruckend<\/strong><\/p>\n<p>Die ersten drei Eins\u00e4tze f\u00fchrten zu Verlusten, aber es waren kleine Eins\u00e4tze. Der vierte Versuch brachte jedoch Gl\u00fcck &#8211; ich gewann 2 Dollar und dann immer mehr&#8230; Insgesamt habe ich in zehn Minuten fast 10 Dollar verdient. Vorl\u00e4ufig werde ich hier aufh\u00f6ren.<\/p>\n<p>Nick, 36 Jahre<\/p>\n<p><strong>Bewertung: Aviator &#8211; Ein kraftvoller Adrenalinschub<\/strong><\/p>\n<p>F\u00fcr mich pers\u00f6nlich als Gl\u00fccksspiel-Enthusiast ist Aviator ein echter Katharsis f\u00fcr Thrill-Suchende. Wenn Sie Online-Casinos m\u00f6gen, aber Aviator noch nicht ausprobiert haben, ist es, als w\u00fcrden Sie nach Las Vegas fahren und den Besuch des \u00f6rtlichen Casinos auslassen.<\/p>\n<p>Vanessa, 35 Jahre<\/p>\n<p><strong>Bewertung: Aviator Crash Game auf 1win &#8211; Befriedigt mich<\/strong><\/p>\n<p>Ich spiele schon lange auf 1win, und ich war immer beeindruckt von ihrer umfangreichen Auswahl an Spielen. Es ist schwer, in anderen Casinos so viele Spiele zu finden &#8211; buchst\u00e4blich Tausende. Es ist unglaublich. Aviator kam zuf\u00e4llig zu mir, aber bisher bin ich mit dem Ergebnis zufrieden. Ich freue mich auf das, was als N\u00e4chstes kommt.<\/p>\n<p>Alex, 52 Jahre<\/p>\n<p><strong>Bewertung: Aviator &#8211; Eine zuverl\u00e4ssige Einnahmequelle<\/strong><\/p>\n<p>Mit Freunden haben wir diesen Slot gefunden, um Geld sicher zu vermehren. Alle anderen Spiele erscheinen zu riskant&#8230; Aviator arbeitet langsam, aber zuverl\u00e4ssig und bringt uns Gewinne.<\/p>\n<p>Max, 19 Jahre<\/p>\n<p><strong>Bewertung: Spielen von Aviator &#8211; Stressfrei, nicht immer im Plus<\/strong><\/p>\n<p>Die Regeln des Spiels sind einfach, und selbst ich, eine recht unabh\u00e4ngige Dame, habe sie leicht verstanden. Alles h\u00e4ngt davon ab, ob Sie bereit sind, Risiken einzugehen. Ich gehe normalerweise hohe Risiken ein, deshalb gewinne ich nicht immer. Freunde empfehlen, Geld fr\u00fcher abzuheben, um die Gewinne zu sehen. Aber pers\u00f6nlich spiele ich lieber in entspannter Atmosph\u00e4re.<\/p>\n<p>Olga, 18 Jahre<\/p>\n<p><strong>Bewertung: In Aviator liegt die Kontrolle in Ihren H\u00e4nden, nicht nur das Gl\u00fcck<\/strong><\/p>\n<p>Ich habe viele Spielautomaten ausprobiert, aber sie schienen mir etwas verwirrend. Selbst das Verst\u00e4ndnis der Symbole und Kombinationen dauerte seine Zeit. In Aviator ist alles einfach und klar. Und das Wichtigste ist, dass viel von Ihnen abh\u00e4ngt, nicht nur vom Gl\u00fcck.<\/p>\n<p>Andrew, 18 Jahre<\/p>\n<p><strong>Bewertung: Leicht 5 Dollar in 15-20 Minuten in Aviator verdienen<\/strong><\/p>\n<p>Ich bin mit Aviator immer im Plus geblieben. Sie k\u00f6nnen leicht 5 Dollar in 15-20 Minuten verdienen. Ich kenne niemanden, der verloren hat. Und obwohl Sie manchmal ein paar Wetten hintereinander verlieren k\u00f6nnen, gibt es immer ein Comeback.<\/p>\n<p>Vlad, 20 Jahre<\/p>\n<p><strong>Bewertung: Aviator &#8211; Fesselnde Aufmerksamkeit<\/strong><\/p>\n<p>Nach vielen Erfahrungen mit anderen Slots auf 1win habe ich beschlossen, Aviator auszuprobieren. Es ist wirklich ein aufregendes Spiel. Es hat mich mit seiner fesselnden Natur gepackt.<\/p>\n<p>Nika, 21 Jahre<\/p>\n<p><strong>Bewertung: Strategie in Aviator: Fr\u00fcher Ausstieg<\/strong><\/p>\n<p>Es gibt nicht viele Online-Slots, in denen Ihre Entscheidungen wichtiger sind als der Algorithmus. In Aviator h\u00e4ngt jeder Schritt von Ihrer Strategie ab, und das bestimmt Ihre Gewinne. Der beste Weg besteht darin, Ihr Geld fr\u00fchzeitig abzuheben, ohne zu viel zu riskieren, und Sie werden im Plus sein.<\/p>\n<p>Dan, 50 Jahre<\/p>\n<p><strong>Bewertung: Aviator &#8211; eine sichere Wahl, kein Geldbetrug<\/strong><\/p>\n<p>Dieses Spiel scheint mir normal. Kein Haken. Im Vergleich zu anderen Spielen habe ich nicht das Gef\u00fchl, f\u00fcr Geld betrogen zu werden.<\/p>\n<p>Irina, 37 Jahre<\/p>\n<p><strong>Bewertung: Plus 300 Dollar von Aviator<\/strong><\/p>\n<p>Es scheint nicht allzu kompliziert zu sein. Ich habe zum ersten Mal gespielt und war bereits um 300 Dollar im Plus. Es gibt Gl\u00fccks- und Pechstr\u00e4hnen. Ich werde auf jeden Fall wiederkommen. Ein aufregender Slot.<\/p>\n<p>Sergey, 23 Jahre<\/p>\n<p><strong>Bewertung: Aviator &#8211; Ein Adrenalinschub<\/strong><\/p>\n<p>Ein Freund hat Aviator empfohlen, w\u00e4hrend ich mich auf Pr\u00fcfungen vorbereitet habe. Wir haben w\u00e4hrend der Pausen gespielt. Es ist ein schneller Adrenalinschub. Genau das, was Sie brauchen, um sich w\u00e4hrend der Lernpausen zu entspannen.<\/p>\n<p>Alexander, 19 Jahre<\/p>\n<p><strong>Bewertung: Aviator &#8211; Hervorragende Unterhaltung<\/strong><\/p>\n<p>Es ist wirklich ein unterhaltsames Spiel. Ich habe die App auf meinem Samsung heruntergeladen und spiele in meiner Freizeit. W\u00e4hrend einer halbst\u00fcndigen Arbeitspause ist es die perfekte Wahl. Eine Runde dauert nur wenige Sekunden, wenn Sie schnell fertig werden m\u00f6chten, und bis zu 10-15 Sekunden, wenn Sie sich entscheiden, fortzufahren. Sie entscheiden, wann Sie aufh\u00f6ren.<\/p>\n<p>Alexey, 26 Jahre<\/p>\n<p><strong>Bewertung: Aviator &#8211; ein gro\u00dfz\u00fcgiger Slot<\/strong><\/p>\n<p>In der Schule haben wir oft bei Aviator gegeneinander gespielt. Normalerweise blieben von 12 Personen 8-9 im Plus. Die Betr\u00e4ge reichten von 1 bis 20 Dollar. Der Slot ist wirklich gro\u00dfz\u00fcgig.<\/p>\n<p>Dmitry, 18 Jahre<\/p>\n<p><strong>Bewertung: Die Einfachheit von Aviator<\/strong><\/p>\n<p>Das Spiel ist unkompliziert. Das Ziel ist nicht, gro\u00df zu gewinnen, sondern einfach Spa\u00df zu haben. Meine Eins\u00e4tze betragen nur 5 US-Cent. Eine Stunde Spiel kostet mich 50 Cent. Aber es macht viel Spa\u00df. Mit der richtigen Strategie k\u00f6nnen Sie im Plus bleiben.<\/p>\n<p>Stan, 26 Jahre<\/p>\n<p><strong>Bewertung: H\u00e4tte Aviator fr\u00fcher kennen sollen<\/strong><\/p>\n<p>Es ist seltsam, dass ich von Aviator noch nichts geh\u00f6rt hatte. Ich habe es zum ersten Mal vor nur ein paar Tagen ausprobiert, w\u00e4hrend meine Freunde alles dar\u00fcber wussten. Einer von ihnen sagte sogar, dass Aviator auf 1win das Beste ist.<\/p>\n<p>Vas, 35 Jahre<\/p>\n<p><strong>Bewertung: Aviator &#8211; eine zuverl\u00e4ssige M\u00f6glichkeit, Spa\u00df zu haben und zu gewinnen<\/strong><\/p>\n<p>Das Aviator-Spiel unterh\u00e4lt nicht nur, sondern bereitet auch Vergn\u00fcgen. Die Zeit vergeht unbemerkt. Manchmal vergeht nach Beginn des Spiels eine ganze Stunde. Es ist eine gro\u00dfartige M\u00f6glichkeit, Ihre Zeit zu verbringen.<\/p>\n<p>Mila, 48 Jahre<\/p>\n<p><strong>Bewertung: Ich liebe Crash-Spiele<\/strong><\/p>\n<p>Ich habe vor\u00fcbergehend das Interesse an Spielautomaten verloren, aber dann habe ich Aviator gefunden. Ich habe 2020 davon erfahren, aber erst 2022 angefangen zu spielen. Es hat mich in ein neues Genre eingef\u00fchrt &#8211; Crash-Spiele. Sie sind sehr vielf\u00e4ltig. Probieren Sie sie selbst aus.<\/p>\n<p>Yuri, 32 Jahre<\/p>\n","protected":false},"excerpt":{"rendered":"<p>Das beliebte Spiel Aviator hat die Herzen von Millionen von Fans auf der ganzen Welt erobert. Dieses aufregende Spiel auf Gl\u00fccksspiel-Websites ist ein Crash-Slot, bei dem die Einsatzkurve steigt und jederzeit pl\u00f6tzlich abst\u00fcrzen kann. Zu Beginn einer Runde steigt die Einsatzkurve und erh\u00f6ht das Potenzial f\u00fcr einen Gewinn. Ihre Aufgabe besteht darin, Ihre Gewinne abzuheben, bevor die Kurve abst\u00fcrzt. Das Bild eines in die H\u00f6he steigenden Flugzeugs symbolisiert diesen Vorgang und verleiht dem Spiel seinen&hellip; <\/p>\n","protected":false},"author":1,"featured_media":0,"parent":0,"menu_order":0,"comment_status":"closed","ping_status":"closed","template":"","meta":{"footnotes":""},"class_list":["post-15","page","type-page","status-publish","hentry"],"yoast_head":"<!-- This site is optimized with the Yoast SEO plugin v27.2 - https:\/\/yoast.com\/product\/yoast-seo-wordpress\/ -->\n<title>Bewertungen des Aviator-Spiels in Online-Casinos<\/title>\n<meta name=\"description\" content=\"Wenn Sie an ehrlichen und authentischen Bewertungen des Crash-Spiels Aviator interessiert sind, lesen Sie die Bewertungen zu Aviator auf TrafficAviator.com\" \/>\n<meta name=\"robots\" content=\"index, follow, max-snippet:-1, max-image-preview:large, max-video-preview:-1\" \/>\n<link rel=\"canonical\" href=\"https:\/\/trafficaviator.com\/de\/aviator-reivews\/\" \/>\n<meta property=\"og:locale\" content=\"de_DE\" \/>\n<meta property=\"og:locale:alternate\" content=\"ru_RU\" \/>\n<meta property=\"og:locale:alternate\" content=\"en_US\" \/>\n<meta property=\"og:locale:alternate\" content=\"pt_PT\" \/>\n<meta property=\"og:locale:alternate\" content=\"es_ES\" \/>\n<meta property=\"og:locale:alternate\" content=\"fr_FR\" \/>\n<meta property=\"og:locale:alternate\" content=\"ro_RO\" \/>\n<meta property=\"og:locale:alternate\" content=\"sr_RS\" \/>\n<meta property=\"og:locale:alternate\" content=\"bg_BG\" \/>\n<meta property=\"og:locale:alternate\" content=\"pl_PL\" \/>\n<meta property=\"og:type\" content=\"article\" \/>\n<meta property=\"og:title\" content=\"Bewertungen des Aviator-Spiels in Online-Casinos\" \/>\n<meta property=\"og:description\" content=\"Das beliebte Spiel Aviator hat die Herzen von Millionen von Fans auf der ganzen Welt erobert. Dieses aufregende Spiel auf Gl\u00fccksspiel-Websites ist ein Crash-Slot, bei dem die Einsatzkurve steigt und jederzeit pl\u00f6tzlich abst\u00fcrzen kann. Zu Beginn einer Runde steigt die Einsatzkurve und erh\u00f6ht das Potenzial f\u00fcr einen Gewinn. Ihre Aufgabe besteht darin, Ihre Gewinne abzuheben, bevor die Kurve abst\u00fcrzt. Das Bild eines in die H\u00f6he steigenden Flugzeugs symbolisiert diesen Vorgang und verleiht dem Spiel seinen&hellip;\" \/>\n<meta property=\"og:url\" content=\"https:\/\/trafficaviator.com\/de\/aviator-reivews\/\" \/>\n<meta property=\"og:site_name\" content=\"Aviator Game\" \/>\n<meta property=\"article:modified_time\" content=\"2024-04-22T13:52:29+00:00\" \/>\n<meta name=\"twitter:card\" content=\"summary_large_image\" \/>\n<meta name=\"twitter:label1\" content=\"Gesch\u00e4tzte Lesezeit\" \/>\n\t<meta name=\"twitter:data1\" content=\"45\u00a0Minuten\" \/>\n<script type=\"application\/ld+json\" class=\"yoast-schema-graph\">{\"@context\":\"https:\/\/schema.org\",\"@graph\":[{\"@type\":\"WebPage\",\"@id\":\"https:\/\/trafficaviator.com\/en\/aviator-reivews\/\",\"url\":\"https:\/\/trafficaviator.com\/en\/aviator-reivews\/\",\"name\":\"Bewertungen des Aviator-Spiels in Online-Casinos\",\"isPartOf\":{\"@id\":\"https:\/\/trafficaviator.com\/#website\"},\"datePublished\":\"2023-08-22T13:20:28+00:00\",\"dateModified\":\"2024-04-22T13:52:29+00:00\",\"breadcrumb\":{\"@id\":\"https:\/\/trafficaviator.com\/en\/aviator-reivews\/#breadcrumb\"},\"inLanguage\":\"de-DE\",\"potentialAction\":[{\"@type\":\"ReadAction\",\"target\":[\"https:\/\/trafficaviator.com\/en\/aviator-reivews\/\"]}]},{\"@type\":\"BreadcrumbList\",\"@id\":\"https:\/\/trafficaviator.com\/en\/aviator-reivews\/#breadcrumb\",\"itemListElement\":[{\"@type\":\"ListItem\",\"position\":1,\"name\":\"Home\",\"item\":\"https:\/\/trafficaviator.com\/ru\/\"},{\"@type\":\"ListItem\",\"position\":2,\"name\":\"Reviews of the Aviator Game in Online Casinos\"}]},{\"@type\":\"WebSite\",\"@id\":\"https:\/\/trafficaviator.com\/#website\",\"url\":\"https:\/\/trafficaviator.com\/\",\"name\":\"Aviator Game\",\"description\":\"\",\"potentialAction\":[{\"@type\":\"SearchAction\",\"target\":{\"@type\":\"EntryPoint\",\"urlTemplate\":\"https:\/\/trafficaviator.com\/?s={search_term_string}\"},\"query-input\":{\"@type\":\"PropertyValueSpecification\",\"valueRequired\":true,\"valueName\":\"search_term_string\"}}],\"inLanguage\":\"de-DE\"}]}<\/script>\n<!-- \/ Yoast SEO plugin. -->","yoast_head_json":{"title":"Bewertungen des Aviator-Spiels in Online-Casinos","description":"Wenn Sie an ehrlichen und authentischen Bewertungen des Crash-Spiels Aviator interessiert sind, lesen Sie die Bewertungen zu Aviator auf TrafficAviator.com","robots":{"index":"index","follow":"follow","max-snippet":"max-snippet:-1","max-image-preview":"max-image-preview:large","max-video-preview":"max-video-preview:-1"},"canonical":"https:\/\/trafficaviator.com\/de\/aviator-reivews\/","og_locale":"de_DE","og_type":"article","og_title":"[:ru]\u041e\u0442\u0437\u044b\u0432\u044b \u043e \u0438\u0433\u0440\u0435 \u0410\u0432\u0438\u0430\u0442\u043e\u0440 \u0432 \u043e\u043d\u043b\u0430\u0439\u043d \u043a\u0430\u0437\u0438\u043d\u043e[:en]Reviews of the Aviator Game in Online Casinos[:pt]Avalia\u00e7\u00f5es do Jogo Aviator em Cassinos Online[:es]Opiniones sobre el Juego Aviator en Casinos en L\u00ednea[:fr]Avis sur le jeu Aviator dans les casinos en ligne[:de]Bewertungen des Aviator-Spiels in Online-Casinos[:ro]Recenzii despre jocul Aviator \u00een cazinourile online[:sr]\u041e\u0442\u0437\u0438\u0432\u0438 \u043e \u0438\u0433\u0440\u0438 \u0410\u0432\u0438\u0430\u0442\u043e\u0440 \u0443 \u043e\u043d\u043b\u0430\u0458\u043d \u043a\u0430\u0437\u0438\u043d\u0438\u043c\u0430[:bg]\u0420\u0435\u0446\u0435\u043d\u0437\u0438\u0438 \u0437\u0430 \u0438\u0433\u0440\u0430\u0442\u0430 Aviator \u0432 \u043e\u043d\u043b\u0430\u0439\u043d \u043a\u0430\u0437\u0438\u043d\u0430[:pl]Recenzje gry Aviator w kasynach online[:] - Aviator Game","og_description":"Das beliebte Spiel Aviator hat die Herzen von Millionen von Fans auf der ganzen Welt erobert. Dieses aufregende Spiel auf Gl\u00fccksspiel-Websites ist ein Crash-Slot, bei dem die Einsatzkurve steigt und jederzeit pl\u00f6tzlich abst\u00fcrzen kann. Zu Beginn einer Runde steigt die Einsatzkurve und erh\u00f6ht das Potenzial f\u00fcr einen Gewinn. Ihre Aufgabe besteht darin, Ihre Gewinne abzuheben, bevor die Kurve abst\u00fcrzt. Das Bild eines in die H\u00f6he steigenden Flugzeugs symbolisiert diesen Vorgang und verleiht dem Spiel seinen&hellip;","og_url":"https:\/\/trafficaviator.com\/de\/aviator-reivews\/","og_site_name":"Aviator Game","article_modified_time":"2024-04-22T13:52:29+00:00","twitter_card":"summary_large_image","twitter_misc":{"Gesch\u00e4tzte Lesezeit":"45\u00a0Minuten"},"schema":{"@context":"https:\/\/schema.org","@graph":[{"@type":"WebPage","@id":"https:\/\/trafficaviator.com\/en\/aviator-reivews\/","url":"https:\/\/trafficaviator.com\/en\/aviator-reivews\/","name":"Bewertungen des Aviator-Spiels in Online-Casinos","isPartOf":{"@id":"https:\/\/trafficaviator.com\/#website"},"datePublished":"2023-08-22T13:20:28+00:00","dateModified":"2024-04-22T13:52:29+00:00","breadcrumb":{"@id":"https:\/\/trafficaviator.com\/en\/aviator-reivews\/#breadcrumb"},"inLanguage":"de-DE","potentialAction":[{"@type":"ReadAction","target":["https:\/\/trafficaviator.com\/en\/aviator-reivews\/"]}]},{"@type":"BreadcrumbList","@id":"https:\/\/trafficaviator.com\/en\/aviator-reivews\/#breadcrumb","itemListElement":[{"@type":"ListItem","position":1,"name":"Home","item":"https:\/\/trafficaviator.com\/ru\/"},{"@type":"ListItem","position":2,"name":"Reviews of the Aviator Game in Online Casinos"}]},{"@type":"WebSite","@id":"https:\/\/trafficaviator.com\/#website","url":"https:\/\/trafficaviator.com\/","name":"Aviator Game","description":"","potentialAction":[{"@type":"SearchAction","target":{"@type":"EntryPoint","urlTemplate":"https:\/\/trafficaviator.com\/?s={search_term_string}"},"query-input":{"@type":"PropertyValueSpecification","valueRequired":true,"valueName":"search_term_string"}}],"inLanguage":"de-DE"}]}},"_links":{"self":[{"href":"https:\/\/trafficaviator.com\/de\/wp-json\/wp\/v2\/pages\/15","targetHints":{"allow":["GET"]}}],"collection":[{"href":"https:\/\/trafficaviator.com\/de\/wp-json\/wp\/v2\/pages"}],"about":[{"href":"https:\/\/trafficaviator.com\/de\/wp-json\/wp\/v2\/types\/page"}],"author":[{"embeddable":true,"href":"https:\/\/trafficaviator.com\/de\/wp-json\/wp\/v2\/users\/1"}],"replies":[{"embeddable":true,"href":"https:\/\/trafficaviator.com\/de\/wp-json\/wp\/v2\/comments?post=15"}],"version-history":[{"count":18,"href":"https:\/\/trafficaviator.com\/de\/wp-json\/wp\/v2\/pages\/15\/revisions"}],"predecessor-version":[{"id":179,"href":"https:\/\/trafficaviator.com\/de\/wp-json\/wp\/v2\/pages\/15\/revisions\/179"}],"wp:attachment":[{"href":"https:\/\/trafficaviator.com\/de\/wp-json\/wp\/v2\/media?parent=15"}],"curies":[{"name":"wp","href":"https:\/\/api.w.org\/{rel}","templated":true}]}}