{"id":11,"date":"2023-08-22T13:08:48","date_gmt":"2023-08-22T13:08:48","guid":{"rendered":"https:\/\/trafficaviator.com\/?page_id=11"},"modified":"2024-04-22T13:52:15","modified_gmt":"2024-04-22T13:52:15","slug":"home","status":"publish","type":"page","link":"https:\/\/trafficaviator.com\/es\/","title":{"rendered":"Pagina de inicio"},"content":{"rendered":"<p><img loading=\"lazy\" decoding=\"async\" class=\"alignnone size-medium wp-image-41 aligncenter\" src=\"https:\/\/trafficaviator.com\/wp-content\/uploads\/2023\/08\/aviatorlogo-300x105.webp\" alt=\"\" width=\"300\" height=\"105\" srcset=\"https:\/\/trafficaviator.com\/wp-content\/uploads\/2023\/08\/aviatorlogo-300x105.webp 300w, https:\/\/trafficaviator.com\/wp-content\/uploads\/2023\/08\/aviatorlogo.webp 456w\" sizes=\"auto, (max-width: 300px) 100vw, 300px\" \/><\/p>\n<p>Bienvenido al portal oficial de Aviator Games, donde te embarcar\u00e1s en un emocionante viaje al universo del juego Aviator, un emocionante juego de crash y uno de los juegos en l\u00ednea m\u00e1s populares de nuestra \u00e9poca.<\/p>\n<h2>\u00bfQu\u00e9 es el juego Aviator?<\/h2>\n<p>Aviator es una emocionante aventura disponible para todos los jugadores en un casino virtual. Los jugadores tienen la oportunidad de apostar en un multiplicador simbolizado por el avi\u00f3n rojo. Tus posibles ganancias est\u00e1n estrechamente ligadas a este multiplicador, que aumenta a medida que el avi\u00f3n asciende.<\/p>\n<p>El juego <a href=\"https:\/\/1-win.in\/spanish\/1win-games\/aviator\">1win Aviator Colombia<\/a> es famoso por su trama \u00fanica de juego de crash, que encabeza las listas en su g\u00e9nero. La experiencia de juego de Aviator promete una adrenalina incre\u00edble y un control total sobre el resultado, d\u00e1ndote la oportunidad de retirar tus ganancias en cualquier momento. No es de extra\u00f1ar que este juego se haya convertido en una de las estrellas principales en el mundo del entretenimiento de apuestas.<\/p>\n<p>Tienes la oportunidad de poner a prueba tu suerte y multiplicar tu apuesta en cuesti\u00f3n de minutos con Aviator. Invierte solo un d\u00f3lar y quiz\u00e1s la fortuna te sonr\u00eda, brind\u00e1ndote cien d\u00f3lares gracias al multiplicador x100. Sin embargo, es importante recordar que esperar un multiplicador tan alto puede requerir paciencia por parte de los jugadores nerviosos.<\/p>\n<p>Ten en cuenta: si no retiras tu apuesta antes de que el avi\u00f3n rojo despegue, perder\u00e1s tu apuesta y te quedar\u00e1s sin ganancias. Aviator es un juego donde la emoci\u00f3n, el riesgo y la euforia de la victoria se entrelazan para crear una experiencia \u00fanica.<\/p>\n<p>Con el tiempo, Aviator ha ganado el coraz\u00f3n de muchos casinos en l\u00ednea, convirti\u00e9ndose en el juego m\u00e1s buscado entre los jugadores que apuestan con dinero real en 2020, 2021, 2022 y 2023.<\/p>\n<h2>Reglas del juego Aviator<\/h2>\n<p>Las reglas b\u00e1sicas del juego Aviator son bastante sencillas. Participa en el juego siguiendo estos pasos:<\/p>\n<ol>\n<li>Realiza tu apuesta.<\/li>\n<li>Presta mucha atenci\u00f3n al despegue y al crecimiento del multiplicador, simbolizado por el movimiento del avi\u00f3n.<\/li>\n<li>Retira tu apuesta antes del despegue para reclamar tus ganancias.<\/li>\n<\/ol>\n<p>No olvides tener en cuenta los siguientes detalles del juego:<\/p>\n<ul>\n<li>El multiplicador comienza a ascender desde x1, en sincron\u00eda con el despegue del avi\u00f3n. La velocidad de crecimiento del multiplicador depende de la duraci\u00f3n del vuelo.<\/li>\n<li>Cuando retiras tu apuesta, se multiplica por el multiplicador actual, lo que resulta en tu ganancia final. Por ejemplo, si apuestas un d\u00f3lar con un multiplicador actual de tres, tus ganancias ser\u00e1n de tres d\u00f3lares.<\/li>\n<li>El multiplicador se elige al azar, pero observando la historia de multiplicadores anteriores, puedes descubrir tendencias interesantes, e incluso anticipar la aparici\u00f3n del multiplicador x100.<\/li>\n<\/ul>\n<h2>C\u00f3mo empezar a jugar a Aviator<\/h2>\n<p>Incluso si eres un principiante, comenzar a jugar es muy sencillo:<\/p>\n<ol>\n<li>Realiza una apuesta seleccionando la cantidad que deseas apostar.<\/li>\n<li>Ten en cuenta que tienes la opci\u00f3n de realizar varias apuestas simult\u00e1neamente. En la interfaz del juego, ver\u00e1s un campo de apuestas y un s\u00edmbolo \u00ab+\u00bb para agregar un segundo campo para apuestas adicionales.<\/li>\n<li>Para reclamar tus ganancias, simplemente presiona el bot\u00f3n \u00abRetirar\u00bb durante una ronda.<\/li>\n<li>No olvides hacer clic en el bot\u00f3n \u00abSalir\u00bb antes de que el avi\u00f3n despegue para evitar perder tu apuesta.<\/li>\n<\/ol>\n<h2>Razones de la popularidad de Aviator<\/h2>\n<p>\u00bfPor qu\u00e9 es tan popular <a href=\"https:\/\/aviator-games.casino\/es\/\">Aviator casino<\/a>? Este juego ha ganado una inmensa popularidad, convirti\u00e9ndose en un verdadero \u00e9xito en el mundo de los juegos de crash. Este t\u00e9rmino se refiere al momento en que el avi\u00f3n se estrella. Aviator se ha convertido en el l\u00edder absoluto en este g\u00e9nero, lo cual es bastante comprensible.<\/p>\n<p>Sum\u00e9rgete en el mundo de Aviator en l\u00ednea y si\u00e9ntete como un piloto intr\u00e9pido. Tu \u00e9xito depende de cu\u00e1n alto puedas elevar el avi\u00f3n rojo. La altura a la que lo eleves determinar\u00e1 tus ganancias, multiplicadas por el coeficiente correspondiente.<\/p>\n<p>El equilibrio es crucial aqu\u00ed: es esencial elegir el momento adecuado para retirar tu apuesta y detener el despegue en el momento adecuado. La clave es presionar \u00abRetirar\u00bb antes de que el avi\u00f3n vuele demasiado lejos.<\/p>\n<h2>Chat para jugadores de Aviator<\/h2>\n<p>La funci\u00f3n de chat en el juego Aviator te permite interactuar con otros jugadores, lo que hace que el juego sea a\u00fan m\u00e1s interesante. Los paneles de chat para la comunicaci\u00f3n se encuentran en la esquina superior derecha de la interfaz del juego (o en la esquina superior derecha de la interfaz m\u00f3vil despu\u00e9s de activar el chat). A trav\u00e9s de este chat, puedes intercambiar mensajes y compartir informaci\u00f3n sobre victorias significativas.<\/p>\n<p>Recuerda seguir las normas \u00e9ticas en el chat. Los insultos, la falta de respeto y el discurso de odio no est\u00e1n permitidos y pueden resultar en el bloqueo de tu cuenta por un moderador.<\/p>\n<h2>Descargar el juego Aviator<\/h2>\n<p>Para jugar a Aviator, debes descargar la aplicaci\u00f3n oficial del casino en l\u00ednea. Ten en cuenta que el juego solo est\u00e1 disponible en modo en l\u00ednea. No es posible descargar una versi\u00f3n para iPhone o iPad debido a las pol\u00edticas de Apple. En dispositivos Android, tampoco puedes descargar Aviator como una aplicaci\u00f3n independiente, pero puedes usar la aplicaci\u00f3n del casino en l\u00ednea para jugar. Los detalles est\u00e1n disponibles en la p\u00e1gina de tu casino.<\/p>\n<h2>Preguntas frecuentes sobre el juego Spribe Aviator<\/h2>\n<p>Preguntas frecuentes: respuestas a preguntas comunes sobre Aviator<\/p>\n<ul>\n<li><strong>\u00bfCu\u00e1nto dura una ronda en el juego Spribe Aviator?<\/strong><\/li>\n<\/ul>\n<p>La duraci\u00f3n de cada ronda en Aviator est\u00e1 determinada por el multiplicador que aparece. El tiempo m\u00ednimo de una ronda es con un multiplicador de 1.1. A medida que el multiplicador aumenta, aumentan las posibles ganancias. Por lo general, una ronda en Aviator dura de 8 a 30 segundos.<\/p>\n<ul>\n<li><strong>\u00bfCu\u00e1l es la apuesta m\u00ednima para jugar a Aviator?<\/strong><\/li>\n<\/ul>\n<p>La apuesta m\u00ednima en Aviator es de 10 centavos o 0.1 d\u00f3lar. Adem\u00e1s, si lo deseas, puedes realizar apuestas en incrementos de 10 centavos.<\/p>\n<ul>\n<li><strong>\u00bfCu\u00e1l puede ser la apuesta m\u00e1xima?<\/strong><\/li>\n<\/ul>\n<p>La apuesta m\u00e1xima en Aviator est\u00e1 limitada a 100 d\u00f3lares. Sin embargo, seg\u00fan las reglas, los jugadores pueden realizar m\u00faltiples apuestas simult\u00e1neamente.<\/p>\n<ul>\n<li><strong>\u00bfCu\u00e1l es el multiplicador m\u00e1s bajo en el juego Aviator?<\/strong><\/li>\n<\/ul>\n<p>El multiplicador m\u00e1s bajo en Aviator es 1. Este multiplicador rara vez aparece, aproximadamente una vez cada 50 rondas. Una ronda con un multiplicador de 1 suele terminar en p\u00e9rdida, ya que es casi imposible predecirlo.<\/p>\n<ul>\n<li><strong>\u00bfC\u00f3mo empezar a jugar Aviator?<\/strong><\/li>\n<\/ul>\n<p>Antes de comenzar a jugar, debes definir tus objetivos y presupuesto. Se recomienda comenzar con apuestas m\u00ednimas para extender tu experiencia a lo largo de muchas rondas. Si est\u00e1s jugando con dinero real, crea una estrategia, ya que las acciones aleatorias pueden no dar el resultado deseado.<\/p>\n<ul>\n<li><strong>\u00bfC\u00f3mo ganar en el juego Aviator?<\/strong><\/li>\n<\/ul>\n<p>Incluso los multiplicadores a partir de 1.2 se consideran ganadores en Aviator. Un ligero aumento en el saldo con un multiplicador de 1.2 puede activar multiplicadores posteriores como 1, 1.03, y as\u00ed sucesivamente, lo que puede llevar a una victoria. Las estrategias con multiplicadores de 1.2-2 se consideran conservadoras, mientras que los multiplicadores de 2-4 representan un riesgo medio, y los de 8 en adelante son de alto riesgo. Tambi\u00e9n es esencial considerar el tama\u00f1o de tu apuesta y tener un saldo suficiente para 200 apuestas.<\/p>\n<ul>\n<li><strong>\u00bfCu\u00e1l es el multiplicador m\u00e1ximo en el juego Aviator?<\/strong><\/li>\n<\/ul>\n<p>El multiplicador m\u00e1s alto en Aviator es 200. Sin embargo, dicho multiplicador aparece raramente, aproximadamente una vez cada 60-80 minutos.<\/p>\n<ul>\n<li><strong>\u00bfC\u00f3mo descargar el juego Aviator?<\/strong><\/li>\n<\/ul>\n<p>Dado que Aviator es un juego en l\u00ednea accesible a trav\u00e9s de casinos en l\u00ednea, no puedes descargarlo como una aplicaci\u00f3n independiente. Debes descargar la aplicaci\u00f3n del casino y jugar Aviator a trav\u00e9s de ella.<\/p>\n<ul>\n<li><strong>\u00bfC\u00f3mo predecir el resultado de una ronda en el juego Aviator?<\/strong><\/li>\n<\/ul>\n<p>Predecir con precisi\u00f3n el resultado de una ronda en Aviator es imposible. La estrategia correcta y la observaci\u00f3n cuidadosa de las tendencias pueden ayudar en la toma de decisiones, pero la predicci\u00f3n exacta no es posible.<\/p>\n<ul>\n<li><strong>\u00bfC\u00f3mo depositar y retirar ganancias en el juego Aviator?<\/strong><\/li>\n<\/ul>\n<p>Para hacer un dep\u00f3sito, reg\u00edstrate en el sitio web del casino y financia tu cuenta de juego. Para retirar tus ganancias, se requerir\u00e1 la verificaci\u00f3n de tu identidad.<\/p>\n<h2>D\u00f3nde jugar a Aviator y c\u00f3mo empezar<\/h2>\n<p>El juego Aviator est\u00e1 disponible en muchos casinos en l\u00ednea, pero es esencial elegir plataformas confiables y honestas. Se recomienda jugar solo en sitios web con licencia oficial de Aviator Spribe. Al seleccionar un casino adecuado para jugar a Aviator, sigue estos pasos:<\/p>\n<ol>\n<li>Consulta la secci\u00f3n de informaci\u00f3n legal para asegurarte de que el casino tenga una licencia. Lee las rese\u00f1as en l\u00ednea para conocer posibles problemas que otros jugadores hayan encontrado. Presta especial atenci\u00f3n a asuntos relacionados con los retiros.<\/li>\n<li>Despu\u00e9s de elegir el casino adecuado para jugar a Aviator, visita su sitio web y completa el formulario de registro. Por lo general, est\u00e1n disponibles los siguientes m\u00e9todos de registro:\n<ul>\n<li>Registro a trav\u00e9s de un n\u00famero de tel\u00e9fono m\u00f3vil.<\/li>\n<li>Registro a trav\u00e9s de correo electr\u00f3nico.<\/li>\n<li>Registro a trav\u00e9s de cuentas de redes sociales.<\/li>\n<\/ul>\n<p>Elige el m\u00e9todo m\u00e1s conveniente para ti. No olvides verificar tu cuenta para evitar problemas de acceso en el futuro. Es esencial recordar que, para prevenir el fraude, la administraci\u00f3n del casino puede requerir la verificaci\u00f3n de datos personales antes de permitir el retiro de las ganancias.<\/li>\n<li>Jugar a Aviator es m\u00e1s seguro en casinos en l\u00ednea oficiales.<\/li>\n<\/ol>\n<h2>Depositar y retirar en el juego Aviator<\/h2>\n<p>Para empezar a jugar a Aviator con dinero real, debes registrarte en el sitio web oficial de un casino en l\u00ednea que ofrezca el juego. Se recomienda financiar tu cuenta inmediatamente despu\u00e9s del registro, ya que muchos casinos ofrecen bonos de bienvenida para el primer dep\u00f3sito en la primera hora despu\u00e9s del registro.<\/p>\n<h3>El proceso de dep\u00f3sito de fondos en Aviator consta de tres sencillos pasos y solo lleva unos minutos:<\/h3>\n<ol>\n<li>Haz clic en el bot\u00f3n \u00abDepositar\u00bb, que generalmente se encuentra en la esquina superior derecha de la pantalla.<\/li>\n<li>Especifica la cantidad que deseas depositar y selecciona tu m\u00e9todo de pago.<\/li>\n<li>Confirma el pago.<\/li>\n<\/ol>\n<h3>A menudo, est\u00e1n disponibles los siguientes m\u00e9todos de dep\u00f3sito:<\/h3>\n<ul>\n<li>Billeteras electr\u00f3nicas.<\/li>\n<li>Criptomonedas.<\/li>\n<li>Tarjetas de cr\u00e9dito y d\u00e9bito, como Visa y MasterCard.<\/li>\n<\/ul>\n<p>\u00a1Buena suerte en el juego! \u00a1Comienza a jugar a Aviator de Spribe y apunta a la victoria!<\/p>\n","protected":false},"excerpt":{"rendered":"<p>Bienvenido al portal oficial de Aviator Games, donde te embarcar\u00e1s en un emocionante viaje al universo del juego Aviator, un emocionante juego de crash y uno de los juegos en l\u00ednea m\u00e1s populares de nuestra \u00e9poca. \u00bfQu\u00e9 es el juego Aviator? Aviator es una emocionante aventura disponible para todos los jugadores en un casino virtual. Los jugadores tienen la oportunidad de apostar en un multiplicador simbolizado por el avi\u00f3n rojo. Tus posibles ganancias est\u00e1n estrechamente&hellip; <\/p>\n","protected":false},"author":1,"featured_media":0,"parent":0,"menu_order":0,"comment_status":"closed","ping_status":"closed","template":"","meta":{"footnotes":""},"class_list":["post-11","page","type-page","status-publish","hentry"],"yoast_head":"<!-- This site is optimized with the Yoast SEO plugin v27.2 - https:\/\/yoast.com\/product\/yoast-seo-wordpress\/ -->\n<title>\u0427\u0442\u043e \u0442\u0430\u043a\u043e\u0435 \u0438\u0433\u0440\u0430 \u0410\u0432\u0438\u0430\u0442\u043e\u0440<\/title>\n<meta name=\"description\" content=\"Todo sobre el juego de choques Aviator. C\u00f3mo jugar y ganar en Aviator, estrategias de juego, descarga de la aplicaci\u00f3n, trucos, opiniones y comentarios de jugadores reales, realiza tus apuestas\" \/>\n<meta name=\"robots\" content=\"index, follow, max-snippet:-1, max-image-preview:large, max-video-preview:-1\" \/>\n<link rel=\"canonical\" href=\"https:\/\/trafficaviator.com\/es\/\" \/>\n<meta property=\"og:locale\" content=\"es_ES\" \/>\n<meta property=\"og:locale:alternate\" content=\"ru_RU\" \/>\n<meta property=\"og:locale:alternate\" content=\"en_US\" \/>\n<meta property=\"og:locale:alternate\" content=\"pt_PT\" \/>\n<meta property=\"og:locale:alternate\" content=\"fr_FR\" \/>\n<meta property=\"og:locale:alternate\" content=\"de_DE\" \/>\n<meta property=\"og:locale:alternate\" content=\"ro_RO\" \/>\n<meta property=\"og:locale:alternate\" content=\"sr_RS\" \/>\n<meta property=\"og:locale:alternate\" content=\"bg_BG\" \/>\n<meta property=\"og:locale:alternate\" content=\"pl_PL\" \/>\n<meta property=\"og:type\" content=\"article\" \/>\n<meta property=\"og:title\" content=\"\u0427\u0442\u043e \u0442\u0430\u043a\u043e\u0435 \u0438\u0433\u0440\u0430 \u0410\u0432\u0438\u0430\u0442\u043e\u0440\" \/>\n<meta property=\"og:description\" content=\"\u0427\u0442\u043e \u0442\u0430\u043a\u043e\u0435 \u0438\u0433\u0440\u0430 \u0410\u0432\u0438\u0430\u0442\u043e\u0440\" \/>\n<meta property=\"og:url\" content=\"https:\/\/trafficaviator.com\/es\/\" \/>\n<meta property=\"og:site_name\" content=\"Aviator Game\" \/>\n<meta property=\"article:modified_time\" content=\"2024-04-22T13:52:15+00:00\" \/>\n<meta property=\"og:image\" content=\"https:\/\/trafficaviator.com\/wp-content\/uploads\/2023\/08\/aviatorlogo-300x105.webp\" \/>\n<meta name=\"twitter:card\" content=\"summary_large_image\" \/>\n<meta name=\"twitter:label1\" content=\"Tiempo de lectura\" \/>\n\t<meta name=\"twitter:data1\" content=\"6 minutos\" \/>\n<script type=\"application\/ld+json\" class=\"yoast-schema-graph\">{\"@context\":\"https:\/\/schema.org\",\"@graph\":[{\"@type\":\"WebPage\",\"@id\":\"https:\/\/trafficaviator.com\/ru\/\",\"url\":\"https:\/\/trafficaviator.com\/ru\/\",\"name\":\"\u0427\u0442\u043e \u0442\u0430\u043a\u043e\u0435 \u0438\u0433\u0440\u0430 \u0410\u0432\u0438\u0430\u0442\u043e\u0440\",\"isPartOf\":{\"@id\":\"https:\/\/trafficaviator.com\/#website\"},\"primaryImageOfPage\":{\"@id\":\"https:\/\/trafficaviator.com\/ru\/#primaryimage\"},\"image\":{\"@id\":\"https:\/\/trafficaviator.com\/ru\/#primaryimage\"},\"thumbnailUrl\":\"https:\/\/trafficaviator.com\/wp-content\/uploads\/2023\/08\/aviatorlogo-300x105.webp\",\"datePublished\":\"2023-08-22T13:08:48+00:00\",\"dateModified\":\"2024-04-22T13:52:15+00:00\",\"description\":\"\u0427\u0442\u043e \u0442\u0430\u043a\u043e\u0435 \u0438\u0433\u0440\u0430 \u0410\u0432\u0438\u0430\u0442\u043e\u0440\",\"breadcrumb\":{\"@id\":\"https:\/\/trafficaviator.com\/ru\/#breadcrumb\"},\"inLanguage\":\"es-ES\",\"potentialAction\":[{\"@type\":\"ReadAction\",\"target\":[\"https:\/\/trafficaviator.com\/ru\/\"]}]},{\"@type\":\"ImageObject\",\"inLanguage\":\"es-ES\",\"@id\":\"https:\/\/trafficaviator.com\/ru\/#primaryimage\",\"url\":\"https:\/\/trafficaviator.com\/wp-content\/uploads\/2023\/08\/aviatorlogo-300x105.webp\",\"contentUrl\":\"https:\/\/trafficaviator.com\/wp-content\/uploads\/2023\/08\/aviatorlogo-300x105.webp\"},{\"@type\":\"BreadcrumbList\",\"@id\":\"https:\/\/trafficaviator.com\/ru\/#breadcrumb\",\"itemListElement\":[{\"@type\":\"ListItem\",\"position\":1,\"name\":\"Home\",\"item\":\"https:\/\/trafficaviator.com\/ru\/\"},{\"@type\":\"ListItem\",\"position\":2,\"name\":\"\u0413\u043b\u0430\u0432\u043d\u0430\u044f\"}]},{\"@type\":\"WebSite\",\"@id\":\"https:\/\/trafficaviator.com\/#website\",\"url\":\"https:\/\/trafficaviator.com\/\",\"name\":\"Aviator Game\",\"description\":\"\",\"potentialAction\":[{\"@type\":\"SearchAction\",\"target\":{\"@type\":\"EntryPoint\",\"urlTemplate\":\"https:\/\/trafficaviator.com\/?s={search_term_string}\"},\"query-input\":{\"@type\":\"PropertyValueSpecification\",\"valueRequired\":true,\"valueName\":\"search_term_string\"}}],\"inLanguage\":\"es-ES\"}]}<\/script>\n<!-- \/ Yoast SEO plugin. -->","yoast_head_json":{"title":"\u0427\u0442\u043e \u0442\u0430\u043a\u043e\u0435 \u0438\u0433\u0440\u0430 \u0410\u0432\u0438\u0430\u0442\u043e\u0440","description":"Todo sobre el juego de choques Aviator. C\u00f3mo jugar y ganar en Aviator, estrategias de juego, descarga de la aplicaci\u00f3n, trucos, opiniones y comentarios de jugadores reales, realiza tus apuestas","robots":{"index":"index","follow":"follow","max-snippet":"max-snippet:-1","max-image-preview":"max-image-preview:large","max-video-preview":"max-video-preview:-1"},"canonical":"https:\/\/trafficaviator.com\/es\/","og_locale":"es_ES","og_type":"article","og_title":"[:ru]\u0427\u0442\u043e \u0442\u0430\u043a\u043e\u0435 \u0438\u0433\u0440\u0430 \u0410\u0432\u0438\u0430\u0442\u043e\u0440[:en]What is the Aviator game[:]","og_description":"\u0427\u0442\u043e \u0442\u0430\u043a\u043e\u0435 \u0438\u0433\u0440\u0430 \u0410\u0432\u0438\u0430\u0442\u043e\u0440","og_url":"https:\/\/trafficaviator.com\/es\/","og_site_name":"Aviator Game","article_modified_time":"2024-04-22T13:52:15+00:00","og_image":[{"url":"https:\/\/trafficaviator.com\/wp-content\/uploads\/2023\/08\/aviatorlogo-300x105.webp","type":"","width":"","height":""}],"twitter_card":"summary_large_image","twitter_misc":{"Tiempo de lectura":"6 minutos"},"schema":{"@context":"https:\/\/schema.org","@graph":[{"@type":"WebPage","@id":"https:\/\/trafficaviator.com\/ru\/","url":"https:\/\/trafficaviator.com\/ru\/","name":"\u0427\u0442\u043e \u0442\u0430\u043a\u043e\u0435 \u0438\u0433\u0440\u0430 \u0410\u0432\u0438\u0430\u0442\u043e\u0440","isPartOf":{"@id":"https:\/\/trafficaviator.com\/#website"},"primaryImageOfPage":{"@id":"https:\/\/trafficaviator.com\/ru\/#primaryimage"},"image":{"@id":"https:\/\/trafficaviator.com\/ru\/#primaryimage"},"thumbnailUrl":"https:\/\/trafficaviator.com\/wp-content\/uploads\/2023\/08\/aviatorlogo-300x105.webp","datePublished":"2023-08-22T13:08:48+00:00","dateModified":"2024-04-22T13:52:15+00:00","description":"\u0427\u0442\u043e \u0442\u0430\u043a\u043e\u0435 \u0438\u0433\u0440\u0430 \u0410\u0432\u0438\u0430\u0442\u043e\u0440","breadcrumb":{"@id":"https:\/\/trafficaviator.com\/ru\/#breadcrumb"},"inLanguage":"es-ES","potentialAction":[{"@type":"ReadAction","target":["https:\/\/trafficaviator.com\/ru\/"]}]},{"@type":"ImageObject","inLanguage":"es-ES","@id":"https:\/\/trafficaviator.com\/ru\/#primaryimage","url":"https:\/\/trafficaviator.com\/wp-content\/uploads\/2023\/08\/aviatorlogo-300x105.webp","contentUrl":"https:\/\/trafficaviator.com\/wp-content\/uploads\/2023\/08\/aviatorlogo-300x105.webp"},{"@type":"BreadcrumbList","@id":"https:\/\/trafficaviator.com\/ru\/#breadcrumb","itemListElement":[{"@type":"ListItem","position":1,"name":"Home","item":"https:\/\/trafficaviator.com\/ru\/"},{"@type":"ListItem","position":2,"name":"\u0413\u043b\u0430\u0432\u043d\u0430\u044f"}]},{"@type":"WebSite","@id":"https:\/\/trafficaviator.com\/#website","url":"https:\/\/trafficaviator.com\/","name":"Aviator Game","description":"","potentialAction":[{"@type":"SearchAction","target":{"@type":"EntryPoint","urlTemplate":"https:\/\/trafficaviator.com\/?s={search_term_string}"},"query-input":{"@type":"PropertyValueSpecification","valueRequired":true,"valueName":"search_term_string"}}],"inLanguage":"es-ES"}]}},"_links":{"self":[{"href":"https:\/\/trafficaviator.com\/es\/wp-json\/wp\/v2\/pages\/11","targetHints":{"allow":["GET"]}}],"collection":[{"href":"https:\/\/trafficaviator.com\/es\/wp-json\/wp\/v2\/pages"}],"about":[{"href":"https:\/\/trafficaviator.com\/es\/wp-json\/wp\/v2\/types\/page"}],"author":[{"embeddable":true,"href":"https:\/\/trafficaviator.com\/es\/wp-json\/wp\/v2\/users\/1"}],"replies":[{"embeddable":true,"href":"https:\/\/trafficaviator.com\/es\/wp-json\/wp\/v2\/comments?post=11"}],"version-history":[{"count":53,"href":"https:\/\/trafficaviator.com\/es\/wp-json\/wp\/v2\/pages\/11\/revisions"}],"predecessor-version":[{"id":177,"href":"https:\/\/trafficaviator.com\/es\/wp-json\/wp\/v2\/pages\/11\/revisions\/177"}],"wp:attachment":[{"href":"https:\/\/trafficaviator.com\/es\/wp-json\/wp\/v2\/media?parent=11"}],"curies":[{"name":"wp","href":"https:\/\/api.w.org\/{rel}","templated":true}]}}