{"id":13,"date":"2023-08-22T13:14:13","date_gmt":"2023-08-22T13:14:13","guid":{"rendered":"https:\/\/trafficaviator.com\/?page_id=13"},"modified":"2024-04-22T13:52:44","modified_gmt":"2024-04-22T13:52:44","slug":"strategies-aviator","status":"publish","type":"page","link":"https:\/\/trafficaviator.com\/es\/strategies-aviator\/","title":{"rendered":"Estrategias para un Juego Exitoso en Aviator"},"content":{"rendered":"<p>Nuestras estrategias recomendadas son bastante diferentes de las estrategias tradicionales, ya que el \u00e9xito o el fracaso dependen por completo de su ambici\u00f3n y paciencia.<\/p>\n<p>Por lo tanto, el primer paso para ganar es determinar el tama\u00f1o y el tipo de apuestas. Es de conocimiento com\u00fan que la <a href=\"https:\/\/playgame.casino\/es\/crash-games\/aviator-crash-game\">apuesta m\u00ednima en Aviator<\/a> es de 5 rublos y el n\u00famero m\u00e1ximo de apuestas simult\u00e1neas es de dos. Primero, veamos estrategias tanto para apuestas simples como dobles.<\/p>\n<h2>Estrategia para Jugar Aviator con una Apuesta Simple<\/h2>\n<p>Esta opci\u00f3n es ideal para principiantes. Una ronda del juego corresponde a una apuesta, lo que le permite centrarse y controlar el proceso de ganancias en Aviator. En primer lugar, determine su presupuesto. Esto determinar\u00e1 el tama\u00f1o de su apuesta. Nuestra regla recomendada es que su presupuesto debe permitir 200 apuestas (al menos 100). Recomendamos jugar con un multiplicador de 5 rublos por apuesta si tiene 500 rublos. Con 100 d\u00f3lares, puede realizar apuestas que van desde 0.5 hasta 1 d\u00f3lar estadounidense.<\/p>\n<p>Despu\u00e9s de determinar el tama\u00f1o de la <a href=\"https:\/\/69pinup.com\/es\/pin-up-games\/aviator\">apuesta en Aviator<\/a>, elija una estrategia. Hay tres estrategias principales que categorizaremos.<\/p>\n<ul>\n<li><strong>Estrategia de Bajo Riesgo en Aviator con Dinero Real<\/strong><\/li>\n<\/ul>\n<p>Este enfoque no promete un \u00e9xito r\u00e1pido, pero le permite sentirse seguro y evitar grandes p\u00e9rdidas. Se basa en multiplicadores bajos, y su retiro debe estar alrededor de x1.20-x1.21 en cada ronda. Tambi\u00e9n puede usar el retiro autom\u00e1tico y las apuestas autom\u00e1ticas. Esto reducir\u00e1 la cantidad de rondas infructuosas y aumentar\u00e1 gradualmente su saldo. Cuando su saldo crezca, puede realizar apuestas m\u00e1s grandes, aumentando sus ganancias en Aviator.<\/p>\n<ul>\n<li><strong>Estrategia de Riesgo Moderado en Aviator con Dinero Real<\/strong><\/li>\n<\/ul>\n<p>Esta t\u00e1ctica se recomienda para jugadores con un presupuesto m\u00e1s grande en Aviator. Utilizamos multiplicadores de x2-x3 en esta estrategia. La probabilidad de una ronda exitosa con multiplicadores de 2-3 es del 40-42%. En caso de incertidumbre prolongada o multiplicadores altos, puede correr el riesgo y realizar apuestas m\u00e1s altas. Si tiene suerte, se mantendr\u00e1 en positivo y aumentar\u00e1 su dep\u00f3sito.<\/p>\n<ul>\n<li><strong>Estrategia Seria para Ganancias R\u00e1pidas en el Juego Aviator<\/strong><\/li>\n<\/ul>\n<p>\u00a1Esta es una t\u00e1ctica para jugadores verdaderamente afortunados! En promedio, los multiplicadores por encima de 100 aparecen una vez cada hora y media. Recomendamos estar atento a los resultados y, cuando aparezca un multiplicador alto, comenzar a apostar activamente. \u00a1Buena suerte!<\/p>\n<h2>Estrategia para Jugar Aviator con Dos Apuestas Simult\u00e1neas<\/h2>\n<p>A pesar de algunas similitudes con las apuestas simples, se requiere m\u00e1s atenci\u00f3n aqu\u00ed. Se trata de encontrar el equilibrio perfecto entre riesgo y recompensa. Se recomienda utilizar apuestas autom\u00e1ticas y retiro autom\u00e1tico con un multiplicador de x1.2 para la primera apuesta. Para la segunda apuesta, es adecuada la estrategia de riesgo moderado descrita anteriormente.<\/p>\n<p>Recomendamos realizar una apuesta con un multiplicador de x40 y la otra con un multiplicador de x100. Esto le ayudar\u00e1 a evitar agotar r\u00e1pidamente su saldo y esperar los mejores multiplicadores.<\/p>\n<p>Al final, ninguna de las estrategias enumeradas garantiza el \u00e9xito. Siempre puede experimentar, idear nuevos enfoques y ganar. Comparta sus resultados en la secci\u00f3n de rese\u00f1as en nuestro sitio web si logra desarrollar una estrategia efectiva para jugar Aviator en un sitio de casino en l\u00ednea.<\/p>\n<p>Recuerde que la victoria es posible si juega Aviator.<\/p>\n","protected":false},"excerpt":{"rendered":"<p>Nuestras estrategias recomendadas son bastante diferentes de las estrategias tradicionales, ya que el \u00e9xito o el fracaso dependen por completo de su ambici\u00f3n y paciencia. Por lo tanto, el primer paso para ganar es determinar el tama\u00f1o y el tipo de apuestas. Es de conocimiento com\u00fan que la apuesta m\u00ednima en Aviator es de 5 rublos y el n\u00famero m\u00e1ximo de apuestas simult\u00e1neas es de dos. Primero, veamos estrategias tanto para apuestas simples como dobles.&hellip; <\/p>\n","protected":false},"author":1,"featured_media":0,"parent":0,"menu_order":0,"comment_status":"closed","ping_status":"closed","template":"","meta":{"footnotes":""},"class_list":["post-13","page","type-page","status-publish","hentry"],"yoast_head":"<!-- This site is optimized with the Yoast SEO plugin v27.2 - https:\/\/yoast.com\/product\/yoast-seo-wordpress\/ -->\n<title>Estrategias para un Juego Exitoso en Aviator<\/title>\n<meta name=\"description\" content=\"Estrategias y t\u00e1cticas para jugar el juego de colisi\u00f3n Aviator. C\u00f3mo jugar y ganar en Aviator en este momento. Gana dinero real en Aviator para jugadores de todo el mundo\" \/>\n<meta name=\"robots\" content=\"index, follow, max-snippet:-1, max-image-preview:large, max-video-preview:-1\" \/>\n<link rel=\"canonical\" href=\"https:\/\/trafficaviator.com\/es\/strategies-aviator\/\" \/>\n<meta property=\"og:locale\" content=\"es_ES\" \/>\n<meta property=\"og:locale:alternate\" content=\"ru_RU\" \/>\n<meta property=\"og:locale:alternate\" content=\"en_US\" \/>\n<meta property=\"og:locale:alternate\" content=\"pt_PT\" \/>\n<meta property=\"og:locale:alternate\" content=\"fr_FR\" \/>\n<meta property=\"og:locale:alternate\" content=\"de_DE\" \/>\n<meta property=\"og:locale:alternate\" content=\"ro_RO\" \/>\n<meta property=\"og:locale:alternate\" content=\"sr_RS\" \/>\n<meta property=\"og:locale:alternate\" content=\"bg_BG\" \/>\n<meta property=\"og:locale:alternate\" content=\"pl_PL\" \/>\n<meta property=\"og:type\" content=\"article\" \/>\n<meta property=\"og:title\" content=\"Estrategias para un Juego Exitoso en Aviator\" \/>\n<meta property=\"og:description\" content=\"Nuestras estrategias recomendadas son bastante diferentes de las estrategias tradicionales, ya que el \u00e9xito o el fracaso dependen por completo de su ambici\u00f3n y paciencia. Por lo tanto, el primer paso para ganar es determinar el tama\u00f1o y el tipo de apuestas. Es de conocimiento com\u00fan que la apuesta m\u00ednima en Aviator es de 5 rublos y el n\u00famero m\u00e1ximo de apuestas simult\u00e1neas es de dos. Primero, veamos estrategias tanto para apuestas simples como dobles.&hellip;\" \/>\n<meta property=\"og:url\" content=\"https:\/\/trafficaviator.com\/es\/strategies-aviator\/\" \/>\n<meta property=\"og:site_name\" content=\"Aviator Game\" \/>\n<meta property=\"article:modified_time\" content=\"2024-04-22T13:52:44+00:00\" \/>\n<meta name=\"twitter:card\" content=\"summary_large_image\" \/>\n<meta name=\"twitter:label1\" content=\"Tiempo de lectura\" \/>\n\t<meta name=\"twitter:data1\" content=\"20 minutos\" \/>\n<script type=\"application\/ld+json\" class=\"yoast-schema-graph\">{\"@context\":\"https:\/\/schema.org\",\"@graph\":[{\"@type\":\"WebPage\",\"@id\":\"https:\/\/trafficaviator.com\/en\/strategies-aviator\/\",\"url\":\"https:\/\/trafficaviator.com\/en\/strategies-aviator\/\",\"name\":\"Estrategias para un Juego Exitoso en Aviator\",\"isPartOf\":{\"@id\":\"https:\/\/trafficaviator.com\/#website\"},\"datePublished\":\"2023-08-22T13:14:13+00:00\",\"dateModified\":\"2024-04-22T13:52:44+00:00\",\"breadcrumb\":{\"@id\":\"https:\/\/trafficaviator.com\/en\/strategies-aviator\/#breadcrumb\"},\"inLanguage\":\"es-ES\",\"potentialAction\":[{\"@type\":\"ReadAction\",\"target\":[\"https:\/\/trafficaviator.com\/en\/strategies-aviator\/\"]}]},{\"@type\":\"BreadcrumbList\",\"@id\":\"https:\/\/trafficaviator.com\/en\/strategies-aviator\/#breadcrumb\",\"itemListElement\":[{\"@type\":\"ListItem\",\"position\":1,\"name\":\"Home\",\"item\":\"https:\/\/trafficaviator.com\/ru\/\"},{\"@type\":\"ListItem\",\"position\":2,\"name\":\"Strategies for Successful Play in Aviator\"}]},{\"@type\":\"WebSite\",\"@id\":\"https:\/\/trafficaviator.com\/#website\",\"url\":\"https:\/\/trafficaviator.com\/\",\"name\":\"Aviator Game\",\"description\":\"\",\"potentialAction\":[{\"@type\":\"SearchAction\",\"target\":{\"@type\":\"EntryPoint\",\"urlTemplate\":\"https:\/\/trafficaviator.com\/?s={search_term_string}\"},\"query-input\":{\"@type\":\"PropertyValueSpecification\",\"valueRequired\":true,\"valueName\":\"search_term_string\"}}],\"inLanguage\":\"es-ES\"}]}<\/script>\n<!-- \/ Yoast SEO plugin. -->","yoast_head_json":{"title":"Estrategias para un Juego Exitoso en Aviator","description":"Estrategias y t\u00e1cticas para jugar el juego de colisi\u00f3n Aviator. C\u00f3mo jugar y ganar en Aviator en este momento. Gana dinero real en Aviator para jugadores de todo el mundo","robots":{"index":"index","follow":"follow","max-snippet":"max-snippet:-1","max-image-preview":"max-image-preview:large","max-video-preview":"max-video-preview:-1"},"canonical":"https:\/\/trafficaviator.com\/es\/strategies-aviator\/","og_locale":"es_ES","og_type":"article","og_title":"[:ru]\u0421\u0442\u0440\u0430\u0442\u0435\u0433\u0438\u0438 \u0443\u0441\u043f\u0435\u0448\u043d\u043e\u0439 \u0438\u0433\u0440\u044b \u0432 \u0410\u0432\u0438\u0430\u0442\u043e\u0440\u0435[:en]Strategies for Successful Play in Aviator[:pt]Estrat\u00e9gias para Jogar com Sucesso no Aviator[:es]Estrategias para un Juego Exitoso en Aviator[:fr]Strat\u00e9gies pour jouer avec succ\u00e8s \u00e0 Aviator[:de]Strategien f\u00fcr erfolgreiches Spielen in Aviator[:ro]Strategii pentru un joc de succes \u00een Aviator[:sr]\u0421\u0442\u0440\u0430\u0442\u0435\u0433\u0438\u0458\u0435 \u0437\u0430 \u0443\u0441\u043f\u0435\u0448\u043d\u0443 \u0438\u0433\u0440\u0443 \u0443 \u0410\u0432\u0438\u0458\u0430\u0442\u043e\u0440\u0443[:bg]\u0421\u0442\u0440\u0430\u0442\u0435\u0433\u0438\u0438 \u0437\u0430 \u0443\u0441\u043f\u0435\u0448\u043d\u0430 \u0438\u0433\u0440\u0430 \u0432 Aviator[:pl]Strategie skutecznej gry w Aviator[:] - Aviator Game","og_description":"Nuestras estrategias recomendadas son bastante diferentes de las estrategias tradicionales, ya que el \u00e9xito o el fracaso dependen por completo de su ambici\u00f3n y paciencia. Por lo tanto, el primer paso para ganar es determinar el tama\u00f1o y el tipo de apuestas. Es de conocimiento com\u00fan que la apuesta m\u00ednima en Aviator es de 5 rublos y el n\u00famero m\u00e1ximo de apuestas simult\u00e1neas es de dos. Primero, veamos estrategias tanto para apuestas simples como dobles.&hellip;","og_url":"https:\/\/trafficaviator.com\/es\/strategies-aviator\/","og_site_name":"Aviator Game","article_modified_time":"2024-04-22T13:52:44+00:00","twitter_card":"summary_large_image","twitter_misc":{"Tiempo de lectura":"20 minutos"},"schema":{"@context":"https:\/\/schema.org","@graph":[{"@type":"WebPage","@id":"https:\/\/trafficaviator.com\/en\/strategies-aviator\/","url":"https:\/\/trafficaviator.com\/en\/strategies-aviator\/","name":"Estrategias para un Juego Exitoso en Aviator","isPartOf":{"@id":"https:\/\/trafficaviator.com\/#website"},"datePublished":"2023-08-22T13:14:13+00:00","dateModified":"2024-04-22T13:52:44+00:00","breadcrumb":{"@id":"https:\/\/trafficaviator.com\/en\/strategies-aviator\/#breadcrumb"},"inLanguage":"es-ES","potentialAction":[{"@type":"ReadAction","target":["https:\/\/trafficaviator.com\/en\/strategies-aviator\/"]}]},{"@type":"BreadcrumbList","@id":"https:\/\/trafficaviator.com\/en\/strategies-aviator\/#breadcrumb","itemListElement":[{"@type":"ListItem","position":1,"name":"Home","item":"https:\/\/trafficaviator.com\/ru\/"},{"@type":"ListItem","position":2,"name":"Strategies for Successful Play in Aviator"}]},{"@type":"WebSite","@id":"https:\/\/trafficaviator.com\/#website","url":"https:\/\/trafficaviator.com\/","name":"Aviator Game","description":"","potentialAction":[{"@type":"SearchAction","target":{"@type":"EntryPoint","urlTemplate":"https:\/\/trafficaviator.com\/?s={search_term_string}"},"query-input":{"@type":"PropertyValueSpecification","valueRequired":true,"valueName":"search_term_string"}}],"inLanguage":"es-ES"}]}},"_links":{"self":[{"href":"https:\/\/trafficaviator.com\/es\/wp-json\/wp\/v2\/pages\/13","targetHints":{"allow":["GET"]}}],"collection":[{"href":"https:\/\/trafficaviator.com\/es\/wp-json\/wp\/v2\/pages"}],"about":[{"href":"https:\/\/trafficaviator.com\/es\/wp-json\/wp\/v2\/types\/page"}],"author":[{"embeddable":true,"href":"https:\/\/trafficaviator.com\/es\/wp-json\/wp\/v2\/users\/1"}],"replies":[{"embeddable":true,"href":"https:\/\/trafficaviator.com\/es\/wp-json\/wp\/v2\/comments?post=13"}],"version-history":[{"count":36,"href":"https:\/\/trafficaviator.com\/es\/wp-json\/wp\/v2\/pages\/13\/revisions"}],"predecessor-version":[{"id":181,"href":"https:\/\/trafficaviator.com\/es\/wp-json\/wp\/v2\/pages\/13\/revisions\/181"}],"wp:attachment":[{"href":"https:\/\/trafficaviator.com\/es\/wp-json\/wp\/v2\/media?parent=13"}],"curies":[{"name":"wp","href":"https:\/\/api.w.org\/{rel}","templated":true}]}}