{"id":9,"date":"2023-08-22T13:02:01","date_gmt":"2023-08-22T13:02:01","guid":{"rendered":"https:\/\/trafficaviator.com\/?page_id=9"},"modified":"2024-04-22T13:52:21","modified_gmt":"2024-04-22T13:52:21","slug":"about-us","status":"publish","type":"page","link":"https:\/\/trafficaviator.com\/es\/about-us\/","title":{"rendered":"Sobre nosotros"},"content":{"rendered":"<p>Bienvenido a nuestra p\u00e1gina Acerca de nosotros. Somos un equipo de entusiastas que te ofrece el emocionante mundo del juego Aviator. Nuestra misi\u00f3n es crear un espacio de juego \u00fanico y emocionante donde puedas disfrutar de la emoci\u00f3n y el entretenimiento junto con otros jugadores.<\/p>\n<h2>Nuestra Misi\u00f3n<\/h2>\n<p>Nuestra misi\u00f3n es crear una plataforma donde cada jugador pueda experimentar las emociones emocionantes y la diversi\u00f3n del juego Aviator. Nuestro objetivo es proporcionar una experiencia de juego de alta calidad donde cada ronda te brinde alegr\u00eda y cada multiplicador aumente tu adrenalina y ganancias.<\/p>\n<h2>Nuestros Principios<\/h2>\n<ol>\n<li><strong>Calidad y Fiabilidad:<\/strong> Nos esforzamos por proporcionar a los jugadores un entorno de juego confiable y de alta calidad donde puedan disfrutar del juego sin preocuparse por la seguridad de sus datos o fondos.<\/li>\n<li><strong>Emoci\u00f3n y Entretenimiento:<\/strong> Creemos que los juegos deben brindar no solo ganancias, sino tambi\u00e9n diversi\u00f3n. Creamos un ambiente de emoci\u00f3n y entretenimiento, asegurando que cada ronda deje una marca v\u00edvida en tus recuerdos.<\/li>\n<li><strong>Interacci\u00f3n Social:<\/strong> Entendemos que los juegos son a\u00fan m\u00e1s emocionantes cuando puedes compartir tu alegr\u00eda y victorias con otros jugadores. Promovemos la comunicaci\u00f3n y la interacci\u00f3n entre los participantes en nuestra plataforma.<\/li>\n<\/ol>\n<h2>Nuestro Equipo<\/h2>\n<p>Nuestro equipo est\u00e1 formado por desarrolladores, dise\u00f1adores y analistas experimentados que se dedican a crear una experiencia de juego \u00fanica. Desarrollamos cuidadosamente cada aspecto del juego Aviator para brindarte emociones y diversi\u00f3n m\u00e1ximas.<\/p>\n<h2>Cont\u00e1ctanos<\/h2>\n<p>Siempre estamos listos para escuchar a nuestros jugadores y mejorar nuestra plataforma. Si tienes alguna pregunta, sugerencia o comentario, no dudes en ponerte en contacto con nosotros. \u00a1Tu opini\u00f3n es crucial para nosotros!<\/p>\n<p>Gracias por elegir nuestra plataforma. \u00a1\u00danete al juego Aviator y sum\u00e9rgete en el mundo de la emoci\u00f3n y la diversi\u00f3n!<\/p>\n","protected":false},"excerpt":{"rendered":"<p>Bienvenido a nuestra p\u00e1gina Acerca de nosotros. Somos un equipo de entusiastas que te ofrece el emocionante mundo del juego Aviator. Nuestra misi\u00f3n es crear un espacio de juego \u00fanico y emocionante donde puedas disfrutar de la emoci\u00f3n y el entretenimiento junto con otros jugadores. Nuestra Misi\u00f3n Nuestra misi\u00f3n es crear una plataforma donde cada jugador pueda experimentar las emociones emocionantes y la diversi\u00f3n del juego Aviator. Nuestro objetivo es proporcionar una experiencia de juego&hellip; <\/p>\n","protected":false},"author":1,"featured_media":0,"parent":0,"menu_order":0,"comment_status":"closed","ping_status":"closed","template":"","meta":{"footnotes":""},"class_list":["post-9","page","type-page","status-publish","hentry"],"yoast_head":"<!-- This site is optimized with the Yoast SEO plugin v27.2 - https:\/\/yoast.com\/product\/yoast-seo-wordpress\/ -->\n<title>Sobre nosotros<\/title>\n<meta name=\"description\" content=\"Hemos creado un sitio web para los fan\u00e1ticos del juego Aviator. TrafficAviator.com proporciona toda la informaci\u00f3n necesaria sobre el juego de choques m\u00e1s popular de nuestra \u00e9poca, Aviator\" \/>\n<meta name=\"robots\" content=\"index, follow, max-snippet:-1, max-image-preview:large, max-video-preview:-1\" \/>\n<link rel=\"canonical\" href=\"https:\/\/trafficaviator.com\/es\/about-us\/\" \/>\n<meta property=\"og:locale\" content=\"es_ES\" \/>\n<meta property=\"og:locale:alternate\" content=\"ru_RU\" \/>\n<meta property=\"og:locale:alternate\" content=\"en_US\" \/>\n<meta property=\"og:locale:alternate\" content=\"pt_PT\" \/>\n<meta property=\"og:locale:alternate\" content=\"fr_FR\" \/>\n<meta property=\"og:locale:alternate\" content=\"de_DE\" \/>\n<meta property=\"og:locale:alternate\" content=\"ro_RO\" \/>\n<meta property=\"og:locale:alternate\" content=\"sr_RS\" \/>\n<meta property=\"og:locale:alternate\" content=\"bg_BG\" \/>\n<meta property=\"og:locale:alternate\" content=\"pl_PL\" \/>\n<meta property=\"og:type\" content=\"article\" \/>\n<meta property=\"og:title\" content=\"Sobre nosotros\" \/>\n<meta property=\"og:description\" content=\"Bienvenido a nuestra p\u00e1gina Acerca de nosotros. Somos un equipo de entusiastas que te ofrece el emocionante mundo del juego Aviator. Nuestra misi\u00f3n es crear un espacio de juego \u00fanico y emocionante donde puedas disfrutar de la emoci\u00f3n y el entretenimiento junto con otros jugadores. Nuestra Misi\u00f3n Nuestra misi\u00f3n es crear una plataforma donde cada jugador pueda experimentar las emociones emocionantes y la diversi\u00f3n del juego Aviator. Nuestro objetivo es proporcionar una experiencia de juego&hellip;\" \/>\n<meta property=\"og:url\" content=\"https:\/\/trafficaviator.com\/es\/about-us\/\" \/>\n<meta property=\"og:site_name\" content=\"Aviator Game\" \/>\n<meta property=\"article:modified_time\" content=\"2024-04-22T13:52:21+00:00\" \/>\n<meta name=\"twitter:card\" content=\"summary_large_image\" \/>\n<meta name=\"twitter:label1\" content=\"Tiempo de lectura\" \/>\n\t<meta name=\"twitter:data1\" content=\"11 minutos\" \/>\n<script type=\"application\/ld+json\" class=\"yoast-schema-graph\">{\"@context\":\"https:\/\/schema.org\",\"@graph\":[{\"@type\":\"WebPage\",\"@id\":\"https:\/\/trafficaviator.com\/en\/about-us\/\",\"url\":\"https:\/\/trafficaviator.com\/en\/about-us\/\",\"name\":\"Sobre nosotros\",\"isPartOf\":{\"@id\":\"https:\/\/trafficaviator.com\/#website\"},\"datePublished\":\"2023-08-22T13:02:01+00:00\",\"dateModified\":\"2024-04-22T13:52:21+00:00\",\"breadcrumb\":{\"@id\":\"https:\/\/trafficaviator.com\/en\/about-us\/#breadcrumb\"},\"inLanguage\":\"es-ES\",\"potentialAction\":[{\"@type\":\"ReadAction\",\"target\":[\"https:\/\/trafficaviator.com\/en\/about-us\/\"]}]},{\"@type\":\"BreadcrumbList\",\"@id\":\"https:\/\/trafficaviator.com\/en\/about-us\/#breadcrumb\",\"itemListElement\":[{\"@type\":\"ListItem\",\"position\":1,\"name\":\"Home\",\"item\":\"https:\/\/trafficaviator.com\/ru\/\"},{\"@type\":\"ListItem\",\"position\":2,\"name\":\"About Us\"}]},{\"@type\":\"WebSite\",\"@id\":\"https:\/\/trafficaviator.com\/#website\",\"url\":\"https:\/\/trafficaviator.com\/\",\"name\":\"Aviator Game\",\"description\":\"\",\"potentialAction\":[{\"@type\":\"SearchAction\",\"target\":{\"@type\":\"EntryPoint\",\"urlTemplate\":\"https:\/\/trafficaviator.com\/?s={search_term_string}\"},\"query-input\":{\"@type\":\"PropertyValueSpecification\",\"valueRequired\":true,\"valueName\":\"search_term_string\"}}],\"inLanguage\":\"es-ES\"}]}<\/script>\n<!-- \/ Yoast SEO plugin. -->","yoast_head_json":{"title":"Sobre nosotros","description":"Hemos creado un sitio web para los fan\u00e1ticos del juego Aviator. TrafficAviator.com proporciona toda la informaci\u00f3n necesaria sobre el juego de choques m\u00e1s popular de nuestra \u00e9poca, Aviator","robots":{"index":"index","follow":"follow","max-snippet":"max-snippet:-1","max-image-preview":"max-image-preview:large","max-video-preview":"max-video-preview:-1"},"canonical":"https:\/\/trafficaviator.com\/es\/about-us\/","og_locale":"es_ES","og_type":"article","og_title":"[:ru]\u041e \u043d\u0430\u0441[:en]About Us[:pt]Sobre n\u00f3s[:es]Sobre nosotros[:fr]\u00c0 propos de nous[:de]\u00dcber uns[:ro]Despre Noi[:sr]\u041e \u043d\u0430\u043c\u0430[:bg]\u0417\u0430 \u043d\u0430\u0441[:pl]O nas[:] - Aviator Game","og_description":"Bienvenido a nuestra p\u00e1gina Acerca de nosotros. Somos un equipo de entusiastas que te ofrece el emocionante mundo del juego Aviator. Nuestra misi\u00f3n es crear un espacio de juego \u00fanico y emocionante donde puedas disfrutar de la emoci\u00f3n y el entretenimiento junto con otros jugadores. Nuestra Misi\u00f3n Nuestra misi\u00f3n es crear una plataforma donde cada jugador pueda experimentar las emociones emocionantes y la diversi\u00f3n del juego Aviator. Nuestro objetivo es proporcionar una experiencia de juego&hellip;","og_url":"https:\/\/trafficaviator.com\/es\/about-us\/","og_site_name":"Aviator Game","article_modified_time":"2024-04-22T13:52:21+00:00","twitter_card":"summary_large_image","twitter_misc":{"Tiempo de lectura":"11 minutos"},"schema":{"@context":"https:\/\/schema.org","@graph":[{"@type":"WebPage","@id":"https:\/\/trafficaviator.com\/en\/about-us\/","url":"https:\/\/trafficaviator.com\/en\/about-us\/","name":"Sobre nosotros","isPartOf":{"@id":"https:\/\/trafficaviator.com\/#website"},"datePublished":"2023-08-22T13:02:01+00:00","dateModified":"2024-04-22T13:52:21+00:00","breadcrumb":{"@id":"https:\/\/trafficaviator.com\/en\/about-us\/#breadcrumb"},"inLanguage":"es-ES","potentialAction":[{"@type":"ReadAction","target":["https:\/\/trafficaviator.com\/en\/about-us\/"]}]},{"@type":"BreadcrumbList","@id":"https:\/\/trafficaviator.com\/en\/about-us\/#breadcrumb","itemListElement":[{"@type":"ListItem","position":1,"name":"Home","item":"https:\/\/trafficaviator.com\/ru\/"},{"@type":"ListItem","position":2,"name":"About Us"}]},{"@type":"WebSite","@id":"https:\/\/trafficaviator.com\/#website","url":"https:\/\/trafficaviator.com\/","name":"Aviator Game","description":"","potentialAction":[{"@type":"SearchAction","target":{"@type":"EntryPoint","urlTemplate":"https:\/\/trafficaviator.com\/?s={search_term_string}"},"query-input":{"@type":"PropertyValueSpecification","valueRequired":true,"valueName":"search_term_string"}}],"inLanguage":"es-ES"}]}},"_links":{"self":[{"href":"https:\/\/trafficaviator.com\/es\/wp-json\/wp\/v2\/pages\/9","targetHints":{"allow":["GET"]}}],"collection":[{"href":"https:\/\/trafficaviator.com\/es\/wp-json\/wp\/v2\/pages"}],"about":[{"href":"https:\/\/trafficaviator.com\/es\/wp-json\/wp\/v2\/types\/page"}],"author":[{"embeddable":true,"href":"https:\/\/trafficaviator.com\/es\/wp-json\/wp\/v2\/users\/1"}],"replies":[{"embeddable":true,"href":"https:\/\/trafficaviator.com\/es\/wp-json\/wp\/v2\/comments?post=9"}],"version-history":[{"count":15,"href":"https:\/\/trafficaviator.com\/es\/wp-json\/wp\/v2\/pages\/9\/revisions"}],"predecessor-version":[{"id":178,"href":"https:\/\/trafficaviator.com\/es\/wp-json\/wp\/v2\/pages\/9\/revisions\/178"}],"wp:attachment":[{"href":"https:\/\/trafficaviator.com\/es\/wp-json\/wp\/v2\/media?parent=9"}],"curies":[{"name":"wp","href":"https:\/\/api.w.org\/{rel}","templated":true}]}}