{"id":11,"date":"2023-08-22T13:08:48","date_gmt":"2023-08-22T13:08:48","guid":{"rendered":"https:\/\/trafficaviator.com\/?page_id=11"},"modified":"2024-04-22T13:52:15","modified_gmt":"2024-04-22T13:52:15","slug":"home","status":"publish","type":"page","link":"https:\/\/trafficaviator.com\/fr\/","title":{"rendered":"Page d&rsquo;accueil"},"content":{"rendered":"<p><img loading=\"lazy\" decoding=\"async\" class=\"alignnone size-medium wp-image-41 aligncenter\" src=\"https:\/\/trafficaviator.com\/wp-content\/uploads\/2023\/08\/aviatorlogo-300x105.webp\" alt=\"\" width=\"300\" height=\"105\" srcset=\"https:\/\/trafficaviator.com\/wp-content\/uploads\/2023\/08\/aviatorlogo-300x105.webp 300w, https:\/\/trafficaviator.com\/wp-content\/uploads\/2023\/08\/aviatorlogo.webp 456w\" sizes=\"auto, (max-width: 300px) 100vw, 300px\" \/><\/p>\n<p>Bienvenue sur le <a href=\"https:\/\/aviator-games.com\/fr\/\">portail officiel des jeux Aviator<\/a>, o\u00f9 vous vous embarquerez pour un voyage palpitant dans l&rsquo;univers du jeu Aviator &#8211; un jeu de crash passionnant et l&rsquo;un des jeux en ligne les plus populaires de notre \u00e9poque.<\/p>\n<h2>Qu&rsquo;est-ce que le jeu Aviator ?<\/h2>\n<p>Aviator est une aventure palpitante disponible pour tous les joueurs dans un casino virtuel. Les joueurs ont l&rsquo;opportunit\u00e9 de parier sur un multiplicateur symbolis\u00e9 par l&rsquo;avion rouge. Vos gains potentiels sont \u00e9troitement li\u00e9s \u00e0 ce multiplicateur, qui augmente \u00e0 mesure que l&rsquo;avion monte.<\/p>\n<p>Le jeu Aviator est r\u00e9put\u00e9 pour son sc\u00e9nario unique de jeu de crash, qui se classe en t\u00eate de sa cat\u00e9gorie. L&rsquo;exp\u00e9rience de jeu Aviator promet une mont\u00e9e d&rsquo;adr\u00e9naline incroyable et un contr\u00f4le total sur le r\u00e9sultat, vous donnant la possibilit\u00e9 d&rsquo;encaisser vos gains \u00e0 tout moment. Il n&rsquo;est donc pas surprenant que ce jeu soit devenu l&rsquo;une des stars incontournables dans le monde du divertissement li\u00e9 aux jeux de hasard.<\/p>\n<p>Vous avez la chance de tester votre chance et de multiplier votre mise en quelques minutes avec Aviator. Investissez simplement un dollar, et peut-\u00eatre que la fortune vous sourira, vous apportant une centaine de dollars gr\u00e2ce au multiplicateur x100. Cependant, il est bon de se rappeler qu&rsquo;attendre un multiplicateur aussi \u00e9lev\u00e9 peut n\u00e9cessiter de la patience pour les joueurs nerveux.<\/p>\n<p>N&rsquo;oubliez pas : si vous ne retirez pas votre mise avant le d\u00e9collage de l&rsquo;avion rouge, votre mise br\u00fblera et vous resterez sans gain. Aviator est un jeu o\u00f9 l&rsquo;excitation, le risque et l&rsquo;euphorie de la victoire s&rsquo;entrem\u00ealent pour cr\u00e9er une exp\u00e9rience unique !<\/p>\n<p>Avec le temps, <a href=\"https:\/\/aviator-slotgame.com\/fr\/\">Aviator casino<\/a> a conquis le c\u0153ur de nombreux casinos en ligne, devenant le jeu le plus recherch\u00e9 par les joueurs jouant avec de l&rsquo;argent r\u00e9el en 2020, 2021, 2022 et 2023.<\/p>\n<h2>R\u00e8gles du Jeu Aviator<\/h2>\n<p>Les r\u00e8gles de base du jeu Aviator sont assez simples. Engagez-vous dans le jeu en suivant ces \u00e9tapes :<\/p>\n<ol>\n<li>Placez votre mise.<\/li>\n<li>Soyez attentif au d\u00e9collage et \u00e0 la croissance du multiplicateur, symbolis\u00e9 par le mouvement de l&rsquo;avion.<\/li>\n<li>Encaissez votre mise avant le d\u00e9collage pour r\u00e9clamer vos gains.<\/li>\n<\/ol>\n<p>N&rsquo;oubliez pas de tenir compte des d\u00e9tails suivants du jeu :<\/p>\n<ul>\n<li>Le multiplicateur commence son ascension \u00e0 x1, en synchronisation avec le d\u00e9collage de l&rsquo;avion. La vitesse de croissance du multiplicateur d\u00e9pend de la dur\u00e9e du vol.<\/li>\n<li>Lorsque vous encaissez votre mise, elle est multipli\u00e9e par le multiplicateur actuel, ce qui donne votre profit final. Par exemple, si vous pariez un dollar avec un multiplicateur actuel de trois, vos gains s&rsquo;\u00e9l\u00e8veront \u00e0 trois dollars.<\/li>\n<li>Le multiplicateur est s\u00e9lectionn\u00e9 de mani\u00e8re al\u00e9atoire, mais en gardant un \u0153il sur l&rsquo;historique des multiplicateurs pr\u00e9c\u00e9dents, vous pourriez d\u00e9couvrir des tendances int\u00e9ressantes, voire anticiper l&rsquo;apparition du multiplicateur x100.<\/li>\n<\/ul>\n<h2>Comment commencer \u00e0 jouer \u00e0 Aviator<\/h2>\n<p>M\u00eame si vous \u00eates d\u00e9butant, commencer \u00e0 jouer est tr\u00e8s simple :<\/p>\n<p>Placez une mise en s\u00e9lectionnant le montant que vous souhaitez parier. Notez que vous avez la possibilit\u00e9 de placer plusieurs paris simultan\u00e9ment. Dans l&rsquo;interface de jeu, vous verrez un champ de mise et un symbole \u00ab\u00a0+\u00a0\u00bb pour ajouter un second champ de mise pour des paris suppl\u00e9mentaires. Pour r\u00e9clamer vos gains, appuyez simplement sur le bouton \u00ab\u00a0Encaisser\u00a0\u00bb pendant une manche. N&rsquo;oubliez pas de cliquer sur le bouton \u00ab\u00a0Quitter\u00a0\u00bb avant que l&rsquo;avion ne d\u00e9colle pour \u00e9viter de perdre votre mise.<\/p>\n<h2>Raisons de la popularit\u00e9 d&rsquo;Aviator<\/h2>\n<p>Pourquoi Aviator est-il si populaire ? Ce jeu a connu une immense popularit\u00e9, devenant un v\u00e9ritable succ\u00e8s dans le monde des jeux de crash. Ce terme fait r\u00e9f\u00e9rence au moment o\u00f9 l&rsquo;avion s&rsquo;\u00e9crase. Aviator est devenu le leader incontest\u00e9 de ce genre, ce qui est assez compr\u00e9hensible.<\/p>\n<p>Plongez dans le monde d&rsquo;Aviator en ligne et sentez-vous comme un pilote intr\u00e9pide. Votre succ\u00e8s d\u00e9pend de la hauteur \u00e0 laquelle vous pouvez \u00e9lever l&rsquo;avion rouge. La hauteur \u00e0 laquelle vous le hissez d\u00e9terminera vos gains, multipli\u00e9s par le coefficient correspondant.<\/p>\n<p>L&rsquo;\u00e9quilibre est crucial ici : il est essentiel de choisir le bon moment pour encaisser votre mise et arr\u00eater le d\u00e9collage au bon moment. La cl\u00e9 est d&rsquo;appuyer sur \u00ab\u00a0Encaisser\u00a0\u00bb avant que l&rsquo;avion ne s&rsquo;envole trop loin.<\/p>\n<h2>Chat pour les joueurs d&rsquo;Aviator<\/h2>\n<p>La fonction de chat dans le jeu Aviator vous permet d&rsquo;interagir avec d&rsquo;autres joueurs, rendant le jeu encore plus int\u00e9ressant. Les panneaux de discussion sont situ\u00e9s dans le coin sup\u00e9rieur droit de l&rsquo;interface de jeu (ou dans le coin sup\u00e9rieur droit de l&rsquo;interface mobile apr\u00e8s activation du chat). Gr\u00e2ce \u00e0 ce chat, vous pouvez \u00e9changer des messages et partager des informations sur des gains importants.<\/p>\n<p>N&rsquo;oubliez pas d&rsquo;observer les normes \u00e9thiques dans le chat. Les insultes, le manque de respect et les discours haineux ne sont pas autoris\u00e9s et peuvent entra\u00eener le blocage de votre compte par un mod\u00e9rateur.<\/p>\n<h2>T\u00e9l\u00e9chargement du jeu Aviator<\/h2>\n<p>Pour jouer \u00e0 Aviator, vous devez t\u00e9l\u00e9charger l&rsquo;application officielle du casino en ligne. Gardez \u00e0 l&rsquo;esprit que le jeu n&rsquo;est disponible qu&rsquo;en mode en ligne. Il n&rsquo;est pas possible de t\u00e9l\u00e9charger une version pour iPhone ou iPad en raison des politiques d&rsquo;Apple. Sur les appareils Android, vous ne pouvez pas non plus t\u00e9l\u00e9charger Aviator en tant qu&rsquo;application autonome, mais vous pouvez utiliser l&rsquo;application du casino en ligne pour jouer. Les d\u00e9tails sont disponibles sur la page de votre casino.<\/p>\n<h3>Questions fr\u00e9quemment pos\u00e9es sur le jeu Spribe Aviator<\/h3>\n<p>FAQ : R\u00e9ponses aux questions courantes sur Aviator<\/p>\n<ul>\n<li><strong>Combien de temps dure une manche dans le jeu Spribe Aviator ?<\/strong><\/li>\n<\/ul>\n<p>La dur\u00e9e de chaque manche dans Aviator est d\u00e9termin\u00e9e par le multiplicateur qui appara\u00eet. Le temps minimum d&rsquo;une manche est avec un multiplicateur de 1,1. \u00c0 mesure que le multiplicateur augmente, les gains potentiels augmentent. En g\u00e9n\u00e9ral, une manche dans Aviator dure de 8 \u00e0 30 secondes.<\/p>\n<ul>\n<li><strong>Quelle est la mise minimale pour jouer \u00e0 Aviator ?<\/strong><\/li>\n<\/ul>\n<p>La mise minimale dans Aviator est de 10 centimes ou 0,1 dollar. De plus, si vous le souhaitez, vous pouvez placer des mises par incr\u00e9ments de 10 centimes.<\/p>\n<ul>\n<li><strong>Quelle peut \u00eatre la mise maximale ?<\/strong><\/li>\n<\/ul>\n<p>La mise maximale dans Aviator est limit\u00e9e \u00e0 100 dollars. Cependant, selon les r\u00e8gles, les joueurs peuvent placer plusieurs mises simultan\u00e9ment.<\/p>\n<ul>\n<li><strong>Quel est le multiplicateur le plus bas dans le jeu Aviator ?<\/strong><\/li>\n<\/ul>\n<p>Le multiplicateur le plus bas dans Aviator est de 1. Ce multiplicateur appara\u00eet rarement, environ une fois tous les 50 tours. Une manche avec un multiplicateur de 1 se termine g\u00e9n\u00e9ralement par une perte, car il est presque impossible de le pr\u00e9dire.<\/p>\n<ul>\n<li><strong>Comment commencer \u00e0 jouer \u00e0 Aviator ?<\/strong><\/li>\n<\/ul>\n<p>Avant de commencer \u00e0 jouer, d\u00e9terminez vos objectifs et votre budget. Il est recommand\u00e9 de commencer par de petites mises pour \u00e9tendre votre exp\u00e9rience sur de nombreux tours. Si vous jouez avec de l&rsquo;argent r\u00e9el, cr\u00e9ez une strat\u00e9gie, car des actions al\u00e9atoires peuvent ne pas conduire au r\u00e9sultat souhait\u00e9.<\/p>\n<ul>\n<li><strong>Comment gagner dans le jeu Aviator ?<\/strong><\/li>\n<\/ul>\n<p>M\u00eame les multiplicateurs \u00e0 partir de 1,2 sont consid\u00e9r\u00e9s comme gagnants dans Aviator. Une l\u00e9g\u00e8re augmentation de votre solde avec un multiplicateur de 1,2 peut activer des multiplicateurs ult\u00e9rieurs tels que 1, 1,03, et ainsi de suite, ce qui peut conduire \u00e0 une victoire. Les strat\u00e9gies avec des multiplicateurs de 1,2 \u00e0 2 sont consid\u00e9r\u00e9es comme conservatrices, tandis que les multiplicateurs de 2 \u00e0 4 repr\u00e9sentent un risque moyen, et 8 et plus sont un risque \u00e9lev\u00e9. Il est \u00e9galement essentiel de prendre en compte la taille de votre mise et de disposer d&rsquo;un solde suffisant pour 200 mises.<\/p>\n<ul>\n<li><strong>Quel est le multiplicateur maximum dans le jeu Aviator ?<\/strong><\/li>\n<\/ul>\n<p>Le multiplicateur le plus \u00e9lev\u00e9 dans Aviator est de 200. Cependant, un tel multiplicateur appara\u00eet rarement, environ une fois toutes les 60 \u00e0 80 minutes.<\/p>\n<ul>\n<li><strong>Comment t\u00e9l\u00e9charger le jeu Aviator ?<\/strong><\/li>\n<\/ul>\n<p>\u00c9tant donn\u00e9 qu&rsquo;Aviator est un jeu en ligne accessible via des casinos en ligne, vous ne pouvez pas le t\u00e9l\u00e9charger en tant qu&rsquo;application autonome. Vous devez t\u00e9l\u00e9charger l&rsquo;application du casino et jouer \u00e0 Aviator via celle-ci.<\/p>\n<ul>\n<li><strong>Comment pr\u00e9dire le r\u00e9sultat d&rsquo;une manche dans le jeu Aviator ?<\/strong><\/li>\n<\/ul>\n<p>Pr\u00e9dire pr\u00e9cis\u00e9ment le r\u00e9sultat d&rsquo;une manche dans Aviator est impossible. La bonne strat\u00e9gie et l&rsquo;observation attentive des tendances peuvent aider \u00e0 la prise de d\u00e9cision, mais une pr\u00e9diction exacte n&rsquo;est pas possible.<\/p>\n<ul>\n<li><strong>Comment d\u00e9poser et retirer des gains dans le jeu Aviator ?<\/strong><\/li>\n<\/ul>\n<p>Pour effectuer un d\u00e9p\u00f4t, inscrivez-vous sur le site du casino et alimentez votre compte de jeu. Pour retirer vos gains, une v\u00e9rification d&rsquo;identit\u00e9 sera n\u00e9cessaire.<\/p>\n<h2>O\u00f9 jouer \u00e0 Aviator et comment commencer<\/h2>\n<p>Le jeu Aviator est disponible dans de nombreux casinos en ligne, mais il est essentiel de choisir des plates-formes fiables et honn\u00eates. Il est recommand\u00e9 de jouer uniquement sur les sites officiels sous licence d&rsquo;Aviator Spribe. Lors du choix d&rsquo;un casino appropri\u00e9 pour jouer \u00e0 Aviator, suivez ces \u00e9tapes :<\/p>\n<ol>\n<li>Consultez la section des informations l\u00e9gales pour vous assurer que le casino d\u00e9tient une licence. Lisez les avis en ligne pour en savoir plus sur les probl\u00e8mes \u00e9ventuels rencontr\u00e9s par d&rsquo;autres joueurs. Pr\u00eatez une attention particuli\u00e8re aux questions li\u00e9es aux retraits.<\/li>\n<li>Apr\u00e8s avoir choisi le bon casino pour jouer \u00e0 Aviator, visitez son site web et remplissez le formulaire d&rsquo;inscription. Habituellement, les m\u00e9thodes d&rsquo;inscription suivantes sont disponibles :\n<ul>\n<li>Inscription via un num\u00e9ro de t\u00e9l\u00e9phone mobile<\/li>\n<li>Inscription par e-mail<\/li>\n<li>Inscription via des comptes de m\u00e9dias sociaux<\/li>\n<\/ul>\n<p>Choisissez la m\u00e9thode la plus pratique pour vous. N&rsquo;oubliez pas de v\u00e9rifier votre compte pour \u00e9viter les probl\u00e8mes d&rsquo;acc\u00e8s \u00e0 l&rsquo;avenir. Il est essentiel de se rappeler que, pour \u00e9viter la fraude, l&rsquo;administration du casino peut exiger la v\u00e9rification de donn\u00e9es personnelles avant de permettre le retrait des gains.<\/li>\n<li>Il est plus s\u00fbr de jouer \u00e0 Aviator sur des casinos en ligne officiels.<\/li>\n<\/ol>\n<h2>D\u00e9p\u00f4t et retrait dans le jeu Aviator<\/h2>\n<p>Pour commencer \u00e0 jouer \u00e0 Aviator avec de l&rsquo;argent r\u00e9el, vous devez vous inscrire sur le site officiel d&rsquo;un casino en ligne proposant le jeu. Il est recommand\u00e9 d&rsquo;alimenter votre compte imm\u00e9diatement apr\u00e8s l&rsquo;inscription, car de nombreux casinos offrent des bonus de bienvenue pour le premier d\u00e9p\u00f4t effectu\u00e9 dans la premi\u00e8re heure apr\u00e8s l&rsquo;inscription.<\/p>\n<p>Le processus de d\u00e9p\u00f4t de fonds dans Aviator se compose de trois \u00e9tapes simples et ne prend que quelques minutes :<\/p>\n<ol>\n<li>Cliquez sur le bouton \u00ab\u00a0D\u00e9p\u00f4t\u00a0\u00bb, g\u00e9n\u00e9ralement situ\u00e9 dans le coin sup\u00e9rieur droit de l&rsquo;\u00e9cran.<\/li>\n<li>Indiquez le montant que vous souhaitez d\u00e9poser et choisissez votre mode de paiement.<\/li>\n<li>Confirmez le paiement.<\/li>\n<\/ol>\n<p>Les m\u00e9thodes de d\u00e9p\u00f4t suivantes sont souvent disponibles :<\/p>\n<ul>\n<li>Portefeuilles \u00e9lectroniques<\/li>\n<li>Cryptomonnaies<\/li>\n<li>Cartes de cr\u00e9dit et de d\u00e9bit, telles que Visa et MasterCard<\/li>\n<\/ul>\n<p>Bonne chance dans le jeu ! Commencez \u00e0 jouer \u00e0 Aviator de Spribe et visez la victoire !<\/p>\n","protected":false},"excerpt":{"rendered":"<p>Bienvenue sur le portail officiel des jeux Aviator, o\u00f9 vous vous embarquerez pour un voyage palpitant dans l&rsquo;univers du jeu Aviator &#8211; un jeu de crash passionnant et l&rsquo;un des jeux en ligne les plus populaires de notre \u00e9poque. Qu&rsquo;est-ce que le jeu Aviator ? Aviator est une aventure palpitante disponible pour tous les joueurs dans un casino virtuel. Les joueurs ont l&rsquo;opportunit\u00e9 de parier sur un multiplicateur symbolis\u00e9 par l&rsquo;avion rouge. Vos gains potentiels&hellip; <\/p>\n","protected":false},"author":1,"featured_media":0,"parent":0,"menu_order":0,"comment_status":"closed","ping_status":"closed","template":"","meta":{"footnotes":""},"class_list":["post-11","page","type-page","status-publish","hentry"],"yoast_head":"<!-- This site is optimized with the Yoast SEO plugin v27.2 - https:\/\/yoast.com\/product\/yoast-seo-wordpress\/ -->\n<title>\u0427\u0442\u043e \u0442\u0430\u043a\u043e\u0435 \u0438\u0433\u0440\u0430 \u0410\u0432\u0438\u0430\u0442\u043e\u0440<\/title>\n<meta name=\"description\" content=\"Tout sur le jeu de crash Aviator. Comment jouer et gagner \u00e0 Aviator, les strat\u00e9gies de jeu, t\u00e9l\u00e9charger l&#039;application, les astuces, les avis et les opinions des vrais joueurs, placez vos paris\" \/>\n<meta name=\"robots\" content=\"index, follow, max-snippet:-1, max-image-preview:large, max-video-preview:-1\" \/>\n<link rel=\"canonical\" href=\"https:\/\/trafficaviator.com\/fr\/\" \/>\n<meta property=\"og:locale\" content=\"fr_FR\" \/>\n<meta property=\"og:locale:alternate\" content=\"ru_RU\" \/>\n<meta property=\"og:locale:alternate\" content=\"en_US\" \/>\n<meta property=\"og:locale:alternate\" content=\"pt_PT\" \/>\n<meta property=\"og:locale:alternate\" content=\"es_ES\" \/>\n<meta property=\"og:locale:alternate\" content=\"de_DE\" \/>\n<meta property=\"og:locale:alternate\" content=\"ro_RO\" \/>\n<meta property=\"og:locale:alternate\" content=\"sr_RS\" \/>\n<meta property=\"og:locale:alternate\" content=\"bg_BG\" \/>\n<meta property=\"og:locale:alternate\" content=\"pl_PL\" \/>\n<meta property=\"og:type\" content=\"article\" \/>\n<meta property=\"og:title\" content=\"\u0427\u0442\u043e \u0442\u0430\u043a\u043e\u0435 \u0438\u0433\u0440\u0430 \u0410\u0432\u0438\u0430\u0442\u043e\u0440\" \/>\n<meta property=\"og:description\" content=\"\u0427\u0442\u043e \u0442\u0430\u043a\u043e\u0435 \u0438\u0433\u0440\u0430 \u0410\u0432\u0438\u0430\u0442\u043e\u0440\" \/>\n<meta property=\"og:url\" content=\"https:\/\/trafficaviator.com\/fr\/\" \/>\n<meta property=\"og:site_name\" content=\"Aviator Game\" \/>\n<meta property=\"article:modified_time\" content=\"2024-04-22T13:52:15+00:00\" \/>\n<meta property=\"og:image\" content=\"https:\/\/trafficaviator.com\/wp-content\/uploads\/2023\/08\/aviatorlogo-300x105.webp\" \/>\n<meta name=\"twitter:card\" content=\"summary_large_image\" \/>\n<meta name=\"twitter:label1\" content=\"Dur\u00e9e de lecture estim\u00e9e\" \/>\n\t<meta name=\"twitter:data1\" content=\"6 minutes\" \/>\n<script type=\"application\/ld+json\" class=\"yoast-schema-graph\">{\"@context\":\"https:\/\/schema.org\",\"@graph\":[{\"@type\":\"WebPage\",\"@id\":\"https:\/\/trafficaviator.com\/ru\/\",\"url\":\"https:\/\/trafficaviator.com\/ru\/\",\"name\":\"\u0427\u0442\u043e \u0442\u0430\u043a\u043e\u0435 \u0438\u0433\u0440\u0430 \u0410\u0432\u0438\u0430\u0442\u043e\u0440\",\"isPartOf\":{\"@id\":\"https:\/\/trafficaviator.com\/#website\"},\"primaryImageOfPage\":{\"@id\":\"https:\/\/trafficaviator.com\/ru\/#primaryimage\"},\"image\":{\"@id\":\"https:\/\/trafficaviator.com\/ru\/#primaryimage\"},\"thumbnailUrl\":\"https:\/\/trafficaviator.com\/wp-content\/uploads\/2023\/08\/aviatorlogo-300x105.webp\",\"datePublished\":\"2023-08-22T13:08:48+00:00\",\"dateModified\":\"2024-04-22T13:52:15+00:00\",\"description\":\"\u0427\u0442\u043e \u0442\u0430\u043a\u043e\u0435 \u0438\u0433\u0440\u0430 \u0410\u0432\u0438\u0430\u0442\u043e\u0440\",\"breadcrumb\":{\"@id\":\"https:\/\/trafficaviator.com\/ru\/#breadcrumb\"},\"inLanguage\":\"fr-FR\",\"potentialAction\":[{\"@type\":\"ReadAction\",\"target\":[\"https:\/\/trafficaviator.com\/ru\/\"]}]},{\"@type\":\"ImageObject\",\"inLanguage\":\"fr-FR\",\"@id\":\"https:\/\/trafficaviator.com\/ru\/#primaryimage\",\"url\":\"https:\/\/trafficaviator.com\/wp-content\/uploads\/2023\/08\/aviatorlogo-300x105.webp\",\"contentUrl\":\"https:\/\/trafficaviator.com\/wp-content\/uploads\/2023\/08\/aviatorlogo-300x105.webp\"},{\"@type\":\"BreadcrumbList\",\"@id\":\"https:\/\/trafficaviator.com\/ru\/#breadcrumb\",\"itemListElement\":[{\"@type\":\"ListItem\",\"position\":1,\"name\":\"Home\",\"item\":\"https:\/\/trafficaviator.com\/ru\/\"},{\"@type\":\"ListItem\",\"position\":2,\"name\":\"\u0413\u043b\u0430\u0432\u043d\u0430\u044f\"}]},{\"@type\":\"WebSite\",\"@id\":\"https:\/\/trafficaviator.com\/#website\",\"url\":\"https:\/\/trafficaviator.com\/\",\"name\":\"Aviator Game\",\"description\":\"\",\"potentialAction\":[{\"@type\":\"SearchAction\",\"target\":{\"@type\":\"EntryPoint\",\"urlTemplate\":\"https:\/\/trafficaviator.com\/?s={search_term_string}\"},\"query-input\":{\"@type\":\"PropertyValueSpecification\",\"valueRequired\":true,\"valueName\":\"search_term_string\"}}],\"inLanguage\":\"fr-FR\"}]}<\/script>\n<!-- \/ Yoast SEO plugin. -->","yoast_head_json":{"title":"\u0427\u0442\u043e \u0442\u0430\u043a\u043e\u0435 \u0438\u0433\u0440\u0430 \u0410\u0432\u0438\u0430\u0442\u043e\u0440","description":"Tout sur le jeu de crash Aviator. Comment jouer et gagner \u00e0 Aviator, les strat\u00e9gies de jeu, t\u00e9l\u00e9charger l'application, les astuces, les avis et les opinions des vrais joueurs, placez vos paris","robots":{"index":"index","follow":"follow","max-snippet":"max-snippet:-1","max-image-preview":"max-image-preview:large","max-video-preview":"max-video-preview:-1"},"canonical":"https:\/\/trafficaviator.com\/fr\/","og_locale":"fr_FR","og_type":"article","og_title":"[:ru]\u0427\u0442\u043e \u0442\u0430\u043a\u043e\u0435 \u0438\u0433\u0440\u0430 \u0410\u0432\u0438\u0430\u0442\u043e\u0440[:en]What is the Aviator game[:]","og_description":"\u0427\u0442\u043e \u0442\u0430\u043a\u043e\u0435 \u0438\u0433\u0440\u0430 \u0410\u0432\u0438\u0430\u0442\u043e\u0440","og_url":"https:\/\/trafficaviator.com\/fr\/","og_site_name":"Aviator Game","article_modified_time":"2024-04-22T13:52:15+00:00","og_image":[{"url":"https:\/\/trafficaviator.com\/wp-content\/uploads\/2023\/08\/aviatorlogo-300x105.webp","type":"","width":"","height":""}],"twitter_card":"summary_large_image","twitter_misc":{"Dur\u00e9e de lecture estim\u00e9e":"6 minutes"},"schema":{"@context":"https:\/\/schema.org","@graph":[{"@type":"WebPage","@id":"https:\/\/trafficaviator.com\/ru\/","url":"https:\/\/trafficaviator.com\/ru\/","name":"\u0427\u0442\u043e \u0442\u0430\u043a\u043e\u0435 \u0438\u0433\u0440\u0430 \u0410\u0432\u0438\u0430\u0442\u043e\u0440","isPartOf":{"@id":"https:\/\/trafficaviator.com\/#website"},"primaryImageOfPage":{"@id":"https:\/\/trafficaviator.com\/ru\/#primaryimage"},"image":{"@id":"https:\/\/trafficaviator.com\/ru\/#primaryimage"},"thumbnailUrl":"https:\/\/trafficaviator.com\/wp-content\/uploads\/2023\/08\/aviatorlogo-300x105.webp","datePublished":"2023-08-22T13:08:48+00:00","dateModified":"2024-04-22T13:52:15+00:00","description":"\u0427\u0442\u043e \u0442\u0430\u043a\u043e\u0435 \u0438\u0433\u0440\u0430 \u0410\u0432\u0438\u0430\u0442\u043e\u0440","breadcrumb":{"@id":"https:\/\/trafficaviator.com\/ru\/#breadcrumb"},"inLanguage":"fr-FR","potentialAction":[{"@type":"ReadAction","target":["https:\/\/trafficaviator.com\/ru\/"]}]},{"@type":"ImageObject","inLanguage":"fr-FR","@id":"https:\/\/trafficaviator.com\/ru\/#primaryimage","url":"https:\/\/trafficaviator.com\/wp-content\/uploads\/2023\/08\/aviatorlogo-300x105.webp","contentUrl":"https:\/\/trafficaviator.com\/wp-content\/uploads\/2023\/08\/aviatorlogo-300x105.webp"},{"@type":"BreadcrumbList","@id":"https:\/\/trafficaviator.com\/ru\/#breadcrumb","itemListElement":[{"@type":"ListItem","position":1,"name":"Home","item":"https:\/\/trafficaviator.com\/ru\/"},{"@type":"ListItem","position":2,"name":"\u0413\u043b\u0430\u0432\u043d\u0430\u044f"}]},{"@type":"WebSite","@id":"https:\/\/trafficaviator.com\/#website","url":"https:\/\/trafficaviator.com\/","name":"Aviator Game","description":"","potentialAction":[{"@type":"SearchAction","target":{"@type":"EntryPoint","urlTemplate":"https:\/\/trafficaviator.com\/?s={search_term_string}"},"query-input":{"@type":"PropertyValueSpecification","valueRequired":true,"valueName":"search_term_string"}}],"inLanguage":"fr-FR"}]}},"_links":{"self":[{"href":"https:\/\/trafficaviator.com\/fr\/wp-json\/wp\/v2\/pages\/11","targetHints":{"allow":["GET"]}}],"collection":[{"href":"https:\/\/trafficaviator.com\/fr\/wp-json\/wp\/v2\/pages"}],"about":[{"href":"https:\/\/trafficaviator.com\/fr\/wp-json\/wp\/v2\/types\/page"}],"author":[{"embeddable":true,"href":"https:\/\/trafficaviator.com\/fr\/wp-json\/wp\/v2\/users\/1"}],"replies":[{"embeddable":true,"href":"https:\/\/trafficaviator.com\/fr\/wp-json\/wp\/v2\/comments?post=11"}],"version-history":[{"count":53,"href":"https:\/\/trafficaviator.com\/fr\/wp-json\/wp\/v2\/pages\/11\/revisions"}],"predecessor-version":[{"id":177,"href":"https:\/\/trafficaviator.com\/fr\/wp-json\/wp\/v2\/pages\/11\/revisions\/177"}],"wp:attachment":[{"href":"https:\/\/trafficaviator.com\/fr\/wp-json\/wp\/v2\/media?parent=11"}],"curies":[{"name":"wp","href":"https:\/\/api.w.org\/{rel}","templated":true}]}}