{"id":13,"date":"2023-08-22T13:14:13","date_gmt":"2023-08-22T13:14:13","guid":{"rendered":"https:\/\/trafficaviator.com\/?page_id=13"},"modified":"2024-04-22T13:52:44","modified_gmt":"2024-04-22T13:52:44","slug":"strategies-aviator","status":"publish","type":"page","link":"https:\/\/trafficaviator.com\/fr\/strategies-aviator\/","title":{"rendered":"Strat\u00e9gies pour jouer avec succ\u00e8s \u00e0 Aviator"},"content":{"rendered":"<p>Nos strat\u00e9gies recommand\u00e9es diff\u00e8rent consid\u00e9rablement des strat\u00e9gies traditionnelles, car le succ\u00e8s ou l&rsquo;\u00e9chec d\u00e9pendent enti\u00e8rement de votre avidit\u00e9 et de votre patience.<\/p>\n<p>Par cons\u00e9quent, la premi\u00e8re \u00e9tape pour gagner consiste \u00e0 d\u00e9terminer la taille et le type de paris. Il est de notori\u00e9t\u00e9 publique que la <a href=\"https:\/\/aviator-games.com\/fr\/\">mise minimale dans Aviator<\/a><\/p>\n<p>minimale dans Aviator est de 5 roubles, et le nombre maximal de paris simultan\u00e9s est de deux. Commen\u00e7ons par examiner les strat\u00e9gies pour les paris simples et doubles.<\/p>\n<h2>Strat\u00e9gie pour jouer \u00e0 Aviator avec un seul pari<\/h2>\n<p>Cette option est id\u00e9ale pour les d\u00e9butants. Une partie du jeu correspond \u00e0 un pari, ce qui vous permet de vous concentrer et de contr\u00f4ler le processus de gain dans Aviator. Tout d&rsquo;abord, d\u00e9terminez votre budget. Cela d\u00e9terminera la taille de votre mise. Notre r\u00e8gle recommand\u00e9e est que votre budget devrait permettre 200 paris (au moins 100). Nous recommandons de jouer avec un multiplicateur de 5 roubles par mise si vous avez 500 roubles. Avec 100 dollars, vous pouvez parier de 0,5 \u00e0 1 dollar am\u00e9ricain.<\/p>\n<p>Apr\u00e8s avoir d\u00e9termin\u00e9 la taille de la mise dans <a href=\"https:\/\/aviator-games.casino\/fr\/\">Aviator<\/a>, choisissez une strat\u00e9gie. Il existe trois strat\u00e9gies principales que nous allons classer.<\/p>\n<ul>\n<li><strong>Strat\u00e9gie \u00e0 faible risque dans Aviator en argent r\u00e9el<\/strong><\/li>\n<\/ul>\n<p>Cette approche ne promet pas de succ\u00e8s rapide, mais elle vous permet de vous sentir en confiance et d&rsquo;\u00e9viter de grosses pertes. Elle est bas\u00e9e sur des multiplicateurs bas, et votre retrait devrait \u00eatre d&rsquo;environ x1,20-x1,21 \u00e0 chaque tour. Vous pouvez \u00e9galement utiliser le retrait automatique et les mises automatiques. Cela r\u00e9duira le nombre de tours infructueux et augmentera progressivement votre solde. Lorsque votre solde augmente, vous pouvez faire des mises plus importantes, augmentant ainsi vos gains dans Aviator.<\/p>\n<ul>\n<li><strong>Strat\u00e9gie \u00e0 risque mod\u00e9r\u00e9 dans Aviator en argent r\u00e9el<\/strong><\/li>\n<\/ul>\n<p>Cette tactique est recommand\u00e9e pour les joueurs disposant d&rsquo;un budget plus important dans Aviator. Nous utilisons des multiplicateurs de x2-x3 dans cette strat\u00e9gie. La probabilit\u00e9 d&rsquo;un tour r\u00e9ussi avec des multiplicateurs de 2-3 est de 40 \u00e0 42%. En cas d&rsquo;incertitude prolong\u00e9e ou de multiplicateurs \u00e9lev\u00e9s, vous pouvez prendre un risque et faire des mises plus \u00e9lev\u00e9es. Si vous avez de la chance, vous resterez dans le noir et augmenterez votre d\u00e9p\u00f4t.<\/p>\n<ul>\n<li><strong>Strat\u00e9gie s\u00e9rieuse pour gagner rapidement dans le jeu Aviator<\/strong><\/li>\n<\/ul>\n<p>C&rsquo;est une tactique pour les joueurs vraiment chanceux ! En moyenne, les multiplicateurs sup\u00e9rieurs \u00e0 100 apparaissent toutes les heures et demie. Nous recommandons de surveiller les r\u00e9sultats et, lorsque de gros multiplicateurs apparaissent, de commencer \u00e0 parier activement. Bonne chance !<\/p>\n<h2>Strat\u00e9gie pour jouer \u00e0 Aviator avec deux paris simultan\u00e9s<\/h2>\n<p>Malgr\u00e9 quelques similitudes avec le jeu \u00e0 pari unique, une attention particuli\u00e8re est n\u00e9cessaire ici. Il s&rsquo;agit de trouver le juste \u00e9quilibre entre le risque et la r\u00e9compense. Il est recommand\u00e9 d&rsquo;utiliser les mises automatiques et le retrait automatique avec un multiplicateur de x1,2 pour le premier pari. Pour le deuxi\u00e8me pari, la strat\u00e9gie \u00e0 risque mod\u00e9r\u00e9 d\u00e9crite ci-dessus est adapt\u00e9e.<\/p>\n<p>Nous recommandons de faire un pari avec un multiplicateur de x40 et l&rsquo;autre avec un multiplicateur de x100. Cela vous aidera \u00e0 \u00e9viter d&rsquo;\u00e9puiser rapidement votre solde et \u00e0 attendre les meilleurs multiplicateurs.<\/p>\n<p>En fin de compte, aucune des strat\u00e9gies \u00e9num\u00e9r\u00e9es ne garantit le succ\u00e8s. Vous pouvez toujours exp\u00e9rimenter, d\u00e9velopper de nouvelles approches et gagner. Partagez vos r\u00e9sultats dans la section des commentaires de notre site Web si vous parvenez \u00e0 \u00e9laborer une strat\u00e9gie efficace pour jouer \u00e0 Aviator sur un site de casino en ligne.<\/p>\n<p>N&rsquo;oubliez pas que la victoire est possible si vous jouez \u00e0 Aviator !<\/p>\n","protected":false},"excerpt":{"rendered":"<p>Nos strat\u00e9gies recommand\u00e9es diff\u00e8rent consid\u00e9rablement des strat\u00e9gies traditionnelles, car le succ\u00e8s ou l&rsquo;\u00e9chec d\u00e9pendent enti\u00e8rement de votre avidit\u00e9 et de votre patience. Par cons\u00e9quent, la premi\u00e8re \u00e9tape pour gagner consiste \u00e0 d\u00e9terminer la taille et le type de paris. Il est de notori\u00e9t\u00e9 publique que la mise minimale dans Aviator minimale dans Aviator est de 5 roubles, et le nombre maximal de paris simultan\u00e9s est de deux. Commen\u00e7ons par examiner les strat\u00e9gies pour les paris&hellip; <\/p>\n","protected":false},"author":1,"featured_media":0,"parent":0,"menu_order":0,"comment_status":"closed","ping_status":"closed","template":"","meta":{"footnotes":""},"class_list":["post-13","page","type-page","status-publish","hentry"],"yoast_head":"<!-- This site is optimized with the Yoast SEO plugin v27.2 - https:\/\/yoast.com\/product\/yoast-seo-wordpress\/ -->\n<title>Strat\u00e9gies pour jouer avec succ\u00e8s \u00e0 Aviator<\/title>\n<meta name=\"description\" content=\"Strat\u00e9gies et tactiques pour jouer au jeu de crash Aviator. Comment jouer et gagner \u00e0 Aviator d\u00e8s maintenant. Gagnez de l&#039;argent r\u00e9el dans Aviator pour les joueurs du monde entier\" \/>\n<meta name=\"robots\" content=\"index, follow, max-snippet:-1, max-image-preview:large, max-video-preview:-1\" \/>\n<link rel=\"canonical\" href=\"https:\/\/trafficaviator.com\/fr\/strategies-aviator\/\" \/>\n<meta property=\"og:locale\" content=\"fr_FR\" \/>\n<meta property=\"og:locale:alternate\" content=\"ru_RU\" \/>\n<meta property=\"og:locale:alternate\" content=\"en_US\" \/>\n<meta property=\"og:locale:alternate\" content=\"pt_PT\" \/>\n<meta property=\"og:locale:alternate\" content=\"es_ES\" \/>\n<meta property=\"og:locale:alternate\" content=\"de_DE\" \/>\n<meta property=\"og:locale:alternate\" content=\"ro_RO\" \/>\n<meta property=\"og:locale:alternate\" content=\"sr_RS\" \/>\n<meta property=\"og:locale:alternate\" content=\"bg_BG\" \/>\n<meta property=\"og:locale:alternate\" content=\"pl_PL\" \/>\n<meta property=\"og:type\" content=\"article\" \/>\n<meta property=\"og:title\" content=\"Strat\u00e9gies pour jouer avec succ\u00e8s \u00e0 Aviator\" \/>\n<meta property=\"og:description\" content=\"Nos strat\u00e9gies recommand\u00e9es diff\u00e8rent consid\u00e9rablement des strat\u00e9gies traditionnelles, car le succ\u00e8s ou l&rsquo;\u00e9chec d\u00e9pendent enti\u00e8rement de votre avidit\u00e9 et de votre patience. Par cons\u00e9quent, la premi\u00e8re \u00e9tape pour gagner consiste \u00e0 d\u00e9terminer la taille et le type de paris. Il est de notori\u00e9t\u00e9 publique que la mise minimale dans Aviator minimale dans Aviator est de 5 roubles, et le nombre maximal de paris simultan\u00e9s est de deux. Commen\u00e7ons par examiner les strat\u00e9gies pour les paris&hellip;\" \/>\n<meta property=\"og:url\" content=\"https:\/\/trafficaviator.com\/fr\/strategies-aviator\/\" \/>\n<meta property=\"og:site_name\" content=\"Aviator Game\" \/>\n<meta property=\"article:modified_time\" content=\"2024-04-22T13:52:44+00:00\" \/>\n<meta name=\"twitter:card\" content=\"summary_large_image\" \/>\n<meta name=\"twitter:label1\" content=\"Dur\u00e9e de lecture estim\u00e9e\" \/>\n\t<meta name=\"twitter:data1\" content=\"20 minutes\" \/>\n<script type=\"application\/ld+json\" class=\"yoast-schema-graph\">{\"@context\":\"https:\/\/schema.org\",\"@graph\":[{\"@type\":\"WebPage\",\"@id\":\"https:\/\/trafficaviator.com\/en\/strategies-aviator\/\",\"url\":\"https:\/\/trafficaviator.com\/en\/strategies-aviator\/\",\"name\":\"Strat\u00e9gies pour jouer avec succ\u00e8s \u00e0 Aviator\",\"isPartOf\":{\"@id\":\"https:\/\/trafficaviator.com\/#website\"},\"datePublished\":\"2023-08-22T13:14:13+00:00\",\"dateModified\":\"2024-04-22T13:52:44+00:00\",\"breadcrumb\":{\"@id\":\"https:\/\/trafficaviator.com\/en\/strategies-aviator\/#breadcrumb\"},\"inLanguage\":\"fr-FR\",\"potentialAction\":[{\"@type\":\"ReadAction\",\"target\":[\"https:\/\/trafficaviator.com\/en\/strategies-aviator\/\"]}]},{\"@type\":\"BreadcrumbList\",\"@id\":\"https:\/\/trafficaviator.com\/en\/strategies-aviator\/#breadcrumb\",\"itemListElement\":[{\"@type\":\"ListItem\",\"position\":1,\"name\":\"Home\",\"item\":\"https:\/\/trafficaviator.com\/ru\/\"},{\"@type\":\"ListItem\",\"position\":2,\"name\":\"Strategies for Successful Play in Aviator\"}]},{\"@type\":\"WebSite\",\"@id\":\"https:\/\/trafficaviator.com\/#website\",\"url\":\"https:\/\/trafficaviator.com\/\",\"name\":\"Aviator Game\",\"description\":\"\",\"potentialAction\":[{\"@type\":\"SearchAction\",\"target\":{\"@type\":\"EntryPoint\",\"urlTemplate\":\"https:\/\/trafficaviator.com\/?s={search_term_string}\"},\"query-input\":{\"@type\":\"PropertyValueSpecification\",\"valueRequired\":true,\"valueName\":\"search_term_string\"}}],\"inLanguage\":\"fr-FR\"}]}<\/script>\n<!-- \/ Yoast SEO plugin. -->","yoast_head_json":{"title":"Strat\u00e9gies pour jouer avec succ\u00e8s \u00e0 Aviator","description":"Strat\u00e9gies et tactiques pour jouer au jeu de crash Aviator. Comment jouer et gagner \u00e0 Aviator d\u00e8s maintenant. Gagnez de l'argent r\u00e9el dans Aviator pour les joueurs du monde entier","robots":{"index":"index","follow":"follow","max-snippet":"max-snippet:-1","max-image-preview":"max-image-preview:large","max-video-preview":"max-video-preview:-1"},"canonical":"https:\/\/trafficaviator.com\/fr\/strategies-aviator\/","og_locale":"fr_FR","og_type":"article","og_title":"[:ru]\u0421\u0442\u0440\u0430\u0442\u0435\u0433\u0438\u0438 \u0443\u0441\u043f\u0435\u0448\u043d\u043e\u0439 \u0438\u0433\u0440\u044b \u0432 \u0410\u0432\u0438\u0430\u0442\u043e\u0440\u0435[:en]Strategies for Successful Play in Aviator[:pt]Estrat\u00e9gias para Jogar com Sucesso no Aviator[:es]Estrategias para un Juego Exitoso en Aviator[:fr]Strat\u00e9gies pour jouer avec succ\u00e8s \u00e0 Aviator[:de]Strategien f\u00fcr erfolgreiches Spielen in Aviator[:ro]Strategii pentru un joc de succes \u00een Aviator[:sr]\u0421\u0442\u0440\u0430\u0442\u0435\u0433\u0438\u0458\u0435 \u0437\u0430 \u0443\u0441\u043f\u0435\u0448\u043d\u0443 \u0438\u0433\u0440\u0443 \u0443 \u0410\u0432\u0438\u0458\u0430\u0442\u043e\u0440\u0443[:bg]\u0421\u0442\u0440\u0430\u0442\u0435\u0433\u0438\u0438 \u0437\u0430 \u0443\u0441\u043f\u0435\u0448\u043d\u0430 \u0438\u0433\u0440\u0430 \u0432 Aviator[:pl]Strategie skutecznej gry w Aviator[:] - Aviator Game","og_description":"Nos strat\u00e9gies recommand\u00e9es diff\u00e8rent consid\u00e9rablement des strat\u00e9gies traditionnelles, car le succ\u00e8s ou l&rsquo;\u00e9chec d\u00e9pendent enti\u00e8rement de votre avidit\u00e9 et de votre patience. Par cons\u00e9quent, la premi\u00e8re \u00e9tape pour gagner consiste \u00e0 d\u00e9terminer la taille et le type de paris. Il est de notori\u00e9t\u00e9 publique que la mise minimale dans Aviator minimale dans Aviator est de 5 roubles, et le nombre maximal de paris simultan\u00e9s est de deux. Commen\u00e7ons par examiner les strat\u00e9gies pour les paris&hellip;","og_url":"https:\/\/trafficaviator.com\/fr\/strategies-aviator\/","og_site_name":"Aviator Game","article_modified_time":"2024-04-22T13:52:44+00:00","twitter_card":"summary_large_image","twitter_misc":{"Dur\u00e9e de lecture estim\u00e9e":"20 minutes"},"schema":{"@context":"https:\/\/schema.org","@graph":[{"@type":"WebPage","@id":"https:\/\/trafficaviator.com\/en\/strategies-aviator\/","url":"https:\/\/trafficaviator.com\/en\/strategies-aviator\/","name":"Strat\u00e9gies pour jouer avec succ\u00e8s \u00e0 Aviator","isPartOf":{"@id":"https:\/\/trafficaviator.com\/#website"},"datePublished":"2023-08-22T13:14:13+00:00","dateModified":"2024-04-22T13:52:44+00:00","breadcrumb":{"@id":"https:\/\/trafficaviator.com\/en\/strategies-aviator\/#breadcrumb"},"inLanguage":"fr-FR","potentialAction":[{"@type":"ReadAction","target":["https:\/\/trafficaviator.com\/en\/strategies-aviator\/"]}]},{"@type":"BreadcrumbList","@id":"https:\/\/trafficaviator.com\/en\/strategies-aviator\/#breadcrumb","itemListElement":[{"@type":"ListItem","position":1,"name":"Home","item":"https:\/\/trafficaviator.com\/ru\/"},{"@type":"ListItem","position":2,"name":"Strategies for Successful Play in Aviator"}]},{"@type":"WebSite","@id":"https:\/\/trafficaviator.com\/#website","url":"https:\/\/trafficaviator.com\/","name":"Aviator Game","description":"","potentialAction":[{"@type":"SearchAction","target":{"@type":"EntryPoint","urlTemplate":"https:\/\/trafficaviator.com\/?s={search_term_string}"},"query-input":{"@type":"PropertyValueSpecification","valueRequired":true,"valueName":"search_term_string"}}],"inLanguage":"fr-FR"}]}},"_links":{"self":[{"href":"https:\/\/trafficaviator.com\/fr\/wp-json\/wp\/v2\/pages\/13","targetHints":{"allow":["GET"]}}],"collection":[{"href":"https:\/\/trafficaviator.com\/fr\/wp-json\/wp\/v2\/pages"}],"about":[{"href":"https:\/\/trafficaviator.com\/fr\/wp-json\/wp\/v2\/types\/page"}],"author":[{"embeddable":true,"href":"https:\/\/trafficaviator.com\/fr\/wp-json\/wp\/v2\/users\/1"}],"replies":[{"embeddable":true,"href":"https:\/\/trafficaviator.com\/fr\/wp-json\/wp\/v2\/comments?post=13"}],"version-history":[{"count":36,"href":"https:\/\/trafficaviator.com\/fr\/wp-json\/wp\/v2\/pages\/13\/revisions"}],"predecessor-version":[{"id":181,"href":"https:\/\/trafficaviator.com\/fr\/wp-json\/wp\/v2\/pages\/13\/revisions\/181"}],"wp:attachment":[{"href":"https:\/\/trafficaviator.com\/fr\/wp-json\/wp\/v2\/media?parent=13"}],"curies":[{"name":"wp","href":"https:\/\/api.w.org\/{rel}","templated":true}]}}