{"id":9,"date":"2023-08-22T13:02:01","date_gmt":"2023-08-22T13:02:01","guid":{"rendered":"https:\/\/trafficaviator.com\/?page_id=9"},"modified":"2024-04-22T13:52:21","modified_gmt":"2024-04-22T13:52:21","slug":"about-us","status":"publish","type":"page","link":"https:\/\/trafficaviator.com\/fr\/about-us\/","title":{"rendered":"\u00c0 propos de nous"},"content":{"rendered":"<p>Bienvenue sur notre page \u00c0 propos de nous ! Nous sommes une \u00e9quipe d&rsquo;enthousiastes qui vous offre le monde passionnant du jeu Aviator. Notre objectif est de cr\u00e9er un espace de jeu unique et palpitant o\u00f9 vous pourrez profiter du frisson et du divertissement aux c\u00f4t\u00e9s d&rsquo;autres joueurs.<\/p>\n<h2>Notre mission<\/h2>\n<p>Notre mission est de cr\u00e9er une plateforme o\u00f9 chaque joueur peut vivre les \u00e9motions passionnantes et les frissons du jeu Aviator. Notre but est de fournir une exp\u00e9rience de jeu de haute qualit\u00e9 o\u00f9 chaque partie vous apporte de la joie, et chaque multiplicateur augmente votre adr\u00e9naline et vos gains.<\/p>\n<h2>Nos principes<\/h2>\n<ol>\n<li><strong>Qualit\u00e9 et fiabilit\u00e9 :<\/strong> Nous nous effor\u00e7ons de fournir aux joueurs un environnement de jeu fiable et de haute qualit\u00e9 o\u00f9 ils peuvent profiter du jeu sans se soucier de la s\u00e9curit\u00e9 de leurs donn\u00e9es ou de leurs fonds.<\/li>\n<li><strong>Excitation et divertissement :<\/strong> Nous croyons que les jeux doivent apporter non seulement des gains, mais aussi du plaisir. Nous cr\u00e9ons une atmosph\u00e8re d&rsquo;excitation et de divertissement, veillant \u00e0 ce que chaque partie laisse une empreinte vivace dans vos souvenirs.<\/li>\n<li><strong>Interaction sociale :<\/strong> Nous comprenons que les jeux deviennent encore plus passionnants lorsque vous pouvez partager votre joie et vos victoires avec d&rsquo;autres joueurs. Nous encourageons la communication et l&rsquo;interaction entre les participants sur notre plateforme.<\/li>\n<\/ol>\n<h2>Notre \u00e9quipe<\/h2>\n<p>Notre \u00e9quipe se compose de d\u00e9veloppeurs, de designers et d&rsquo;analystes exp\u00e9riment\u00e9s d\u00e9di\u00e9s \u00e0 la cr\u00e9ation d&rsquo;une exp\u00e9rience de jeu unique. Nous d\u00e9veloppons soigneusement tous les aspects du jeu Aviator pour vous offrir des \u00e9motions et des moments de plaisir maximum.<\/p>\n<h2>Contactez-nous<\/h2>\n<p>Nous sommes toujours pr\u00eats \u00e0 \u00e9couter nos joueurs et \u00e0 am\u00e9liorer notre plateforme. Si vous avez des questions, des suggestions ou des commentaires, n&rsquo;h\u00e9sitez pas \u00e0 nous contacter. Votre opinion est cruciale pour nous !<\/p>\n<p>Merci d&rsquo;avoir choisi notre plateforme. Rejoignez le jeu Aviator et plongez dans le monde de l&rsquo;excitation et du plaisir !<\/p>\n","protected":false},"excerpt":{"rendered":"<p>Bienvenue sur notre page \u00c0 propos de nous ! Nous sommes une \u00e9quipe d&rsquo;enthousiastes qui vous offre le monde passionnant du jeu Aviator. Notre objectif est de cr\u00e9er un espace de jeu unique et palpitant o\u00f9 vous pourrez profiter du frisson et du divertissement aux c\u00f4t\u00e9s d&rsquo;autres joueurs. Notre mission Notre mission est de cr\u00e9er une plateforme o\u00f9 chaque joueur peut vivre les \u00e9motions passionnantes et les frissons du jeu Aviator. Notre but est de&hellip; <\/p>\n","protected":false},"author":1,"featured_media":0,"parent":0,"menu_order":0,"comment_status":"closed","ping_status":"closed","template":"","meta":{"footnotes":""},"class_list":["post-9","page","type-page","status-publish","hentry"],"yoast_head":"<!-- This site is optimized with the Yoast SEO plugin v27.2 - https:\/\/yoast.com\/product\/yoast-seo-wordpress\/ -->\n<title>\u00c0 propos de nous<\/title>\n<meta name=\"description\" content=\"Nous avons cr\u00e9\u00e9 un site web pour les fans du jeu Aviator. TrafficAviator.com fournit toutes les informations n\u00e9cessaires sur le jeu de crash le plus populaire de notre \u00e9poque, Aviator\" \/>\n<meta name=\"robots\" content=\"index, follow, max-snippet:-1, max-image-preview:large, max-video-preview:-1\" \/>\n<link rel=\"canonical\" href=\"https:\/\/trafficaviator.com\/fr\/about-us\/\" \/>\n<meta property=\"og:locale\" content=\"fr_FR\" \/>\n<meta property=\"og:locale:alternate\" content=\"ru_RU\" \/>\n<meta property=\"og:locale:alternate\" content=\"en_US\" \/>\n<meta property=\"og:locale:alternate\" content=\"pt_PT\" \/>\n<meta property=\"og:locale:alternate\" content=\"es_ES\" \/>\n<meta property=\"og:locale:alternate\" content=\"de_DE\" \/>\n<meta property=\"og:locale:alternate\" content=\"ro_RO\" \/>\n<meta property=\"og:locale:alternate\" content=\"sr_RS\" \/>\n<meta property=\"og:locale:alternate\" content=\"bg_BG\" \/>\n<meta property=\"og:locale:alternate\" content=\"pl_PL\" \/>\n<meta property=\"og:type\" content=\"article\" \/>\n<meta property=\"og:title\" content=\"\u00c0 propos de nous\" \/>\n<meta property=\"og:description\" content=\"Bienvenue sur notre page \u00c0 propos de nous ! Nous sommes une \u00e9quipe d&rsquo;enthousiastes qui vous offre le monde passionnant du jeu Aviator. Notre objectif est de cr\u00e9er un espace de jeu unique et palpitant o\u00f9 vous pourrez profiter du frisson et du divertissement aux c\u00f4t\u00e9s d&rsquo;autres joueurs. Notre mission Notre mission est de cr\u00e9er une plateforme o\u00f9 chaque joueur peut vivre les \u00e9motions passionnantes et les frissons du jeu Aviator. Notre but est de&hellip;\" \/>\n<meta property=\"og:url\" content=\"https:\/\/trafficaviator.com\/fr\/about-us\/\" \/>\n<meta property=\"og:site_name\" content=\"Aviator Game\" \/>\n<meta property=\"article:modified_time\" content=\"2024-04-22T13:52:21+00:00\" \/>\n<meta name=\"twitter:card\" content=\"summary_large_image\" \/>\n<meta name=\"twitter:label1\" content=\"Dur\u00e9e de lecture estim\u00e9e\" \/>\n\t<meta name=\"twitter:data1\" content=\"11 minutes\" \/>\n<script type=\"application\/ld+json\" class=\"yoast-schema-graph\">{\"@context\":\"https:\/\/schema.org\",\"@graph\":[{\"@type\":\"WebPage\",\"@id\":\"https:\/\/trafficaviator.com\/en\/about-us\/\",\"url\":\"https:\/\/trafficaviator.com\/en\/about-us\/\",\"name\":\"\u00c0 propos de nous\",\"isPartOf\":{\"@id\":\"https:\/\/trafficaviator.com\/#website\"},\"datePublished\":\"2023-08-22T13:02:01+00:00\",\"dateModified\":\"2024-04-22T13:52:21+00:00\",\"breadcrumb\":{\"@id\":\"https:\/\/trafficaviator.com\/en\/about-us\/#breadcrumb\"},\"inLanguage\":\"fr-FR\",\"potentialAction\":[{\"@type\":\"ReadAction\",\"target\":[\"https:\/\/trafficaviator.com\/en\/about-us\/\"]}]},{\"@type\":\"BreadcrumbList\",\"@id\":\"https:\/\/trafficaviator.com\/en\/about-us\/#breadcrumb\",\"itemListElement\":[{\"@type\":\"ListItem\",\"position\":1,\"name\":\"Home\",\"item\":\"https:\/\/trafficaviator.com\/ru\/\"},{\"@type\":\"ListItem\",\"position\":2,\"name\":\"About Us\"}]},{\"@type\":\"WebSite\",\"@id\":\"https:\/\/trafficaviator.com\/#website\",\"url\":\"https:\/\/trafficaviator.com\/\",\"name\":\"Aviator Game\",\"description\":\"\",\"potentialAction\":[{\"@type\":\"SearchAction\",\"target\":{\"@type\":\"EntryPoint\",\"urlTemplate\":\"https:\/\/trafficaviator.com\/?s={search_term_string}\"},\"query-input\":{\"@type\":\"PropertyValueSpecification\",\"valueRequired\":true,\"valueName\":\"search_term_string\"}}],\"inLanguage\":\"fr-FR\"}]}<\/script>\n<!-- \/ Yoast SEO plugin. -->","yoast_head_json":{"title":"\u00c0 propos de nous","description":"Nous avons cr\u00e9\u00e9 un site web pour les fans du jeu Aviator. TrafficAviator.com fournit toutes les informations n\u00e9cessaires sur le jeu de crash le plus populaire de notre \u00e9poque, Aviator","robots":{"index":"index","follow":"follow","max-snippet":"max-snippet:-1","max-image-preview":"max-image-preview:large","max-video-preview":"max-video-preview:-1"},"canonical":"https:\/\/trafficaviator.com\/fr\/about-us\/","og_locale":"fr_FR","og_type":"article","og_title":"[:ru]\u041e \u043d\u0430\u0441[:en]About Us[:pt]Sobre n\u00f3s[:es]Sobre nosotros[:fr]\u00c0 propos de nous[:de]\u00dcber uns[:ro]Despre Noi[:sr]\u041e \u043d\u0430\u043c\u0430[:bg]\u0417\u0430 \u043d\u0430\u0441[:pl]O nas[:] - Aviator Game","og_description":"Bienvenue sur notre page \u00c0 propos de nous ! Nous sommes une \u00e9quipe d&rsquo;enthousiastes qui vous offre le monde passionnant du jeu Aviator. Notre objectif est de cr\u00e9er un espace de jeu unique et palpitant o\u00f9 vous pourrez profiter du frisson et du divertissement aux c\u00f4t\u00e9s d&rsquo;autres joueurs. Notre mission Notre mission est de cr\u00e9er une plateforme o\u00f9 chaque joueur peut vivre les \u00e9motions passionnantes et les frissons du jeu Aviator. Notre but est de&hellip;","og_url":"https:\/\/trafficaviator.com\/fr\/about-us\/","og_site_name":"Aviator Game","article_modified_time":"2024-04-22T13:52:21+00:00","twitter_card":"summary_large_image","twitter_misc":{"Dur\u00e9e de lecture estim\u00e9e":"11 minutes"},"schema":{"@context":"https:\/\/schema.org","@graph":[{"@type":"WebPage","@id":"https:\/\/trafficaviator.com\/en\/about-us\/","url":"https:\/\/trafficaviator.com\/en\/about-us\/","name":"\u00c0 propos de nous","isPartOf":{"@id":"https:\/\/trafficaviator.com\/#website"},"datePublished":"2023-08-22T13:02:01+00:00","dateModified":"2024-04-22T13:52:21+00:00","breadcrumb":{"@id":"https:\/\/trafficaviator.com\/en\/about-us\/#breadcrumb"},"inLanguage":"fr-FR","potentialAction":[{"@type":"ReadAction","target":["https:\/\/trafficaviator.com\/en\/about-us\/"]}]},{"@type":"BreadcrumbList","@id":"https:\/\/trafficaviator.com\/en\/about-us\/#breadcrumb","itemListElement":[{"@type":"ListItem","position":1,"name":"Home","item":"https:\/\/trafficaviator.com\/ru\/"},{"@type":"ListItem","position":2,"name":"About Us"}]},{"@type":"WebSite","@id":"https:\/\/trafficaviator.com\/#website","url":"https:\/\/trafficaviator.com\/","name":"Aviator Game","description":"","potentialAction":[{"@type":"SearchAction","target":{"@type":"EntryPoint","urlTemplate":"https:\/\/trafficaviator.com\/?s={search_term_string}"},"query-input":{"@type":"PropertyValueSpecification","valueRequired":true,"valueName":"search_term_string"}}],"inLanguage":"fr-FR"}]}},"_links":{"self":[{"href":"https:\/\/trafficaviator.com\/fr\/wp-json\/wp\/v2\/pages\/9","targetHints":{"allow":["GET"]}}],"collection":[{"href":"https:\/\/trafficaviator.com\/fr\/wp-json\/wp\/v2\/pages"}],"about":[{"href":"https:\/\/trafficaviator.com\/fr\/wp-json\/wp\/v2\/types\/page"}],"author":[{"embeddable":true,"href":"https:\/\/trafficaviator.com\/fr\/wp-json\/wp\/v2\/users\/1"}],"replies":[{"embeddable":true,"href":"https:\/\/trafficaviator.com\/fr\/wp-json\/wp\/v2\/comments?post=9"}],"version-history":[{"count":15,"href":"https:\/\/trafficaviator.com\/fr\/wp-json\/wp\/v2\/pages\/9\/revisions"}],"predecessor-version":[{"id":178,"href":"https:\/\/trafficaviator.com\/fr\/wp-json\/wp\/v2\/pages\/9\/revisions\/178"}],"wp:attachment":[{"href":"https:\/\/trafficaviator.com\/fr\/wp-json\/wp\/v2\/media?parent=9"}],"curies":[{"name":"wp","href":"https:\/\/api.w.org\/{rel}","templated":true}]}}