{"id":11,"date":"2023-08-22T13:08:48","date_gmt":"2023-08-22T13:08:48","guid":{"rendered":"https:\/\/trafficaviator.com\/?page_id=11"},"modified":"2024-04-22T13:52:15","modified_gmt":"2024-04-22T13:52:15","slug":"home","status":"publish","type":"page","link":"https:\/\/trafficaviator.com\/pl\/","title":{"rendered":"Strona g\u0142\u00f3wna"},"content":{"rendered":"<p><img loading=\"lazy\" decoding=\"async\" class=\"alignnone size-medium wp-image-41 aligncenter\" src=\"https:\/\/trafficaviator.com\/wp-content\/uploads\/2023\/08\/aviatorlogo-300x105.webp\" alt=\"\" width=\"300\" height=\"105\" srcset=\"https:\/\/trafficaviator.com\/wp-content\/uploads\/2023\/08\/aviatorlogo-300x105.webp 300w, https:\/\/trafficaviator.com\/wp-content\/uploads\/2023\/08\/aviatorlogo.webp 456w\" sizes=\"auto, (max-width: 300px) 100vw, 300px\" \/><\/p>\n<p>Witaj w oficjalnym portalu Aviator Games, gdzie rozpoczniesz ekscytuj\u0105c\u0105 podr\u00f3\u017c do wszech\u015bwiata gry Aviator \u2013 emocjonuj\u0105cej gry &#8222;crash&#8221; i jednej z najpopularniejszych gier online naszych czas\u00f3w.<\/p>\n<h2>Czym jest gra Aviator?<\/h2>\n<p>Aviator to ekscytuj\u0105ca przygoda dost\u0119pna dla wszystkich graczy w wirtualnym kasynie. Gracze maj\u0105 mo\u017cliwo\u015b\u0107 obstawiania mno\u017cnika symbolizowanego przez czerwony samolot. Twoje potencjalne wygrane s\u0105 \u015bci\u015ble zwi\u0105zane z tym mno\u017cnikiem, kt\u00f3ry wzrasta wraz z wznoszeniem si\u0119 samolotu.<\/p>\n<p>Gra Aviator jest znana ze swojej unikalnej fabu\u0142y gry &#8222;crash&#8221;, kt\u00f3ra kr\u00f3luje w swoim gatunku. Do\u015bwiadczenie z gry Aviator obiecuje niesamowit\u0105 dawk\u0119 adrenaliny i pe\u0142n\u0105 kontrol\u0119 nad wynikiem, daj\u0105c Ci szans\u0119 wyp\u0142aty wygranych w dowolnym momencie. Nic dziwnego, \u017ce ta gra sta\u0142a si\u0119 jedn\u0105 z czo\u0142owych gwiazd w \u015bwiecie rozrywki hazardowej.<\/p>\n<p>Masz szans\u0119 przetestowa\u0107 swoje szcz\u0119\u015bcie i pomno\u017cy\u0107 swoj\u0105 stawk\u0119 w ci\u0105gu kilku minut z Aviator. Wystarczy zainwestowa\u0107 tylko jeden dolar, a mo\u017ce szcz\u0119\u015bcie u\u015bmiechnie si\u0119 do Ciebie, przynosz\u0105c Ci sto dolar\u00f3w dzi\u0119ki mno\u017cnikowi x100. Warto jednak pami\u0119ta\u0107, \u017ce czekanie na taki wysoki mno\u017cnik mo\u017ce wymaga\u0107 pewnej cierpliwo\u015bci od nerwowych graczy.<\/p>\n<p>Pami\u0119taj: je\u015bli nie wyp\u0142acisz swojej stawki przed startem czerwonego samolotu, Twoja stawka sp\u0142onie, a Ty zostaniesz bez wygranej. Aviator to gra, w kt\u00f3rej ekscytacja, ryzyko i euforia zwyci\u0119stwa przenikaj\u0105 si\u0119, tworz\u0105c unikalne do\u015bwiadczenie!<\/p>\n<p>Z czasem Aviator zdoby\u0142 serca wielu kasyn online, staj\u0105c si\u0119 najbardziej poszukiwan\u0105 gr\u0105 w\u015br\u00f3d hazardzist\u00f3w graj\u0105cych na prawdziwe pieni\u0105dze w latach 2020, 2021, 2022 i 2023.<\/p>\n<h2>Zasady gry Aviator<\/h2>\n<p>Podstawowe zasady gry Aviator s\u0105 do\u015b\u0107 proste. Baw si\u0119 w grze, post\u0119puj\u0105c zgodnie z tymi krokami:<\/p>\n<ol>\n<li>Postaw swoj\u0105 stawk\u0119.<\/li>\n<li>Zwr\u00f3\u0107 uwag\u0119 na start i wzrost mno\u017cnika, symbolizowany ruchem samolotu.<\/li>\n<li>Wyp\u0142a\u0107 swoj\u0105 stawk\u0119 przed startem, aby odebra\u0107 swoje wygrane.<\/li>\n<\/ol>\n<p>Nie zapomnij uwzgl\u0119dni\u0107 nast\u0119puj\u0105cych szczeg\u00f3\u0142\u00f3w gry:<\/p>\n<ul>\n<li>Mno\u017cnik zaczyna swoje wznoszenie si\u0119 od x1, synchronizuj\u0105c si\u0119 z startem samolotu. Tempo wzrostu mno\u017cnika zale\u017cy od czasu lotu.<\/li>\n<li>Gdy wyp\u0142acasz swoj\u0105 stawk\u0119, jest ona mno\u017cona przez aktualny mno\u017cnik, co daje ci ko\u0144cowy zysk. Na przyk\u0142ad, je\u015bli postawisz jeden dolar przy aktualnym mno\u017cniku trzy, Twoje wygrane wynios\u0105 trzy dolary.<\/li>\n<li>Mno\u017cnik jest wybierany losowo, ale obserwuj\u0105c histori\u0119 poprzednich mno\u017cnik\u00f3w, mo\u017cesz odkry\u0107 interesuj\u0105ce trendy, by\u0107 mo\u017ce nawet przewiduj\u0105c pojawienie si\u0119 mno\u017cnika x100.<\/li>\n<\/ul>\n<h2>Jak zacz\u0105\u0107 gra\u0107 w Aviator<\/h2>\n<p>Nawet je\u015bli jeste\u015b pocz\u0105tkuj\u0105cy, rozpocz\u0119cie gry w Aviator online jest bardzo proste:<\/p>\n<ol>\n<li>Postaw zak\u0142ad, wybieraj\u0105c kwot\u0119, kt\u00f3r\u0105 chcesz obstawi\u0107.<\/li>\n<li>Zauwa\u017c, \u017ce masz opcj\u0119 postawienia kilku zak\u0142ad\u00f3w jednocze\u015bnie. W interfejsie gry zobaczysz jedno pole zak\u0142adu i symbol &#8222;+&#8221;, aby doda\u0107 drugie pole dla dodatkowych zak\u0142ad\u00f3w.<\/li>\n<li>Aby odebra\u0107 swoje wygrane, po prostu naci\u015bnij przycisk &#8222;Cash Out&#8221; podczas rundy.<\/li>\n<li>Pami\u0119taj, aby klikn\u0105\u0107 przycisk &#8222;Exit&#8221; przed startem samolotu, aby unikn\u0105\u0107 utraty stawki.<\/li>\n<\/ol>\n<h2>Powody popularno\u015bci Aviator<\/h2>\n<p>Dlaczego Aviator jest tak popularny? Ta gra zdoby\u0142a ogromn\u0105 popularno\u015b\u0107, staj\u0105c si\u0119 prawdziwym hitem w \u015bwiecie gier &#8222;crash&#8221;. Termin ten odnosi si\u0119 do momentu, kiedy samolot si\u0119 rozbi. Aviator sta\u0142 si\u0119 bezwzgl\u0119dnym liderem w tej kategorii, co jest ca\u0142kiem zrozumia\u0142e.<\/p>\n<p>Zanurz si\u0119 w \u015bwiat Aviator online i poczuj si\u0119 jak nieustraszony pilot. Tw\u00f3j sukces zale\u017cy od tego, jak wysoko mo\u017cesz podnie\u015b\u0107 czerwony samolot. Wysoko\u015b\u0107, do kt\u00f3rej go podnosisz, b\u0119dzie decydowa\u0107 o twoich wygranych, pomno\u017conych przez odpowiedni wsp\u00f3\u0142czynnik.<\/p>\n<p>Tutaj kluczowa jest r\u00f3wnowaga: wa\u017cne jest, aby wybra\u0107 odpowiedni moment na wyp\u0142at\u0119 swojego zak\u0142adu i zatrzyma\u0107 start w odpowiednim momencie. Kluczem jest naci\u015bni\u0119cie &#8222;Cash Out&#8221; przed tym, jak samolot odleci zbyt daleko.<\/p>\n<h2>Czat dla graczy Aviator<\/h2>\n<p>Funkcja czatu w grze Aviator pozwala na interakcj\u0119 z innymi graczami, co czyni gr\u0119 jeszcze bardziej interesuj\u0105c\u0105. Panele czatu do komunikacji znajduj\u0105 si\u0119 w prawym g\u00f3rnym rogu interfejsu gry (lub w prawym g\u00f3rnym rogu interfejsu mobilnego po aktywacji czatu). Przez ten czat mo\u017cesz wymienia\u0107 si\u0119 wiadomo\u015bciami i dzieli\u0107 si\u0119 informacjami o znacz\u0105cych wygranych.<\/p>\n<p>Pami\u0119taj, aby przestrzega\u0107 norm etycznych w czacie. Obra\u017aliwe wypowiedzi, brak szacunku i mowa nienawi\u015bci s\u0105 zabronione i mog\u0105 skutkowa\u0107 zablokowaniem twojego konta przez moderatora.<\/p>\n<h2>Pobieranie gry Aviator<\/h2>\n<p>Aby zagra\u0107 w Aviator, musisz pobra\u0107 oficjaln\u0105 aplikacj\u0119 kasyna online. Pami\u0119taj, \u017ce gra jest dost\u0119pna tylko w trybie online. Pobranie wersji na iPhone&#8217;a czy iPada nie jest mo\u017cliwe z powodu polityki Apple. Na urz\u0105dzeniach z Androidem r\u00f3wnie\u017c nie mo\u017cesz pobra\u0107 Aviator jako samodzielnej aplikacji, ale mo\u017cesz korzysta\u0107 z aplikacji kasyna online, aby gra\u0107. Szczeg\u00f3\u0142y s\u0105 dost\u0119pne na stronie Twojego kasyna.<\/p>\n<h3>Najcz\u0119\u015bciej zadawane pytania o gr\u0119 Spribe Aviator<\/h3>\n<p>FAQ: Odpowiedzi na cz\u0119sto zadawane pytania dotycz\u0105ce Aviator<\/p>\n<ul>\n<li><strong>Jak d\u0142ugo trwa jedna runda w grze Spribe Aviator?<\/strong><\/li>\n<\/ul>\n<p>Czas trwania ka\u017cdej rundy w Aviator jest okre\u015blany przez mno\u017cnik, kt\u00f3ry si\u0119 pojawi. Minimalny czas rundy wynosi z mno\u017cnikiem 1,1. W miar\u0119 wzrostu mno\u017cnika, rosn\u0105 potencjalne wygrane. Typowo, runda w Aviator trwa od 8 do 30 sekund.<\/p>\n<ul>\n<li><strong>Jaki jest minimalny zak\u0142ad do gry w Aviator?<\/strong><\/li>\n<\/ul>\n<p>Minimalny zak\u0142ad w Aviator wynosi 10 cent\u00f3w lub 0,1 dolara. Dodatkowo, je\u015bli chcesz, mo\u017cesz stawia\u0107 zak\u0142ady w interwa\u0142ach po 10 cent\u00f3w.<\/p>\n<ul>\n<li><strong>Jaki mo\u017ce by\u0107 maksymalny zak\u0142ad?<\/strong><\/li>\n<\/ul>\n<p>Maksymalny zak\u0142ad w Aviator jest ograniczony do 100 dolar\u00f3w. Jednak\u017ce, zgodnie z zasadami, gracze mog\u0105 postawi\u0107 kilka zak\u0142ad\u00f3w jednocze\u015bnie.<\/p>\n<ul>\n<li><strong>Jaki jest najni\u017cszy mno\u017cnik w grze Aviator?<\/strong><\/li>\n<\/ul>\n<p>Najni\u017cszy mno\u017cnik w Aviator to 1. Taki mno\u017cnik rzadko si\u0119 pojawia, przeci\u0119tnie raz na 50 rund. Runda z mno\u017cnikiem 1 ko\u0144czy si\u0119 zwykle strat\u0105, poniewa\u017c jego przewidzenie jest prawie niemo\u017cliwe.<\/p>\n<ul>\n<li><strong>Jak zacz\u0105\u0107 gra\u0107 w Aviator?<\/strong><\/li>\n<\/ul>\n<p>Zanim zaczniesz gra\u0107, okre\u015bl swoje cele i bud\u017cet. Zaleca si\u0119 rozpocz\u0119cie od minimalnych zak\u0142ad\u00f3w, aby rozci\u0105gn\u0105\u0107 swoje do\u015bwiadczenie na wiele rund. Je\u015bli grasz na prawdziwe pieni\u0105dze, stw\u00f3rz strategi\u0119, poniewa\u017c losowe dzia\u0142ania mog\u0105 nie przynie\u015b\u0107 oczekiwanego rezultatu.<\/p>\n<ul>\n<li><strong>Jak wygra\u0107 w grze Aviator?<\/strong><\/li>\n<\/ul>\n<p>Nawet mno\u017cniki zaczynaj\u0105ce si\u0119 od 1,2 s\u0105 uwa\u017cane za wygrywaj\u0105ce w Aviator. Niewielki wzrost salda z mno\u017cnikiem 1,2 mo\u017ce aktywowa\u0107 kolejne mno\u017cniki jak 1, 1,03 itd., co mo\u017ce prowadzi\u0107 do wygranej. Strategie z mno\u017cnikami od 1,2 do 2 s\u0105 uwa\u017cane za konserwatywne, mno\u017cniki od 2 do 4 reprezentuj\u0105 \u015brednie ryzyko, a od 8 w g\u00f3r\u0119 wysokie ryzyko. Wa\u017cne jest r\u00f3wnie\u017c uwzgl\u0119dnienie wielko\u015bci twojego zak\u0142adu i posiadanie wystarczaj\u0105cego salda na 200 zak\u0142ad\u00f3w.<\/p>\n<ul>\n<li><strong>Jaki jest maksymalny mno\u017cnik w grze Aviator?<\/strong><\/li>\n<\/ul>\n<p>Najwy\u017cszy mno\u017cnik w Aviator to 200. Jednak taki mno\u017cnik pojawia si\u0119 rzadko, przeci\u0119tnie raz na 60-80 minut.<\/p>\n<ul>\n<li><strong>Jak pobra\u0107 gr\u0119 Aviator?<\/strong><\/li>\n<\/ul>\n<p>Poniewa\u017c Aviator to gra online dost\u0119pna przez kasyna online, nie mo\u017cesz jej pobra\u0107 jako samodzielnej aplikacji. Musisz pobra\u0107 aplikacj\u0119 kasyna i gra\u0107 w Aviator przez ni\u0105.<\/p>\n<ul>\n<li><strong>Jak przewidzie\u0107 wynik rundy w grze Aviator?<\/strong><\/li>\n<\/ul>\n<p>Dok\u0142adne przewidzenie wyniku rundy w Aviator jest niemo\u017cliwe. Prawid\u0142owa strategia i ostro\u017cne obserwowanie trend\u00f3w mog\u0105 pom\u00f3c w podejmowaniu decyzji, ale dok\u0142adne przewidzenie jest niemo\u017cliwe.<\/p>\n<ul>\n<li><strong>Jak dokonywa\u0107 wp\u0142at i wyp\u0142at wygranych w grze Aviator?<\/strong><\/li>\n<\/ul>\n<p>Aby dokona\u0107 wp\u0142aty, zarejestruj si\u0119 na stronie kasyna i zasil swoje konto gracza. Aby wyp\u0142aci\u0107 swoje wygrane, b\u0119dzie wymagana weryfikacja to\u017csamo\u015bci.<\/p>\n<h2>Gdzie gra\u0107 w Aviator i jak zacz\u0105\u0107<\/h2>\n<p>Gra Aviator jest dost\u0119pna w wielu kasynach online, ale wa\u017cne jest wybranie niezawodnych i uczciwych platform. Zaleca si\u0119 gr\u0119 tylko na oficjalnych licencjonowanych stronach Aviator Spribe. Wybieraj\u0105c odpowiednie kasyno do udzia\u0142u w Aviator, post\u0119puj zgodnie z poni\u017cszymi krokami:<\/p>\n<ol>\n<li>Sprawd\u017a sekcj\u0119 informacji prawnych, aby upewni\u0107 si\u0119, \u017ce kasyno posiada licencj\u0119. Przeczytaj recenzje online, aby dowiedzie\u0107 si\u0119 o potencjalnych problemach, z kt\u00f3rymi inni gracze si\u0119 spotkali. Zwr\u00f3\u0107 szczeg\u00f3ln\u0105 uwag\u0119 na kwestie zwi\u0105zane z wyp\u0142atami.<\/li>\n<li>Po wyborze odpowiedniego kasyna do gry w Aviator, odwied\u017a jego stron\u0119 internetow\u0105 i wype\u0142nij formularz rejestracyjny. Zwykle dost\u0119pne s\u0105 nast\u0119puj\u0105ce metody rejestracji:<br \/>\nRejestracja za pomoc\u0105 numeru telefonu<br \/>\nRejestracja za pomoc\u0105 adresu e-mail<br \/>\nRejestracja za pomoc\u0105 kont w mediach spo\u0142eczno\u015bciowych<\/li>\n<li>Wybierz dla siebie najbardziej wygodny spos\u00f3b. Nie zapomnij zweryfikowa\u0107 swojego konta, aby unikn\u0105\u0107 problem\u00f3w z dost\u0119pem w przysz\u0142o\u015bci. Wa\u017cne jest, aby pami\u0119ta\u0107, \u017ce w celu zapobiegania oszustwom administracja kasyna mo\u017ce wymaga\u0107 weryfikacji danych osobowych przed umo\u017cliwieniem wyp\u0142aty wygranych.<\/li>\n<\/ol>\n<p>Gra w Aviator jest najbezpieczniejsza na oficjalnych stronach kasyn online.<\/p>\n<h2>Dokonywanie wp\u0142at i wyp\u0142at w grze Aviator<\/h2>\n<p>Aby rozpocz\u0105\u0107 gr\u0119 w Aviator na prawdziwe pieni\u0105dze, powiniene\u015b zarejestrowa\u0107 si\u0119 na oficjalnej stronie internetowej kasyna online oferuj\u0105cego gr\u0119. Zaleca si\u0119 zasilanie swojego konta jak najszybciej po rejestracji, poniewa\u017c wiele kasyn oferuje bonusy powitalne za pierwsz\u0105 wp\u0142at\u0119 w ci\u0105gu pierwszej godziny po rejestracji.<\/p>\n<h3>Proces wp\u0142acania \u015brodk\u00f3w w Aviator sk\u0142ada si\u0119 z trzech prostych krok\u00f3w i zajmuje tylko kilka minut:<\/h3>\n<ol>\n<li>Kliknij przycisk &#8222;Deposit&#8221;, zwykle znajduj\u0105cy si\u0119 w prawym g\u00f3rnym rogu ekranu.<\/li>\n<li>Okre\u015bl kwot\u0119, kt\u00f3r\u0105 chcesz wp\u0142aci\u0107 i wybierz metod\u0119 p\u0142atno\u015bci.<\/li>\n<li>Potwierd\u017a p\u0142atno\u015b\u0107.<\/li>\n<\/ol>\n<h3>Cz\u0119sto dost\u0119pne s\u0105 nast\u0119puj\u0105ce metody wp\u0142at:<\/h3>\n<ul>\n<li>Portfele elektroniczne<\/li>\n<li>Kryptowaluty<\/li>\n<li>Karty kredytowe i debetowe, takie jak Visa i MasterCard<\/li>\n<\/ul>\n<p>Powodzenia w grze! Zacznij gra\u0107 w Aviator od Spribe i d\u0105\u017c do zwyci\u0119stwa!<\/p>\n","protected":false},"excerpt":{"rendered":"<p>Witaj w oficjalnym portalu Aviator Games, gdzie rozpoczniesz ekscytuj\u0105c\u0105 podr\u00f3\u017c do wszech\u015bwiata gry Aviator \u2013 emocjonuj\u0105cej gry &#8222;crash&#8221; i jednej z najpopularniejszych gier online naszych czas\u00f3w. Czym jest gra Aviator? Aviator to ekscytuj\u0105ca przygoda dost\u0119pna dla wszystkich graczy w wirtualnym kasynie. Gracze maj\u0105 mo\u017cliwo\u015b\u0107 obstawiania mno\u017cnika symbolizowanego przez czerwony samolot. Twoje potencjalne wygrane s\u0105 \u015bci\u015ble zwi\u0105zane z tym mno\u017cnikiem, kt\u00f3ry wzrasta wraz z wznoszeniem si\u0119 samolotu. Gra Aviator jest znana ze swojej unikalnej fabu\u0142y gry&hellip; <\/p>\n","protected":false},"author":1,"featured_media":0,"parent":0,"menu_order":0,"comment_status":"closed","ping_status":"closed","template":"","meta":{"footnotes":""},"class_list":["post-11","page","type-page","status-publish","hentry"],"yoast_head":"<!-- This site is optimized with the Yoast SEO plugin v27.2 - https:\/\/yoast.com\/product\/yoast-seo-wordpress\/ -->\n<title>\u0427\u0442\u043e \u0442\u0430\u043a\u043e\u0435 \u0438\u0433\u0440\u0430 \u0410\u0432\u0438\u0430\u0442\u043e\u0440<\/title>\n<meta name=\"description\" content=\"Wszystko o grze wypadk\u00f3w Aviator. Jak gra\u0107 i wygrywa\u0107 w Aviator, strategie gry, pobierz aplikacj\u0119, \u017cyciowe podpowiedzi, opinie i recenzje prawdziwych graczy, zawieraj zak\u0142ady.\" \/>\n<meta name=\"robots\" content=\"index, follow, max-snippet:-1, max-image-preview:large, max-video-preview:-1\" \/>\n<link rel=\"canonical\" href=\"https:\/\/trafficaviator.com\/pl\/\" \/>\n<meta property=\"og:locale\" content=\"pl_PL\" \/>\n<meta property=\"og:locale:alternate\" content=\"ru_RU\" \/>\n<meta property=\"og:locale:alternate\" content=\"en_US\" \/>\n<meta property=\"og:locale:alternate\" content=\"pt_PT\" \/>\n<meta property=\"og:locale:alternate\" content=\"es_ES\" \/>\n<meta property=\"og:locale:alternate\" content=\"fr_FR\" \/>\n<meta property=\"og:locale:alternate\" content=\"de_DE\" \/>\n<meta property=\"og:locale:alternate\" content=\"ro_RO\" \/>\n<meta property=\"og:locale:alternate\" content=\"sr_RS\" \/>\n<meta property=\"og:locale:alternate\" content=\"bg_BG\" \/>\n<meta property=\"og:type\" content=\"article\" \/>\n<meta property=\"og:title\" content=\"\u0427\u0442\u043e \u0442\u0430\u043a\u043e\u0435 \u0438\u0433\u0440\u0430 \u0410\u0432\u0438\u0430\u0442\u043e\u0440\" \/>\n<meta property=\"og:description\" content=\"\u0427\u0442\u043e \u0442\u0430\u043a\u043e\u0435 \u0438\u0433\u0440\u0430 \u0410\u0432\u0438\u0430\u0442\u043e\u0440\" \/>\n<meta property=\"og:url\" content=\"https:\/\/trafficaviator.com\/pl\/\" \/>\n<meta property=\"og:site_name\" content=\"Aviator Game\" \/>\n<meta property=\"article:modified_time\" content=\"2024-04-22T13:52:15+00:00\" \/>\n<meta property=\"og:image\" content=\"https:\/\/trafficaviator.com\/wp-content\/uploads\/2023\/08\/aviatorlogo-300x105.webp\" \/>\n<meta name=\"twitter:card\" content=\"summary_large_image\" \/>\n<meta name=\"twitter:label1\" content=\"Szacowany czas czytania\" \/>\n\t<meta name=\"twitter:data1\" content=\"6 minut\" \/>\n<script type=\"application\/ld+json\" class=\"yoast-schema-graph\">{\"@context\":\"https:\/\/schema.org\",\"@graph\":[{\"@type\":\"WebPage\",\"@id\":\"https:\/\/trafficaviator.com\/ru\/\",\"url\":\"https:\/\/trafficaviator.com\/ru\/\",\"name\":\"\u0427\u0442\u043e \u0442\u0430\u043a\u043e\u0435 \u0438\u0433\u0440\u0430 \u0410\u0432\u0438\u0430\u0442\u043e\u0440\",\"isPartOf\":{\"@id\":\"https:\/\/trafficaviator.com\/#website\"},\"primaryImageOfPage\":{\"@id\":\"https:\/\/trafficaviator.com\/ru\/#primaryimage\"},\"image\":{\"@id\":\"https:\/\/trafficaviator.com\/ru\/#primaryimage\"},\"thumbnailUrl\":\"https:\/\/trafficaviator.com\/wp-content\/uploads\/2023\/08\/aviatorlogo-300x105.webp\",\"datePublished\":\"2023-08-22T13:08:48+00:00\",\"dateModified\":\"2024-04-22T13:52:15+00:00\",\"description\":\"\u0427\u0442\u043e \u0442\u0430\u043a\u043e\u0435 \u0438\u0433\u0440\u0430 \u0410\u0432\u0438\u0430\u0442\u043e\u0440\",\"breadcrumb\":{\"@id\":\"https:\/\/trafficaviator.com\/ru\/#breadcrumb\"},\"inLanguage\":\"pl-PL\",\"potentialAction\":[{\"@type\":\"ReadAction\",\"target\":[\"https:\/\/trafficaviator.com\/ru\/\"]}]},{\"@type\":\"ImageObject\",\"inLanguage\":\"pl-PL\",\"@id\":\"https:\/\/trafficaviator.com\/ru\/#primaryimage\",\"url\":\"https:\/\/trafficaviator.com\/wp-content\/uploads\/2023\/08\/aviatorlogo-300x105.webp\",\"contentUrl\":\"https:\/\/trafficaviator.com\/wp-content\/uploads\/2023\/08\/aviatorlogo-300x105.webp\"},{\"@type\":\"BreadcrumbList\",\"@id\":\"https:\/\/trafficaviator.com\/ru\/#breadcrumb\",\"itemListElement\":[{\"@type\":\"ListItem\",\"position\":1,\"name\":\"Home\",\"item\":\"https:\/\/trafficaviator.com\/ru\/\"},{\"@type\":\"ListItem\",\"position\":2,\"name\":\"\u0413\u043b\u0430\u0432\u043d\u0430\u044f\"}]},{\"@type\":\"WebSite\",\"@id\":\"https:\/\/trafficaviator.com\/#website\",\"url\":\"https:\/\/trafficaviator.com\/\",\"name\":\"Aviator Game\",\"description\":\"\",\"potentialAction\":[{\"@type\":\"SearchAction\",\"target\":{\"@type\":\"EntryPoint\",\"urlTemplate\":\"https:\/\/trafficaviator.com\/?s={search_term_string}\"},\"query-input\":{\"@type\":\"PropertyValueSpecification\",\"valueRequired\":true,\"valueName\":\"search_term_string\"}}],\"inLanguage\":\"pl-PL\"}]}<\/script>\n<!-- \/ Yoast SEO plugin. -->","yoast_head_json":{"title":"\u0427\u0442\u043e \u0442\u0430\u043a\u043e\u0435 \u0438\u0433\u0440\u0430 \u0410\u0432\u0438\u0430\u0442\u043e\u0440","description":"Wszystko o grze wypadk\u00f3w Aviator. Jak gra\u0107 i wygrywa\u0107 w Aviator, strategie gry, pobierz aplikacj\u0119, \u017cyciowe podpowiedzi, opinie i recenzje prawdziwych graczy, zawieraj zak\u0142ady.","robots":{"index":"index","follow":"follow","max-snippet":"max-snippet:-1","max-image-preview":"max-image-preview:large","max-video-preview":"max-video-preview:-1"},"canonical":"https:\/\/trafficaviator.com\/pl\/","og_locale":"pl_PL","og_type":"article","og_title":"[:ru]\u0427\u0442\u043e \u0442\u0430\u043a\u043e\u0435 \u0438\u0433\u0440\u0430 \u0410\u0432\u0438\u0430\u0442\u043e\u0440[:en]What is the Aviator game[:]","og_description":"\u0427\u0442\u043e \u0442\u0430\u043a\u043e\u0435 \u0438\u0433\u0440\u0430 \u0410\u0432\u0438\u0430\u0442\u043e\u0440","og_url":"https:\/\/trafficaviator.com\/pl\/","og_site_name":"Aviator Game","article_modified_time":"2024-04-22T13:52:15+00:00","og_image":[{"url":"https:\/\/trafficaviator.com\/wp-content\/uploads\/2023\/08\/aviatorlogo-300x105.webp","type":"","width":"","height":""}],"twitter_card":"summary_large_image","twitter_misc":{"Szacowany czas czytania":"6 minut"},"schema":{"@context":"https:\/\/schema.org","@graph":[{"@type":"WebPage","@id":"https:\/\/trafficaviator.com\/ru\/","url":"https:\/\/trafficaviator.com\/ru\/","name":"\u0427\u0442\u043e \u0442\u0430\u043a\u043e\u0435 \u0438\u0433\u0440\u0430 \u0410\u0432\u0438\u0430\u0442\u043e\u0440","isPartOf":{"@id":"https:\/\/trafficaviator.com\/#website"},"primaryImageOfPage":{"@id":"https:\/\/trafficaviator.com\/ru\/#primaryimage"},"image":{"@id":"https:\/\/trafficaviator.com\/ru\/#primaryimage"},"thumbnailUrl":"https:\/\/trafficaviator.com\/wp-content\/uploads\/2023\/08\/aviatorlogo-300x105.webp","datePublished":"2023-08-22T13:08:48+00:00","dateModified":"2024-04-22T13:52:15+00:00","description":"\u0427\u0442\u043e \u0442\u0430\u043a\u043e\u0435 \u0438\u0433\u0440\u0430 \u0410\u0432\u0438\u0430\u0442\u043e\u0440","breadcrumb":{"@id":"https:\/\/trafficaviator.com\/ru\/#breadcrumb"},"inLanguage":"pl-PL","potentialAction":[{"@type":"ReadAction","target":["https:\/\/trafficaviator.com\/ru\/"]}]},{"@type":"ImageObject","inLanguage":"pl-PL","@id":"https:\/\/trafficaviator.com\/ru\/#primaryimage","url":"https:\/\/trafficaviator.com\/wp-content\/uploads\/2023\/08\/aviatorlogo-300x105.webp","contentUrl":"https:\/\/trafficaviator.com\/wp-content\/uploads\/2023\/08\/aviatorlogo-300x105.webp"},{"@type":"BreadcrumbList","@id":"https:\/\/trafficaviator.com\/ru\/#breadcrumb","itemListElement":[{"@type":"ListItem","position":1,"name":"Home","item":"https:\/\/trafficaviator.com\/ru\/"},{"@type":"ListItem","position":2,"name":"\u0413\u043b\u0430\u0432\u043d\u0430\u044f"}]},{"@type":"WebSite","@id":"https:\/\/trafficaviator.com\/#website","url":"https:\/\/trafficaviator.com\/","name":"Aviator Game","description":"","potentialAction":[{"@type":"SearchAction","target":{"@type":"EntryPoint","urlTemplate":"https:\/\/trafficaviator.com\/?s={search_term_string}"},"query-input":{"@type":"PropertyValueSpecification","valueRequired":true,"valueName":"search_term_string"}}],"inLanguage":"pl-PL"}]}},"_links":{"self":[{"href":"https:\/\/trafficaviator.com\/pl\/wp-json\/wp\/v2\/pages\/11","targetHints":{"allow":["GET"]}}],"collection":[{"href":"https:\/\/trafficaviator.com\/pl\/wp-json\/wp\/v2\/pages"}],"about":[{"href":"https:\/\/trafficaviator.com\/pl\/wp-json\/wp\/v2\/types\/page"}],"author":[{"embeddable":true,"href":"https:\/\/trafficaviator.com\/pl\/wp-json\/wp\/v2\/users\/1"}],"replies":[{"embeddable":true,"href":"https:\/\/trafficaviator.com\/pl\/wp-json\/wp\/v2\/comments?post=11"}],"version-history":[{"count":53,"href":"https:\/\/trafficaviator.com\/pl\/wp-json\/wp\/v2\/pages\/11\/revisions"}],"predecessor-version":[{"id":177,"href":"https:\/\/trafficaviator.com\/pl\/wp-json\/wp\/v2\/pages\/11\/revisions\/177"}],"wp:attachment":[{"href":"https:\/\/trafficaviator.com\/pl\/wp-json\/wp\/v2\/media?parent=11"}],"curies":[{"name":"wp","href":"https:\/\/api.w.org\/{rel}","templated":true}]}}