{"id":13,"date":"2023-08-22T13:14:13","date_gmt":"2023-08-22T13:14:13","guid":{"rendered":"https:\/\/trafficaviator.com\/?page_id=13"},"modified":"2024-04-22T13:52:44","modified_gmt":"2024-04-22T13:52:44","slug":"strategies-aviator","status":"publish","type":"page","link":"https:\/\/trafficaviator.com\/pl\/strategies-aviator\/","title":{"rendered":"Strategie skutecznej gry w Aviator"},"content":{"rendered":"<p>Oto przet\u0142umaczony tekst na j\u0119zyk polski:<\/p>\n<p>Nasze rekomendowane strategie r\u00f3\u017cni\u0105 si\u0119 znacznie od tradycyjnych, poniewa\u017c sukces lub pora\u017cka zale\u017cy wy\u0142\u0105cznie od Twojej chciwo\u015bci i cierpliwo\u015bci.<\/p>\n<p>Dlatego pierwszym krokiem do wygranej jest okre\u015blenie wielko\u015bci i rodzaju zak\u0142ad\u00f3w. Powszechnie wiadomo, \u017ce minimalny zak\u0142ad w Aviator to 5 cent\u00f3w, a maksymalna liczba jednoczesnych zak\u0142ad\u00f3w to dwa. Najpierw przyjrzyjmy si\u0119 strategiom zar\u00f3wno dla pojedynczych, jak i podw\u00f3jnych zak\u0142ad\u00f3w.<\/p>\n<h2>Strategia gry w Aviator z pojedynczym zak\u0142adem<\/h2>\n<p>Ta opcja jest idealna dla pocz\u0105tkuj\u0105cych. Jedna runda gry odpowiada jednemu zak\u0142adowi, co pozwala skoncentrowa\u0107 si\u0119 i kontrolowa\u0107 proces zarabiania w Aviator. Najpierw okre\u015bl sw\u00f3j bud\u017cet. To okre\u015bli wielko\u015b\u0107 Twojego zak\u0142adu. Nasza rekomendowana zasada m\u00f3wi, \u017ce Tw\u00f3j bud\u017cet powinien pozwala\u0107 na 200 zak\u0142ad\u00f3w (co najmniej 100). Zalecamy gr\u0119 z mno\u017cnikiem 5 dolar\u00f3w za zak\u0142ad, je\u015bli masz 500 dolar\u00f3w. Z 100 dolarami mo\u017cesz stawia\u0107 zak\u0142ady od 0,5 do 1 dolar\u00f3w USA.<\/p>\n<p>Po okre\u015bleniu wielko\u015bci zak\u0142adu w Aviator, wybierz strategi\u0119. Istniej\u0105 trzy g\u0142\u00f3wne strategie, kt\u00f3re sklasyfikujemy.<\/p>\n<h3>Niska strategia ryzyka w prawdziwym Aviatorze<\/h3>\n<p>To podej\u015bcie nie obiecuje szybkiego sukcesu, ale pozwala czu\u0107 si\u0119 pewnie i unika\u0107 du\u017cych strat. Opiera si\u0119 ono na niskich mno\u017cnikach, a Twoja wyp\u0142ata powinna wynosi\u0107 oko\u0142o x1,20-x1,21 w ka\u017cdej rundzie. Mo\u017cesz r\u00f3wnie\u017c korzysta\u0107 z automatycznego wycofywania i automatycznych zak\u0142ad\u00f3w. Zmniejszy to liczb\u0119 nieudanych rund i stopniowo zwi\u0119kszy Twoje saldo. Gdy Twoje saldo ro\u015bnie, mo\u017cesz stawia\u0107 wi\u0119ksze zak\u0142ady, zwi\u0119kszaj\u0105c wygrane w Aviator.<\/p>\n<h3>Umiarkowana strategia ryzyka w prawdziwym Aviatorze<\/h3>\n<p>Ta taktyka jest zalecana dla graczy z wi\u0119kszym bud\u017cetem w Aviator. U\u017cywamy mno\u017cnik\u00f3w x2-x3 w tej strategii. Prawdopodobie\u0144stwo udanej rundy przy mno\u017cnikach 2-3 wynosi 40-42%. W przypadku przed\u0142u\u017caj\u0105cej si\u0119 niepewno\u015bci lub wysokich mno\u017cnik\u00f3w mo\u017cesz podj\u0105\u0107 ryzyko i postawi\u0107 wy\u017csze zak\u0142ady. Je\u015bli masz szcz\u0119\u015bcie, pozostaniesz na plusie i zwi\u0119kszysz sw\u00f3j depozyt.<\/p>\n<h3>Powa\u017cna strategia dla szybkich zarobk\u00f3w w grze Aviator<\/h3>\n<p>To taktyka dla prawdziwych szcz\u0119\u015bliwc\u00f3w! \u015arednio mno\u017cniki powy\u017cej 100 pojawiaj\u0105 si\u0119 raz na p\u00f3\u0142torej godziny. Zalecamy \u015bledzenie wynik\u00f3w i, gdy pojawi si\u0119 wysoki mno\u017cnik, zaczynaj aktywnie stawia\u0107 zak\u0142ady. Powodzenia!<\/p>\n<h2>Strategia gry w Aviator z dwoma jednoczesnymi zak\u0142adami<\/h2>\n<p>Mimo pewnych podobie\u0144stw do gry z pojedynczym zak\u0142adem, tutaj wymagana jest wi\u0119ksza uwaga. Chodzi o znalezienie idealnej r\u00f3wnowagi mi\u0119dzy ryzykiem a nagrod\u0105. Zaleca si\u0119 korzystanie z automatycznych zak\u0142ad\u00f3w i automatycznego wycofywania z mno\u017cnikiem x1,2 dla pierwszego zak\u0142adu. Dla drugiego zak\u0142adu nadaje si\u0119 zalecana wcze\u015bniej strategia umiarkowanego ryzyka.<\/p>\n<p>Zalecamy postawienie jednego zak\u0142adu z mno\u017cnikiem x40 i drugiego z mno\u017cnikiem x100. Pomo\u017ce to unikn\u0105\u0107 szybkiego wyczerpania Twojego salda i oczekiwa\u0107 najlepszych mno\u017cnik\u00f3w.<\/p>\n<p>W ko\u0144cu \u017cadna z wymienionych strategii nie gwarantuje sukcesu. Zawsze mo\u017cesz eksperymentowa\u0107, wymy\u015bla\u0107 nowe podej\u015bcia i wygrywa\u0107. Podziel si\u0119 swoimi wynikami w sekcji recenzji na naszej stronie, je\u015bli uda Ci si\u0119 opracowa\u0107 skuteczn\u0105 strategi\u0119 gry w Aviator na stronie kasyna online.<\/p>\n<p>Pami\u0119taj, \u017ce zwyci\u0119stwo w Aviatorze jest mo\u017cliwe!<\/p>\n","protected":false},"excerpt":{"rendered":"<p>Oto przet\u0142umaczony tekst na j\u0119zyk polski: Nasze rekomendowane strategie r\u00f3\u017cni\u0105 si\u0119 znacznie od tradycyjnych, poniewa\u017c sukces lub pora\u017cka zale\u017cy wy\u0142\u0105cznie od Twojej chciwo\u015bci i cierpliwo\u015bci. Dlatego pierwszym krokiem do wygranej jest okre\u015blenie wielko\u015bci i rodzaju zak\u0142ad\u00f3w. Powszechnie wiadomo, \u017ce minimalny zak\u0142ad w Aviator to 5 cent\u00f3w, a maksymalna liczba jednoczesnych zak\u0142ad\u00f3w to dwa. Najpierw przyjrzyjmy si\u0119 strategiom zar\u00f3wno dla pojedynczych, jak i podw\u00f3jnych zak\u0142ad\u00f3w. Strategia gry w Aviator z pojedynczym zak\u0142adem Ta opcja jest idealna&hellip; <\/p>\n","protected":false},"author":1,"featured_media":0,"parent":0,"menu_order":0,"comment_status":"closed","ping_status":"closed","template":"","meta":{"footnotes":""},"class_list":["post-13","page","type-page","status-publish","hentry"],"yoast_head":"<!-- This site is optimized with the Yoast SEO plugin v27.2 - https:\/\/yoast.com\/product\/yoast-seo-wordpress\/ -->\n<title>Strategie skutecznej gry w Aviator<\/title>\n<meta name=\"description\" content=\"Strategie i taktyki gry w wypadkow\u0105 gr\u0119 Aviator. Jak gra\u0107 i wygrywa\u0107 w Aviator teraz. Wygraj prawdziwe pieni\u0105dze w Aviator dla graczy z ca\u0142ego \u015bwiata.\" \/>\n<meta name=\"robots\" content=\"index, follow, max-snippet:-1, max-image-preview:large, max-video-preview:-1\" \/>\n<link rel=\"canonical\" href=\"https:\/\/trafficaviator.com\/pl\/strategies-aviator\/\" \/>\n<meta property=\"og:locale\" content=\"pl_PL\" \/>\n<meta property=\"og:locale:alternate\" content=\"ru_RU\" \/>\n<meta property=\"og:locale:alternate\" content=\"en_US\" \/>\n<meta property=\"og:locale:alternate\" content=\"pt_PT\" \/>\n<meta property=\"og:locale:alternate\" content=\"es_ES\" \/>\n<meta property=\"og:locale:alternate\" content=\"fr_FR\" \/>\n<meta property=\"og:locale:alternate\" content=\"de_DE\" \/>\n<meta property=\"og:locale:alternate\" content=\"ro_RO\" \/>\n<meta property=\"og:locale:alternate\" content=\"sr_RS\" \/>\n<meta property=\"og:locale:alternate\" content=\"bg_BG\" \/>\n<meta property=\"og:type\" content=\"article\" \/>\n<meta property=\"og:title\" content=\"Strategie skutecznej gry w Aviator\" \/>\n<meta property=\"og:description\" content=\"Oto przet\u0142umaczony tekst na j\u0119zyk polski: Nasze rekomendowane strategie r\u00f3\u017cni\u0105 si\u0119 znacznie od tradycyjnych, poniewa\u017c sukces lub pora\u017cka zale\u017cy wy\u0142\u0105cznie od Twojej chciwo\u015bci i cierpliwo\u015bci. Dlatego pierwszym krokiem do wygranej jest okre\u015blenie wielko\u015bci i rodzaju zak\u0142ad\u00f3w. Powszechnie wiadomo, \u017ce minimalny zak\u0142ad w Aviator to 5 cent\u00f3w, a maksymalna liczba jednoczesnych zak\u0142ad\u00f3w to dwa. Najpierw przyjrzyjmy si\u0119 strategiom zar\u00f3wno dla pojedynczych, jak i podw\u00f3jnych zak\u0142ad\u00f3w. Strategia gry w Aviator z pojedynczym zak\u0142adem Ta opcja jest idealna&hellip;\" \/>\n<meta property=\"og:url\" content=\"https:\/\/trafficaviator.com\/pl\/strategies-aviator\/\" \/>\n<meta property=\"og:site_name\" content=\"Aviator Game\" \/>\n<meta property=\"article:modified_time\" content=\"2024-04-22T13:52:44+00:00\" \/>\n<meta name=\"twitter:card\" content=\"summary_large_image\" \/>\n<meta name=\"twitter:label1\" content=\"Szacowany czas czytania\" \/>\n\t<meta name=\"twitter:data1\" content=\"20 minut\" \/>\n<script type=\"application\/ld+json\" class=\"yoast-schema-graph\">{\"@context\":\"https:\/\/schema.org\",\"@graph\":[{\"@type\":\"WebPage\",\"@id\":\"https:\/\/trafficaviator.com\/en\/strategies-aviator\/\",\"url\":\"https:\/\/trafficaviator.com\/en\/strategies-aviator\/\",\"name\":\"Strategie skutecznej gry w Aviator\",\"isPartOf\":{\"@id\":\"https:\/\/trafficaviator.com\/#website\"},\"datePublished\":\"2023-08-22T13:14:13+00:00\",\"dateModified\":\"2024-04-22T13:52:44+00:00\",\"breadcrumb\":{\"@id\":\"https:\/\/trafficaviator.com\/en\/strategies-aviator\/#breadcrumb\"},\"inLanguage\":\"pl-PL\",\"potentialAction\":[{\"@type\":\"ReadAction\",\"target\":[\"https:\/\/trafficaviator.com\/en\/strategies-aviator\/\"]}]},{\"@type\":\"BreadcrumbList\",\"@id\":\"https:\/\/trafficaviator.com\/en\/strategies-aviator\/#breadcrumb\",\"itemListElement\":[{\"@type\":\"ListItem\",\"position\":1,\"name\":\"Home\",\"item\":\"https:\/\/trafficaviator.com\/ru\/\"},{\"@type\":\"ListItem\",\"position\":2,\"name\":\"Strategies for Successful Play in Aviator\"}]},{\"@type\":\"WebSite\",\"@id\":\"https:\/\/trafficaviator.com\/#website\",\"url\":\"https:\/\/trafficaviator.com\/\",\"name\":\"Aviator Game\",\"description\":\"\",\"potentialAction\":[{\"@type\":\"SearchAction\",\"target\":{\"@type\":\"EntryPoint\",\"urlTemplate\":\"https:\/\/trafficaviator.com\/?s={search_term_string}\"},\"query-input\":{\"@type\":\"PropertyValueSpecification\",\"valueRequired\":true,\"valueName\":\"search_term_string\"}}],\"inLanguage\":\"pl-PL\"}]}<\/script>\n<!-- \/ Yoast SEO plugin. -->","yoast_head_json":{"title":"Strategie skutecznej gry w Aviator","description":"Strategie i taktyki gry w wypadkow\u0105 gr\u0119 Aviator. Jak gra\u0107 i wygrywa\u0107 w Aviator teraz. Wygraj prawdziwe pieni\u0105dze w Aviator dla graczy z ca\u0142ego \u015bwiata.","robots":{"index":"index","follow":"follow","max-snippet":"max-snippet:-1","max-image-preview":"max-image-preview:large","max-video-preview":"max-video-preview:-1"},"canonical":"https:\/\/trafficaviator.com\/pl\/strategies-aviator\/","og_locale":"pl_PL","og_type":"article","og_title":"[:ru]\u0421\u0442\u0440\u0430\u0442\u0435\u0433\u0438\u0438 \u0443\u0441\u043f\u0435\u0448\u043d\u043e\u0439 \u0438\u0433\u0440\u044b \u0432 \u0410\u0432\u0438\u0430\u0442\u043e\u0440\u0435[:en]Strategies for Successful Play in Aviator[:pt]Estrat\u00e9gias para Jogar com Sucesso no Aviator[:es]Estrategias para un Juego Exitoso en Aviator[:fr]Strat\u00e9gies pour jouer avec succ\u00e8s \u00e0 Aviator[:de]Strategien f\u00fcr erfolgreiches Spielen in Aviator[:ro]Strategii pentru un joc de succes \u00een Aviator[:sr]\u0421\u0442\u0440\u0430\u0442\u0435\u0433\u0438\u0458\u0435 \u0437\u0430 \u0443\u0441\u043f\u0435\u0448\u043d\u0443 \u0438\u0433\u0440\u0443 \u0443 \u0410\u0432\u0438\u0458\u0430\u0442\u043e\u0440\u0443[:bg]\u0421\u0442\u0440\u0430\u0442\u0435\u0433\u0438\u0438 \u0437\u0430 \u0443\u0441\u043f\u0435\u0448\u043d\u0430 \u0438\u0433\u0440\u0430 \u0432 Aviator[:pl]Strategie skutecznej gry w Aviator[:] - Aviator Game","og_description":"Oto przet\u0142umaczony tekst na j\u0119zyk polski: Nasze rekomendowane strategie r\u00f3\u017cni\u0105 si\u0119 znacznie od tradycyjnych, poniewa\u017c sukces lub pora\u017cka zale\u017cy wy\u0142\u0105cznie od Twojej chciwo\u015bci i cierpliwo\u015bci. Dlatego pierwszym krokiem do wygranej jest okre\u015blenie wielko\u015bci i rodzaju zak\u0142ad\u00f3w. Powszechnie wiadomo, \u017ce minimalny zak\u0142ad w Aviator to 5 cent\u00f3w, a maksymalna liczba jednoczesnych zak\u0142ad\u00f3w to dwa. Najpierw przyjrzyjmy si\u0119 strategiom zar\u00f3wno dla pojedynczych, jak i podw\u00f3jnych zak\u0142ad\u00f3w. Strategia gry w Aviator z pojedynczym zak\u0142adem Ta opcja jest idealna&hellip;","og_url":"https:\/\/trafficaviator.com\/pl\/strategies-aviator\/","og_site_name":"Aviator Game","article_modified_time":"2024-04-22T13:52:44+00:00","twitter_card":"summary_large_image","twitter_misc":{"Szacowany czas czytania":"20 minut"},"schema":{"@context":"https:\/\/schema.org","@graph":[{"@type":"WebPage","@id":"https:\/\/trafficaviator.com\/en\/strategies-aviator\/","url":"https:\/\/trafficaviator.com\/en\/strategies-aviator\/","name":"Strategie skutecznej gry w Aviator","isPartOf":{"@id":"https:\/\/trafficaviator.com\/#website"},"datePublished":"2023-08-22T13:14:13+00:00","dateModified":"2024-04-22T13:52:44+00:00","breadcrumb":{"@id":"https:\/\/trafficaviator.com\/en\/strategies-aviator\/#breadcrumb"},"inLanguage":"pl-PL","potentialAction":[{"@type":"ReadAction","target":["https:\/\/trafficaviator.com\/en\/strategies-aviator\/"]}]},{"@type":"BreadcrumbList","@id":"https:\/\/trafficaviator.com\/en\/strategies-aviator\/#breadcrumb","itemListElement":[{"@type":"ListItem","position":1,"name":"Home","item":"https:\/\/trafficaviator.com\/ru\/"},{"@type":"ListItem","position":2,"name":"Strategies for Successful Play in Aviator"}]},{"@type":"WebSite","@id":"https:\/\/trafficaviator.com\/#website","url":"https:\/\/trafficaviator.com\/","name":"Aviator Game","description":"","potentialAction":[{"@type":"SearchAction","target":{"@type":"EntryPoint","urlTemplate":"https:\/\/trafficaviator.com\/?s={search_term_string}"},"query-input":{"@type":"PropertyValueSpecification","valueRequired":true,"valueName":"search_term_string"}}],"inLanguage":"pl-PL"}]}},"_links":{"self":[{"href":"https:\/\/trafficaviator.com\/pl\/wp-json\/wp\/v2\/pages\/13","targetHints":{"allow":["GET"]}}],"collection":[{"href":"https:\/\/trafficaviator.com\/pl\/wp-json\/wp\/v2\/pages"}],"about":[{"href":"https:\/\/trafficaviator.com\/pl\/wp-json\/wp\/v2\/types\/page"}],"author":[{"embeddable":true,"href":"https:\/\/trafficaviator.com\/pl\/wp-json\/wp\/v2\/users\/1"}],"replies":[{"embeddable":true,"href":"https:\/\/trafficaviator.com\/pl\/wp-json\/wp\/v2\/comments?post=13"}],"version-history":[{"count":36,"href":"https:\/\/trafficaviator.com\/pl\/wp-json\/wp\/v2\/pages\/13\/revisions"}],"predecessor-version":[{"id":181,"href":"https:\/\/trafficaviator.com\/pl\/wp-json\/wp\/v2\/pages\/13\/revisions\/181"}],"wp:attachment":[{"href":"https:\/\/trafficaviator.com\/pl\/wp-json\/wp\/v2\/media?parent=13"}],"curies":[{"name":"wp","href":"https:\/\/api.w.org\/{rel}","templated":true}]}}