{"id":15,"date":"2023-08-22T13:20:28","date_gmt":"2023-08-22T13:20:28","guid":{"rendered":"https:\/\/trafficaviator.com\/?page_id=15"},"modified":"2024-04-22T13:52:29","modified_gmt":"2024-04-22T13:52:29","slug":"aviator-reivews","status":"publish","type":"page","link":"https:\/\/trafficaviator.com\/pl\/aviator-reivews\/","title":{"rendered":"Recenzje gry Aviator w kasynach online"},"content":{"rendered":"<p>Przegl\u0105d: Popularna gra Aviator &#8211; uwiod\u0142a serca milion\u00f3w fan\u00f3w na ca\u0142ym \u015bwiecie. Ta ekscytuj\u0105ca gra dost\u0119pna na stronach hazardowych to slot wypadkowy, w kt\u00f3rym krzywa zak\u0142ad\u00f3w wzrasta i mo\u017ce nagle spa\u015b\u0107 w ka\u017cdej chwili. Na pocz\u0105tku rundy krzywa zak\u0142ad\u00f3w ro\u015bnie, zwi\u0119kszaj\u0105c potencja\u0142 wygranej. Twoim zadaniem jest wycofanie wygranych przed upadkiem krzywej. Obraz samolotu zyskuj\u0105cego wysoko\u015b\u0107 symbolizuje ten proces, nadaj\u0105c grze nazw\u0119 Aviator.<\/p>\n<p>G\u0142\u00f3wnym pytaniem, przed kt\u00f3rym staj\u0105 gracze, jest kiedy wycofa\u0107 swoje wygrane. Twoje wygrane zale\u017c\u0105 od tej decyzji. Wyb\u00f3r mi\u0119dzy wcze\u015bniejszym wycofaniem z ni\u017cszym mno\u017cnikiem, a pr\u00f3b\u0105 zdobycia wi\u0119cej z ryzykiem przegrania, tworzy interesuj\u0105cy dylemat. Wiele os\u00f3b studiuje strategie gry w Aviator i sposoby maksymalizacji swoich wygranych. Oto kilka opinii graczy, kt\u00f3re mog\u0105 Ci pom\u00f3c zacz\u0105\u0107 i odnie\u015b\u0107 sukces w tym slocie na 1win.<\/p>\n<h2>Opinie o grze Aviator:<\/h2>\n<p><strong>Recenzja: Przejrzysto\u015b\u0107 w Aviator &#8211; Moja g\u0142\u00f3wna priorytet<\/strong><\/p>\n<p>Osobi\u015bcie aspekt sprawiedliwo\u015bci w slotach online jest dla mnie kluczowy, a wi\u0119kszo\u015b\u0107 kasyn nie zapewnia wystarczaj\u0105cych gwarancji w tym zakresie. W grze Aviator jednak mog\u0119 kontrolowa\u0107 proces, monitoruj\u0105c numery sesji i zapewniaj\u0105c ich autentyczno\u015b\u0107 na stronie dewelopera. Daje mi to pewno\u015b\u0107, \u017ce gra jest sprawiedliwa, a szanse na wygran\u0105 s\u0105 realne. Bez tej przejrzysto\u015bci ryzyko oszustwa jest zbyt du\u017ce. Zapewniaj\u0105c kontrol\u0119 nad sprawiedliwo\u015bci\u0105, Aviator gwarantuje, \u017ce kasyno nie ingeruje w rozgrywk\u0119.<\/p>\n<p>Gienadij, 40 lat<\/p>\n<p><strong>Recenzja: Aviator &#8211; Jedno z g\u0142\u00f3wnych powod\u00f3w, by pozosta\u0107 na 1win<\/strong><\/p>\n<p>Jednym z kluczowych czynnik\u00f3w przy wyborze slotu jest kasyno online. 1win zawsze mnie zachwyca\u0142. Wyp\u0142aty s\u0105 proste, a do wyboru jest wiele gier. Graj wed\u0142ug w\u0142asnego uznania. Chocia\u017c rzadko gram w Aviator, moje preferencje bardziej skierowane s\u0105 ku pokerowi. Niemniej jednak temat gry jest nadal fascynuj\u0105cy. Nawiasem m\u00f3wi\u0105c, m\u00f3j przyjaciel gra wy\u0142\u0105cznie w Aviator.<\/p>\n<p>Maks, 47 lat<\/p>\n<p><strong>Recenzja: Aviator &#8211; Imponuj\u0105ce<\/strong><\/p>\n<p>Pierwsze trzy zak\u0142ady przynios\u0142y straty, ale by\u0142y to ma\u0142e stawki. Czwarta pr\u00f3ba przynios\u0142a szcz\u0119\u015bcie &#8211; wygra\u0142em 2 dolary, a potem coraz wi\u0119cej&#8230; W sumie w ci\u0105gu dziesi\u0119ciu minut podni\u00f3s\u0142em prawie 10 dolar\u00f3w. Na razie zatrzymam si\u0119 tutaj.<\/p>\n<p>Nick, 36 lat<\/p>\n<p><strong>Recenzja: Aviator &#8211; To mocny zastrzyk adrenaliny<\/strong><\/p>\n<p>Dla mnie jako entuzjasty hazardu Aviator to prawdziwa katarsis dla poszukiwaczy wra\u017ce\u0144. Je\u015bli lubisz kasyna online, ale jeszcze nie pr\u00f3bowa\u0142e\u015b Aviatora, to tak, jakby\u015b odwiedzi\u0142 Las Vegas i pomin\u0105\u0142 wizyt\u0119 w lokalnym kasynie.<\/p>\n<p>Wanessa, 35 lat<\/p>\n<p><strong>Recenzja: Gra w Aviator na 1win &#8211; Satysfakcjonuje mnie<\/strong><\/p>\n<p>Grywam na 1win od d\u0142u\u017cszego czasu i zawsze by\u0142em pod wra\u017ceniem ich bogatego wyboru gier. Trudno znale\u017a\u0107 tyle gier w innych kasynach &#8211; dos\u0142ownie tysi\u0105ce. To niesamowite. Aviator trafi\u0142 do mnie przypadkiem, ale na razie jestem z wynik\u00f3w zadowolony. Z niecierpliwo\u015bci\u0105 czekam na to, co przyniesie przysz\u0142o\u015b\u0107.<\/p>\n<p>Aleks, 52 lata<\/p>\n<p><strong>Recenzja: Aviator &#8211; Niezawodne \u017ar\u00f3d\u0142o dochodu<\/strong><\/p>\n<p>Z przyjaci\u00f3\u0142mi odkryli\u015bmy ten slot jako pewne \u017ar\u00f3d\u0142o pomna\u017cania pieni\u0119dzy. Wszystkie inne gry wydaj\u0105 si\u0119 zbyt ryzykowne&#8230; Aviator dzia\u0142a powoli, ale niezawodnie, przynosz\u0105c nam zyski.<\/p>\n<p>Maks, 19 lat<\/p>\n<p><strong>Recenzja: Gry w Aviator &#8211; Bezkresna swoboda, nie zawsze na plus<\/strong><\/p>\n<p>Zasady gry s\u0105 proste, nawet ja, do\u015b\u0107 niezale\u017cna kobieta, z \u0142atwo\u015bci\u0105 je zrozumia\u0142am. Wszystko zale\u017cy od tego, czy jeste\u015b got\u00f3w podj\u0105\u0107 ryzyko. Zwykle podejmuj\u0119 du\u017ce ryzyko, dlatego nie zawsze wygrywam. Przyjaciele polecaj\u0105 wcze\u015bniejsze wycofywanie pieni\u0119dzy, by zobaczy\u0107 wygrane. Ale osobi\u015bcie wol\u0119 gra\u0107 w lu\u017anej atmosferze.<\/p>\n<p>Olga, 18 lat<\/p>\n<p><strong>Recenzja: W Aviatorze kontrola jest w Twoich r\u0119kach, nie tylko szcz\u0119\u015bcie<\/strong><\/p>\n<p>Pr\u00f3bowa\u0142em wielu slot\u00f3w, ale wydawa\u0142y mi si\u0119 troch\u0119 zagmatwane. Nawet zrozumienie symboli i kombinacji zajmowa\u0142o czas. W Aviatorze wszystko jest proste i klarowne. A co najwa\u017cniejsze, wiele zale\u017cy od Ciebie, a nie tylko od szcz\u0119\u015bcia.<\/p>\n<p>Andrzej, 18 lat<\/p>\n<p><strong>Recenzja: \u0141atwo zarobi\u0107 5 dolar\u00f3w w 15-20 minut w Aviatorze<\/strong><\/p>\n<p>Zawsze pozostawa\u0142em na plusie z Aviatorem. Mo\u017cesz \u0142atwo zarobi\u0107 5 dolar\u00f3w w 15-20 minut. Nie znam nikogo, kto by przegra\u0142. I chocia\u017c czasami mo\u017cesz przegra\u0107 kilka zak\u0142ad\u00f3w z rz\u0119du, zawsze jest odwrotna tendencja.<\/p>\n<p>W\u0142ad, 20 lat<\/p>\n<p><strong>Recenzja: Aviator &#8211; Przyci\u0105gaj\u0105ce uwag\u0119<\/strong><\/p>\n<p>Po wielu do\u015bwiadczeniach z innymi slotami na 1win postanowi\u0142em spr\u00f3bowa\u0107 Aviatora. To naprawd\u0119 ekscytuj\u0105ca gra. Zaj\u0119\u0142a mnie swoj\u0105 przyci\u0105gaj\u0105c\u0105 natur\u0105.<\/p>\n<p>Nika, 21 lat<\/p>\n<p><strong>Recenzja: Strategia w Aviatorze: Wczesne wyp\u0142aty<\/strong><\/p>\n<p>Nie ma wielu slot\u00f3w online, w kt\u00f3rych Twoje decyzje s\u0105 wa\u017cniejsze ni\u017c algorytm. W Aviatorze ka\u017cdy ruch zale\u017cy od Twojej strategii, a to decyduje o Twoich wygranych. Najlepszym sposobem jest wcze\u015bniejsze wycofanie pieni\u0119dzy, nie ryzykuj\u0105c zbyt wiele, i b\u0119dziesz na plusie.<\/p>\n<p>Dan, 50 lat<\/p>\n<p><strong>Recenzja: Aviator &#8211; Pewny wyb\u00f3r, nie oszustwo pieni\u0119\u017cne<\/strong><\/p>\n<p>Ta gra wydaje mi si\u0119 normalna. Bez haczyk\u00f3w. W por\u00f3wnaniu do innych gier nie ma uczucia oszustwa na pieni\u0105dze.<\/p>\n<p>Iryna, 37 lat<\/p>\n<p><strong>Recenzja: Plus 300 dolar\u00f3w z Aviatora<\/strong><\/p>\n<p>Nie wydaje si\u0119 zbyt skomplikowane. Zagra\u0142em pierwszy raz i ju\u017c zarobi\u0142em 300 dolar\u00f3w. S\u0105 fale szcz\u0119\u015bcia i nieszcz\u0119\u015bcia. Z pewno\u015bci\u0105 wr\u00f3c\u0119. To ekscytuj\u0105cy slot.<\/p>\n<p>Siergiej, 23 lata<\/p>\n<p><strong>Recenzja: Aviator &#8211; Zastrzyk adrenaliny<\/strong><\/p>\n<p>Przyjaciel poleci\u0142 mi Aviatora podczas przygotowa\u0144 do egzamin\u00f3w. Grywali\u015bmy w przerwach. To szybki zastrzyk adrenaliny. To dok\u0142adnie to, czego potrzebujesz do relaksu podczas przerw od nauki.<\/p>\n<p>Aleksander, 19 lat<\/p>\n<p><strong>Recenzja: Aviator &#8211; Doskona\u0142a rozrywka<\/strong><\/p>\n<p>To naprawd\u0119 fajna gra. Pobra\u0142em aplikacj\u0119 na m\u00f3j Samsung i gram w wolnych chwilach. Podczas p\u00f3\u0142godzinnej przerwy w pracy to idealny wyb\u00f3r. Runda trwa kilka sekund, je\u015bli chcesz szybko sko\u0144czy\u0107, a 10-15 sekund, je\u015bli zdecydujesz si\u0119 kontynuowa\u0107. Ty decydujesz, kiedy przesta\u0107.<\/p>\n<p>Aleksej, 26 lat<\/p>\n<p><strong>Recenzja: Aviator &#8211; Hojny slot<\/strong><\/p>\n<p>W szkole cz\u0119sto rywalizowali\u015bmy w Aviatorze. Zazwyczaj z 12 os\u00f3b 8-9 pozostawa\u0142o na plusie. Kwoty waha\u0142y si\u0119 od 1 do 20 dolar\u00f3w. Slot jest naprawd\u0119 hojny.<\/p>\n<p>Dmitrij, 18 lat<\/p>\n<p><strong>Recenzja: Prostota Aviatora<\/strong><\/p>\n<p>Gra jest prosta. Celem nie jest wielka wygrana, ale po prostu cieszenie si\u0119 gr\u0105. Moje zak\u0142ady wynosz\u0105 tylko 5 cent\u00f3w USA. Godzina gry kosztuje mnie 50 cent\u00f3w. Ale to wiele zabawy. Z odpowiedni\u0105 strategi\u0105 mo\u017cesz pozosta\u0107 na plusie.<\/p>\n<p>Stan, 26 lat<\/p>\n<p><strong>Recenzja: Powinienem by\u0142 wcze\u015bniej pozna\u0107 Aviatora<\/strong><\/p>\n<p>To dziwne, \u017ce wcze\u015bniej nie s\u0142ysza\u0142em o Aviatorze. Spr\u00f3bowa\u0142em go pierwszy raz zaledwie kilka dni temu, podczas gdy moi przyjaciele ju\u017c wszystko wiedzieli. Jeden z nich nawet powiedzia\u0142, \u017ce Aviator na 1win jest najlepszy.<\/p>\n<p>Was, 35 lat<\/p>\n<p><strong>Recenzja: Aviator &#8211; Niezawodny spos\u00f3b na zabaw\u0119 i wygran\u0105<\/strong><\/p>\n<p>Gra Aviator nie tylko bawi, ale tak\u017ce sprawia przyjemno\u015b\u0107. Czas mija niezauwa\u017calnie. Czasami, po rozpocz\u0119ciu gry, mija ca\u0142a godzina. To \u015bwietny spos\u00f3b na sp\u0119dzenie czasu.<\/p>\n<p>Mila, 48 lat<\/p>\n<p><strong>Recenzja: Kocham gry wypadkowe<\/strong><\/p>\n<p>Tymczasowo straci\u0142em zainteresowanie slotami, ale potem znalaz\u0142em Aviatora. Dowiedzia\u0142em si\u0119 o nim w 2020 roku, ale zacz\u0105\u0142em gra\u0107 dopiero w 2022. Wprowadzi\u0142 mnie on w nowy gatunek &#8211; gry wypadkowe. S\u0105 bardzo r\u00f3\u017cnorodne. Spr\u00f3buj sam.<\/p>\n<p>Jurij, 32 lata<\/p>\n","protected":false},"excerpt":{"rendered":"<p>Przegl\u0105d: Popularna gra Aviator &#8211; uwiod\u0142a serca milion\u00f3w fan\u00f3w na ca\u0142ym \u015bwiecie. Ta ekscytuj\u0105ca gra dost\u0119pna na stronach hazardowych to slot wypadkowy, w kt\u00f3rym krzywa zak\u0142ad\u00f3w wzrasta i mo\u017ce nagle spa\u015b\u0107 w ka\u017cdej chwili. Na pocz\u0105tku rundy krzywa zak\u0142ad\u00f3w ro\u015bnie, zwi\u0119kszaj\u0105c potencja\u0142 wygranej. Twoim zadaniem jest wycofanie wygranych przed upadkiem krzywej. Obraz samolotu zyskuj\u0105cego wysoko\u015b\u0107 symbolizuje ten proces, nadaj\u0105c grze nazw\u0119 Aviator. G\u0142\u00f3wnym pytaniem, przed kt\u00f3rym staj\u0105 gracze, jest kiedy wycofa\u0107 swoje wygrane. Twoje wygrane&hellip; <\/p>\n","protected":false},"author":1,"featured_media":0,"parent":0,"menu_order":0,"comment_status":"closed","ping_status":"closed","template":"","meta":{"footnotes":""},"class_list":["post-15","page","type-page","status-publish","hentry"],"yoast_head":"<!-- This site is optimized with the Yoast SEO plugin v27.2 - https:\/\/yoast.com\/product\/yoast-seo-wordpress\/ -->\n<title>Recenzje gry Aviator w kasynach online<\/title>\n<meta name=\"description\" content=\"Je\u015bli interesuj\u0105 Ci\u0119 uczciwe i autentyczne opinie na temat gry wypadkowej Aviator, przeczytaj recenzje o Aviator na TrafficAviator.com.\" \/>\n<meta name=\"robots\" content=\"index, follow, max-snippet:-1, max-image-preview:large, max-video-preview:-1\" \/>\n<link rel=\"canonical\" href=\"https:\/\/trafficaviator.com\/pl\/aviator-reivews\/\" \/>\n<meta property=\"og:locale\" content=\"pl_PL\" \/>\n<meta property=\"og:locale:alternate\" content=\"ru_RU\" \/>\n<meta property=\"og:locale:alternate\" content=\"en_US\" \/>\n<meta property=\"og:locale:alternate\" content=\"pt_PT\" \/>\n<meta property=\"og:locale:alternate\" content=\"es_ES\" \/>\n<meta property=\"og:locale:alternate\" content=\"fr_FR\" \/>\n<meta property=\"og:locale:alternate\" content=\"de_DE\" \/>\n<meta property=\"og:locale:alternate\" content=\"ro_RO\" \/>\n<meta property=\"og:locale:alternate\" content=\"sr_RS\" \/>\n<meta property=\"og:locale:alternate\" content=\"bg_BG\" \/>\n<meta property=\"og:type\" content=\"article\" \/>\n<meta property=\"og:title\" content=\"Recenzje gry Aviator w kasynach online\" \/>\n<meta property=\"og:description\" content=\"Przegl\u0105d: Popularna gra Aviator &#8211; uwiod\u0142a serca milion\u00f3w fan\u00f3w na ca\u0142ym \u015bwiecie. Ta ekscytuj\u0105ca gra dost\u0119pna na stronach hazardowych to slot wypadkowy, w kt\u00f3rym krzywa zak\u0142ad\u00f3w wzrasta i mo\u017ce nagle spa\u015b\u0107 w ka\u017cdej chwili. Na pocz\u0105tku rundy krzywa zak\u0142ad\u00f3w ro\u015bnie, zwi\u0119kszaj\u0105c potencja\u0142 wygranej. Twoim zadaniem jest wycofanie wygranych przed upadkiem krzywej. Obraz samolotu zyskuj\u0105cego wysoko\u015b\u0107 symbolizuje ten proces, nadaj\u0105c grze nazw\u0119 Aviator. G\u0142\u00f3wnym pytaniem, przed kt\u00f3rym staj\u0105 gracze, jest kiedy wycofa\u0107 swoje wygrane. Twoje wygrane&hellip;\" \/>\n<meta property=\"og:url\" content=\"https:\/\/trafficaviator.com\/pl\/aviator-reivews\/\" \/>\n<meta property=\"og:site_name\" content=\"Aviator Game\" \/>\n<meta property=\"article:modified_time\" content=\"2024-04-22T13:52:29+00:00\" \/>\n<meta name=\"twitter:card\" content=\"summary_large_image\" \/>\n<meta name=\"twitter:label1\" content=\"Szacowany czas czytania\" \/>\n\t<meta name=\"twitter:data1\" content=\"45 minut\" \/>\n<script type=\"application\/ld+json\" class=\"yoast-schema-graph\">{\"@context\":\"https:\/\/schema.org\",\"@graph\":[{\"@type\":\"WebPage\",\"@id\":\"https:\/\/trafficaviator.com\/en\/aviator-reivews\/\",\"url\":\"https:\/\/trafficaviator.com\/en\/aviator-reivews\/\",\"name\":\"Recenzje gry Aviator w kasynach online\",\"isPartOf\":{\"@id\":\"https:\/\/trafficaviator.com\/#website\"},\"datePublished\":\"2023-08-22T13:20:28+00:00\",\"dateModified\":\"2024-04-22T13:52:29+00:00\",\"breadcrumb\":{\"@id\":\"https:\/\/trafficaviator.com\/en\/aviator-reivews\/#breadcrumb\"},\"inLanguage\":\"pl-PL\",\"potentialAction\":[{\"@type\":\"ReadAction\",\"target\":[\"https:\/\/trafficaviator.com\/en\/aviator-reivews\/\"]}]},{\"@type\":\"BreadcrumbList\",\"@id\":\"https:\/\/trafficaviator.com\/en\/aviator-reivews\/#breadcrumb\",\"itemListElement\":[{\"@type\":\"ListItem\",\"position\":1,\"name\":\"Home\",\"item\":\"https:\/\/trafficaviator.com\/ru\/\"},{\"@type\":\"ListItem\",\"position\":2,\"name\":\"Reviews of the Aviator Game in Online Casinos\"}]},{\"@type\":\"WebSite\",\"@id\":\"https:\/\/trafficaviator.com\/#website\",\"url\":\"https:\/\/trafficaviator.com\/\",\"name\":\"Aviator Game\",\"description\":\"\",\"potentialAction\":[{\"@type\":\"SearchAction\",\"target\":{\"@type\":\"EntryPoint\",\"urlTemplate\":\"https:\/\/trafficaviator.com\/?s={search_term_string}\"},\"query-input\":{\"@type\":\"PropertyValueSpecification\",\"valueRequired\":true,\"valueName\":\"search_term_string\"}}],\"inLanguage\":\"pl-PL\"}]}<\/script>\n<!-- \/ Yoast SEO plugin. -->","yoast_head_json":{"title":"Recenzje gry Aviator w kasynach online","description":"Je\u015bli interesuj\u0105 Ci\u0119 uczciwe i autentyczne opinie na temat gry wypadkowej Aviator, przeczytaj recenzje o Aviator na TrafficAviator.com.","robots":{"index":"index","follow":"follow","max-snippet":"max-snippet:-1","max-image-preview":"max-image-preview:large","max-video-preview":"max-video-preview:-1"},"canonical":"https:\/\/trafficaviator.com\/pl\/aviator-reivews\/","og_locale":"pl_PL","og_type":"article","og_title":"[:ru]\u041e\u0442\u0437\u044b\u0432\u044b \u043e \u0438\u0433\u0440\u0435 \u0410\u0432\u0438\u0430\u0442\u043e\u0440 \u0432 \u043e\u043d\u043b\u0430\u0439\u043d \u043a\u0430\u0437\u0438\u043d\u043e[:en]Reviews of the Aviator Game in Online Casinos[:pt]Avalia\u00e7\u00f5es do Jogo Aviator em Cassinos Online[:es]Opiniones sobre el Juego Aviator en Casinos en L\u00ednea[:fr]Avis sur le jeu Aviator dans les casinos en ligne[:de]Bewertungen des Aviator-Spiels in Online-Casinos[:ro]Recenzii despre jocul Aviator \u00een cazinourile online[:sr]\u041e\u0442\u0437\u0438\u0432\u0438 \u043e \u0438\u0433\u0440\u0438 \u0410\u0432\u0438\u0430\u0442\u043e\u0440 \u0443 \u043e\u043d\u043b\u0430\u0458\u043d \u043a\u0430\u0437\u0438\u043d\u0438\u043c\u0430[:bg]\u0420\u0435\u0446\u0435\u043d\u0437\u0438\u0438 \u0437\u0430 \u0438\u0433\u0440\u0430\u0442\u0430 Aviator \u0432 \u043e\u043d\u043b\u0430\u0439\u043d \u043a\u0430\u0437\u0438\u043d\u0430[:pl]Recenzje gry Aviator w kasynach online[:] - Aviator Game","og_description":"Przegl\u0105d: Popularna gra Aviator &#8211; uwiod\u0142a serca milion\u00f3w fan\u00f3w na ca\u0142ym \u015bwiecie. Ta ekscytuj\u0105ca gra dost\u0119pna na stronach hazardowych to slot wypadkowy, w kt\u00f3rym krzywa zak\u0142ad\u00f3w wzrasta i mo\u017ce nagle spa\u015b\u0107 w ka\u017cdej chwili. Na pocz\u0105tku rundy krzywa zak\u0142ad\u00f3w ro\u015bnie, zwi\u0119kszaj\u0105c potencja\u0142 wygranej. Twoim zadaniem jest wycofanie wygranych przed upadkiem krzywej. Obraz samolotu zyskuj\u0105cego wysoko\u015b\u0107 symbolizuje ten proces, nadaj\u0105c grze nazw\u0119 Aviator. G\u0142\u00f3wnym pytaniem, przed kt\u00f3rym staj\u0105 gracze, jest kiedy wycofa\u0107 swoje wygrane. Twoje wygrane&hellip;","og_url":"https:\/\/trafficaviator.com\/pl\/aviator-reivews\/","og_site_name":"Aviator Game","article_modified_time":"2024-04-22T13:52:29+00:00","twitter_card":"summary_large_image","twitter_misc":{"Szacowany czas czytania":"45 minut"},"schema":{"@context":"https:\/\/schema.org","@graph":[{"@type":"WebPage","@id":"https:\/\/trafficaviator.com\/en\/aviator-reivews\/","url":"https:\/\/trafficaviator.com\/en\/aviator-reivews\/","name":"Recenzje gry Aviator w kasynach online","isPartOf":{"@id":"https:\/\/trafficaviator.com\/#website"},"datePublished":"2023-08-22T13:20:28+00:00","dateModified":"2024-04-22T13:52:29+00:00","breadcrumb":{"@id":"https:\/\/trafficaviator.com\/en\/aviator-reivews\/#breadcrumb"},"inLanguage":"pl-PL","potentialAction":[{"@type":"ReadAction","target":["https:\/\/trafficaviator.com\/en\/aviator-reivews\/"]}]},{"@type":"BreadcrumbList","@id":"https:\/\/trafficaviator.com\/en\/aviator-reivews\/#breadcrumb","itemListElement":[{"@type":"ListItem","position":1,"name":"Home","item":"https:\/\/trafficaviator.com\/ru\/"},{"@type":"ListItem","position":2,"name":"Reviews of the Aviator Game in Online Casinos"}]},{"@type":"WebSite","@id":"https:\/\/trafficaviator.com\/#website","url":"https:\/\/trafficaviator.com\/","name":"Aviator Game","description":"","potentialAction":[{"@type":"SearchAction","target":{"@type":"EntryPoint","urlTemplate":"https:\/\/trafficaviator.com\/?s={search_term_string}"},"query-input":{"@type":"PropertyValueSpecification","valueRequired":true,"valueName":"search_term_string"}}],"inLanguage":"pl-PL"}]}},"_links":{"self":[{"href":"https:\/\/trafficaviator.com\/pl\/wp-json\/wp\/v2\/pages\/15","targetHints":{"allow":["GET"]}}],"collection":[{"href":"https:\/\/trafficaviator.com\/pl\/wp-json\/wp\/v2\/pages"}],"about":[{"href":"https:\/\/trafficaviator.com\/pl\/wp-json\/wp\/v2\/types\/page"}],"author":[{"embeddable":true,"href":"https:\/\/trafficaviator.com\/pl\/wp-json\/wp\/v2\/users\/1"}],"replies":[{"embeddable":true,"href":"https:\/\/trafficaviator.com\/pl\/wp-json\/wp\/v2\/comments?post=15"}],"version-history":[{"count":18,"href":"https:\/\/trafficaviator.com\/pl\/wp-json\/wp\/v2\/pages\/15\/revisions"}],"predecessor-version":[{"id":179,"href":"https:\/\/trafficaviator.com\/pl\/wp-json\/wp\/v2\/pages\/15\/revisions\/179"}],"wp:attachment":[{"href":"https:\/\/trafficaviator.com\/pl\/wp-json\/wp\/v2\/media?parent=15"}],"curies":[{"name":"wp","href":"https:\/\/api.w.org\/{rel}","templated":true}]}}