{"id":11,"date":"2023-08-22T13:08:48","date_gmt":"2023-08-22T13:08:48","guid":{"rendered":"https:\/\/trafficaviator.com\/?page_id=11"},"modified":"2024-04-22T13:52:15","modified_gmt":"2024-04-22T13:52:15","slug":"home","status":"publish","type":"page","link":"https:\/\/trafficaviator.com\/pt\/","title":{"rendered":"Pagina inicial"},"content":{"rendered":"<p><img loading=\"lazy\" decoding=\"async\" class=\"alignnone size-medium wp-image-41 aligncenter\" src=\"https:\/\/trafficaviator.com\/wp-content\/uploads\/2023\/08\/aviatorlogo-300x105.webp\" alt=\"\" width=\"300\" height=\"105\" srcset=\"https:\/\/trafficaviator.com\/wp-content\/uploads\/2023\/08\/aviatorlogo-300x105.webp 300w, https:\/\/trafficaviator.com\/wp-content\/uploads\/2023\/08\/aviatorlogo.webp 456w\" sizes=\"auto, (max-width: 300px) 100vw, 300px\" \/><\/p>\n<p><strong>Bem-vindo ao portal oficial Aviator Games<\/strong>, onde voc\u00ea embarcar\u00e1 em uma jornada emocionante no universo do jogo Aviator &#8211; um emocionante jogo de <em>crash<\/em> e um dos jogos online mais populares de nosso tempo.<\/p>\n<h2><strong>O que \u00e9 o jogo Aviator?<\/strong><\/h2>\n<p>Aviator \u00e9 uma aventura emocionante dispon\u00edvel para todos os jogadores em um cassino virtual. Os jogadores t\u00eam a oportunidade de apostar em um multiplicador simbolizado pelo avi\u00e3o vermelho. Seus ganhos potenciais est\u00e3o intimamente ligados a esse multiplicador, que aumenta \u00e0 medida que o avi\u00e3o sobe.<\/p>\n<p>O <a href=\"https:\/\/aviator-games.com\/pt\/\">jogo Aviator<\/a> \u00e9 famoso por sua hist\u00f3ria \u00fanica de jogo de <em>crash<\/em>, que lidera as paradas em seu g\u00eanero. A experi\u00eancia de jogo do Aviator promete adrenalina incr\u00edvel e controle total sobre o resultado, dando a voc\u00ea a chance de sacar seus ganhos a qualquer momento. N\u00e3o \u00e9 surpresa que este jogo se tenha tornado uma das principais estrelas no mundo do entretenimento de jogos de azar.<\/p>\n<p>Voc\u00ea tem a chance de testar sua sorte e multiplicar sua aposta em quest\u00e3o de minutos com o Aviator. Investindo apenas um d\u00f3lar, talvez a sorte sorria para voc\u00ea, trazendo cem d\u00f3lares gra\u00e7as ao multiplicador x100. No entanto, vale lembrar que esperar por um multiplicador t\u00e3o alto pode exigir paci\u00eancia de jogadores nervosos.<\/p>\n<p>Lembre-se: se voc\u00ea n\u00e3o conseguir sacar sua aposta antes do avi\u00e3o vermelho decolar, sua aposta se perder\u00e1, e voc\u00ea ficar\u00e1 sem ganhos. O Aviator \u00e9 um jogo onde a emo\u00e7\u00e3o, o risco e a euforia da vit\u00f3ria se entrela\u00e7am para criar uma experi\u00eancia \u00fanica!<\/p>\n<p>Com o tempo, o Aviator conquistou os cora\u00e7\u00f5es de muitos cassinos online, tornando-se o jogo mais procurado entre os jogadores que jogam com dinheiro real em 2020, 2021, 2022 e 2023.<\/p>\n<h2><strong>Regras do Jogo Aviator<\/strong><\/h2>\n<p>As regras b\u00e1sicas do jogo Aviator s\u00e3o bastante simples. Entre no jogo e siga estas etapas:<\/p>\n<ol>\n<li>Fa\u00e7a sua aposta.<\/li>\n<li>Preste aten\u00e7\u00e3o \u00e0 decolagem e ao crescimento do multiplicador, simbolizado pelo movimento do avi\u00e3o.<\/li>\n<li>Retire sua aposta antes da decolagem para reivindicar seus ganhos.<\/li>\n<\/ol>\n<p>N\u00e3o se esque\u00e7a de considerar os seguintes detalhes do jogo:<\/p>\n<ul>\n<li>O multiplicador come\u00e7a sua ascens\u00e3o a partir de x1, em sincronia com a decolagem do avi\u00e3o. A taxa de crescimento do multiplicador depende da dura\u00e7\u00e3o do voo.<\/li>\n<li>Ao sacar sua aposta, ela \u00e9 multiplicada pelo multiplicador atual, resultando em seu lucro final. Por exemplo, se voc\u00ea apostar um d\u00f3lar com um multiplicador atual de tr\u00eas, seus ganhos ser\u00e3o de tr\u00eas d\u00f3lares.<\/li>\n<li>O multiplicador \u00e9 escolhido aleatoriamente, mas acompanhando o hist\u00f3rico dos multiplicadores anteriores, voc\u00ea pode identificar tend\u00eancias interessantes, talvez at\u00e9 prever o aparecimento do multiplicador x100.<\/li>\n<\/ul>\n<h2><strong>Como Come\u00e7ar a Jogar Aviator<\/strong><\/h2>\n<p>Mesmo que voc\u00ea seja um iniciante, come\u00e7ar a jogar \u00e9 muito simples:<\/p>\n<ol>\n<li>Fa\u00e7a uma aposta, escolhendo a quantia que deseja apostar.<\/li>\n<li>Observe que voc\u00ea tem a op\u00e7\u00e3o de fazer v\u00e1rias apostas simultaneamente. Na interface do jogo, voc\u00ea ver\u00e1 um campo de apostas e o s\u00edmbolo &#8220;+&#8221; para adicionar um segundo campo para apostas adicionais.<\/li>\n<li>Para reivindicar seus ganhos, basta pressionar o bot\u00e3o &#8220;Sacar&#8221; durante uma rodada.<\/li>\n<li>N\u00e3o se esque\u00e7a de clicar no bot\u00e3o &#8220;Sair&#8221; antes da decolagem do avi\u00e3o para evitar a perda de sua aposta.<\/li>\n<\/ol>\n<h2><strong>Raz\u00f5es da Popularidade do Aviator<\/strong><\/h2>\n<p>Por que o <a href=https:\/\/blazecasino.bet\/br\/aviator>Aviator Blaze jogo<\/a> \u00e9 t\u00e3o popular? Este jogo conquistou uma popularidade imensa, tornando-se um verdadeiro sucesso no mundo dos jogos de <em>crash<\/em>. Esse termo se refere ao momento em que o avi\u00e3o cai. O Aviator se destacou como l\u00edder absoluto nesse g\u00eanero, o que \u00e9 compreens\u00edvel.<\/p>\n<p>Mergulhe no mundo do Aviator online e sinta-se um piloto destemido. Seu sucesso depende de qu\u00e3o alto voc\u00ea consegue fazer o avi\u00e3o vermelho subir. A altitude que voc\u00ea alcan\u00e7ar determinar\u00e1 seus ganhos, multiplicados pelo coeficiente correspondente.<\/p>\n<p>O equil\u00edbrio \u00e9 crucial aqui: \u00e9 essencial escolher o momento certo para sacar sua aposta e interromper a decolagem no momento certo. A chave \u00e9 pressionar &#8220;Sacar&#8221; antes que o avi\u00e3o voe muito longe.<\/p>\n<h2><strong>Chat para Jogadores do Aviator<\/strong><\/h2>\n<p>A fun\u00e7\u00e3o de chat no jogo Aviator permite que voc\u00ea interaja com outros jogadores, tornando o jogo ainda mais interessante. As janelas de chat para comunica\u00e7\u00e3o geralmente est\u00e3o localizadas no canto superior direito da interface do jogo (ou no canto superior direito da interface m\u00f3vel ap\u00f3s ativar o chat). Atrav\u00e9s deste chat, voc\u00ea pode trocar mensagens e compartilhar informa\u00e7\u00f5es sobre grandes vit\u00f3rias.<\/p>\n<p>Lembre-se de seguir as normas \u00e9ticas no chat. Insultos, desrespeito e discurso de \u00f3dio n\u00e3o s\u00e3o permitidos e podem resultar no bloqueio da sua conta por um moderador.<\/p>\n<h2><strong>Baixar o Jogo Aviator<\/strong><\/h2>\n<p>Para jogar Aviator, \u00e9 necess\u00e1rio baixar o aplicativo oficial de cassino online. Tenha em mente que o jogo est\u00e1 dispon\u00edvel apenas no modo online. O download de uma vers\u00e3o para iPhone ou iPad n\u00e3o \u00e9 poss\u00edvel devido \u00e0s pol\u00edticas da Apple. Em dispositivos Android, tamb\u00e9m n\u00e3o \u00e9 poss\u00edvel baixar o Aviator como um aplicativo independente, mas voc\u00ea pode jog\u00e1-lo atrav\u00e9s do aplicativo de cassino online. Detalhes est\u00e3o dispon\u00edveis na p\u00e1gina do seu cassino.<\/p>\n<h2><strong>Perguntas Frequentes sobre o Jogo Spribe Aviator<\/strong><\/h2>\n<p>FAQ: Respostas para Perguntas Comuns Sobre o Aviator<\/p>\n<ul>\n<li><strong>Quanto tempo dura uma rodada no jogo Spribe Aviator?<\/strong><\/li>\n<\/ul>\n<p>A dura\u00e7\u00e3o de cada rodada no Aviator \u00e9 determinada pelo multiplicador que aparece. O tempo m\u00ednimo da rodada \u00e9 com um multiplicador de 1.1. \u00c0 medida que o multiplicador aumenta, os ganhos potenciais tamb\u00e9m aumentam. Normalmente, uma rodada no Aviator dura de 8 a 30 segundos.<\/p>\n<ul>\n<li><strong>Qual \u00e9 a aposta m\u00ednima para jogar Aviator?<\/strong><\/li>\n<\/ul>\n<p>A aposta m\u00ednima no Aviator \u00e9 de 10 centavos ou 0,1 d\u00f3lar. Al\u00e9m disso, se desejar, voc\u00ea pode fazer apostas em incrementos de 10 centavos.<\/p>\n<ul>\n<li><strong>Qual pode ser a aposta m\u00e1xima?<\/strong><\/li>\n<\/ul>\n<p>A aposta m\u00e1xima no Aviator \u00e9 limitada a 100 d\u00f3lares. No entanto, de acordo com as regras, os jogadores podem fazer v\u00e1rias apostas simultaneamente.<\/p>\n<ul>\n<li><strong>Qual \u00e9 o multiplicador mais baixo no jogo Aviator?<\/strong><\/li>\n<\/ul>\n<p>O multiplicador mais baixo no Aviator \u00e9 1. Este multiplicador raramente aparece, aproximadamente uma vez a cada 50 rodadas. Uma rodada com um multiplicador de 1 geralmente termina em perda, uma vez que \u00e9 quase imposs\u00edvel prever.<\/p>\n<ul>\n<li><strong>Como come\u00e7ar a jogar Aviator?<\/strong><\/li>\n<\/ul>\n<p>Antes de come\u00e7ar a jogar, defina seus objetivos e or\u00e7amento. \u00c9 recomend\u00e1vel come\u00e7ar com apostas m\u00ednimas para estender sua experi\u00eancia por muitas rodadas. Se voc\u00ea est\u00e1 jogando com dinheiro real, crie uma estrat\u00e9gia, pois a\u00e7\u00f5es aleat\u00f3rias podem n\u00e3o levar ao resultado desejado.<\/p>\n<ul>\n<li><strong>Como ganhar no jogo Aviator?<\/strong><\/li>\n<\/ul>\n<p>Mesmo multiplicadores a partir de 1.2 s\u00e3o considerados vencedores no Aviator. Um leve aumento no saldo com um multiplicador de 1.2 pode ativar multiplicadores subsequentes, como 1, 1.03, e assim por diante, o que pode levar a uma vit\u00f3ria. Estrat\u00e9gias com multiplicadores de 1.2-2 s\u00e3o consideradas conservadoras, enquanto multiplicadores de 2-4 representam um risco m\u00e9dio, e 8 e acima s\u00e3o de alto risco. Tamb\u00e9m \u00e9 essencial considerar o tamanho da aposta e ter um saldo suficiente para 200 apostas.<\/p>\n<ul>\n<li><strong>Qual \u00e9 o multiplicador m\u00e1ximo no jogo Aviator?<\/strong><\/li>\n<\/ul>\n<p>O multiplicador mais alto no Aviator \u00e9 200. No entanto, tal multiplicador aparece raramente, aproximadamente uma vez a cada 60-80 minutos.<\/p>\n<ul>\n<li><strong>Como baixar o jogo Aviator?<\/strong><\/li>\n<\/ul>\n<p>Como o Aviator \u00e9 um jogo online acess\u00edvel por meio de cassinos online, n\u00e3o \u00e9 poss\u00edvel baix\u00e1-lo como um aplicativo independente. Voc\u00ea precisa baixar o aplicativo do cassino e jogar Aviator por meio dele.<\/p>\n<ul>\n<li><strong>Como prever o resultado de uma rodada no jogo Aviator?<\/strong><\/li>\n<\/ul>\n<p>Prever exatamente o resultado de uma rodada no Aviator \u00e9 imposs\u00edvel. A estrat\u00e9gia correta e a observa\u00e7\u00e3o cuidadosa das tend\u00eancias podem ajudar na tomada de decis\u00f5es, mas a previs\u00e3o exata n\u00e3o \u00e9 poss\u00edvel.<\/p>\n<ul>\n<li><strong>Como depositar e sacar ganhos no jogo Aviator?<\/strong><\/li>\n<\/ul>\n<p>Para fazer um dep\u00f3sito, registre-se no site do cassino e financie sua conta de jogo. Para sacar seus ganhos, ser\u00e1 necess\u00e1ria a verifica\u00e7\u00e3o de identidade.<\/p>\n<h2><strong>Onde Jogar Aviator e Como Come\u00e7ar<\/strong><\/h2>\n<p>O jogo Aviator est\u00e1 dispon\u00edvel em muitos cassinos online, mas \u00e9 essencial escolher plataformas confi\u00e1veis e honestas. Recomenda-se jogar apenas nos sites oficiais licenciados do Aviator Spribe. Ao selecionar um cassino adequado para jogar Aviator, siga estas etapas:<\/p>\n<ol>\n<li>Verifique a se\u00e7\u00e3o de informa\u00e7\u00f5es legais para garantir que o cassino tenha uma licen\u00e7a. Leia an\u00e1lises online para saber sobre problemas que outros jogadores possam ter enfrentado. Preste aten\u00e7\u00e3o especial a quest\u00f5es relacionadas a saques.<\/li>\n<li>Ap\u00f3s escolher o cassino certo para jogar Aviator, visite seu site e preencha o formul\u00e1rio de registro. Normalmente, os seguintes m\u00e9todos de registro est\u00e3o dispon\u00edveis:\n<ul>\n<li>Registro via n\u00famero de celular<\/li>\n<li>Registro via e-mail<\/li>\n<li>Registro por meio de contas de redes sociais<\/li>\n<\/ul>\n<p>Escolha o m\u00e9todo mais conveniente para voc\u00ea. N\u00e3o se esque\u00e7a de verificar sua conta para evitar problemas de acesso no futuro. \u00c9 essencial lembrar que, para evitar fraudes, a administra\u00e7\u00e3o do cassino pode exigir a verifica\u00e7\u00e3o de dados pessoais antes de permitir o saque de ganhos.<\/li>\n<li>Jogar Aviator \u00e9 mais seguro em cassinos online oficiais.<\/li>\n<\/ol>\n<h2><strong>Depositar e Sacar no Jogo Aviator<\/strong><\/h2>\n<p>Para come\u00e7ar a jogar Aviator com dinheiro real, voc\u00ea deve se registrar no site oficial de um cassino online que oferece o jogo. \u00c9 recomend\u00e1vel financiar sua conta imediatamente ap\u00f3s o registro, pois muitos cassinos oferecem b\u00f4nus de boas-vindas para o primeiro dep\u00f3sito feito dentro da primeira hora ap\u00f3s o registro.<\/p>\n<h3>O processo de depositar fundos no Aviator consiste em tr\u00eas etapas simples e leva apenas alguns minutos:<\/h3>\n<ol>\n<li>Clique no bot\u00e3o &#8220;Depositar&#8221;, geralmente localizado no canto superior direito da tela.<\/li>\n<li>Especifique o valor que deseja depositar e escolha o m\u00e9todo de pagamento.<\/li>\n<li>Confirme o pagamento.<\/li>\n<\/ol>\n<h3>Os seguintes m\u00e9todos de dep\u00f3sito costumam estar dispon\u00edveis:<\/h3>\n<ul>\n<li>Carteiras eletr\u00f4nicas<\/li>\n<li>Criptomoedas<\/li>\n<li>Cart\u00f5es de cr\u00e9dito e d\u00e9bito, como Visa e MasterCard<\/li>\n<\/ul>\n<p>Boa sorte no jogo! Comece a jogar Aviator da Spribe e busque a vit\u00f3ria!<\/p>\n","protected":false},"excerpt":{"rendered":"<p>Bem-vindo ao portal oficial Aviator Games, onde voc\u00ea embarcar\u00e1 em uma jornada emocionante no universo do jogo Aviator &#8211; um emocionante jogo de crash e um dos jogos online mais populares de nosso tempo. O que \u00e9 o jogo Aviator? Aviator \u00e9 uma aventura emocionante dispon\u00edvel para todos os jogadores em um cassino virtual. Os jogadores t\u00eam a oportunidade de apostar em um multiplicador simbolizado pelo avi\u00e3o vermelho. Seus ganhos potenciais est\u00e3o intimamente ligados a&hellip; <\/p>\n","protected":false},"author":1,"featured_media":0,"parent":0,"menu_order":0,"comment_status":"closed","ping_status":"closed","template":"","meta":{"footnotes":""},"class_list":["post-11","page","type-page","status-publish","hentry"],"yoast_head":"<!-- This site is optimized with the Yoast SEO plugin v27.2 - https:\/\/yoast.com\/product\/yoast-seo-wordpress\/ -->\n<title>\u0427\u0442\u043e \u0442\u0430\u043a\u043e\u0435 \u0438\u0433\u0440\u0430 \u0410\u0432\u0438\u0430\u0442\u043e\u0440<\/title>\n<meta name=\"description\" content=\"Tudo sobre o jogo de crash Aviator. Como jogar e vencer no Aviator, estrat\u00e9gias de jogo, baixar o aplicativo, truques, avalia\u00e7\u00f5es e opini\u00f5es de jogadores reais, fa\u00e7a suas apostas\" \/>\n<meta name=\"robots\" content=\"index, follow, max-snippet:-1, max-image-preview:large, max-video-preview:-1\" \/>\n<link rel=\"canonical\" href=\"https:\/\/trafficaviator.com\/pt\/\" \/>\n<meta property=\"og:locale\" content=\"pt_PT\" \/>\n<meta property=\"og:locale:alternate\" content=\"ru_RU\" \/>\n<meta property=\"og:locale:alternate\" content=\"en_US\" \/>\n<meta property=\"og:locale:alternate\" content=\"es_ES\" \/>\n<meta property=\"og:locale:alternate\" content=\"fr_FR\" \/>\n<meta property=\"og:locale:alternate\" content=\"de_DE\" \/>\n<meta property=\"og:locale:alternate\" content=\"ro_RO\" \/>\n<meta property=\"og:locale:alternate\" content=\"sr_RS\" \/>\n<meta property=\"og:locale:alternate\" content=\"bg_BG\" \/>\n<meta property=\"og:locale:alternate\" content=\"pl_PL\" \/>\n<meta property=\"og:type\" content=\"article\" \/>\n<meta property=\"og:title\" content=\"\u0427\u0442\u043e \u0442\u0430\u043a\u043e\u0435 \u0438\u0433\u0440\u0430 \u0410\u0432\u0438\u0430\u0442\u043e\u0440\" \/>\n<meta property=\"og:description\" content=\"\u0427\u0442\u043e \u0442\u0430\u043a\u043e\u0435 \u0438\u0433\u0440\u0430 \u0410\u0432\u0438\u0430\u0442\u043e\u0440\" \/>\n<meta property=\"og:url\" content=\"https:\/\/trafficaviator.com\/pt\/\" \/>\n<meta property=\"og:site_name\" content=\"Aviator Game\" \/>\n<meta property=\"article:modified_time\" content=\"2024-04-22T13:52:15+00:00\" \/>\n<meta property=\"og:image\" content=\"https:\/\/trafficaviator.com\/wp-content\/uploads\/2023\/08\/aviatorlogo-300x105.webp\" \/>\n<meta name=\"twitter:card\" content=\"summary_large_image\" \/>\n<meta name=\"twitter:label1\" content=\"Tempo estimado de leitura\" \/>\n\t<meta name=\"twitter:data1\" content=\"6 minutos\" \/>\n<script type=\"application\/ld+json\" class=\"yoast-schema-graph\">{\"@context\":\"https:\/\/schema.org\",\"@graph\":[{\"@type\":\"WebPage\",\"@id\":\"https:\/\/trafficaviator.com\/ru\/\",\"url\":\"https:\/\/trafficaviator.com\/ru\/\",\"name\":\"\u0427\u0442\u043e \u0442\u0430\u043a\u043e\u0435 \u0438\u0433\u0440\u0430 \u0410\u0432\u0438\u0430\u0442\u043e\u0440\",\"isPartOf\":{\"@id\":\"https:\/\/trafficaviator.com\/#website\"},\"primaryImageOfPage\":{\"@id\":\"https:\/\/trafficaviator.com\/ru\/#primaryimage\"},\"image\":{\"@id\":\"https:\/\/trafficaviator.com\/ru\/#primaryimage\"},\"thumbnailUrl\":\"https:\/\/trafficaviator.com\/wp-content\/uploads\/2023\/08\/aviatorlogo-300x105.webp\",\"datePublished\":\"2023-08-22T13:08:48+00:00\",\"dateModified\":\"2024-04-22T13:52:15+00:00\",\"description\":\"\u0427\u0442\u043e \u0442\u0430\u043a\u043e\u0435 \u0438\u0433\u0440\u0430 \u0410\u0432\u0438\u0430\u0442\u043e\u0440\",\"breadcrumb\":{\"@id\":\"https:\/\/trafficaviator.com\/ru\/#breadcrumb\"},\"inLanguage\":\"pt-PT\",\"potentialAction\":[{\"@type\":\"ReadAction\",\"target\":[\"https:\/\/trafficaviator.com\/ru\/\"]}]},{\"@type\":\"ImageObject\",\"inLanguage\":\"pt-PT\",\"@id\":\"https:\/\/trafficaviator.com\/ru\/#primaryimage\",\"url\":\"https:\/\/trafficaviator.com\/wp-content\/uploads\/2023\/08\/aviatorlogo-300x105.webp\",\"contentUrl\":\"https:\/\/trafficaviator.com\/wp-content\/uploads\/2023\/08\/aviatorlogo-300x105.webp\"},{\"@type\":\"BreadcrumbList\",\"@id\":\"https:\/\/trafficaviator.com\/ru\/#breadcrumb\",\"itemListElement\":[{\"@type\":\"ListItem\",\"position\":1,\"name\":\"Home\",\"item\":\"https:\/\/trafficaviator.com\/ru\/\"},{\"@type\":\"ListItem\",\"position\":2,\"name\":\"\u0413\u043b\u0430\u0432\u043d\u0430\u044f\"}]},{\"@type\":\"WebSite\",\"@id\":\"https:\/\/trafficaviator.com\/#website\",\"url\":\"https:\/\/trafficaviator.com\/\",\"name\":\"Aviator Game\",\"description\":\"\",\"potentialAction\":[{\"@type\":\"SearchAction\",\"target\":{\"@type\":\"EntryPoint\",\"urlTemplate\":\"https:\/\/trafficaviator.com\/?s={search_term_string}\"},\"query-input\":{\"@type\":\"PropertyValueSpecification\",\"valueRequired\":true,\"valueName\":\"search_term_string\"}}],\"inLanguage\":\"pt-PT\"}]}<\/script>\n<!-- \/ Yoast SEO plugin. -->","yoast_head_json":{"title":"\u0427\u0442\u043e \u0442\u0430\u043a\u043e\u0435 \u0438\u0433\u0440\u0430 \u0410\u0432\u0438\u0430\u0442\u043e\u0440","description":"Tudo sobre o jogo de crash Aviator. Como jogar e vencer no Aviator, estrat\u00e9gias de jogo, baixar o aplicativo, truques, avalia\u00e7\u00f5es e opini\u00f5es de jogadores reais, fa\u00e7a suas apostas","robots":{"index":"index","follow":"follow","max-snippet":"max-snippet:-1","max-image-preview":"max-image-preview:large","max-video-preview":"max-video-preview:-1"},"canonical":"https:\/\/trafficaviator.com\/pt\/","og_locale":"pt_PT","og_type":"article","og_title":"[:ru]\u0427\u0442\u043e \u0442\u0430\u043a\u043e\u0435 \u0438\u0433\u0440\u0430 \u0410\u0432\u0438\u0430\u0442\u043e\u0440[:en]What is the Aviator game[:]","og_description":"\u0427\u0442\u043e \u0442\u0430\u043a\u043e\u0435 \u0438\u0433\u0440\u0430 \u0410\u0432\u0438\u0430\u0442\u043e\u0440","og_url":"https:\/\/trafficaviator.com\/pt\/","og_site_name":"Aviator Game","article_modified_time":"2024-04-22T13:52:15+00:00","og_image":[{"url":"https:\/\/trafficaviator.com\/wp-content\/uploads\/2023\/08\/aviatorlogo-300x105.webp","type":"","width":"","height":""}],"twitter_card":"summary_large_image","twitter_misc":{"Tempo estimado de leitura":"6 minutos"},"schema":{"@context":"https:\/\/schema.org","@graph":[{"@type":"WebPage","@id":"https:\/\/trafficaviator.com\/ru\/","url":"https:\/\/trafficaviator.com\/ru\/","name":"\u0427\u0442\u043e \u0442\u0430\u043a\u043e\u0435 \u0438\u0433\u0440\u0430 \u0410\u0432\u0438\u0430\u0442\u043e\u0440","isPartOf":{"@id":"https:\/\/trafficaviator.com\/#website"},"primaryImageOfPage":{"@id":"https:\/\/trafficaviator.com\/ru\/#primaryimage"},"image":{"@id":"https:\/\/trafficaviator.com\/ru\/#primaryimage"},"thumbnailUrl":"https:\/\/trafficaviator.com\/wp-content\/uploads\/2023\/08\/aviatorlogo-300x105.webp","datePublished":"2023-08-22T13:08:48+00:00","dateModified":"2024-04-22T13:52:15+00:00","description":"\u0427\u0442\u043e \u0442\u0430\u043a\u043e\u0435 \u0438\u0433\u0440\u0430 \u0410\u0432\u0438\u0430\u0442\u043e\u0440","breadcrumb":{"@id":"https:\/\/trafficaviator.com\/ru\/#breadcrumb"},"inLanguage":"pt-PT","potentialAction":[{"@type":"ReadAction","target":["https:\/\/trafficaviator.com\/ru\/"]}]},{"@type":"ImageObject","inLanguage":"pt-PT","@id":"https:\/\/trafficaviator.com\/ru\/#primaryimage","url":"https:\/\/trafficaviator.com\/wp-content\/uploads\/2023\/08\/aviatorlogo-300x105.webp","contentUrl":"https:\/\/trafficaviator.com\/wp-content\/uploads\/2023\/08\/aviatorlogo-300x105.webp"},{"@type":"BreadcrumbList","@id":"https:\/\/trafficaviator.com\/ru\/#breadcrumb","itemListElement":[{"@type":"ListItem","position":1,"name":"Home","item":"https:\/\/trafficaviator.com\/ru\/"},{"@type":"ListItem","position":2,"name":"\u0413\u043b\u0430\u0432\u043d\u0430\u044f"}]},{"@type":"WebSite","@id":"https:\/\/trafficaviator.com\/#website","url":"https:\/\/trafficaviator.com\/","name":"Aviator Game","description":"","potentialAction":[{"@type":"SearchAction","target":{"@type":"EntryPoint","urlTemplate":"https:\/\/trafficaviator.com\/?s={search_term_string}"},"query-input":{"@type":"PropertyValueSpecification","valueRequired":true,"valueName":"search_term_string"}}],"inLanguage":"pt-PT"}]}},"_links":{"self":[{"href":"https:\/\/trafficaviator.com\/pt\/wp-json\/wp\/v2\/pages\/11","targetHints":{"allow":["GET"]}}],"collection":[{"href":"https:\/\/trafficaviator.com\/pt\/wp-json\/wp\/v2\/pages"}],"about":[{"href":"https:\/\/trafficaviator.com\/pt\/wp-json\/wp\/v2\/types\/page"}],"author":[{"embeddable":true,"href":"https:\/\/trafficaviator.com\/pt\/wp-json\/wp\/v2\/users\/1"}],"replies":[{"embeddable":true,"href":"https:\/\/trafficaviator.com\/pt\/wp-json\/wp\/v2\/comments?post=11"}],"version-history":[{"count":53,"href":"https:\/\/trafficaviator.com\/pt\/wp-json\/wp\/v2\/pages\/11\/revisions"}],"predecessor-version":[{"id":177,"href":"https:\/\/trafficaviator.com\/pt\/wp-json\/wp\/v2\/pages\/11\/revisions\/177"}],"wp:attachment":[{"href":"https:\/\/trafficaviator.com\/pt\/wp-json\/wp\/v2\/media?parent=11"}],"curies":[{"name":"wp","href":"https:\/\/api.w.org\/{rel}","templated":true}]}}