{"id":13,"date":"2023-08-22T13:14:13","date_gmt":"2023-08-22T13:14:13","guid":{"rendered":"https:\/\/trafficaviator.com\/?page_id=13"},"modified":"2024-04-22T13:52:44","modified_gmt":"2024-04-22T13:52:44","slug":"strategies-aviator","status":"publish","type":"page","link":"https:\/\/trafficaviator.com\/pt\/strategies-aviator\/","title":{"rendered":"Estrat\u00e9gias para Jogar com Sucesso no Aviator"},"content":{"rendered":"<p>Nossas estrat\u00e9gias recomendadas s\u00e3o bastante diferentes das estrat\u00e9gias tradicionais, pois o sucesso ou o fracasso depende inteiramente da sua gan\u00e2ncia e paci\u00eancia.<\/p>\n<p>Portanto, o primeiro passo para vencer \u00e9 determinar o tamanho e o tipo de apostas. \u00c9 de conhecimento comum que a aposta m\u00ednima no Aviator \u00e9 de 5 rublos e o n\u00famero m\u00e1ximo de apostas simult\u00e2neas \u00e9 de duas. Primeiro, vamos analisar estrat\u00e9gias para apostas simples e duplas.<\/p>\n<h2>Estrat\u00e9gia para Jogar Aviator com Uma \u00danica Aposta<\/h2>\n<p>Esta op\u00e7\u00e3o \u00e9 ideal para iniciantes. Um round do jogo corresponde a uma aposta, permitindo que voc\u00ea se concentre e controle o processo de ganho no <a href=\"https:\/\/aposta-aviator.br.com\/\">Aviator<\/a>. Primeiro, determine seu or\u00e7amento. Isso determinar\u00e1 o valor da sua aposta. Nossa regra recomendada \u00e9 que seu or\u00e7amento deve permitir 200 apostas (pelo menos 100). Recomendamos jogar com um multiplicador de 5 rublos por aposta se voc\u00ea tiver 500 rublos. Com 100 d\u00f3lares, voc\u00ea pode fazer apostas variando de 0,5 a 1 d\u00f3lar dos EUA.<\/p>\n<p>Ap\u00f3s determinar o tamanho da <a href=\"https:\/\/play-betnacional.com\/aviator\">aposta no Aviator<\/a>, escolha uma estrat\u00e9gia. Existem tr\u00eas estrat\u00e9gias principais que iremos categorizar.<\/p>\n<ul>\n<li><strong>Estrat\u00e9gia de Baixo Risco no Aviator com Dinheiro Real<\/strong><\/li>\n<\/ul>\n<p>Esta abordagem n\u00e3o promete sucesso r\u00e1pido, mas permite que voc\u00ea se sinta confiante e evite grandes perdas. \u00c9 baseado em multiplicadores baixos, e sua retirada deve ser de cerca de x1,20-x1,21 em cada rodada. Voc\u00ea tamb\u00e9m pode usar retirada autom\u00e1tica e apostas autom\u00e1ticas. Isso reduzir\u00e1 o n\u00famero de rodadas sem sucesso e aumentar\u00e1 gradualmente seu saldo. Quando seu saldo aumentar, voc\u00ea pode fazer apostas maiores, aumentando seus ganhos no Aviator.<\/p>\n<ul>\n<li><strong>Estrat\u00e9gia de Risco Moderado no Aviator com Dinheiro Real<\/strong><\/li>\n<\/ul>\n<p>Esta t\u00e1tica \u00e9 recomendada para jogadores com um or\u00e7amento maior no Aviator. Usamos multiplicadores de x2-x3 nesta estrat\u00e9gia. A probabilidade de um round bem-sucedido com multiplicadores de 2-3 \u00e9 de 40-42%. Em caso de incerteza prolongada ou multiplicadores altos, voc\u00ea pode arriscar e fazer apostas maiores. Se tiver sorte, ficar\u00e1 no azul e aumentar\u00e1 seu dep\u00f3sito.<\/p>\n<ul>\n<li><strong>Estrat\u00e9gia S\u00f3lida para Ganhos R\u00e1pidos no Jogo Aviator<\/strong><\/li>\n<\/ul>\n<p>Esta \u00e9 uma t\u00e1tica para jogadores realmente sortudos! Em m\u00e9dia, multiplicadores acima de 100 aparecem a cada hora e meia. Recomendamos ficar de olho nos resultados e, quando um multiplicador alto aparecer, come\u00e7ar a apostar ativamente. Boa sorte!<\/p>\n<h2>Estrat\u00e9gia para Jogar Aviator com Duas Apostas Simult\u00e2neas<\/h2>\n<p>Apesar de algumas semelhan\u00e7as com o jogo de aposta \u00fanica, aqui \u00e9 necess\u00e1ria mais aten\u00e7\u00e3o. Trata-se de encontrar o equil\u00edbrio perfeito entre risco e recompensa. \u00c9 recomendado usar apostas autom\u00e1ticas e retirada autom\u00e1tica com um multiplicador de x1,2 para a primeira aposta. Para a segunda aposta, a estrat\u00e9gia de risco moderado descrita acima \u00e9 adequada.<\/p>\n<p>Recomendamos fazer uma aposta com um multiplicador de x40 e a outra com um multiplicador de x100. Isso ajudar\u00e1 voc\u00ea a evitar esgotar rapidamente seu saldo e a esperar pelos melhores multiplicadores.<\/p>\n<p>No final, nenhuma das estrat\u00e9gias listadas garante o sucesso. Voc\u00ea sempre pode experimentar, criar novas abordagens e vencer. Compartilhe seus resultados na se\u00e7\u00e3o de an\u00e1lises em nosso site se voc\u00ea conseguir desenvolver uma estrat\u00e9gia eficaz para jogar Aviator em um site de cassino online.<\/p>\n<p>Lembre-se de que a vit\u00f3ria \u00e9 poss\u00edvel ao jogar Aviator!<\/p>\n","protected":false},"excerpt":{"rendered":"<p>Nossas estrat\u00e9gias recomendadas s\u00e3o bastante diferentes das estrat\u00e9gias tradicionais, pois o sucesso ou o fracasso depende inteiramente da sua gan\u00e2ncia e paci\u00eancia. Portanto, o primeiro passo para vencer \u00e9 determinar o tamanho e o tipo de apostas. \u00c9 de conhecimento comum que a aposta m\u00ednima no Aviator \u00e9 de 5 rublos e o n\u00famero m\u00e1ximo de apostas simult\u00e2neas \u00e9 de duas. Primeiro, vamos analisar estrat\u00e9gias para apostas simples e duplas. Estrat\u00e9gia para Jogar Aviator com&hellip; <\/p>\n","protected":false},"author":1,"featured_media":0,"parent":0,"menu_order":0,"comment_status":"closed","ping_status":"closed","template":"","meta":{"footnotes":""},"class_list":["post-13","page","type-page","status-publish","hentry"],"yoast_head":"<!-- This site is optimized with the Yoast SEO plugin v27.2 - https:\/\/yoast.com\/product\/yoast-seo-wordpress\/ -->\n<title>Estrat\u00e9gias para Jogar com Sucesso no Aviator<\/title>\n<meta name=\"description\" content=\"Estrat\u00e9gias e t\u00e1ticas para jogar o jogo de colis\u00e3o Aviator. Como jogar e ganhar no Aviator agora. Ganhe dinheiro real no Aviator para jogadores em todo o mundo\" \/>\n<meta name=\"robots\" content=\"index, follow, max-snippet:-1, max-image-preview:large, max-video-preview:-1\" \/>\n<link rel=\"canonical\" href=\"https:\/\/trafficaviator.com\/pt\/strategies-aviator\/\" \/>\n<meta property=\"og:locale\" content=\"pt_PT\" \/>\n<meta property=\"og:locale:alternate\" content=\"ru_RU\" \/>\n<meta property=\"og:locale:alternate\" content=\"en_US\" \/>\n<meta property=\"og:locale:alternate\" content=\"es_ES\" \/>\n<meta property=\"og:locale:alternate\" content=\"fr_FR\" \/>\n<meta property=\"og:locale:alternate\" content=\"de_DE\" \/>\n<meta property=\"og:locale:alternate\" content=\"ro_RO\" \/>\n<meta property=\"og:locale:alternate\" content=\"sr_RS\" \/>\n<meta property=\"og:locale:alternate\" content=\"bg_BG\" \/>\n<meta property=\"og:locale:alternate\" content=\"pl_PL\" \/>\n<meta property=\"og:type\" content=\"article\" \/>\n<meta property=\"og:title\" content=\"Estrat\u00e9gias para Jogar com Sucesso no Aviator\" \/>\n<meta property=\"og:description\" content=\"Nossas estrat\u00e9gias recomendadas s\u00e3o bastante diferentes das estrat\u00e9gias tradicionais, pois o sucesso ou o fracasso depende inteiramente da sua gan\u00e2ncia e paci\u00eancia. Portanto, o primeiro passo para vencer \u00e9 determinar o tamanho e o tipo de apostas. \u00c9 de conhecimento comum que a aposta m\u00ednima no Aviator \u00e9 de 5 rublos e o n\u00famero m\u00e1ximo de apostas simult\u00e2neas \u00e9 de duas. Primeiro, vamos analisar estrat\u00e9gias para apostas simples e duplas. Estrat\u00e9gia para Jogar Aviator com&hellip;\" \/>\n<meta property=\"og:url\" content=\"https:\/\/trafficaviator.com\/pt\/strategies-aviator\/\" \/>\n<meta property=\"og:site_name\" content=\"Aviator Game\" \/>\n<meta property=\"article:modified_time\" content=\"2024-04-22T13:52:44+00:00\" \/>\n<meta name=\"twitter:card\" content=\"summary_large_image\" \/>\n<meta name=\"twitter:label1\" content=\"Tempo estimado de leitura\" \/>\n\t<meta name=\"twitter:data1\" content=\"20 minutos\" \/>\n<script type=\"application\/ld+json\" class=\"yoast-schema-graph\">{\"@context\":\"https:\/\/schema.org\",\"@graph\":[{\"@type\":\"WebPage\",\"@id\":\"https:\/\/trafficaviator.com\/en\/strategies-aviator\/\",\"url\":\"https:\/\/trafficaviator.com\/en\/strategies-aviator\/\",\"name\":\"Estrat\u00e9gias para Jogar com Sucesso no Aviator\",\"isPartOf\":{\"@id\":\"https:\/\/trafficaviator.com\/#website\"},\"datePublished\":\"2023-08-22T13:14:13+00:00\",\"dateModified\":\"2024-04-22T13:52:44+00:00\",\"breadcrumb\":{\"@id\":\"https:\/\/trafficaviator.com\/en\/strategies-aviator\/#breadcrumb\"},\"inLanguage\":\"pt-PT\",\"potentialAction\":[{\"@type\":\"ReadAction\",\"target\":[\"https:\/\/trafficaviator.com\/en\/strategies-aviator\/\"]}]},{\"@type\":\"BreadcrumbList\",\"@id\":\"https:\/\/trafficaviator.com\/en\/strategies-aviator\/#breadcrumb\",\"itemListElement\":[{\"@type\":\"ListItem\",\"position\":1,\"name\":\"Home\",\"item\":\"https:\/\/trafficaviator.com\/ru\/\"},{\"@type\":\"ListItem\",\"position\":2,\"name\":\"Strategies for Successful Play in Aviator\"}]},{\"@type\":\"WebSite\",\"@id\":\"https:\/\/trafficaviator.com\/#website\",\"url\":\"https:\/\/trafficaviator.com\/\",\"name\":\"Aviator Game\",\"description\":\"\",\"potentialAction\":[{\"@type\":\"SearchAction\",\"target\":{\"@type\":\"EntryPoint\",\"urlTemplate\":\"https:\/\/trafficaviator.com\/?s={search_term_string}\"},\"query-input\":{\"@type\":\"PropertyValueSpecification\",\"valueRequired\":true,\"valueName\":\"search_term_string\"}}],\"inLanguage\":\"pt-PT\"}]}<\/script>\n<!-- \/ Yoast SEO plugin. -->","yoast_head_json":{"title":"Estrat\u00e9gias para Jogar com Sucesso no Aviator","description":"Estrat\u00e9gias e t\u00e1ticas para jogar o jogo de colis\u00e3o Aviator. Como jogar e ganhar no Aviator agora. Ganhe dinheiro real no Aviator para jogadores em todo o mundo","robots":{"index":"index","follow":"follow","max-snippet":"max-snippet:-1","max-image-preview":"max-image-preview:large","max-video-preview":"max-video-preview:-1"},"canonical":"https:\/\/trafficaviator.com\/pt\/strategies-aviator\/","og_locale":"pt_PT","og_type":"article","og_title":"[:ru]\u0421\u0442\u0440\u0430\u0442\u0435\u0433\u0438\u0438 \u0443\u0441\u043f\u0435\u0448\u043d\u043e\u0439 \u0438\u0433\u0440\u044b \u0432 \u0410\u0432\u0438\u0430\u0442\u043e\u0440\u0435[:en]Strategies for Successful Play in Aviator[:pt]Estrat\u00e9gias para Jogar com Sucesso no Aviator[:es]Estrategias para un Juego Exitoso en Aviator[:fr]Strat\u00e9gies pour jouer avec succ\u00e8s \u00e0 Aviator[:de]Strategien f\u00fcr erfolgreiches Spielen in Aviator[:ro]Strategii pentru un joc de succes \u00een Aviator[:sr]\u0421\u0442\u0440\u0430\u0442\u0435\u0433\u0438\u0458\u0435 \u0437\u0430 \u0443\u0441\u043f\u0435\u0448\u043d\u0443 \u0438\u0433\u0440\u0443 \u0443 \u0410\u0432\u0438\u0458\u0430\u0442\u043e\u0440\u0443[:bg]\u0421\u0442\u0440\u0430\u0442\u0435\u0433\u0438\u0438 \u0437\u0430 \u0443\u0441\u043f\u0435\u0448\u043d\u0430 \u0438\u0433\u0440\u0430 \u0432 Aviator[:pl]Strategie skutecznej gry w Aviator[:] - Aviator Game","og_description":"Nossas estrat\u00e9gias recomendadas s\u00e3o bastante diferentes das estrat\u00e9gias tradicionais, pois o sucesso ou o fracasso depende inteiramente da sua gan\u00e2ncia e paci\u00eancia. Portanto, o primeiro passo para vencer \u00e9 determinar o tamanho e o tipo de apostas. \u00c9 de conhecimento comum que a aposta m\u00ednima no Aviator \u00e9 de 5 rublos e o n\u00famero m\u00e1ximo de apostas simult\u00e2neas \u00e9 de duas. Primeiro, vamos analisar estrat\u00e9gias para apostas simples e duplas. Estrat\u00e9gia para Jogar Aviator com&hellip;","og_url":"https:\/\/trafficaviator.com\/pt\/strategies-aviator\/","og_site_name":"Aviator Game","article_modified_time":"2024-04-22T13:52:44+00:00","twitter_card":"summary_large_image","twitter_misc":{"Tempo estimado de leitura":"20 minutos"},"schema":{"@context":"https:\/\/schema.org","@graph":[{"@type":"WebPage","@id":"https:\/\/trafficaviator.com\/en\/strategies-aviator\/","url":"https:\/\/trafficaviator.com\/en\/strategies-aviator\/","name":"Estrat\u00e9gias para Jogar com Sucesso no Aviator","isPartOf":{"@id":"https:\/\/trafficaviator.com\/#website"},"datePublished":"2023-08-22T13:14:13+00:00","dateModified":"2024-04-22T13:52:44+00:00","breadcrumb":{"@id":"https:\/\/trafficaviator.com\/en\/strategies-aviator\/#breadcrumb"},"inLanguage":"pt-PT","potentialAction":[{"@type":"ReadAction","target":["https:\/\/trafficaviator.com\/en\/strategies-aviator\/"]}]},{"@type":"BreadcrumbList","@id":"https:\/\/trafficaviator.com\/en\/strategies-aviator\/#breadcrumb","itemListElement":[{"@type":"ListItem","position":1,"name":"Home","item":"https:\/\/trafficaviator.com\/ru\/"},{"@type":"ListItem","position":2,"name":"Strategies for Successful Play in Aviator"}]},{"@type":"WebSite","@id":"https:\/\/trafficaviator.com\/#website","url":"https:\/\/trafficaviator.com\/","name":"Aviator Game","description":"","potentialAction":[{"@type":"SearchAction","target":{"@type":"EntryPoint","urlTemplate":"https:\/\/trafficaviator.com\/?s={search_term_string}"},"query-input":{"@type":"PropertyValueSpecification","valueRequired":true,"valueName":"search_term_string"}}],"inLanguage":"pt-PT"}]}},"_links":{"self":[{"href":"https:\/\/trafficaviator.com\/pt\/wp-json\/wp\/v2\/pages\/13","targetHints":{"allow":["GET"]}}],"collection":[{"href":"https:\/\/trafficaviator.com\/pt\/wp-json\/wp\/v2\/pages"}],"about":[{"href":"https:\/\/trafficaviator.com\/pt\/wp-json\/wp\/v2\/types\/page"}],"author":[{"embeddable":true,"href":"https:\/\/trafficaviator.com\/pt\/wp-json\/wp\/v2\/users\/1"}],"replies":[{"embeddable":true,"href":"https:\/\/trafficaviator.com\/pt\/wp-json\/wp\/v2\/comments?post=13"}],"version-history":[{"count":36,"href":"https:\/\/trafficaviator.com\/pt\/wp-json\/wp\/v2\/pages\/13\/revisions"}],"predecessor-version":[{"id":181,"href":"https:\/\/trafficaviator.com\/pt\/wp-json\/wp\/v2\/pages\/13\/revisions\/181"}],"wp:attachment":[{"href":"https:\/\/trafficaviator.com\/pt\/wp-json\/wp\/v2\/media?parent=13"}],"curies":[{"name":"wp","href":"https:\/\/api.w.org\/{rel}","templated":true}]}}