{"id":9,"date":"2023-08-22T13:02:01","date_gmt":"2023-08-22T13:02:01","guid":{"rendered":"https:\/\/trafficaviator.com\/?page_id=9"},"modified":"2024-04-22T13:52:21","modified_gmt":"2024-04-22T13:52:21","slug":"about-us","status":"publish","type":"page","link":"https:\/\/trafficaviator.com\/pt\/about-us\/","title":{"rendered":"Sobre n\u00f3s"},"content":{"rendered":"<p>Bem-vindo \u00e0 nossa p\u00e1gina Sobre N\u00f3s! Somos uma equipe de entusiastas que oferece a voc\u00ea o emocionante mundo do jogo Aviator. Nossa miss\u00e3o \u00e9 criar um espa\u00e7o de jogo \u00fanico e emocionante onde voc\u00ea possa desfrutar da divers\u00e3o e entretenimento ao lado de outros jogadores.<\/p>\n<h2>Nossa Miss\u00e3o<\/h2>\n<p>Nossa miss\u00e3o \u00e9 criar uma plataforma onde cada jogador possa experimentar as emocionantes sensa\u00e7\u00f5es e emo\u00e7\u00f5es do jogo Aviator. Nosso objetivo \u00e9 fornecer uma experi\u00eancia de jogo de alta qualidade, onde cada rodada lhe traga alegria e cada multiplicador aumente sua adrenalina e ganhos.<\/p>\n<h2>Nossos Princ\u00edpios<\/h2>\n<ol>\n<li><strong>Qualidade e Confiabilidade:<\/strong> Nos esfor\u00e7amos para oferecer aos jogadores um ambiente de jogo confi\u00e1vel e de alta qualidade, onde eles possam desfrutar do jogo sem se preocupar com a seguran\u00e7a de seus dados ou fundos.<\/li>\n<li><strong>Emo\u00e7\u00e3o e Entretenimento:<\/strong> Acreditamos que os jogos devem trazer n\u00e3o apenas ganhos, mas tamb\u00e9m divers\u00e3o. Criamos uma atmosfera de emo\u00e7\u00e3o e entretenimento, garantindo que cada rodada deixe uma marca v\u00edvida em suas mem\u00f3rias.<\/li>\n<li><strong>Intera\u00e7\u00e3o Social:<\/strong> Entendemos que os jogos se tornam ainda mais emocionantes quando voc\u00ea pode compartilhar sua alegria e vit\u00f3rias com outros jogadores. Promovemos a comunica\u00e7\u00e3o e intera\u00e7\u00e3o entre os participantes em nossa plataforma.<\/li>\n<\/ol>\n<h2>Nossa Equipe<\/h2>\n<p>Nossa equipe \u00e9 composta por desenvolvedores, designers e analistas experientes que est\u00e3o dedicados a criar uma experi\u00eancia de jogo \u00fanica. Desenvolvemos cuidadosamente todos os aspectos do jogo Aviator para proporcionar a voc\u00ea as emo\u00e7\u00f5es e a divers\u00e3o m\u00e1ximas.<\/p>\n<h2>Entre em Contato<\/h2>\n<p>Estamos sempre prontos para ouvir nossos jogadores e melhorar nossa plataforma. Se voc\u00ea tiver alguma pergunta, sugest\u00e3o ou feedback, n\u00e3o hesite em entrar em contato conosco. Sua opini\u00e3o \u00e9 fundamental para n\u00f3s!<\/p>\n<p>Obrigado por escolher nossa plataforma. Junte-se ao jogo Aviator e mergulhe no mundo da emo\u00e7\u00e3o e da divers\u00e3o!<\/p>\n","protected":false},"excerpt":{"rendered":"<p>Bem-vindo \u00e0 nossa p\u00e1gina Sobre N\u00f3s! Somos uma equipe de entusiastas que oferece a voc\u00ea o emocionante mundo do jogo Aviator. Nossa miss\u00e3o \u00e9 criar um espa\u00e7o de jogo \u00fanico e emocionante onde voc\u00ea possa desfrutar da divers\u00e3o e entretenimento ao lado de outros jogadores. Nossa Miss\u00e3o Nossa miss\u00e3o \u00e9 criar uma plataforma onde cada jogador possa experimentar as emocionantes sensa\u00e7\u00f5es e emo\u00e7\u00f5es do jogo Aviator. Nosso objetivo \u00e9 fornecer uma experi\u00eancia de jogo de&hellip; <\/p>\n","protected":false},"author":1,"featured_media":0,"parent":0,"menu_order":0,"comment_status":"closed","ping_status":"closed","template":"","meta":{"footnotes":""},"class_list":["post-9","page","type-page","status-publish","hentry"],"yoast_head":"<!-- This site is optimized with the Yoast SEO plugin v27.2 - https:\/\/yoast.com\/product\/yoast-seo-wordpress\/ -->\n<title>Sobre n\u00f3s<\/title>\n<meta name=\"description\" content=\"Criamos um site para os f\u00e3s do jogo Aviator. O TrafficAviator.com fornece todas as informa\u00e7\u00f5es necess\u00e1rias sobre o jogo de colis\u00e3o mais popular de nossos tempos, o Aviator\" \/>\n<meta name=\"robots\" content=\"index, follow, max-snippet:-1, max-image-preview:large, max-video-preview:-1\" \/>\n<link rel=\"canonical\" href=\"https:\/\/trafficaviator.com\/pt\/about-us\/\" \/>\n<meta property=\"og:locale\" content=\"pt_PT\" \/>\n<meta property=\"og:locale:alternate\" content=\"ru_RU\" \/>\n<meta property=\"og:locale:alternate\" content=\"en_US\" \/>\n<meta property=\"og:locale:alternate\" content=\"es_ES\" \/>\n<meta property=\"og:locale:alternate\" content=\"fr_FR\" \/>\n<meta property=\"og:locale:alternate\" content=\"de_DE\" \/>\n<meta property=\"og:locale:alternate\" content=\"ro_RO\" \/>\n<meta property=\"og:locale:alternate\" content=\"sr_RS\" \/>\n<meta property=\"og:locale:alternate\" content=\"bg_BG\" \/>\n<meta property=\"og:locale:alternate\" content=\"pl_PL\" \/>\n<meta property=\"og:type\" content=\"article\" \/>\n<meta property=\"og:title\" content=\"Sobre n\u00f3s\" \/>\n<meta property=\"og:description\" content=\"Bem-vindo \u00e0 nossa p\u00e1gina Sobre N\u00f3s! Somos uma equipe de entusiastas que oferece a voc\u00ea o emocionante mundo do jogo Aviator. Nossa miss\u00e3o \u00e9 criar um espa\u00e7o de jogo \u00fanico e emocionante onde voc\u00ea possa desfrutar da divers\u00e3o e entretenimento ao lado de outros jogadores. Nossa Miss\u00e3o Nossa miss\u00e3o \u00e9 criar uma plataforma onde cada jogador possa experimentar as emocionantes sensa\u00e7\u00f5es e emo\u00e7\u00f5es do jogo Aviator. Nosso objetivo \u00e9 fornecer uma experi\u00eancia de jogo de&hellip;\" \/>\n<meta property=\"og:url\" content=\"https:\/\/trafficaviator.com\/pt\/about-us\/\" \/>\n<meta property=\"og:site_name\" content=\"Aviator Game\" \/>\n<meta property=\"article:modified_time\" content=\"2024-04-22T13:52:21+00:00\" \/>\n<meta name=\"twitter:card\" content=\"summary_large_image\" \/>\n<meta name=\"twitter:label1\" content=\"Tempo estimado de leitura\" \/>\n\t<meta name=\"twitter:data1\" content=\"11 minutos\" \/>\n<script type=\"application\/ld+json\" class=\"yoast-schema-graph\">{\"@context\":\"https:\/\/schema.org\",\"@graph\":[{\"@type\":\"WebPage\",\"@id\":\"https:\/\/trafficaviator.com\/en\/about-us\/\",\"url\":\"https:\/\/trafficaviator.com\/en\/about-us\/\",\"name\":\"Sobre n\u00f3s\",\"isPartOf\":{\"@id\":\"https:\/\/trafficaviator.com\/#website\"},\"datePublished\":\"2023-08-22T13:02:01+00:00\",\"dateModified\":\"2024-04-22T13:52:21+00:00\",\"breadcrumb\":{\"@id\":\"https:\/\/trafficaviator.com\/en\/about-us\/#breadcrumb\"},\"inLanguage\":\"pt-PT\",\"potentialAction\":[{\"@type\":\"ReadAction\",\"target\":[\"https:\/\/trafficaviator.com\/en\/about-us\/\"]}]},{\"@type\":\"BreadcrumbList\",\"@id\":\"https:\/\/trafficaviator.com\/en\/about-us\/#breadcrumb\",\"itemListElement\":[{\"@type\":\"ListItem\",\"position\":1,\"name\":\"Home\",\"item\":\"https:\/\/trafficaviator.com\/ru\/\"},{\"@type\":\"ListItem\",\"position\":2,\"name\":\"About Us\"}]},{\"@type\":\"WebSite\",\"@id\":\"https:\/\/trafficaviator.com\/#website\",\"url\":\"https:\/\/trafficaviator.com\/\",\"name\":\"Aviator Game\",\"description\":\"\",\"potentialAction\":[{\"@type\":\"SearchAction\",\"target\":{\"@type\":\"EntryPoint\",\"urlTemplate\":\"https:\/\/trafficaviator.com\/?s={search_term_string}\"},\"query-input\":{\"@type\":\"PropertyValueSpecification\",\"valueRequired\":true,\"valueName\":\"search_term_string\"}}],\"inLanguage\":\"pt-PT\"}]}<\/script>\n<!-- \/ Yoast SEO plugin. -->","yoast_head_json":{"title":"Sobre n\u00f3s","description":"Criamos um site para os f\u00e3s do jogo Aviator. O TrafficAviator.com fornece todas as informa\u00e7\u00f5es necess\u00e1rias sobre o jogo de colis\u00e3o mais popular de nossos tempos, o Aviator","robots":{"index":"index","follow":"follow","max-snippet":"max-snippet:-1","max-image-preview":"max-image-preview:large","max-video-preview":"max-video-preview:-1"},"canonical":"https:\/\/trafficaviator.com\/pt\/about-us\/","og_locale":"pt_PT","og_type":"article","og_title":"[:ru]\u041e \u043d\u0430\u0441[:en]About Us[:pt]Sobre n\u00f3s[:es]Sobre nosotros[:fr]\u00c0 propos de nous[:de]\u00dcber uns[:ro]Despre Noi[:sr]\u041e \u043d\u0430\u043c\u0430[:bg]\u0417\u0430 \u043d\u0430\u0441[:pl]O nas[:] - Aviator Game","og_description":"Bem-vindo \u00e0 nossa p\u00e1gina Sobre N\u00f3s! Somos uma equipe de entusiastas que oferece a voc\u00ea o emocionante mundo do jogo Aviator. Nossa miss\u00e3o \u00e9 criar um espa\u00e7o de jogo \u00fanico e emocionante onde voc\u00ea possa desfrutar da divers\u00e3o e entretenimento ao lado de outros jogadores. Nossa Miss\u00e3o Nossa miss\u00e3o \u00e9 criar uma plataforma onde cada jogador possa experimentar as emocionantes sensa\u00e7\u00f5es e emo\u00e7\u00f5es do jogo Aviator. Nosso objetivo \u00e9 fornecer uma experi\u00eancia de jogo de&hellip;","og_url":"https:\/\/trafficaviator.com\/pt\/about-us\/","og_site_name":"Aviator Game","article_modified_time":"2024-04-22T13:52:21+00:00","twitter_card":"summary_large_image","twitter_misc":{"Tempo estimado de leitura":"11 minutos"},"schema":{"@context":"https:\/\/schema.org","@graph":[{"@type":"WebPage","@id":"https:\/\/trafficaviator.com\/en\/about-us\/","url":"https:\/\/trafficaviator.com\/en\/about-us\/","name":"Sobre n\u00f3s","isPartOf":{"@id":"https:\/\/trafficaviator.com\/#website"},"datePublished":"2023-08-22T13:02:01+00:00","dateModified":"2024-04-22T13:52:21+00:00","breadcrumb":{"@id":"https:\/\/trafficaviator.com\/en\/about-us\/#breadcrumb"},"inLanguage":"pt-PT","potentialAction":[{"@type":"ReadAction","target":["https:\/\/trafficaviator.com\/en\/about-us\/"]}]},{"@type":"BreadcrumbList","@id":"https:\/\/trafficaviator.com\/en\/about-us\/#breadcrumb","itemListElement":[{"@type":"ListItem","position":1,"name":"Home","item":"https:\/\/trafficaviator.com\/ru\/"},{"@type":"ListItem","position":2,"name":"About Us"}]},{"@type":"WebSite","@id":"https:\/\/trafficaviator.com\/#website","url":"https:\/\/trafficaviator.com\/","name":"Aviator Game","description":"","potentialAction":[{"@type":"SearchAction","target":{"@type":"EntryPoint","urlTemplate":"https:\/\/trafficaviator.com\/?s={search_term_string}"},"query-input":{"@type":"PropertyValueSpecification","valueRequired":true,"valueName":"search_term_string"}}],"inLanguage":"pt-PT"}]}},"_links":{"self":[{"href":"https:\/\/trafficaviator.com\/pt\/wp-json\/wp\/v2\/pages\/9","targetHints":{"allow":["GET"]}}],"collection":[{"href":"https:\/\/trafficaviator.com\/pt\/wp-json\/wp\/v2\/pages"}],"about":[{"href":"https:\/\/trafficaviator.com\/pt\/wp-json\/wp\/v2\/types\/page"}],"author":[{"embeddable":true,"href":"https:\/\/trafficaviator.com\/pt\/wp-json\/wp\/v2\/users\/1"}],"replies":[{"embeddable":true,"href":"https:\/\/trafficaviator.com\/pt\/wp-json\/wp\/v2\/comments?post=9"}],"version-history":[{"count":15,"href":"https:\/\/trafficaviator.com\/pt\/wp-json\/wp\/v2\/pages\/9\/revisions"}],"predecessor-version":[{"id":178,"href":"https:\/\/trafficaviator.com\/pt\/wp-json\/wp\/v2\/pages\/9\/revisions\/178"}],"wp:attachment":[{"href":"https:\/\/trafficaviator.com\/pt\/wp-json\/wp\/v2\/media?parent=9"}],"curies":[{"name":"wp","href":"https:\/\/api.w.org\/{rel}","templated":true}]}}