{"id":11,"date":"2023-08-22T13:08:48","date_gmt":"2023-08-22T13:08:48","guid":{"rendered":"https:\/\/trafficaviator.com\/?page_id=11"},"modified":"2024-04-22T13:52:15","modified_gmt":"2024-04-22T13:52:15","slug":"home","status":"publish","type":"page","link":"https:\/\/trafficaviator.com\/ro\/","title":{"rendered":"Pagina principala"},"content":{"rendered":"<p><img loading=\"lazy\" decoding=\"async\" class=\"alignnone size-medium wp-image-41 aligncenter\" src=\"https:\/\/trafficaviator.com\/wp-content\/uploads\/2023\/08\/aviatorlogo-300x105.webp\" alt=\"\" width=\"300\" height=\"105\" srcset=\"https:\/\/trafficaviator.com\/wp-content\/uploads\/2023\/08\/aviatorlogo-300x105.webp 300w, https:\/\/trafficaviator.com\/wp-content\/uploads\/2023\/08\/aviatorlogo.webp 456w\" sizes=\"auto, (max-width: 300px) 100vw, 300px\" \/><\/p>\n<p>Bine a\u021bi venit pe portalul oficial Aviator Games, unde ve\u021bi porni \u00eentr-o c\u0103l\u0103torie palpitant\u0103 \u00een universul de joc Aviator &#8211; un joc de pr\u0103bu\u0219ire incitant \u0219i unul dintre cele mai populare jocuri online ale timpurilor noastre.<\/p>\n<h2>Ce este jocul Aviator?<\/h2>\n<p><a href=\"https:\/\/aviator-slotgame.com\/ro\/\">Aviator<\/a> este o aventur\u0103 palpitant\u0103 disponibil\u0103 pentru to\u021bi juc\u0103torii \u00eentr-un cazinou virtual. Juc\u0103torii au oportunitatea de a paria pe un multiplicator simbolizat de avionul ro\u0219u. C\u00e2\u0219tigurile poten\u021biale sunt str\u00e2ns legate de acest multiplicator, care cre\u0219te odat\u0103 cu ascensiunea avionului.<\/p>\n<p>Jocul Aviator este renumit pentru povestea sa unic\u0103 de pr\u0103bu\u0219ire, care se afl\u0103 \u00een topurile genului s\u0103u. Experien\u021ba de joc Aviator promite o adrenalina incredibil\u0103 \u0219i control total asupra rezultatului, oferindu-v\u0103 \u0219ansa de a \u00eencasa c\u00e2\u0219tigurile oric\u00e2nd dori\u021bi. Nu este de mirare c\u0103 acest joc a devenit una dintre vedetele principale \u00een lumea divertismentului de jocuri de noroc.<\/p>\n<p>Ave\u021bi \u0219ansa de a v\u0103 testa norocul \u0219i de a v\u0103 multiplica pariu \u00een c\u00e2teva minute cu Aviator. Investi\u021bi doar un dolar \u0219i, poate, norocul v\u0103 va sur\u00e2de, aduc\u00e2ndu-v\u0103 o sut\u0103 de dolari datorit\u0103 multiplicatorului x100. Cu toate acestea, merit\u0103 s\u0103 v\u0103 aminti\u021bi c\u0103 a\u0219teptarea unui multiplicator at\u00e2t de mare poate necesita pu\u021bin\u0103 r\u0103bdare de la juc\u0103torii nervo\u0219i.<\/p>\n<p>\u021aine\u021bi minte: dac\u0103 nu \u00eencasa\u021bi pariul \u00eenainte ca avionul ro\u0219u s\u0103 decoleze, pariul dvs. va arde, \u0219i ve\u021bi r\u0103m\u00e2ne f\u0103r\u0103 c\u00e2\u0219tiguri. Aviator este un joc \u00een care emo\u021bia, riscul \u0219i euforia victoriei se \u00eempletesc pentru a crea o experien\u021b\u0103 unic\u0103!<\/p>\n<p>\u00cen timp, Aviator a c\u00e2\u0219tigat inimile multor cazinouri online, devenind cel mai c\u0103utat joc printre juc\u0103torii care joac\u0103 pe bani reali \u00een 2020, 2021, 2022 \u0219i 2023.<\/p>\n<h2>Regulile jocului Aviator<\/h2>\n<p>Regulile de baz\u0103 ale jocului Aviator sunt destul de simple. Participa\u021bi la joc urm\u00e2nd ace\u0219ti pa\u0219i:<\/p>\n<ol>\n<li>Plasa\u021bi-v\u0103 pariu.<\/li>\n<li>Fi\u021bi aten\u021bi la decolare \u0219i cre\u0219terea multiplicatorului, simbolizat\u0103 de mi\u0219carea avionului.<\/li>\n<li>\u00cencasa\u021bi-v\u0103 pariu \u00eenainte de decolare pentru a v\u0103 revendica c\u00e2\u0219tigurile.<\/li>\n<\/ol>\n<p>Nu uita\u021bi s\u0103 lua\u021bi \u00een considerare urm\u0103toarele detalii ale jocului:<\/p>\n<ul>\n<li>Multiplicatorul \u00ee\u0219i \u00eencepe ascensiunea la x1, \u00een sincron cu decolarea avionului. Ritmul de cre\u0219tere a multiplicatorului depinde de durata zborului.<\/li>\n<li>C\u00e2nd \u00eencasa\u021bi pariul, acesta este multiplicat cu multiplicatorul curent, rezult\u00e2nd profitul final. De exemplu, dac\u0103 paria\u021bi un dolar cu un multiplicator curent de trei ori, c\u00e2\u0219tigurile dvs. vor ajunge la trei dolari.<\/li>\n<li>Multiplicatorul este selectat aleatoriu, dar urm\u0103rind istoricul multiplicatorilor anteriori, pute\u021bi descoperi trenduri interesante, poate chiar anticip\u00e2nd apari\u021bia multiplicatorului x100.<\/li>\n<\/ul>\n<h2>Cum s\u0103 \u00eencepe\u021bi s\u0103 juca\u021bi Aviator<\/h2>\n<p>Chiar dac\u0103 sunte\u021bi \u00eencep\u0103tor, \u00eenceperea jocului este foarte simpl\u0103:<\/p>\n<ol>\n<li>Plasa\u021bi un pariu select\u00e2nd suma pe care dori\u021bi s\u0103 o paria\u021bi.<\/li>\n<li>Re\u021bine\u021bi c\u0103 ave\u021bi op\u021biunea de a plasa mai multe pariuri simultan. \u00cen interfa\u021ba de joc, ve\u021bi vedea un singur c\u00e2mp de pariere \u0219i un simbol &#8222;+&#8221; pentru a ad\u0103uga un al doilea c\u00e2mp pentru pariuri suplimentare.<\/li>\n<li>Pentru a v\u0103 revendica c\u00e2\u0219tigurile, ap\u0103sa\u021bi pur \u0219i simplu butonul &#8222;Cash Out&#8221; \u00een timpul unei runde.<\/li>\n<li>Nu uita\u021bi s\u0103 ap\u0103sa\u021bi butonul &#8222;Exit&#8221; \u00eenainte ca avionul s\u0103 decoleze pentru a evita pierderea pariului.<\/li>\n<\/ol>\n<h2>Motivele popularit\u0103\u021bii jocului Aviator<\/h2>\n<p>De ce este at\u00e2t de popular Aviator? Acest joc a c\u00e2\u0219tigat o popularitate imens\u0103, devenind un adev\u0103rat hit \u00een lumea jocurilor de pr\u0103bu\u0219ire. Acest termen se refer\u0103 la momentul c\u00e2nd avionul se pr\u0103bu\u0219e\u0219te. Aviator a devenit liderul absolut \u00een acest gen, ceea ce este destul de \u00een\u021beles.<\/p>\n<p>Immerseaz\u0103-te \u00een lumea online a Aviator \u0219i simte-te ca un pilot f\u0103r\u0103 fric\u0103. Succesul t\u0103u depinde de c\u00e2t de sus po\u021bi ridica avionul ro\u0219u. \u00cen\u0103l\u021bimea la care \u00eel ridici va determina c\u00e2\u0219tigurile tale, \u00eenmul\u021bite cu coeficientul corespunz\u0103tor.<\/p>\n<p>Echilibrul este crucial aici: este esen\u021bial s\u0103 alege\u021bi momentul potrivit pentru a \u00eencasa pariul \u0219i a opri decolarea la momentul potrivit. Cheia este s\u0103 ap\u0103sa\u021bi \u201eCash Out\u201d \u00eenainte ca avionul s\u0103 zboare prea departe.<\/p>\n<h2>Chat pentru juc\u0103torii Aviator<\/h2>\n<p>Func\u021bia de chat \u00een jocul Aviator v\u0103 permite s\u0103 interac\u021biona\u021bi cu al\u021bi juc\u0103tori, f\u0103c\u00e2nd jocul \u0219i mai interesant. Panourile de chat pentru comunicare sunt amplasate \u00een col\u021bul din dreapta sus al interfe\u021bei de joc (sau \u00een col\u021bul din dreapta sus al interfe\u021bei mobile dup\u0103 activarea chat-ului). Prin intermediul acestui chat, pute\u021bi schimba mesaje \u0219i \u00eemp\u0103rt\u0103\u0219i informa\u021bii despre c\u00e2\u0219tigurile semnificative.<\/p>\n<p>Nu uita\u021bi s\u0103 respecta\u021bi normele etice \u00een chat. \u00cenjur\u0103turile, lipsa de respect \u0219i discursul urii nu sunt permise \u0219i pot duce la blocarea contului dvs. de c\u0103tre un moderator.<\/p>\n<h2>Desc\u0103rcarea Jocului Aviator<\/h2>\n<p>Pentru a juca Aviator, trebuie s\u0103 desc\u0103rca\u021bi aplica\u021bia oficial\u0103 a cazinoului online. \u021aine\u021bi cont c\u0103 jocul este disponibil doar \u00een modul online. Desc\u0103rcarea unei versiuni pentru iPhone sau iPad nu este posibil\u0103 din cauza politicilor Apple. Pe dispozitivele Android, de asemenea, nu pute\u021bi desc\u0103rca Aviator ca o aplica\u021bie independent\u0103, dar pute\u021bi utiliza aplica\u021bia cazinoului online pentru a juca. Detalii sunt disponibile pe pagina cazinoului dumneavoastr\u0103.<\/p>\n<h2>\u00centreb\u0103ri frecvente despre Jocul Spribe Aviator<\/h2>\n<p>FAQ: R\u0103spunsuri la \u00centreb\u0103rile Comune Despre Aviator<\/p>\n<ul>\n<li><strong>C\u00e2t dureaz\u0103 o rund\u0103 \u00een jocul Spribe Aviator?<\/strong><\/li>\n<\/ul>\n<p>Durata fiec\u0103rei runde \u00een Aviator este determinat\u0103 de multiplicatorul care apare. Durata minim\u0103 a rundei este cu un multiplicator de 1,1. Pe m\u0103sur\u0103 ce multiplicatorul cre\u0219te, cre\u0219te \u0219i poten\u021bialul de c\u00e2\u0219tig. De obicei, o rund\u0103 \u00een Aviator dureaz\u0103 \u00eentre 8 \u0219i 30 de secunde.<\/p>\n<ul>\n<li><strong>Care este pariu minim pentru a juca Aviator?<\/strong><\/li>\n<\/ul>\n<p>Pariul minim \u00een Aviator este de 10 cen\u021bi sau 0,1 dolar. \u00cen plus, dac\u0103 dori\u021bi, pute\u021bi plasa pariuri \u00een incremente de 10 cen\u021bi.<\/p>\n<ul>\n<li><strong>Care poate fi pariu maxim?<\/strong><\/li>\n<\/ul>\n<p>Pariul maxim \u00een Aviator este limitat la 100 de dolari. Cu toate acestea, conform regulilor, juc\u0103torii pot plasa mai multe pariuri simultan.<\/p>\n<ul>\n<li><strong>Care este cel mai mic multiplicator \u00een jocul Aviator?<\/strong><\/li>\n<\/ul>\n<p>Cel mai mic multiplicator \u00een Aviator este 1. Acest multiplicator apare rar, aproximativ o dat\u0103 la 50 de runde. O rund\u0103 cu un multiplicator de 1 se \u00eencheie \u00een mod tipic cu o pierdere, deoarece este aproape imposibil s\u0103-l prezici.<\/p>\n<ul>\n<li><strong>Cum s\u0103 \u00eencepe\u021bi s\u0103 juca\u021bi Aviator?<\/strong><\/li>\n<\/ul>\n<p>\u00cenainte de a \u00eencepe s\u0103 juca\u021bi, stabili\u021bi-v\u0103 obiectivele \u0219i bugetul. Se recomand\u0103 s\u0103 \u00eencepe\u021bi cu pariuri minime pentru a v\u0103 extinde experien\u021ba pe parcursul multor runde. Dac\u0103 juca\u021bi cu bani reali, crea\u021bi o strategie, deoarece ac\u021biunile aleatoare nu pot duce la rezultatul dorit.<\/p>\n<ul>\n<li><strong>Cum s\u0103 c\u00e2\u0219tigi \u00een jocul Aviator?<\/strong><\/li>\n<\/ul>\n<p>Chiar \u0219i multiplicatorii \u00eencep\u00e2nd de la 1,2 sunt considera\u021bi c\u00e2\u0219tig\u0103tori \u00een Aviator. O cre\u0219tere u\u0219oar\u0103 a echilibrului cu un multiplicator de 1,2 poate activa multiplicatori ulteriori precum 1, 1,03 \u0219i a\u0219a mai departe, ceea ce poate duce la o victorie. Strategiile cu multiplicatori de 1,2-2 sunt considerate conservatoare, \u00een timp ce multiplicatorii de 2-4 reprezint\u0103 un risc mediu, iar cei de 8 \u0219i peste sunt de mare risc. Este, de asemenea, esen\u021bial s\u0103 lua\u021bi \u00een considerare m\u0103rimea pariului \u0219i s\u0103 ave\u021bi un sold suficient pentru 200 de pariuri.<\/p>\n<ul>\n<li><strong>Care este multiplicatorul maxim \u00een jocul Aviator?<\/strong><\/li>\n<\/ul>\n<p>Cel mai mare multiplicator \u00een Aviator este 200. Cu toate acestea, un astfel de multiplicator apare rar, aproximativ o dat\u0103 la 60-80 de minute.<\/p>\n<ul>\n<li><strong>Cum s\u0103 desc\u0103rca\u021bi jocul Aviator?<\/strong><\/li>\n<\/ul>\n<p>Deoarece Aviator este un joc online accesibil prin cazinouri online, nu \u00eel pute\u021bi desc\u0103rca ca o aplica\u021bie independent\u0103. Trebuie s\u0103 desc\u0103rca\u021bi aplica\u021bia cazinoului \u0219i s\u0103 juca\u021bi Aviator prin intermediul acesteia.<\/p>\n<ul>\n<li><strong>Cum s\u0103 prezici\u021bi rezultatul unei runde \u00een jocul Aviator?<\/strong><\/li>\n<\/ul>\n<p>Este imposibil s\u0103 prezici\u021bi cu exactitate rezultatul unei runde \u00een Aviator. O strategie potrivit\u0103 \u0219i observarea atent\u0103 a tendin\u021belor pot ajuta \u00een luarea deciziilor, dar prezicerea exact\u0103 nu este posibil\u0103.<\/p>\n<ul>\n<li><strong>Cum s\u0103 depune\u021bi \u0219i s\u0103 retrage\u021bi c\u00e2\u0219tigurile \u00een jocul Aviator?<\/strong><\/li>\n<\/ul>\n<p>Pentru a face un depozit, \u00eenregistra\u021bi-v\u0103 pe site-ul cazinoului \u0219i alimenta\u021bi contul de joc. Pentru a retrage c\u00e2\u0219tigurile, va fi necesar\u0103 verificarea identit\u0103\u021bii.<\/p>\n<h2>Unde s\u0103 juca\u021bi Aviator \u0219i cum s\u0103 \u00eencepe\u021bi<\/h2>\n<p>Jocul Aviator este disponibil \u00een multe cazinouri online, dar este esen\u021bial s\u0103 alege\u021bi platforme fiabile \u0219i oneste. Se recomand\u0103 s\u0103 juca\u021bi doar pe site-urile oficiale cu licen\u021b\u0103 Aviator Spribe. La selectarea unui cazino potrivit pentru a participa la Aviator, urma\u021bi ace\u0219ti pa\u0219i:<\/p>\n<ol>\n<li>Verifica\u021bi sec\u021biunea de informa\u021bii legale pentru a v\u0103 asigura c\u0103 cazinoul de\u021bine o licen\u021b\u0103. Citi\u021bi recenzii online pentru a afla despre eventualele probleme \u00eent\u00e2mpinate de al\u021bi juc\u0103tori. Acorda\u021bi o aten\u021bie deosebit\u0103 aspectelor legate de retrageri.<\/li>\n<li>Dup\u0103 ce a\u021bi ales cazinoul potrivit pentru a juca Aviator, vizita\u021bi site-ul s\u0103u \u0219i completa\u021bi formularul de \u00eenregistrare. De obicei, urm\u0103toarele metode de \u00eenregistrare sunt disponibile:\n<ul>\n<li style=\"list-style-type: none;\">\n<ul>\n<li>\u00cenregistrarea prin num\u0103rul de mobil<\/li>\n<li>\u00cenregistrarea prin e-mail<\/li>\n<li>\u00cenregistrarea prin conturi de social media<\/li>\n<\/ul>\n<\/li>\n<\/ul>\n<p>Alege\u021bi metoda cea mai convenabil\u0103 pentru dvs. Nu uita\u021bi s\u0103 v\u0103 verifica\u021bi contul pentru a evita problemele de acces \u00een viitor. Este esen\u021bial s\u0103 v\u0103 aminti\u021bi c\u0103, pentru a preveni fraudarea, administra\u021bia cazinoului poate cere verificarea datelor personale \u00eenainte de a permite retragerea c\u00e2\u0219tigurilor.<\/li>\n<li>Joaca\u021bi Aviator \u00een siguran\u021b\u0103 numai pe cazinouri online oficiale.<\/li>\n<\/ol>\n<h2>Depunerea \u0219i Retragerea \u00een Jocul Aviator<\/h2>\n<p>Pentru a \u00eencepe s\u0103 juca\u021bi Aviator cu bani reali, trebuie s\u0103 v\u0103 \u00eenregistra\u021bi pe site-ul oficial al unui cazino online care ofer\u0103 jocul. Se recomand\u0103 s\u0103 alimenta\u021bi contul imediat dup\u0103 \u00eenregistrare, deoarece multe cazinouri ofer\u0103 bonusuri de bun venit pentru primul depozit \u00een prima or\u0103 dup\u0103 \u00eenregistrare.<\/p>\n<h3>Procesul de depunere a fondurilor \u00een Aviator const\u0103 \u00een trei pa\u0219i simpli \u0219i dureaz\u0103 doar c\u00e2teva minute:<\/h3>\n<ol>\n<li>Ap\u0103sa\u021bi butonul &#8222;Depunere&#8221;, de obicei situat \u00een col\u021bul din dreapta sus al ecranului.<\/li>\n<li>Specifica\u021bi suma pe care dori\u021bi s\u0103 o depune\u021bi \u0219i alege\u021bi metoda de plat\u0103.<\/li>\n<li>Confirma\u021bi plata.<\/li>\n<\/ol>\n<h3>Urm\u0103toarele metode de depunere sunt adesea disponibile:<\/h3>\n<ul>\n<li>Portofele electronice<\/li>\n<li>Criptomonede<\/li>\n<li>Carduri de credit \u0219i de debit, precum Visa \u0219i MasterCard<\/li>\n<\/ul>\n<p>Noroc \u00een joc! \u00cencepe\u021bi s\u0103 juca\u021bi Aviator de la Spribe \u0219i viza\u021bi victoria!<\/p>\n","protected":false},"excerpt":{"rendered":"<p>Bine a\u021bi venit pe portalul oficial Aviator Games, unde ve\u021bi porni \u00eentr-o c\u0103l\u0103torie palpitant\u0103 \u00een universul de joc Aviator &#8211; un joc de pr\u0103bu\u0219ire incitant \u0219i unul dintre cele mai populare jocuri online ale timpurilor noastre. Ce este jocul Aviator? Aviator este o aventur\u0103 palpitant\u0103 disponibil\u0103 pentru to\u021bi juc\u0103torii \u00eentr-un cazinou virtual. Juc\u0103torii au oportunitatea de a paria pe un multiplicator simbolizat de avionul ro\u0219u. C\u00e2\u0219tigurile poten\u021biale sunt str\u00e2ns legate de acest multiplicator, care cre\u0219te&hellip; <\/p>\n","protected":false},"author":1,"featured_media":0,"parent":0,"menu_order":0,"comment_status":"closed","ping_status":"closed","template":"","meta":{"footnotes":""},"class_list":["post-11","page","type-page","status-publish","hentry"],"yoast_head":"<!-- This site is optimized with the Yoast SEO plugin v27.2 - https:\/\/yoast.com\/product\/yoast-seo-wordpress\/ -->\n<title>\u0427\u0442\u043e \u0442\u0430\u043a\u043e\u0435 \u0438\u0433\u0440\u0430 \u0410\u0432\u0438\u0430\u0442\u043e\u0440<\/title>\n<meta name=\"description\" content=\"Totul despre jocul de pr\u0103bu\u0219ire Aviator. Cum s\u0103 joci \u0219i s\u0103 c\u00e2\u0219tigi la Aviator, strategii de joc, descarc\u0103 aplica\u021bia, trucuri, recenzii \u0219i opinii ale juc\u0103torilor reali, plaseaz\u0103-\u021bi pariurile\" \/>\n<meta name=\"robots\" content=\"index, follow, max-snippet:-1, max-image-preview:large, max-video-preview:-1\" \/>\n<link rel=\"canonical\" href=\"https:\/\/trafficaviator.com\/ro\/\" \/>\n<meta property=\"og:locale\" content=\"ro_RO\" \/>\n<meta property=\"og:locale:alternate\" content=\"ru_RU\" \/>\n<meta property=\"og:locale:alternate\" content=\"en_US\" \/>\n<meta property=\"og:locale:alternate\" content=\"pt_PT\" \/>\n<meta property=\"og:locale:alternate\" content=\"es_ES\" \/>\n<meta property=\"og:locale:alternate\" content=\"fr_FR\" \/>\n<meta property=\"og:locale:alternate\" content=\"de_DE\" \/>\n<meta property=\"og:locale:alternate\" content=\"sr_RS\" \/>\n<meta property=\"og:locale:alternate\" content=\"bg_BG\" \/>\n<meta property=\"og:locale:alternate\" content=\"pl_PL\" \/>\n<meta property=\"og:type\" content=\"article\" \/>\n<meta property=\"og:title\" content=\"\u0427\u0442\u043e \u0442\u0430\u043a\u043e\u0435 \u0438\u0433\u0440\u0430 \u0410\u0432\u0438\u0430\u0442\u043e\u0440\" \/>\n<meta property=\"og:description\" content=\"\u0427\u0442\u043e \u0442\u0430\u043a\u043e\u0435 \u0438\u0433\u0440\u0430 \u0410\u0432\u0438\u0430\u0442\u043e\u0440\" \/>\n<meta property=\"og:url\" content=\"https:\/\/trafficaviator.com\/ro\/\" \/>\n<meta property=\"og:site_name\" content=\"Aviator Game\" \/>\n<meta property=\"article:modified_time\" content=\"2024-04-22T13:52:15+00:00\" \/>\n<meta property=\"og:image\" content=\"https:\/\/trafficaviator.com\/wp-content\/uploads\/2023\/08\/aviatorlogo-300x105.webp\" \/>\n<meta name=\"twitter:card\" content=\"summary_large_image\" \/>\n<meta name=\"twitter:label1\" content=\"Timp estimat pentru citire\" \/>\n\t<meta name=\"twitter:data1\" content=\"6 minute\" \/>\n<script type=\"application\/ld+json\" class=\"yoast-schema-graph\">{\"@context\":\"https:\/\/schema.org\",\"@graph\":[{\"@type\":\"WebPage\",\"@id\":\"https:\/\/trafficaviator.com\/ru\/\",\"url\":\"https:\/\/trafficaviator.com\/ru\/\",\"name\":\"\u0427\u0442\u043e \u0442\u0430\u043a\u043e\u0435 \u0438\u0433\u0440\u0430 \u0410\u0432\u0438\u0430\u0442\u043e\u0440\",\"isPartOf\":{\"@id\":\"https:\/\/trafficaviator.com\/#website\"},\"primaryImageOfPage\":{\"@id\":\"https:\/\/trafficaviator.com\/ru\/#primaryimage\"},\"image\":{\"@id\":\"https:\/\/trafficaviator.com\/ru\/#primaryimage\"},\"thumbnailUrl\":\"https:\/\/trafficaviator.com\/wp-content\/uploads\/2023\/08\/aviatorlogo-300x105.webp\",\"datePublished\":\"2023-08-22T13:08:48+00:00\",\"dateModified\":\"2024-04-22T13:52:15+00:00\",\"description\":\"\u0427\u0442\u043e \u0442\u0430\u043a\u043e\u0435 \u0438\u0433\u0440\u0430 \u0410\u0432\u0438\u0430\u0442\u043e\u0440\",\"breadcrumb\":{\"@id\":\"https:\/\/trafficaviator.com\/ru\/#breadcrumb\"},\"inLanguage\":\"ro-RO\",\"potentialAction\":[{\"@type\":\"ReadAction\",\"target\":[\"https:\/\/trafficaviator.com\/ru\/\"]}]},{\"@type\":\"ImageObject\",\"inLanguage\":\"ro-RO\",\"@id\":\"https:\/\/trafficaviator.com\/ru\/#primaryimage\",\"url\":\"https:\/\/trafficaviator.com\/wp-content\/uploads\/2023\/08\/aviatorlogo-300x105.webp\",\"contentUrl\":\"https:\/\/trafficaviator.com\/wp-content\/uploads\/2023\/08\/aviatorlogo-300x105.webp\"},{\"@type\":\"BreadcrumbList\",\"@id\":\"https:\/\/trafficaviator.com\/ru\/#breadcrumb\",\"itemListElement\":[{\"@type\":\"ListItem\",\"position\":1,\"name\":\"Home\",\"item\":\"https:\/\/trafficaviator.com\/ru\/\"},{\"@type\":\"ListItem\",\"position\":2,\"name\":\"\u0413\u043b\u0430\u0432\u043d\u0430\u044f\"}]},{\"@type\":\"WebSite\",\"@id\":\"https:\/\/trafficaviator.com\/#website\",\"url\":\"https:\/\/trafficaviator.com\/\",\"name\":\"Aviator Game\",\"description\":\"\",\"potentialAction\":[{\"@type\":\"SearchAction\",\"target\":{\"@type\":\"EntryPoint\",\"urlTemplate\":\"https:\/\/trafficaviator.com\/?s={search_term_string}\"},\"query-input\":{\"@type\":\"PropertyValueSpecification\",\"valueRequired\":true,\"valueName\":\"search_term_string\"}}],\"inLanguage\":\"ro-RO\"}]}<\/script>\n<!-- \/ Yoast SEO plugin. -->","yoast_head_json":{"title":"\u0427\u0442\u043e \u0442\u0430\u043a\u043e\u0435 \u0438\u0433\u0440\u0430 \u0410\u0432\u0438\u0430\u0442\u043e\u0440","description":"Totul despre jocul de pr\u0103bu\u0219ire Aviator. Cum s\u0103 joci \u0219i s\u0103 c\u00e2\u0219tigi la Aviator, strategii de joc, descarc\u0103 aplica\u021bia, trucuri, recenzii \u0219i opinii ale juc\u0103torilor reali, plaseaz\u0103-\u021bi pariurile","robots":{"index":"index","follow":"follow","max-snippet":"max-snippet:-1","max-image-preview":"max-image-preview:large","max-video-preview":"max-video-preview:-1"},"canonical":"https:\/\/trafficaviator.com\/ro\/","og_locale":"ro_RO","og_type":"article","og_title":"[:ru]\u0427\u0442\u043e \u0442\u0430\u043a\u043e\u0435 \u0438\u0433\u0440\u0430 \u0410\u0432\u0438\u0430\u0442\u043e\u0440[:en]What is the Aviator game[:]","og_description":"\u0427\u0442\u043e \u0442\u0430\u043a\u043e\u0435 \u0438\u0433\u0440\u0430 \u0410\u0432\u0438\u0430\u0442\u043e\u0440","og_url":"https:\/\/trafficaviator.com\/ro\/","og_site_name":"Aviator Game","article_modified_time":"2024-04-22T13:52:15+00:00","og_image":[{"url":"https:\/\/trafficaviator.com\/wp-content\/uploads\/2023\/08\/aviatorlogo-300x105.webp","type":"","width":"","height":""}],"twitter_card":"summary_large_image","twitter_misc":{"Timp estimat pentru citire":"6 minute"},"schema":{"@context":"https:\/\/schema.org","@graph":[{"@type":"WebPage","@id":"https:\/\/trafficaviator.com\/ru\/","url":"https:\/\/trafficaviator.com\/ru\/","name":"\u0427\u0442\u043e \u0442\u0430\u043a\u043e\u0435 \u0438\u0433\u0440\u0430 \u0410\u0432\u0438\u0430\u0442\u043e\u0440","isPartOf":{"@id":"https:\/\/trafficaviator.com\/#website"},"primaryImageOfPage":{"@id":"https:\/\/trafficaviator.com\/ru\/#primaryimage"},"image":{"@id":"https:\/\/trafficaviator.com\/ru\/#primaryimage"},"thumbnailUrl":"https:\/\/trafficaviator.com\/wp-content\/uploads\/2023\/08\/aviatorlogo-300x105.webp","datePublished":"2023-08-22T13:08:48+00:00","dateModified":"2024-04-22T13:52:15+00:00","description":"\u0427\u0442\u043e \u0442\u0430\u043a\u043e\u0435 \u0438\u0433\u0440\u0430 \u0410\u0432\u0438\u0430\u0442\u043e\u0440","breadcrumb":{"@id":"https:\/\/trafficaviator.com\/ru\/#breadcrumb"},"inLanguage":"ro-RO","potentialAction":[{"@type":"ReadAction","target":["https:\/\/trafficaviator.com\/ru\/"]}]},{"@type":"ImageObject","inLanguage":"ro-RO","@id":"https:\/\/trafficaviator.com\/ru\/#primaryimage","url":"https:\/\/trafficaviator.com\/wp-content\/uploads\/2023\/08\/aviatorlogo-300x105.webp","contentUrl":"https:\/\/trafficaviator.com\/wp-content\/uploads\/2023\/08\/aviatorlogo-300x105.webp"},{"@type":"BreadcrumbList","@id":"https:\/\/trafficaviator.com\/ru\/#breadcrumb","itemListElement":[{"@type":"ListItem","position":1,"name":"Home","item":"https:\/\/trafficaviator.com\/ru\/"},{"@type":"ListItem","position":2,"name":"\u0413\u043b\u0430\u0432\u043d\u0430\u044f"}]},{"@type":"WebSite","@id":"https:\/\/trafficaviator.com\/#website","url":"https:\/\/trafficaviator.com\/","name":"Aviator Game","description":"","potentialAction":[{"@type":"SearchAction","target":{"@type":"EntryPoint","urlTemplate":"https:\/\/trafficaviator.com\/?s={search_term_string}"},"query-input":{"@type":"PropertyValueSpecification","valueRequired":true,"valueName":"search_term_string"}}],"inLanguage":"ro-RO"}]}},"_links":{"self":[{"href":"https:\/\/trafficaviator.com\/ro\/wp-json\/wp\/v2\/pages\/11","targetHints":{"allow":["GET"]}}],"collection":[{"href":"https:\/\/trafficaviator.com\/ro\/wp-json\/wp\/v2\/pages"}],"about":[{"href":"https:\/\/trafficaviator.com\/ro\/wp-json\/wp\/v2\/types\/page"}],"author":[{"embeddable":true,"href":"https:\/\/trafficaviator.com\/ro\/wp-json\/wp\/v2\/users\/1"}],"replies":[{"embeddable":true,"href":"https:\/\/trafficaviator.com\/ro\/wp-json\/wp\/v2\/comments?post=11"}],"version-history":[{"count":53,"href":"https:\/\/trafficaviator.com\/ro\/wp-json\/wp\/v2\/pages\/11\/revisions"}],"predecessor-version":[{"id":177,"href":"https:\/\/trafficaviator.com\/ro\/wp-json\/wp\/v2\/pages\/11\/revisions\/177"}],"wp:attachment":[{"href":"https:\/\/trafficaviator.com\/ro\/wp-json\/wp\/v2\/media?parent=11"}],"curies":[{"name":"wp","href":"https:\/\/api.w.org\/{rel}","templated":true}]}}