{"id":13,"date":"2023-08-22T13:14:13","date_gmt":"2023-08-22T13:14:13","guid":{"rendered":"https:\/\/trafficaviator.com\/?page_id=13"},"modified":"2024-04-22T13:52:44","modified_gmt":"2024-04-22T13:52:44","slug":"strategies-aviator","status":"publish","type":"page","link":"https:\/\/trafficaviator.com\/ro\/strategies-aviator\/","title":{"rendered":"Strategii pentru un joc de succes \u00een Aviator"},"content":{"rendered":"<p>Strategiile noastre recomandate sunt destul de diferite fa\u021b\u0103 de strategiile tradi\u021bionale, deoarece succesul sau e\u0219ecul depinde \u00een \u00eentregime de l\u0103comie \u0219i r\u0103bdare.<\/p>\n<p>Prin urmare, primul pas spre victorie este s\u0103 determina\u021bi dimensiunea \u0219i tipul pariurilor. Este cunoscut faptul c\u0103 <a href=\"https:\/\/aviator-slotgame.com\/ro\/\">pariu minim \u00een Aviator<\/a> este de 5 cen\u021bi, iar num\u0103rul maxim de pariuri simultane este doi. Mai \u00eent\u00e2i, s\u0103 examin\u0103m strategiile pentru pariuri simple \u0219i duble.<\/p>\n<h2>Strategie pentru Jocul Aviator cu un Singur Pariu<\/h2>\n<p>Aceast\u0103 op\u021biune este ideal\u0103 pentru \u00eencep\u0103tori. O rund\u0103 de joc corespunde unui pariu, permi\u021b\u00e2ndu-v\u0103 s\u0103 v\u0103 concentra\u021bi \u0219i s\u0103 controla\u021bi procesul de c\u00e2\u0219tig \u00een Aviator. Mai \u00eent\u00e2i, determina\u021bi bugetul. Acesta va determina dimensiunea pariului. Regula noastr\u0103 recomandat\u0103 este ca bugetul s\u0103 permit\u0103 200 de pariuri (cel pu\u021bin 100). Recomand\u0103m s\u0103 juca\u021bi cu un multiplicator de 5 dolari per pariu dac\u0103 ave\u021bi 500 de dolari. Cu 100 de dolari, pute\u021bi plasa pariuri cuprinse \u00eentre 0,5 \u0219i 1 dolar american.<\/p>\n<p>Dup\u0103 ce a\u021bi determinat dimensiunea pariului \u00een Aviator, alege\u021bi o strategie. Exist\u0103 trei strategii principale pe care le vom categorisi.<\/p>\n<ul>\n<li><strong>Strategie cu Risc Redus \u00een Aviator cu Bani Reali<\/strong><\/li>\n<\/ul>\n<p>Aceast\u0103 abordare nu promite succes rapid, dar v\u0103 permite s\u0103 v\u0103 sim\u021bi\u021bi \u00eencrez\u0103tor \u0219i s\u0103 evita\u021bi pierderile mari. Se bazeaz\u0103 pe multiplicatori mici, iar retragerea dvs. ar trebui s\u0103 fie \u00een jur de x1,20-x1,21 \u00een fiecare rund\u0103. Pute\u021bi folosi \u0219i retragerea automat\u0103 \u0219i pariurile automate. Aceasta va reduce num\u0103rul de runde nereu\u0219ite \u0219i va cre\u0219te treptat soldul dvs. C\u00e2nd soldul dvs. cre\u0219te, pute\u021bi face pariuri mai mari, cresc\u00e2ndu-v\u0103 c\u00e2\u0219tigurile \u00een Aviator.<\/p>\n<ul>\n<li><strong>Strategie cu Risc Moderat \u00een Aviator cu Bani Reali<\/strong><\/li>\n<\/ul>\n<p>Aceast\u0103 tactic\u0103 este recomandat\u0103 juc\u0103torilor cu un buget mai mare \u00een Aviator. Utiliz\u0103m multiplicatori de x2-x3 \u00een aceast\u0103 strategie. Probabilitatea unei runde reu\u0219ite cu multiplicatori de 2-3 este de 40-42%. \u00cen caz de incertitudine prelungit\u0103 sau multiplicatori mari, pute\u021bi lua un risc \u0219i s\u0103 face\u021bi pariuri mai mari. Dac\u0103 ave\u021bi noroc, ve\u021bi r\u0103m\u00e2ne \u00een avantaj \u0219i ve\u021bi cre\u0219te depozitul.<\/p>\n<ul>\n<li><strong>Strategie Serioas\u0103 pentru C\u00e2\u0219tiguri Rapide \u00een Jocul Aviator<\/strong><\/li>\n<\/ul>\n<p>Aceasta este o tactic\u0103 pentru juc\u0103torii adev\u0103ra\u021bi noroco\u0219i! \u00cen medie, multiplicatorii peste 100 apar o dat\u0103 la o or\u0103 \u0219i jum\u0103tate. Recomand\u0103m s\u0103 fi\u021bi aten\u021bi la rezultate \u0219i, c\u00e2nd apare un multiplicator mare, s\u0103 \u00eencepe\u021bi s\u0103 paria\u021bi activ. Mult noroc!<\/p>\n<h2>Strategie pentru Jocul Aviator cu Dou\u0103 Pariuri Simultanee<\/h2>\n<p>\u00cen ciuda unor asem\u0103n\u0103ri cu jocul cu un singur pariu, aici este necesar\u0103 mai mult\u0103 aten\u021bie. Este vorba despre g\u0103sirea echilibrului perfect \u00eentre risc \u0219i recompens\u0103. Se recomand\u0103 utilizarea pariurilor automate \u0219i retragerea automat\u0103 cu un multiplicator de x1,2 pentru primul pariu. Pentru al doilea pariu, este potrivit\u0103 strategia cu risc moderat descris\u0103 mai sus.<\/p>\n<p>Recomand\u0103m s\u0103 face\u021bi un pariu cu un multiplicator de x40 \u0219i cel\u0103lalt cu un multiplicator de x100. Aceasta v\u0103 va ajuta s\u0103 evita\u021bi epuizarea rapid\u0103 a soldului \u0219i s\u0103 a\u0219tepta\u021bi cei mai buni multiplicatori.<\/p>\n<p>\u00cen final, niciuna dintre strategiile enumerate nu garanteaz\u0103 succesul. Pute\u021bi \u00eentotdeauna s\u0103 experimenta\u021bi, s\u0103 veni\u021bi cu abord\u0103ri noi \u0219i s\u0103 c\u00e2\u0219tiga\u021bi. \u00cemp\u0103rt\u0103\u0219i\u021bi rezultatele \u00een sec\u021biunea de recenzii de pe site-ul nostru dac\u0103 reu\u0219i\u021bi s\u0103 dezvolta\u021bi o strategie eficient\u0103 pentru a juca Aviator pe un site de cazinou online.<\/p>\n<p>Aminti\u021bi-v\u0103 c\u0103 victoria este posibil\u0103 dac\u0103 juca\u021bi Aviator!<\/p>\n","protected":false},"excerpt":{"rendered":"<p>Strategiile noastre recomandate sunt destul de diferite fa\u021b\u0103 de strategiile tradi\u021bionale, deoarece succesul sau e\u0219ecul depinde \u00een \u00eentregime de l\u0103comie \u0219i r\u0103bdare. Prin urmare, primul pas spre victorie este s\u0103 determina\u021bi dimensiunea \u0219i tipul pariurilor. Este cunoscut faptul c\u0103 pariu minim \u00een Aviator este de 5 cen\u021bi, iar num\u0103rul maxim de pariuri simultane este doi. Mai \u00eent\u00e2i, s\u0103 examin\u0103m strategiile pentru pariuri simple \u0219i duble. Strategie pentru Jocul Aviator cu un Singur Pariu Aceast\u0103 op\u021biune&hellip; <\/p>\n","protected":false},"author":1,"featured_media":0,"parent":0,"menu_order":0,"comment_status":"closed","ping_status":"closed","template":"","meta":{"footnotes":""},"class_list":["post-13","page","type-page","status-publish","hentry"],"yoast_head":"<!-- This site is optimized with the Yoast SEO plugin v27.2 - https:\/\/yoast.com\/product\/yoast-seo-wordpress\/ -->\n<title>Strategii pentru un joc de succes \u00een Aviator<\/title>\n<meta name=\"description\" content=\"Strategii \u0219i tactici pentru jocul de pr\u0103bu\u0219ire Aviator. Cum s\u0103 joci \u0219i s\u0103 c\u00e2\u0219tigi acum \u00een Aviator. C\u00e2\u0219tig\u0103 bani reali \u00een Aviator pentru juc\u0103torii din \u00eentreaga lume\" \/>\n<meta name=\"robots\" content=\"index, follow, max-snippet:-1, max-image-preview:large, max-video-preview:-1\" \/>\n<link rel=\"canonical\" href=\"https:\/\/trafficaviator.com\/ro\/strategies-aviator\/\" \/>\n<meta property=\"og:locale\" content=\"ro_RO\" \/>\n<meta property=\"og:locale:alternate\" content=\"ru_RU\" \/>\n<meta property=\"og:locale:alternate\" content=\"en_US\" \/>\n<meta property=\"og:locale:alternate\" content=\"pt_PT\" \/>\n<meta property=\"og:locale:alternate\" content=\"es_ES\" \/>\n<meta property=\"og:locale:alternate\" content=\"fr_FR\" \/>\n<meta property=\"og:locale:alternate\" content=\"de_DE\" \/>\n<meta property=\"og:locale:alternate\" content=\"sr_RS\" \/>\n<meta property=\"og:locale:alternate\" content=\"bg_BG\" \/>\n<meta property=\"og:locale:alternate\" content=\"pl_PL\" \/>\n<meta property=\"og:type\" content=\"article\" \/>\n<meta property=\"og:title\" content=\"Strategii pentru un joc de succes \u00een Aviator\" \/>\n<meta property=\"og:description\" content=\"Strategiile noastre recomandate sunt destul de diferite fa\u021b\u0103 de strategiile tradi\u021bionale, deoarece succesul sau e\u0219ecul depinde \u00een \u00eentregime de l\u0103comie \u0219i r\u0103bdare. Prin urmare, primul pas spre victorie este s\u0103 determina\u021bi dimensiunea \u0219i tipul pariurilor. Este cunoscut faptul c\u0103 pariu minim \u00een Aviator este de 5 cen\u021bi, iar num\u0103rul maxim de pariuri simultane este doi. Mai \u00eent\u00e2i, s\u0103 examin\u0103m strategiile pentru pariuri simple \u0219i duble. Strategie pentru Jocul Aviator cu un Singur Pariu Aceast\u0103 op\u021biune&hellip;\" \/>\n<meta property=\"og:url\" content=\"https:\/\/trafficaviator.com\/ro\/strategies-aviator\/\" \/>\n<meta property=\"og:site_name\" content=\"Aviator Game\" \/>\n<meta property=\"article:modified_time\" content=\"2024-04-22T13:52:44+00:00\" \/>\n<meta name=\"twitter:card\" content=\"summary_large_image\" \/>\n<meta name=\"twitter:label1\" content=\"Timp estimat pentru citire\" \/>\n\t<meta name=\"twitter:data1\" content=\"20 de minute\" \/>\n<script type=\"application\/ld+json\" class=\"yoast-schema-graph\">{\"@context\":\"https:\/\/schema.org\",\"@graph\":[{\"@type\":\"WebPage\",\"@id\":\"https:\/\/trafficaviator.com\/en\/strategies-aviator\/\",\"url\":\"https:\/\/trafficaviator.com\/en\/strategies-aviator\/\",\"name\":\"Strategii pentru un joc de succes \u00een Aviator\",\"isPartOf\":{\"@id\":\"https:\/\/trafficaviator.com\/#website\"},\"datePublished\":\"2023-08-22T13:14:13+00:00\",\"dateModified\":\"2024-04-22T13:52:44+00:00\",\"breadcrumb\":{\"@id\":\"https:\/\/trafficaviator.com\/en\/strategies-aviator\/#breadcrumb\"},\"inLanguage\":\"ro-RO\",\"potentialAction\":[{\"@type\":\"ReadAction\",\"target\":[\"https:\/\/trafficaviator.com\/en\/strategies-aviator\/\"]}]},{\"@type\":\"BreadcrumbList\",\"@id\":\"https:\/\/trafficaviator.com\/en\/strategies-aviator\/#breadcrumb\",\"itemListElement\":[{\"@type\":\"ListItem\",\"position\":1,\"name\":\"Home\",\"item\":\"https:\/\/trafficaviator.com\/ru\/\"},{\"@type\":\"ListItem\",\"position\":2,\"name\":\"Strategies for Successful Play in Aviator\"}]},{\"@type\":\"WebSite\",\"@id\":\"https:\/\/trafficaviator.com\/#website\",\"url\":\"https:\/\/trafficaviator.com\/\",\"name\":\"Aviator Game\",\"description\":\"\",\"potentialAction\":[{\"@type\":\"SearchAction\",\"target\":{\"@type\":\"EntryPoint\",\"urlTemplate\":\"https:\/\/trafficaviator.com\/?s={search_term_string}\"},\"query-input\":{\"@type\":\"PropertyValueSpecification\",\"valueRequired\":true,\"valueName\":\"search_term_string\"}}],\"inLanguage\":\"ro-RO\"}]}<\/script>\n<!-- \/ Yoast SEO plugin. -->","yoast_head_json":{"title":"Strategii pentru un joc de succes \u00een Aviator","description":"Strategii \u0219i tactici pentru jocul de pr\u0103bu\u0219ire Aviator. Cum s\u0103 joci \u0219i s\u0103 c\u00e2\u0219tigi acum \u00een Aviator. C\u00e2\u0219tig\u0103 bani reali \u00een Aviator pentru juc\u0103torii din \u00eentreaga lume","robots":{"index":"index","follow":"follow","max-snippet":"max-snippet:-1","max-image-preview":"max-image-preview:large","max-video-preview":"max-video-preview:-1"},"canonical":"https:\/\/trafficaviator.com\/ro\/strategies-aviator\/","og_locale":"ro_RO","og_type":"article","og_title":"[:ru]\u0421\u0442\u0440\u0430\u0442\u0435\u0433\u0438\u0438 \u0443\u0441\u043f\u0435\u0448\u043d\u043e\u0439 \u0438\u0433\u0440\u044b \u0432 \u0410\u0432\u0438\u0430\u0442\u043e\u0440\u0435[:en]Strategies for Successful Play in Aviator[:pt]Estrat\u00e9gias para Jogar com Sucesso no Aviator[:es]Estrategias para un Juego Exitoso en Aviator[:fr]Strat\u00e9gies pour jouer avec succ\u00e8s \u00e0 Aviator[:de]Strategien f\u00fcr erfolgreiches Spielen in Aviator[:ro]Strategii pentru un joc de succes \u00een Aviator[:sr]\u0421\u0442\u0440\u0430\u0442\u0435\u0433\u0438\u0458\u0435 \u0437\u0430 \u0443\u0441\u043f\u0435\u0448\u043d\u0443 \u0438\u0433\u0440\u0443 \u0443 \u0410\u0432\u0438\u0458\u0430\u0442\u043e\u0440\u0443[:bg]\u0421\u0442\u0440\u0430\u0442\u0435\u0433\u0438\u0438 \u0437\u0430 \u0443\u0441\u043f\u0435\u0448\u043d\u0430 \u0438\u0433\u0440\u0430 \u0432 Aviator[:pl]Strategie skutecznej gry w Aviator[:] - Aviator Game","og_description":"Strategiile noastre recomandate sunt destul de diferite fa\u021b\u0103 de strategiile tradi\u021bionale, deoarece succesul sau e\u0219ecul depinde \u00een \u00eentregime de l\u0103comie \u0219i r\u0103bdare. Prin urmare, primul pas spre victorie este s\u0103 determina\u021bi dimensiunea \u0219i tipul pariurilor. Este cunoscut faptul c\u0103 pariu minim \u00een Aviator este de 5 cen\u021bi, iar num\u0103rul maxim de pariuri simultane este doi. Mai \u00eent\u00e2i, s\u0103 examin\u0103m strategiile pentru pariuri simple \u0219i duble. Strategie pentru Jocul Aviator cu un Singur Pariu Aceast\u0103 op\u021biune&hellip;","og_url":"https:\/\/trafficaviator.com\/ro\/strategies-aviator\/","og_site_name":"Aviator Game","article_modified_time":"2024-04-22T13:52:44+00:00","twitter_card":"summary_large_image","twitter_misc":{"Timp estimat pentru citire":"20 de minute"},"schema":{"@context":"https:\/\/schema.org","@graph":[{"@type":"WebPage","@id":"https:\/\/trafficaviator.com\/en\/strategies-aviator\/","url":"https:\/\/trafficaviator.com\/en\/strategies-aviator\/","name":"Strategii pentru un joc de succes \u00een Aviator","isPartOf":{"@id":"https:\/\/trafficaviator.com\/#website"},"datePublished":"2023-08-22T13:14:13+00:00","dateModified":"2024-04-22T13:52:44+00:00","breadcrumb":{"@id":"https:\/\/trafficaviator.com\/en\/strategies-aviator\/#breadcrumb"},"inLanguage":"ro-RO","potentialAction":[{"@type":"ReadAction","target":["https:\/\/trafficaviator.com\/en\/strategies-aviator\/"]}]},{"@type":"BreadcrumbList","@id":"https:\/\/trafficaviator.com\/en\/strategies-aviator\/#breadcrumb","itemListElement":[{"@type":"ListItem","position":1,"name":"Home","item":"https:\/\/trafficaviator.com\/ru\/"},{"@type":"ListItem","position":2,"name":"Strategies for Successful Play in Aviator"}]},{"@type":"WebSite","@id":"https:\/\/trafficaviator.com\/#website","url":"https:\/\/trafficaviator.com\/","name":"Aviator Game","description":"","potentialAction":[{"@type":"SearchAction","target":{"@type":"EntryPoint","urlTemplate":"https:\/\/trafficaviator.com\/?s={search_term_string}"},"query-input":{"@type":"PropertyValueSpecification","valueRequired":true,"valueName":"search_term_string"}}],"inLanguage":"ro-RO"}]}},"_links":{"self":[{"href":"https:\/\/trafficaviator.com\/ro\/wp-json\/wp\/v2\/pages\/13","targetHints":{"allow":["GET"]}}],"collection":[{"href":"https:\/\/trafficaviator.com\/ro\/wp-json\/wp\/v2\/pages"}],"about":[{"href":"https:\/\/trafficaviator.com\/ro\/wp-json\/wp\/v2\/types\/page"}],"author":[{"embeddable":true,"href":"https:\/\/trafficaviator.com\/ro\/wp-json\/wp\/v2\/users\/1"}],"replies":[{"embeddable":true,"href":"https:\/\/trafficaviator.com\/ro\/wp-json\/wp\/v2\/comments?post=13"}],"version-history":[{"count":36,"href":"https:\/\/trafficaviator.com\/ro\/wp-json\/wp\/v2\/pages\/13\/revisions"}],"predecessor-version":[{"id":181,"href":"https:\/\/trafficaviator.com\/ro\/wp-json\/wp\/v2\/pages\/13\/revisions\/181"}],"wp:attachment":[{"href":"https:\/\/trafficaviator.com\/ro\/wp-json\/wp\/v2\/media?parent=13"}],"curies":[{"name":"wp","href":"https:\/\/api.w.org\/{rel}","templated":true}]}}