{"id":15,"date":"2023-08-22T13:20:28","date_gmt":"2023-08-22T13:20:28","guid":{"rendered":"https:\/\/trafficaviator.com\/?page_id=15"},"modified":"2024-04-22T13:52:29","modified_gmt":"2024-04-22T13:52:29","slug":"aviator-reivews","status":"publish","type":"page","link":"https:\/\/trafficaviator.com\/ro\/aviator-reivews\/","title":{"rendered":"Recenzii despre jocul Aviator \u00een cazinourile online"},"content":{"rendered":"<div class=\"flex-1 overflow-hidden\">\n<div class=\"react-scroll-to-bottom--css-jppsc-79elbk h-full\">\n<div class=\"react-scroll-to-bottom--css-jppsc-1n7m0yu\">\n<div class=\"flex flex-col text-sm gizmo:pb-9 dark:bg-gray-800 gizmo:dark:bg-transparent\">\n<div class=\"group w-full text-token-text-primary border-b border-black\/10 gizmo:border-0 dark:border-gray-900\/50 gizmo:dark:border-0 bg-gray-50 gizmo:bg-transparent dark:bg-[#444654] gizmo:dark:bg-transparent\" data-testid=\"conversation-turn-103\">\n<div class=\"p-4 gizmo:py-2 justify-center text-base md:gap-6 md:py-6 m-auto\">\n<div class=\"flex flex-1 gap-4 text-base mx-auto md:gap-6 gizmo:gap-3 gizmo:md:px-5 gizmo:lg:px-1 gizmo:xl:px-5 md:max-w-2xl lg:max-w-[38rem] gizmo:md:max-w-3xl gizmo:lg:max-w-[40rem] gizmo:xl:max-w-[48rem] xl:max-w-3xl }\">\n<div class=\"relative flex w-[calc(100%-50px)] flex-col gizmo:w-full lg:w-[calc(100%-115px)] agent-turn\">\n<div class=\"flex-col gap-1 md:gap-3\">\n<div class=\"flex flex-grow flex-col max-w-full gap-3 gizmo:gap-0\">\n<div class=\"text-message peer flex flex-col items-start gap-3 whitespace-pre-wrap break-words peer-[.text-message]:mt-5 overflow-x-auto\" data-message-author-role=\"assistant\" data-message-id=\"a029ee73-07a7-4918-919c-be1264a6c940\">\n<div class=\"markdown prose w-full break-words dark:prose-invert light\">\n<p>Jocul popular Aviator a captat inimile a milioane de fani din \u00eentreaga lume. Acest joc interesant pe site-urile de jocuri de noroc este un slot de pr\u0103bu\u0219ire \u00een care curba de pariere cre\u0219te \u0219i poate s\u0103 cad\u0103 brusc \u00een orice moment. La \u00eenceputul unei runde, curba de pariere cre\u0219te, m\u0103re\u0219te poten\u021bialul de c\u00e2\u0219tig. Misiunea ta este s\u0103 \u00ee\u021bi retragi c\u00e2\u0219tigurile \u00eenainte ca curba s\u0103 se pr\u0103bu\u0219easc\u0103. Imaginea unui avion care c\u00e2\u0219tig\u0103 altitudine simbolizeaz\u0103 acest proces, d\u00e2nd jocului numele s\u0103u, Aviator.<\/p>\n<p>Principala \u00eentrebare cu care se confrunt\u0103 juc\u0103torii este c\u00e2nd s\u0103 \u00ee\u0219i retrag\u0103 c\u00e2\u0219tigurile. C\u00e2\u0219tigurile tale depind de aceast\u0103 decizie. Alegerea \u00eentre o retragere timpurie cu un multiplicator mai mic sau \u00eencercarea de a c\u00e2\u0219tiga mai mult, dar cu riscul de a pierde, creeaz\u0103 o dilem\u0103 interesant\u0103. Mul\u021bi juc\u0103tori studiaz\u0103 strategii pentru jocul Aviator \u0219i modalit\u0103\u021bi de a-\u0219i maximiza c\u00e2\u0219tigurile. Iat\u0103 c\u00e2teva recenzii ale juc\u0103torilor care v\u0103 pot ajuta s\u0103 \u00eencepe\u021bi \u0219i s\u0103 ave\u021bi succes \u00een acest slot pe 1win.<\/p>\n<h2>Recenzii despre jocul Aviator:<\/h2>\n<p><strong>Recenzie: Transparen\u021b\u0103 \u00een Aviator &#8211; Prioritatea Mea Principal\u0103<\/strong><\/p>\n<p>Personal, aspectul corectitudinii \u00een sloturile online este crucial pentru mine, iar majoritatea cazinourilor nu ofer\u0103 garan\u021bii suficiente \u00een acest sens. \u00cen jocul Aviator, \u00eens\u0103, pot controla procesul monitoriz\u00e2nd numerele de sesiune \u0219i asigur\u00e2ndu-m\u0103 de autenticitatea lor pe site-ul dezvoltatorului. Acest lucru \u00eemi d\u0103 \u00eencredere c\u0103 jocul este corect \u0219i \u0219ansele de c\u00e2\u0219tig sunt reale. F\u0103r\u0103 aceast\u0103 transparen\u021b\u0103, riscul de \u00een\u0219el\u0103ciune este prea mare. Asigur\u00e2nd controlul asupra corectitudinii, Aviator ofer\u0103 asigurarea c\u0103 cazinoul nu interfereaz\u0103 cu desf\u0103\u0219urarea jocului.<\/p>\n<p>Gennady, 40 de ani<\/p>\n<p><strong>Recenzie: Aviator &#8211; Unul dintre Motivele Principale pentru a R\u0103m\u00e2ne pe 1win<\/strong><\/p>\n<p>Unul dintre factorii esen\u021biali la alegerea unui slot este cazinoul online. 1win m-a bucurat \u00eentotdeauna. Retragerile sunt u\u0219oare, \u0219i exist\u0103 o mul\u021bime de jocuri din care s\u0103 alegi. Joac\u0103 dup\u0103 bunul plac. Cu toate c\u0103 rareori joc Aviator, preferin\u021ba mea se \u00eendreapt\u0103 mai mult c\u0103tre poker. Cu toate acestea, tema jocului este \u00eenc\u0103 captivant\u0103. Apropo, un prieten al meu joac\u0103 exclusiv Aviator.<\/p>\n<p>Max, 47 de ani<\/p>\n<p><strong>Recenzie: Aviator &#8211; Impresionant<\/strong><\/p>\n<p>Primele trei pariuri au rezultat \u00een pierderi, dar au fost pariuri mici. Cu toate acestea, a patra \u00eencercare a adus noroc &#8211; am c\u00e2\u0219tigat 2 dolari, \u0219i apoi tot mai mult&#8230; \u00cen total, \u00een zece minute, am ridicat aproape 10 dolari. Deocamdat\u0103, m\u0103 opresc aici.<\/p>\n<p>Nick, 36 de ani<\/p>\n<p><strong>Recenzie: Aviator &#8211; Un Puternic Val de Adrenalin\u0103<\/strong><\/p>\n<p>Pentru mine personal, ca un entuziast al jocurilor de noroc, Aviator este o adev\u0103rat\u0103 catarsis pentru cei care caut\u0103 senza\u021bii tari. Dac\u0103 e\u0219ti \u00een jocurile de noroc online, dar nu ai \u00eencercat \u00eenc\u0103 Aviator, este ca \u0219i cum ai vizita Las Vegas \u0219i ai s\u0103ri peste o vizit\u0103 la cazinoul local.<\/p>\n<p>Vanessa, 35 de ani<\/p>\n<p><strong>Recenzie: Jocul Aviator Crash pe 1win &#8211; M\u0103 Satisface<\/strong><\/p>\n<p>Joc de mult timp pe 1win, \u0219i \u00eentotdeauna am fost impresionat de selec\u021bia lor extins\u0103 de jocuri. Este greu s\u0103 g\u0103se\u0219ti at\u00e2tea jocuri \u00een alte cazinouri &#8211; literalmente mii. Este incredibil. Aviator mi-a venit din \u00eent\u00e2mplare, dar p\u00e2n\u0103 acum sunt mul\u021bumit de rezultat. A\u0219tept cu ner\u0103bdare ce urmeaz\u0103.<\/p>\n<p>Alex, 52 de ani<\/p>\n<p><strong>Recenzie: Aviator &#8211; o Surs\u0103 Fiabil\u0103 de Venit<\/strong><\/p>\n<p>Cu prietenii, am descoperit acest slot pentru multiplicarea constant\u0103 a banilor. Toate celelalte jocuri par prea risipitoare&#8230; Aviator func\u021bioneaz\u0103 \u00eencet, dar sigur, aduc\u00e2ndu-ne profituri.<\/p>\n<p>Max, 19 ani<\/p>\n<p><strong>Recenzie: Juc\u00e2nd Aviator &#8211; F\u0103r\u0103 Stres, Nu \u00eentotdeauna \u00cen Plus<\/strong><\/p>\n<p>Regulile jocului sunt simple, \u0219i chiar eu, o doamn\u0103 destul de independent\u0103, le-am \u00een\u021beles u\u0219or. Totul depinde dac\u0103 e\u0219ti dispus s\u0103 ri\u0219ti. De obicei, iau riscuri semnificative, motiv pentru care nu c\u00e2\u0219tig \u00eentotdeauna. Prietenii recomand\u0103 retragerea banilor mai devreme pentru a vedea c\u00e2\u0219tigurile. Dar personal, prefer s\u0103 joc \u00eentr-o atmosfer\u0103 relaxat\u0103.<\/p>\n<p>Olga, 18 ani<\/p>\n<p><strong>Recenzie: \u00cen Aviator, Controlul Este \u00een M\u00e2inile Tale, Nu Doar Norocul<\/strong><\/p>\n<p>Am \u00eencercat multe sloturi, dar mi s-au p\u0103rut pu\u021bin confuze. Chiar \u0219i \u00een\u021belegerea simbolurilor \u0219i a combina\u021biilor a durat ceva timp. \u00cen Aviator, totul este simplu \u0219i clar. \u0218i cel mai important, mult depinde de tine, nu doar de noroc.<\/p>\n<p>Andrew, 18 ani<\/p>\n<p><strong>Recenzie: U\u0219or de C\u00e2\u0219tigat 5 Dolari \u00een 15-20 de Minute \u00een Aviator<\/strong><\/p>\n<p>M-am men\u021binut \u00eentotdeauna \u00een plus cu Aviator. Pute\u021bi c\u00e2\u0219tiga u\u0219or 5 dolari \u00een 15-20 de minute. Nu \u0219tiu pe nimeni care s\u0103 fi pierdut. \u0218i de\u0219i uneori po\u021bi pierde c\u00e2teva pariuri la r\u00e2nd, \u00eentotdeauna exist\u0103 o revenire.<\/p>\n<p>Vlad, 20 de ani<\/p>\n<p><strong>Recenzie: Aviator &#8211; Captivant\u0103 Aten\u021bia<\/strong><\/p>\n<p>Dup\u0103 multe experien\u021be cu alte sloturi pe 1win, am decis s\u0103 \u00eencerc Aviator. Este cu adev\u0103rat un joc interesant. M-a prins cu natura sa captivant\u0103.<\/p>\n<p>Nika, 21 de ani<\/p>\n<p><strong>Recenzie: Strategie \u00een Aviator: Retragere Devreme<\/strong><\/p>\n<p>Nu sunt multe sloturi online \u00een care deciziile tale sunt mai importante dec\u00e2t algoritmul. \u00cen Aviator, fiecare mi\u0219care depinde de strategia ta, \u0219i asta determin\u0103 c\u00e2\u0219tigurile tale. Cel mai bun mod este s\u0103 \u00ee\u021bi retragi banii devreme, f\u0103r\u0103 a risca prea mult, \u0219i vei fi \u00een avantaj.<\/p>\n<p>Dan, 50 de ani<\/p>\n<p><strong>Recenzie: Aviator &#8211; O Alegere Sigur\u0103, Nu o \u00cen\u0219el\u0103torie Cu Bani<\/strong><\/p>\n<p>Acest joc mi se pare normal. F\u0103r\u0103 capcane. Comparativ cu alte jocuri, nu exist\u0103 sentimentul c\u0103 e\u0219ti \u00een\u0219elat pentru bani.<\/p>\n<p>Irina, 37 de ani<\/p>\n<p><strong>Recenzie: Plus 300 de Dolari din Aviator<\/strong><\/p>\n<p>Nu pare prea complicat. Am jucat prima dat\u0103 \u0219i am fost deja \u00een sus cu 300 de dolari. Sunt valuri de noroc \u0219i nenoroc. Cu siguran\u021b\u0103 m\u0103 voi \u00eentoarce. Un slot interesant.<\/p>\n<p>Sergey, 23 de ani<\/p>\n<p><strong>Recenzie: Aviator &#8211; O Rapid\u0103 R\u0103scolire de Adrenalin\u0103<\/strong><\/p>\n<p>Un prieten mi-a recomandat Aviator \u00een timp ce m\u0103 preg\u0103team pentru examene. Jucam \u00een pauze. Este o rapid\u0103 r\u0103scolire de adrenalin\u0103. Este exact ceea ce ai nevoie pentru a te relaxa \u00een timpul pauzelor de studiu.<\/p>\n<p>Alexander, 19 ani<\/p>\n<p><strong>Recenzie: Aviator &#8211; O Excelent\u0103 Distrac\u021bie<\/strong><\/p>\n<p>Este cu adev\u0103rat un joc distractiv. Am desc\u0103rcat aplica\u021bia pe Samsung \u0219i joc \u00een momentele mele libere. \u00cen timpul unei pauze de munc\u0103 de jum\u0103tate de or\u0103, este alegerea perfect\u0103. O rund\u0103 dureaz\u0103 c\u00e2teva secunde dac\u0103 vrei s\u0103 termini rapid, \u0219i p\u00e2n\u0103 la 10-15 secunde dac\u0103 decizi s\u0103 continui. Tu decizi c\u00e2nd s\u0103 te opre\u0219ti.<\/p>\n<p>Alexey, 26 de ani<\/p>\n<p><strong>Recenzie: Aviator &#8211; Un Slot Generos<\/strong><\/p>\n<p>\u00cen \u0219coal\u0103, adesea am concurat \u00een Aviator. De obicei, din 12 persoane, 8-9 r\u0103m\u00e2neau \u00een avantaj. Suma varia \u00eentre 1 \u0219i 20 de dolari. Slotul este cu adev\u0103rat generos.<\/p>\n<p>Dmitry, 18 ani<\/p>\n<p><strong>Recenzie: Simplitatea lui Aviator<\/strong><\/p>\n<p>Jocul este simplu. Scopul nu este s\u0103 c\u00e2\u0219tigi mare, ci doar s\u0103 te bucuri. Pariurile mele sunt doar 5 cen\u021bi americani. O or\u0103 de joc m\u0103 cost\u0103 50 de cen\u021bi. Dar este distractiv. Cu strategia potrivit\u0103, po\u021bi r\u0103m\u00e2ne \u00een avantaj.<\/p>\n<p>Stan, 26 de ani<\/p>\n<p><strong>Recenzie: Ar Fi Trebuit S\u0103 Aflu Despre Aviator Mai Devreme<\/strong><\/p>\n<p>Este ciudat c\u0103 nu auzisem de Aviator \u00eenainte. L-am \u00eencercat pentru prima dat\u0103 acum doar c\u00e2teva zile, \u00een timp ce prietenii mei \u0219tiau totul despre el. Unul dintre ei a spus chiar c\u0103 Aviator pe 1win este cel mai bun.<\/p>\n<p>Vas, 35 de ani<\/p>\n<p><strong>Recenzie: Aviator &#8211; o Modalitate Fiabil\u0103 de a Te Distr<\/strong><\/p>\n<p>Jocul Aviator nu doar distreaz\u0103, ci aduce \u0219i pl\u0103cere. Timpul trece neobservat. Uneori, dup\u0103 ce \u00eencepi s\u0103 joci, trece o or\u0103 \u00eentreag\u0103. Este o modalitate minunat\u0103 de a-\u021bi petrece timpul.<\/p>\n<p>Mila, 48 de ani<\/p>\n<p><strong>Recenzie: Iubesc Jocurile de Pr\u0103bu\u0219ire<\/strong><\/p>\n<p>Am pierdut temporar interesul pentru sloturi, dar apoi am g\u0103sit Aviator. Am aflat despre el \u00een 2020, dar am \u00eenceput s\u0103 joc abia \u00een 2022. M-a introdus \u00eentr-un nou gen &#8211; jocurile de pr\u0103bu\u0219ire. Sunt foarte diverse. \u00cencearc\u0103-le \u0219i tu.<\/p>\n<p>Yuri, 32 de ani<\/p>\n<\/div>\n<\/div>\n<\/div>\n<\/div>\n<\/div>\n<\/div>\n<\/div>\n<\/div>\n<\/div>\n<\/div>\n<\/div>\n<\/div>\n","protected":false},"excerpt":{"rendered":"<p>Jocul popular Aviator a captat inimile a milioane de fani din \u00eentreaga lume. Acest joc interesant pe site-urile de jocuri de noroc este un slot de pr\u0103bu\u0219ire \u00een care curba de pariere cre\u0219te \u0219i poate s\u0103 cad\u0103 brusc \u00een orice moment. La \u00eenceputul unei runde, curba de pariere cre\u0219te, m\u0103re\u0219te poten\u021bialul de c\u00e2\u0219tig. Misiunea ta este s\u0103 \u00ee\u021bi retragi c\u00e2\u0219tigurile \u00eenainte ca curba s\u0103 se pr\u0103bu\u0219easc\u0103. Imaginea unui avion care c\u00e2\u0219tig\u0103 altitudine simbolizeaz\u0103 acest proces,&hellip; <\/p>\n","protected":false},"author":1,"featured_media":0,"parent":0,"menu_order":0,"comment_status":"closed","ping_status":"closed","template":"","meta":{"footnotes":""},"class_list":["post-15","page","type-page","status-publish","hentry"],"yoast_head":"<!-- This site is optimized with the Yoast SEO plugin v27.2 - https:\/\/yoast.com\/product\/yoast-seo-wordpress\/ -->\n<title>Recenzii despre jocul Aviator \u00een cazinourile online<\/title>\n<meta name=\"description\" content=\"Dac\u0103 e\u0219ti interesat de recenzii sincere \u0219i autentice ale jocului de tip &quot;crash&quot; Aviator, atunci cite\u0219te recenziile despre Aviator pe TrafficAviator.com\" \/>\n<meta name=\"robots\" content=\"index, follow, max-snippet:-1, max-image-preview:large, max-video-preview:-1\" \/>\n<link rel=\"canonical\" href=\"https:\/\/trafficaviator.com\/ro\/aviator-reivews\/\" \/>\n<meta property=\"og:locale\" content=\"ro_RO\" \/>\n<meta property=\"og:locale:alternate\" content=\"ru_RU\" \/>\n<meta property=\"og:locale:alternate\" content=\"en_US\" \/>\n<meta property=\"og:locale:alternate\" content=\"pt_PT\" \/>\n<meta property=\"og:locale:alternate\" content=\"es_ES\" \/>\n<meta property=\"og:locale:alternate\" content=\"fr_FR\" \/>\n<meta property=\"og:locale:alternate\" content=\"de_DE\" \/>\n<meta property=\"og:locale:alternate\" content=\"sr_RS\" \/>\n<meta property=\"og:locale:alternate\" content=\"bg_BG\" \/>\n<meta property=\"og:locale:alternate\" content=\"pl_PL\" \/>\n<meta property=\"og:type\" content=\"article\" \/>\n<meta property=\"og:title\" content=\"Recenzii despre jocul Aviator \u00een cazinourile online\" \/>\n<meta property=\"og:description\" content=\"Jocul popular Aviator a captat inimile a milioane de fani din \u00eentreaga lume. Acest joc interesant pe site-urile de jocuri de noroc este un slot de pr\u0103bu\u0219ire \u00een care curba de pariere cre\u0219te \u0219i poate s\u0103 cad\u0103 brusc \u00een orice moment. La \u00eenceputul unei runde, curba de pariere cre\u0219te, m\u0103re\u0219te poten\u021bialul de c\u00e2\u0219tig. Misiunea ta este s\u0103 \u00ee\u021bi retragi c\u00e2\u0219tigurile \u00eenainte ca curba s\u0103 se pr\u0103bu\u0219easc\u0103. Imaginea unui avion care c\u00e2\u0219tig\u0103 altitudine simbolizeaz\u0103 acest proces,&hellip;\" \/>\n<meta property=\"og:url\" content=\"https:\/\/trafficaviator.com\/ro\/aviator-reivews\/\" \/>\n<meta property=\"og:site_name\" content=\"Aviator Game\" \/>\n<meta property=\"article:modified_time\" content=\"2024-04-22T13:52:29+00:00\" \/>\n<meta name=\"twitter:card\" content=\"summary_large_image\" \/>\n<meta name=\"twitter:label1\" content=\"Timp estimat pentru citire\" \/>\n\t<meta name=\"twitter:data1\" content=\"45 de minute\" \/>\n<script type=\"application\/ld+json\" class=\"yoast-schema-graph\">{\"@context\":\"https:\/\/schema.org\",\"@graph\":[{\"@type\":\"WebPage\",\"@id\":\"https:\/\/trafficaviator.com\/en\/aviator-reivews\/\",\"url\":\"https:\/\/trafficaviator.com\/en\/aviator-reivews\/\",\"name\":\"Recenzii despre jocul Aviator \u00een cazinourile online\",\"isPartOf\":{\"@id\":\"https:\/\/trafficaviator.com\/#website\"},\"datePublished\":\"2023-08-22T13:20:28+00:00\",\"dateModified\":\"2024-04-22T13:52:29+00:00\",\"breadcrumb\":{\"@id\":\"https:\/\/trafficaviator.com\/en\/aviator-reivews\/#breadcrumb\"},\"inLanguage\":\"ro-RO\",\"potentialAction\":[{\"@type\":\"ReadAction\",\"target\":[\"https:\/\/trafficaviator.com\/en\/aviator-reivews\/\"]}]},{\"@type\":\"BreadcrumbList\",\"@id\":\"https:\/\/trafficaviator.com\/en\/aviator-reivews\/#breadcrumb\",\"itemListElement\":[{\"@type\":\"ListItem\",\"position\":1,\"name\":\"Home\",\"item\":\"https:\/\/trafficaviator.com\/ru\/\"},{\"@type\":\"ListItem\",\"position\":2,\"name\":\"Reviews of the Aviator Game in Online Casinos\"}]},{\"@type\":\"WebSite\",\"@id\":\"https:\/\/trafficaviator.com\/#website\",\"url\":\"https:\/\/trafficaviator.com\/\",\"name\":\"Aviator Game\",\"description\":\"\",\"potentialAction\":[{\"@type\":\"SearchAction\",\"target\":{\"@type\":\"EntryPoint\",\"urlTemplate\":\"https:\/\/trafficaviator.com\/?s={search_term_string}\"},\"query-input\":{\"@type\":\"PropertyValueSpecification\",\"valueRequired\":true,\"valueName\":\"search_term_string\"}}],\"inLanguage\":\"ro-RO\"}]}<\/script>\n<!-- \/ Yoast SEO plugin. -->","yoast_head_json":{"title":"Recenzii despre jocul Aviator \u00een cazinourile online","description":"Dac\u0103 e\u0219ti interesat de recenzii sincere \u0219i autentice ale jocului de tip \"crash\" Aviator, atunci cite\u0219te recenziile despre Aviator pe TrafficAviator.com","robots":{"index":"index","follow":"follow","max-snippet":"max-snippet:-1","max-image-preview":"max-image-preview:large","max-video-preview":"max-video-preview:-1"},"canonical":"https:\/\/trafficaviator.com\/ro\/aviator-reivews\/","og_locale":"ro_RO","og_type":"article","og_title":"[:ru]\u041e\u0442\u0437\u044b\u0432\u044b \u043e \u0438\u0433\u0440\u0435 \u0410\u0432\u0438\u0430\u0442\u043e\u0440 \u0432 \u043e\u043d\u043b\u0430\u0439\u043d \u043a\u0430\u0437\u0438\u043d\u043e[:en]Reviews of the Aviator Game in Online Casinos[:pt]Avalia\u00e7\u00f5es do Jogo Aviator em Cassinos Online[:es]Opiniones sobre el Juego Aviator en Casinos en L\u00ednea[:fr]Avis sur le jeu Aviator dans les casinos en ligne[:de]Bewertungen des Aviator-Spiels in Online-Casinos[:ro]Recenzii despre jocul Aviator \u00een cazinourile online[:sr]\u041e\u0442\u0437\u0438\u0432\u0438 \u043e \u0438\u0433\u0440\u0438 \u0410\u0432\u0438\u0430\u0442\u043e\u0440 \u0443 \u043e\u043d\u043b\u0430\u0458\u043d \u043a\u0430\u0437\u0438\u043d\u0438\u043c\u0430[:bg]\u0420\u0435\u0446\u0435\u043d\u0437\u0438\u0438 \u0437\u0430 \u0438\u0433\u0440\u0430\u0442\u0430 Aviator \u0432 \u043e\u043d\u043b\u0430\u0439\u043d \u043a\u0430\u0437\u0438\u043d\u0430[:pl]Recenzje gry Aviator w kasynach online[:] - Aviator Game","og_description":"Jocul popular Aviator a captat inimile a milioane de fani din \u00eentreaga lume. Acest joc interesant pe site-urile de jocuri de noroc este un slot de pr\u0103bu\u0219ire \u00een care curba de pariere cre\u0219te \u0219i poate s\u0103 cad\u0103 brusc \u00een orice moment. La \u00eenceputul unei runde, curba de pariere cre\u0219te, m\u0103re\u0219te poten\u021bialul de c\u00e2\u0219tig. Misiunea ta este s\u0103 \u00ee\u021bi retragi c\u00e2\u0219tigurile \u00eenainte ca curba s\u0103 se pr\u0103bu\u0219easc\u0103. Imaginea unui avion care c\u00e2\u0219tig\u0103 altitudine simbolizeaz\u0103 acest proces,&hellip;","og_url":"https:\/\/trafficaviator.com\/ro\/aviator-reivews\/","og_site_name":"Aviator Game","article_modified_time":"2024-04-22T13:52:29+00:00","twitter_card":"summary_large_image","twitter_misc":{"Timp estimat pentru citire":"45 de minute"},"schema":{"@context":"https:\/\/schema.org","@graph":[{"@type":"WebPage","@id":"https:\/\/trafficaviator.com\/en\/aviator-reivews\/","url":"https:\/\/trafficaviator.com\/en\/aviator-reivews\/","name":"Recenzii despre jocul Aviator \u00een cazinourile online","isPartOf":{"@id":"https:\/\/trafficaviator.com\/#website"},"datePublished":"2023-08-22T13:20:28+00:00","dateModified":"2024-04-22T13:52:29+00:00","breadcrumb":{"@id":"https:\/\/trafficaviator.com\/en\/aviator-reivews\/#breadcrumb"},"inLanguage":"ro-RO","potentialAction":[{"@type":"ReadAction","target":["https:\/\/trafficaviator.com\/en\/aviator-reivews\/"]}]},{"@type":"BreadcrumbList","@id":"https:\/\/trafficaviator.com\/en\/aviator-reivews\/#breadcrumb","itemListElement":[{"@type":"ListItem","position":1,"name":"Home","item":"https:\/\/trafficaviator.com\/ru\/"},{"@type":"ListItem","position":2,"name":"Reviews of the Aviator Game in Online Casinos"}]},{"@type":"WebSite","@id":"https:\/\/trafficaviator.com\/#website","url":"https:\/\/trafficaviator.com\/","name":"Aviator Game","description":"","potentialAction":[{"@type":"SearchAction","target":{"@type":"EntryPoint","urlTemplate":"https:\/\/trafficaviator.com\/?s={search_term_string}"},"query-input":{"@type":"PropertyValueSpecification","valueRequired":true,"valueName":"search_term_string"}}],"inLanguage":"ro-RO"}]}},"_links":{"self":[{"href":"https:\/\/trafficaviator.com\/ro\/wp-json\/wp\/v2\/pages\/15","targetHints":{"allow":["GET"]}}],"collection":[{"href":"https:\/\/trafficaviator.com\/ro\/wp-json\/wp\/v2\/pages"}],"about":[{"href":"https:\/\/trafficaviator.com\/ro\/wp-json\/wp\/v2\/types\/page"}],"author":[{"embeddable":true,"href":"https:\/\/trafficaviator.com\/ro\/wp-json\/wp\/v2\/users\/1"}],"replies":[{"embeddable":true,"href":"https:\/\/trafficaviator.com\/ro\/wp-json\/wp\/v2\/comments?post=15"}],"version-history":[{"count":18,"href":"https:\/\/trafficaviator.com\/ro\/wp-json\/wp\/v2\/pages\/15\/revisions"}],"predecessor-version":[{"id":179,"href":"https:\/\/trafficaviator.com\/ro\/wp-json\/wp\/v2\/pages\/15\/revisions\/179"}],"wp:attachment":[{"href":"https:\/\/trafficaviator.com\/ro\/wp-json\/wp\/v2\/media?parent=15"}],"curies":[{"name":"wp","href":"https:\/\/api.w.org\/{rel}","templated":true}]}}