{"id":9,"date":"2023-08-22T13:02:01","date_gmt":"2023-08-22T13:02:01","guid":{"rendered":"https:\/\/trafficaviator.com\/?page_id=9"},"modified":"2024-04-22T13:52:21","modified_gmt":"2024-04-22T13:52:21","slug":"about-us","status":"publish","type":"page","link":"https:\/\/trafficaviator.com\/ro\/about-us\/","title":{"rendered":"Despre Noi"},"content":{"rendered":"<p>Bine a\u021bi venit pe pagina noastr\u0103 Despre Noi! Suntem o echip\u0103 de entuzia\u0219ti care v\u0103 ofer\u0103 lumea palpitant\u0103 a jocului Aviator. Ne propunem s\u0103 cre\u0103m un spa\u021biu de joc unic \u0219i captivant, unde v\u0103 pute\u021bi bucura de emo\u021bie \u0219i distrac\u021bie al\u0103turi de al\u021bi juc\u0103tori.<\/p>\n<h2>Misiunea Noastr\u0103<\/h2>\n<p>Misiunea noastr\u0103 este s\u0103 cre\u0103m o platform\u0103 \u00een care fiecare juc\u0103tor s\u0103 poat\u0103 experimenta emo\u021biile palpitante ale jocului Aviator. Scopul nostru este s\u0103 oferim o experien\u021b\u0103 de joc de \u00eenalt\u0103 calitate, \u00een care fiecare rund\u0103 s\u0103 v\u0103 aduc\u0103 bucurie, iar fiecare multiplicator s\u0103 v\u0103 creasc\u0103 adrenalina \u0219i c\u00e2\u0219tigurile.<\/p>\n<h2>Principiile Noastre<\/h2>\n<ol>\n<li><strong>Calitate \u0219i Fiabilitate:<\/strong> Ne str\u0103duim s\u0103 oferim juc\u0103torilor un mediu de joc fiabil \u0219i de \u00eenalt\u0103 calitate, \u00een care se pot bucura de joc f\u0103r\u0103 a-\u0219i face griji cu privire la securitatea datelor sau a fondurilor lor.<\/li>\n<li><strong>Emo\u021bie \u0219i Distrac\u021bie:<\/strong> Credem c\u0103 jocurile ar trebui s\u0103 aduc\u0103 nu doar c\u00e2\u0219tiguri, ci \u0219i bucurie. Cream o atmosfer\u0103 de emo\u021bie \u0219i distrac\u021bie, asigur\u00e2ndu-ne c\u0103 fiecare rund\u0103 las\u0103 o amprent\u0103 vie \u00een amintirile voastre.<\/li>\n<li><strong>Interac\u021biune Social\u0103:<\/strong> \u00cen\u021belegem c\u0103 jocurile devin \u0219i mai palpitante atunci c\u00e2nd pute\u021bi \u00eemp\u0103rt\u0103\u0219i bucuria \u0219i victoriile cu al\u021bi juc\u0103tori. Promov\u0103m comunicarea \u0219i interac\u021biunea \u00eentre participan\u021bii de pe platforma noastr\u0103.<\/li>\n<\/ol>\n<h2>Echipa Noastr\u0103<\/h2>\n<p>Echipa noastr\u0103 este format\u0103 din dezvoltatori, designeri \u0219i anali\u0219ti experimenta\u021bi dedica\u021bi cre\u0103rii unei experien\u021be de joc unice. Dezvolt\u0103m cu aten\u021bie fiecare aspect al jocului Aviator pentru a v\u0103 oferi emo\u021bii \u0219i distrac\u021bie maxime.<\/p>\n<h2>Contacta\u021bi-ne<\/h2>\n<p>Suntem \u00eentotdeauna preg\u0103ti\u021bi s\u0103 ascult\u0103m juc\u0103torii no\u0219tri \u0219i s\u0103 \u00eembun\u0103t\u0103\u021bim platforma noastr\u0103. Dac\u0103 ave\u021bi \u00eentreb\u0103ri, sugestii sau feedback, v\u0103 rug\u0103m s\u0103 nu ezita\u021bi s\u0103 ne contacta\u021bi. Opinia voastr\u0103 este crucial\u0103 pentru noi!<\/p>\n<p>V\u0103 mul\u021bumim c\u0103 a\u021bi ales platforma noastr\u0103. Al\u0103tura\u021bi-v\u0103 jocului Aviator \u0219i \u00eenf\u0103\u021bi\u0219a\u021bi-v\u0103 \u00een lumea emo\u021biei \u0219i distrac\u021biei!<\/p>\n","protected":false},"excerpt":{"rendered":"<p>Bine a\u021bi venit pe pagina noastr\u0103 Despre Noi! Suntem o echip\u0103 de entuzia\u0219ti care v\u0103 ofer\u0103 lumea palpitant\u0103 a jocului Aviator. Ne propunem s\u0103 cre\u0103m un spa\u021biu de joc unic \u0219i captivant, unde v\u0103 pute\u021bi bucura de emo\u021bie \u0219i distrac\u021bie al\u0103turi de al\u021bi juc\u0103tori. Misiunea Noastr\u0103 Misiunea noastr\u0103 este s\u0103 cre\u0103m o platform\u0103 \u00een care fiecare juc\u0103tor s\u0103 poat\u0103 experimenta emo\u021biile palpitante ale jocului Aviator. Scopul nostru este s\u0103 oferim o experien\u021b\u0103 de joc de&hellip; <\/p>\n","protected":false},"author":1,"featured_media":0,"parent":0,"menu_order":0,"comment_status":"closed","ping_status":"closed","template":"","meta":{"footnotes":""},"class_list":["post-9","page","type-page","status-publish","hentry"],"yoast_head":"<!-- This site is optimized with the Yoast SEO plugin v27.2 - https:\/\/yoast.com\/product\/yoast-seo-wordpress\/ -->\n<title>Despre Noi<\/title>\n<meta name=\"description\" content=\"Am creat un site pentru fanii jocului Aviator. TrafficAviator.com ofer\u0103 toate informa\u021biile necesare despre cel mai popular joc de tip crash al zilelor noastre, Aviator\" \/>\n<meta name=\"robots\" content=\"index, follow, max-snippet:-1, max-image-preview:large, max-video-preview:-1\" \/>\n<link rel=\"canonical\" href=\"https:\/\/trafficaviator.com\/ro\/about-us\/\" \/>\n<meta property=\"og:locale\" content=\"ro_RO\" \/>\n<meta property=\"og:locale:alternate\" content=\"ru_RU\" \/>\n<meta property=\"og:locale:alternate\" content=\"en_US\" \/>\n<meta property=\"og:locale:alternate\" content=\"pt_PT\" \/>\n<meta property=\"og:locale:alternate\" content=\"es_ES\" \/>\n<meta property=\"og:locale:alternate\" content=\"fr_FR\" \/>\n<meta property=\"og:locale:alternate\" content=\"de_DE\" \/>\n<meta property=\"og:locale:alternate\" content=\"sr_RS\" \/>\n<meta property=\"og:locale:alternate\" content=\"bg_BG\" \/>\n<meta property=\"og:locale:alternate\" content=\"pl_PL\" \/>\n<meta property=\"og:type\" content=\"article\" \/>\n<meta property=\"og:title\" content=\"Despre Noi\" \/>\n<meta property=\"og:description\" content=\"Bine a\u021bi venit pe pagina noastr\u0103 Despre Noi! Suntem o echip\u0103 de entuzia\u0219ti care v\u0103 ofer\u0103 lumea palpitant\u0103 a jocului Aviator. Ne propunem s\u0103 cre\u0103m un spa\u021biu de joc unic \u0219i captivant, unde v\u0103 pute\u021bi bucura de emo\u021bie \u0219i distrac\u021bie al\u0103turi de al\u021bi juc\u0103tori. Misiunea Noastr\u0103 Misiunea noastr\u0103 este s\u0103 cre\u0103m o platform\u0103 \u00een care fiecare juc\u0103tor s\u0103 poat\u0103 experimenta emo\u021biile palpitante ale jocului Aviator. Scopul nostru este s\u0103 oferim o experien\u021b\u0103 de joc de&hellip;\" \/>\n<meta property=\"og:url\" content=\"https:\/\/trafficaviator.com\/ro\/about-us\/\" \/>\n<meta property=\"og:site_name\" content=\"Aviator Game\" \/>\n<meta property=\"article:modified_time\" content=\"2024-04-22T13:52:21+00:00\" \/>\n<meta name=\"twitter:card\" content=\"summary_large_image\" \/>\n<meta name=\"twitter:label1\" content=\"Timp estimat pentru citire\" \/>\n\t<meta name=\"twitter:data1\" content=\"11 minute\" \/>\n<script type=\"application\/ld+json\" class=\"yoast-schema-graph\">{\"@context\":\"https:\/\/schema.org\",\"@graph\":[{\"@type\":\"WebPage\",\"@id\":\"https:\/\/trafficaviator.com\/en\/about-us\/\",\"url\":\"https:\/\/trafficaviator.com\/en\/about-us\/\",\"name\":\"Despre Noi\",\"isPartOf\":{\"@id\":\"https:\/\/trafficaviator.com\/#website\"},\"datePublished\":\"2023-08-22T13:02:01+00:00\",\"dateModified\":\"2024-04-22T13:52:21+00:00\",\"breadcrumb\":{\"@id\":\"https:\/\/trafficaviator.com\/en\/about-us\/#breadcrumb\"},\"inLanguage\":\"ro-RO\",\"potentialAction\":[{\"@type\":\"ReadAction\",\"target\":[\"https:\/\/trafficaviator.com\/en\/about-us\/\"]}]},{\"@type\":\"BreadcrumbList\",\"@id\":\"https:\/\/trafficaviator.com\/en\/about-us\/#breadcrumb\",\"itemListElement\":[{\"@type\":\"ListItem\",\"position\":1,\"name\":\"Home\",\"item\":\"https:\/\/trafficaviator.com\/ru\/\"},{\"@type\":\"ListItem\",\"position\":2,\"name\":\"About Us\"}]},{\"@type\":\"WebSite\",\"@id\":\"https:\/\/trafficaviator.com\/#website\",\"url\":\"https:\/\/trafficaviator.com\/\",\"name\":\"Aviator Game\",\"description\":\"\",\"potentialAction\":[{\"@type\":\"SearchAction\",\"target\":{\"@type\":\"EntryPoint\",\"urlTemplate\":\"https:\/\/trafficaviator.com\/?s={search_term_string}\"},\"query-input\":{\"@type\":\"PropertyValueSpecification\",\"valueRequired\":true,\"valueName\":\"search_term_string\"}}],\"inLanguage\":\"ro-RO\"}]}<\/script>\n<!-- \/ Yoast SEO plugin. -->","yoast_head_json":{"title":"Despre Noi","description":"Am creat un site pentru fanii jocului Aviator. TrafficAviator.com ofer\u0103 toate informa\u021biile necesare despre cel mai popular joc de tip crash al zilelor noastre, Aviator","robots":{"index":"index","follow":"follow","max-snippet":"max-snippet:-1","max-image-preview":"max-image-preview:large","max-video-preview":"max-video-preview:-1"},"canonical":"https:\/\/trafficaviator.com\/ro\/about-us\/","og_locale":"ro_RO","og_type":"article","og_title":"[:ru]\u041e \u043d\u0430\u0441[:en]About Us[:pt]Sobre n\u00f3s[:es]Sobre nosotros[:fr]\u00c0 propos de nous[:de]\u00dcber uns[:ro]Despre Noi[:sr]\u041e \u043d\u0430\u043c\u0430[:bg]\u0417\u0430 \u043d\u0430\u0441[:pl]O nas[:] - Aviator Game","og_description":"Bine a\u021bi venit pe pagina noastr\u0103 Despre Noi! Suntem o echip\u0103 de entuzia\u0219ti care v\u0103 ofer\u0103 lumea palpitant\u0103 a jocului Aviator. Ne propunem s\u0103 cre\u0103m un spa\u021biu de joc unic \u0219i captivant, unde v\u0103 pute\u021bi bucura de emo\u021bie \u0219i distrac\u021bie al\u0103turi de al\u021bi juc\u0103tori. Misiunea Noastr\u0103 Misiunea noastr\u0103 este s\u0103 cre\u0103m o platform\u0103 \u00een care fiecare juc\u0103tor s\u0103 poat\u0103 experimenta emo\u021biile palpitante ale jocului Aviator. Scopul nostru este s\u0103 oferim o experien\u021b\u0103 de joc de&hellip;","og_url":"https:\/\/trafficaviator.com\/ro\/about-us\/","og_site_name":"Aviator Game","article_modified_time":"2024-04-22T13:52:21+00:00","twitter_card":"summary_large_image","twitter_misc":{"Timp estimat pentru citire":"11 minute"},"schema":{"@context":"https:\/\/schema.org","@graph":[{"@type":"WebPage","@id":"https:\/\/trafficaviator.com\/en\/about-us\/","url":"https:\/\/trafficaviator.com\/en\/about-us\/","name":"Despre Noi","isPartOf":{"@id":"https:\/\/trafficaviator.com\/#website"},"datePublished":"2023-08-22T13:02:01+00:00","dateModified":"2024-04-22T13:52:21+00:00","breadcrumb":{"@id":"https:\/\/trafficaviator.com\/en\/about-us\/#breadcrumb"},"inLanguage":"ro-RO","potentialAction":[{"@type":"ReadAction","target":["https:\/\/trafficaviator.com\/en\/about-us\/"]}]},{"@type":"BreadcrumbList","@id":"https:\/\/trafficaviator.com\/en\/about-us\/#breadcrumb","itemListElement":[{"@type":"ListItem","position":1,"name":"Home","item":"https:\/\/trafficaviator.com\/ru\/"},{"@type":"ListItem","position":2,"name":"About Us"}]},{"@type":"WebSite","@id":"https:\/\/trafficaviator.com\/#website","url":"https:\/\/trafficaviator.com\/","name":"Aviator Game","description":"","potentialAction":[{"@type":"SearchAction","target":{"@type":"EntryPoint","urlTemplate":"https:\/\/trafficaviator.com\/?s={search_term_string}"},"query-input":{"@type":"PropertyValueSpecification","valueRequired":true,"valueName":"search_term_string"}}],"inLanguage":"ro-RO"}]}},"_links":{"self":[{"href":"https:\/\/trafficaviator.com\/ro\/wp-json\/wp\/v2\/pages\/9","targetHints":{"allow":["GET"]}}],"collection":[{"href":"https:\/\/trafficaviator.com\/ro\/wp-json\/wp\/v2\/pages"}],"about":[{"href":"https:\/\/trafficaviator.com\/ro\/wp-json\/wp\/v2\/types\/page"}],"author":[{"embeddable":true,"href":"https:\/\/trafficaviator.com\/ro\/wp-json\/wp\/v2\/users\/1"}],"replies":[{"embeddable":true,"href":"https:\/\/trafficaviator.com\/ro\/wp-json\/wp\/v2\/comments?post=9"}],"version-history":[{"count":15,"href":"https:\/\/trafficaviator.com\/ro\/wp-json\/wp\/v2\/pages\/9\/revisions"}],"predecessor-version":[{"id":178,"href":"https:\/\/trafficaviator.com\/ro\/wp-json\/wp\/v2\/pages\/9\/revisions\/178"}],"wp:attachment":[{"href":"https:\/\/trafficaviator.com\/ro\/wp-json\/wp\/v2\/media?parent=9"}],"curies":[{"name":"wp","href":"https:\/\/api.w.org\/{rel}","templated":true}]}}